{"id":3523,"date":"2025-11-11T13:22:39","date_gmt":"2025-11-11T19:22:39","guid":{"rendered":"https:\/\/www.feno.unam.mx\/orienta\/?page_id=3523"},"modified":"2025-11-11T15:05:06","modified_gmt":"2025-11-11T21:05:06","slug":"creditos","status":"publish","type":"page","link":"https:\/\/www.feno.unam.mx\/orienta\/index.php\/creditos\/","title":{"rendered":"Cr\u00e9ditos"},"content":{"rendered":"<p>[vc_row][vc_column][vc_single_image image=&#8221;3133&#8243; img_size=&#8221;full&#8221; alignment=&#8221;center&#8221;][\/vc_column][\/vc_row][vc_row][vc_column][vc_row_inner][vc_column_inner][vc_column_text]Dise\u00f1o, programaci\u00f3n y adaptaci\u00f3n por Webmaster FENO &#8220;Capitalizar&#8221; con la ayuda de Copilot, asistente de inteligencia artificial de Microsoft. Participaci\u00f3n en ajustes t\u00e9cnicos y visuales del sitio.[\/vc_column_text][\/vc_column_inner][\/vc_row_inner][vc_empty_space][\/vc_column][\/vc_row]<\/p>\n","protected":false},"excerpt":{"rendered":"<p>[vc_row][vc_column][vc_single_image image=&#8221;3133&#8243; img_size=&#8221;full&#8221; alignment=&#8221;center&#8221;][\/vc_column][\/vc_row][vc_row][vc_column][vc_row_inner][vc_column_inner][vc_column_text]Dise\u00f1o, programaci\u00f3n y adaptaci\u00f3n por Webmaster FENO &#8220;Capitalizar&#8221; con la ayuda de Copilot, asistente de inteligencia artificial de Microsoft. Participaci\u00f3n en ajustes &hellip; <\/p>\n","protected":false},"author":1,"featured_media":0,"parent":0,"menu_order":0,"comment_status":"closed","ping_status":"closed","template":"","meta":{"footnotes":""},"class_list":["post-3523","page","type-page","status-publish","hentry","latest_post"],"_links":{"self":[{"href":"https:\/\/www.feno.unam.mx\/orienta\/index.php\/wp-json\/wp\/v2\/pages\/3523","targetHints":{"allow":["GET"]}}],"collection":[{"href":"https:\/\/www.feno.unam.mx\/orienta\/index.php\/wp-json\/wp\/v2\/pages"}],"about":[{"href":"https:\/\/www.feno.unam.mx\/orienta\/index.php\/wp-json\/wp\/v2\/types\/page"}],"author":[{"embeddable":true,"href":"https:\/\/www.feno.unam.mx\/orienta\/index.php\/wp-json\/wp\/v2\/users\/1"}],"replies":[{"embeddable":true,"href":"https:\/\/www.feno.unam.mx\/orienta\/index.php\/wp-json\/wp\/v2\/comments?post=3523"}],"version-history":[{"count":5,"href":"https:\/\/www.feno.unam.mx\/orienta\/index.php\/wp-json\/wp\/v2\/pages\/3523\/revisions"}],"predecessor-version":[{"id":3542,"href":"https:\/\/www.feno.unam.mx\/orienta\/index.php\/wp-json\/wp\/v2\/pages\/3523\/revisions\/3542"}],"wp:attachment":[{"href":"https:\/\/www.feno.unam.mx\/orienta\/index.php\/wp-json\/wp\/v2\/media?parent=3523"}],"curies":[{"name":"wp","href":"https:\/\/api.w.org\/{rel}","templated":true}]}}