{"id":3327,"date":"2022-10-12T23:25:12","date_gmt":"2022-10-13T04:25:12","guid":{"rendered":"https:\/\/www.feno.unam.mx\/orienta\/?page_id=3327"},"modified":"2023-09-05T14:04:20","modified_gmt":"2023-09-05T19:04:20","slug":"ubicacion","status":"publish","type":"page","link":"https:\/\/www.feno.unam.mx\/orienta\/index.php\/ubicacion\/","title":{"rendered":"Ubicaci\u00f3n"},"content":{"rendered":"<p>[vc_row][vc_column][vc_images_carousel images=&#8221;2968,2969,2966,2970&#8243; img_size=&#8221;full&#8221; speed=&#8221;2000&#8243; autoplay=&#8221;yes&#8221; wrap=&#8221;yes&#8221;][\/vc_column][\/vc_row][vc_row][vc_column][vc_empty_space][\/vc_column][\/vc_row][vc_row][vc_column][vc_column_text]<\/p>\n<div class=\"oKdM2c ZZyype Kzv0Me\">\n<div id=\"h.5b7f4159eeb98392_120\" class=\"hJDwNd-AhqUyc-uQSCkd Ft7HRd-AhqUyc-uQSCkd jXK9ad D2fZ2 zu5uec OjCsFc dmUFtb GNzUNc\">\n<div class=\"jXK9ad-SmKAyb\">\n<div class=\"tyJCtd mGzaTb Depvyb baZpAe\">\n<h3 class=\"CDt4Ke zfr3Q\" dir=\"ltr\"><span class=\" puwcIf\">Facultad de Enfermer\u00eda y Obstetricia<\/span><\/h3>\n<\/div>\n<\/div>\n<\/div>\n<\/div>\n<p>[\/vc_column_text][vc_gmaps link=&#8221;#E-8_JTNDaWZyYW1lJTIwc3JjJTNEJTIyaHR0cHMlM0ElMkYlMkZ3d3cuZ29vZ2xlLmNvbSUyRm1hcHMlMkZlbWJlZCUzRnBiJTNEJTIxMW0xNCUyMTFtOCUyMTFtMyUyMTFkMzc2NS43NzQ1MjY3NzkwMyUyMTJkLTk5LjE1MTE1JTIxM2QxOS4yOTIxNjklMjEzbTIlMjExaTEwMjQlMjEyaTc2OCUyMTRmMTMuMSUyMTNtMyUyMTFtMiUyMTFzMHgwJTI1M0EweDhmYTU4YWJmMDE1MDhhNGMlMjEyc0VzY3VlbGElMjUyME5hY2lvbmFsJTI1MjBkZSUyNTIwRW5mZXJtZXJpYSUyNTIweSUyNTIwT2JzdGV0cmljaWElMjUyMFVOQU0lMjE1ZTAlMjEzbTIlMjExc2VzLTQxOSUyMTJzbXglMjE0djE2NjU2MzUyMzI1NjclMjE1bTIlMjExc2VzLTQxOSUyMTJzbXglMjIlMjB3aWR0aCUzRCUyMjYwMCUyMiUyMGhlaWdodCUzRCUyMjQ1MCUyMiUyMHN0eWxlJTNEJTIyYm9yZGVyJTNBMCUzQiUyMiUyMGFsbG93ZnVsbHNjcmVlbiUzRCUyMiUyMiUyMGxvYWRpbmclM0QlMjJsYXp5JTIyJTIwcmVmZXJyZXJwb2xpY3klM0QlMjJuby1yZWZlcnJlci13aGVuLWRvd25ncmFkZSUyMiUzRSUzQyUyRmlmcmFtZSUzRQ==&#8221;][vc_column_text]<\/p>\n<p class=\"CDt4Ke zfr3Q\" dir=\"ltr\">Camino Viejo a Xochimilco y Viaducto Tlalpan s\/n Col. San Lorenzo Huipulco, Tlalpan, Ciudad de M\u00e9xico. C. P. 14370.<\/p>\n<p class=\"CDt4Ke zfr3Q\" dir=\"ltr\">Tel\u00e9fonos: 55 5573 1995 | 55 5655 3181 | 55 5655 2332 | 55 5655 1342<\/p>\n<p>[\/vc_column_text][vc_empty_space][\/vc_column][\/vc_row][vc_row][vc_column][vc_column_text]<\/p>\n<div class=\"oKdM2c ZZyype Kzv0Me\">\n<div id=\"h.5b7f4159eeb98392_120\" class=\"hJDwNd-AhqUyc-uQSCkd Ft7HRd-AhqUyc-uQSCkd jXK9ad D2fZ2 zu5uec OjCsFc dmUFtb GNzUNc\">\n<div class=\"jXK9ad-SmKAyb\">\n<div class=\"tyJCtd mGzaTb Depvyb baZpAe\">\n<h3 class=\"CDt4Ke zfr3Q\" dir=\"ltr\"><span class=\" puwcIf\">Centro Universitario de Enfermer\u00eda Comunitaria<\/span><\/h3>\n<\/div>\n<\/div>\n<\/div>\n<\/div>\n<p>[\/vc_column_text][vc_gmaps link=&#8221;#E-8_JTNDaWZyYW1lJTIwc3JjJTNEJTIyaHR0cHMlM0ElMkYlMkZ3d3cuZ29vZ2xlLmNvbSUyRm1hcHMlMkZlbWJlZCUzRnBiJTNEJTIxMW0xNCUyMTFtOCUyMTFtMyUyMTFkMzc2Ni41NzY3NTY0MDY0ODglMjEyZC05OS4wMzU0NTElMjEzZDE5LjI1NzI2OSUyMTNtMiUyMTFpMTAyNCUyMTJpNzY4JTIxNGYxMy4xJTIxM20zJTIxMW0yJTIxMXMweDAlMjUzQTB4NGFhMDdkNzk4NTc0ODc5MCUyMTJzQ2VudHJvJTI1MjBVbml2ZXJzaXRhcmlvJTI1MjBkZSUyNTIwRW5mZXJtZXIlMjVDMyUyNUFEYSUyNTIwQ29tdW5pdGFyaWElMjE1ZTAlMjEzbTIlMjExc2VzLTQxOSUyMTJzbXglMjE0djE2NjU2MzUzMjg5MjglMjE1bTIlMjExc2VzLTQxOSUyMTJzbXglMjIlMjB3aWR0aCUzRCUyMjYwMCUyMiUyMGhlaWdodCUzRCUyMjQ1MCUyMiUyMHN0eWxlJTNEJTIyYm9yZGVyJTNBMCUzQiUyMiUyMGFsbG93ZnVsbHNjcmVlbiUzRCUyMiUyMiUyMGxvYWRpbmclM0QlMjJsYXp5JTIyJTIwcmVmZXJyZXJwb2xpY3klM0QlMjJuby1yZWZlcnJlci13aGVuLWRvd25ncmFkZSUyMiUzRSUzQyUyRmlmcmFtZSUzRQ==&#8221;][vc_column_text]<\/p>\n<p class=\"CDt4Ke zfr3Q\" dir=\"ltr\">Av. 5 de Mayo s\/n, Xochimilco, San Luis Tlaxialtemalco, 16610 Ciudad de M\u00e9xico, CDMX<\/p>\n<p>[\/vc_column_text][vc_empty_space][\/vc_column][\/vc_row][vc_row][vc_column][vc_column_text]<\/p>\n<div class=\"oKdM2c ZZyype Kzv0Me\">\n<div id=\"h.5b7f4159eeb98392_120\" class=\"hJDwNd-AhqUyc-uQSCkd Ft7HRd-AhqUyc-uQSCkd jXK9ad D2fZ2 zu5uec OjCsFc dmUFtb GNzUNc\">\n<div class=\"jXK9ad-SmKAyb\">\n<div class=\"tyJCtd mGzaTb Depvyb baZpAe\">\n<h3 class=\"CDt4Ke zfr3Q\" dir=\"ltr\"><span class=\" puwcIf\">Coordinaci\u00f3n del Programa de Maestr\u00eda en Enfermer\u00eda. Unidad de Posgrado<\/span><\/h3>\n<\/div>\n<\/div>\n<\/div>\n<\/div>\n<p>[\/vc_column_text][vc_gmaps link=&#8221;#E-8_JTNDaWZyYW1lJTIwc3JjJTNEJTIyaHR0cHMlM0ElMkYlMkZ3d3cuZ29vZ2xlLmNvbSUyRm1hcHMlMkZlbWJlZCUzRnBiJTNEJTIxMW0xNCUyMTFtOCUyMTFtMyUyMTFkNzUzMC43Mzk2MDQ4NTIyODIlMjEyZC05OS4xODUyNTUlMjEzZDE5LjMwOTc1MyUyMTNtMiUyMTFpMTAyNCUyMTJpNzY4JTIxNGYxMy4xJTIxM20zJTIxMW0yJTIxMXMweDAlMjUzQTB4ODVjMTk4MDllMzkwYjU0YyUyMTJzVW5pZGFkJTI1MjBkZSUyNTIwUG9zZ3JhZG8lMjUyMFVOQU0lMjE1ZTAlMjEzbTIlMjExc2VzLTQxOSUyMTJzbXglMjE0djE2NjU2MzUzOTE2MDIlMjE1bTIlMjExc2VzLTQxOSUyMTJzbXglMjIlMjB3aWR0aCUzRCUyMjYwMCUyMiUyMGhlaWdodCUzRCUyMjQ1MCUyMiUyMHN0eWxlJTNEJTIyYm9yZGVyJTNBMCUzQiUyMiUyMGFsbG93ZnVsbHNjcmVlbiUzRCUyMiUyMiUyMGxvYWRpbmclM0QlMjJsYXp5JTIyJTIwcmVmZXJyZXJwb2xpY3klM0QlMjJuby1yZWZlcnJlci13aGVuLWRvd25ncmFkZSUyMiUzRSUzQyUyRmlmcmFtZSUzRQ==&#8221;][vc_column_text]<\/p>\n<p class=\"CDt4Ke zfr3Q\" dir=\"ltr\">Circuito de Posgrado Edificio A 1er piso oficina 109. Tel. y Fax: 55 56 23 02 22 ext. 80029, 80030<\/p>\n<p class=\"CDt4Ke zfr3Q\" dir=\"ltr\">Horario de atenci\u00f3n: de lunes a jueves de 9:00 a 17:00 horas.<\/p>\n<p>[\/vc_column_text][vc_empty_space][\/vc_column][\/vc_row][vc_row][vc_column][vc_column_text]<\/p>\n<div class=\"oKdM2c ZZyype Kzv0Me\">\n<div id=\"h.5b7f4159eeb98392_120\" class=\"hJDwNd-AhqUyc-uQSCkd Ft7HRd-AhqUyc-uQSCkd jXK9ad D2fZ2 zu5uec OjCsFc dmUFtb GNzUNc\">\n<div class=\"jXK9ad-SmKAyb\">\n<div class=\"tyJCtd mGzaTb Depvyb baZpAe\">\n<h3 class=\"CDt4Ke zfr3Q\" dir=\"ltr\"><span class=\" puwcIf\">Divisi\u00f3n de Educaci\u00f3n Continua y Desarrollo Profesional<\/span><\/h3>\n<\/div>\n<\/div>\n<\/div>\n<\/div>\n<p>[\/vc_column_text][vc_gmaps link=&#8221;#E-8_JTNDaWZyYW1lJTIwc3JjJTNEJTIyaHR0cHMlM0ElMkYlMkZ3d3cuZ29vZ2xlLmNvbSUyRm1hcHMlMkZlbWJlZCUzRnBiJTNEJTIxMW0xNCUyMTFtOCUyMTFtMyUyMTFkMTg4Mi4wMjUwODc0NDg0MzQlMjEyZC05OS4xNzk5OTIlMjEzZDE5LjM2Njk4JTIxM20yJTIxMWkxMDI0JTIxMmk3NjglMjE0ZjEzLjElMjEzbTMlMjExbTIlMjExczB4MCUyNTNBMHg2ZmU4NDUzOGU0ZGVmOTZkJTIxMnNFZHVjYWNpJTI1QzMlMjVCM24lMjUyMENvbnRpbnVhJTI1MjB5JTI1MjBEZXNhcnJvbGxvJTI1MjBQcm9mZXNpb25hbCUyNTIwRU5FTy1VTkFNJTIxNWUwJTIxM20yJTIxMXNlcy00MTklMjEyc214JTIxNHYxNjY1NjM1NDQyNjI2JTIxNW0yJTIxMXNlcy00MTklMjEyc214JTIyJTIwd2lkdGglM0QlMjI2MDAlMjIlMjBoZWlnaHQlM0QlMjI0NTAlMjIlMjBzdHlsZSUzRCUyMmJvcmRlciUzQTAlM0IlMjIlMjBhbGxvd2Z1bGxzY3JlZW4lM0QlMjIlMjIlMjBsb2FkaW5nJTNEJTIybGF6eSUyMiUyMHJlZmVycmVycG9saWN5JTNEJTIybm8tcmVmZXJyZXItd2hlbi1kb3duZ3JhZGUlMjIlM0UlM0MlMkZpZnJhbWUlM0U=&#8221;][vc_column_text]<\/p>\n<p class=\"CDt4Ke zfr3Q\" dir=\"ltr\">Av. R\u00edo Mixcoac No. 21, Colonia Cr\u00e9dito Constructor, C.P. 03940, Alcald\u00eda Benito Ju\u00e1rez, Ciudad de M\u00e9xico<\/p>\n<p class=\"CDt4Ke zfr3Q\" dir=\"ltr\">Tel\u00e9fonos: Lada (0155) 56 62 66 37 | 56 62 65 92 |56 62 66 29<\/p>\n<p>[\/vc_column_text][vc_empty_space][\/vc_column][\/vc_row]<\/p>\n","protected":false},"excerpt":{"rendered":"<p>[vc_row][vc_column][vc_images_carousel images=&#8221;2968,2969,2966,2970&#8243; img_size=&#8221;full&#8221; speed=&#8221;2000&#8243; autoplay=&#8221;yes&#8221; wrap=&#8221;yes&#8221;][\/vc_column][\/vc_row][vc_row][vc_column][vc_empty_space][\/vc_column][\/vc_row][vc_row][vc_column][vc_column_text] Facultad de Enfermer\u00eda y Obstetricia [\/vc_column_text][vc_gmaps link=&#8221;#E-8_JTNDaWZyYW1lJTIwc3JjJTNEJTIyaHR0cHMlM0ElMkYlMkZ3d3cuZ29vZ2xlLmNvbSUyRm1hcHMlMkZlbWJlZCUzRnBiJTNEJTIxMW0xNCUyMTFtOCUyMTFtMyUyMTFkMzc2NS43NzQ1MjY3NzkwMyUyMTJkLTk5LjE1MTE1JTIxM2QxOS4yOTIxNjklMjEzbTIlMjExaTEwMjQlMjEyaTc2OCUyMTRmMTMuMSUyMTNtMyUyMTFtMiUyMTFzMHgwJTI1M0EweDhmYTU4YWJmMDE1MDhhNGMlMjEyc0VzY3VlbGElMjUyME5hY2lvbmFsJTI1MjBkZSUyNTIwRW5mZXJtZXJpYSUyNTIweSUyNTIwT2JzdGV0cmljaWElMjUyMFVOQU0lMjE1ZTAlMjEzbTIlMjExc2VzLTQxOSUyMTJzbXglMjE0djE2NjU2MzUyMzI1NjclMjE1bTIlMjExc2VzLTQxOSUyMTJzbXglMjIlMjB3aWR0aCUzRCUyMjYwMCUyMiUyMGhlaWdodCUzRCUyMjQ1MCUyMiUyMHN0eWxlJTNEJTIyYm9yZGVyJTNBMCUzQiUyMiUyMGFsbG93ZnVsbHNjcmVlbiUzRCUyMiUyMiUyMGxvYWRpbmclM0QlMjJsYXp5JTIyJTIwcmVmZXJyZXJwb2xpY3klM0QlMjJuby1yZWZlcnJlci13aGVuLWRvd25ncmFkZSUyMiUzRSUzQyUyRmlmcmFtZSUzRQ==&#8221;][vc_column_text] Camino Viejo a Xochimilco y Viaducto Tlalpan s\/n Col. San Lorenzo Huipulco, &hellip; <\/p>\n","protected":false},"author":1,"featured_media":0,"parent":0,"menu_order":0,"comment_status":"closed","ping_status":"closed","template":"","meta":{"footnotes":""},"class_list":["post-3327","page","type-page","status-publish","hentry","latest_post"],"_links":{"self":[{"href":"https:\/\/www.feno.unam.mx\/orienta\/index.php\/wp-json\/wp\/v2\/pages\/3327","targetHints":{"allow":["GET"]}}],"collection":[{"href":"https:\/\/www.feno.unam.mx\/orienta\/index.php\/wp-json\/wp\/v2\/pages"}],"about":[{"href":"https:\/\/www.feno.unam.mx\/orienta\/index.php\/wp-json\/wp\/v2\/types\/page"}],"author":[{"embeddable":true,"href":"https:\/\/www.feno.unam.mx\/orienta\/index.php\/wp-json\/wp\/v2\/users\/1"}],"replies":[{"embeddable":true,"href":"https:\/\/www.feno.unam.mx\/orienta\/index.php\/wp-json\/wp\/v2\/comments?post=3327"}],"version-history":[{"count":5,"href":"https:\/\/www.feno.unam.mx\/orienta\/index.php\/wp-json\/wp\/v2\/pages\/3327\/revisions"}],"predecessor-version":[{"id":3395,"href":"https:\/\/www.feno.unam.mx\/orienta\/index.php\/wp-json\/wp\/v2\/pages\/3327\/revisions\/3395"}],"wp:attachment":[{"href":"https:\/\/www.feno.unam.mx\/orienta\/index.php\/wp-json\/wp\/v2\/media?parent=3327"}],"curies":[{"name":"wp","href":"https:\/\/api.w.org\/{rel}","templated":true}]}}