{"id":3322,"date":"2022-10-12T23:19:18","date_gmt":"2022-10-13T04:19:18","guid":{"rendered":"https:\/\/www.feno.unam.mx\/orienta\/?page_id=3322"},"modified":"2023-09-05T13:59:41","modified_gmt":"2023-09-05T18:59:41","slug":"valores","status":"publish","type":"page","link":"https:\/\/www.feno.unam.mx\/orienta\/index.php\/valores\/","title":{"rendered":"Valores FENO"},"content":{"rendered":"<p>[vc_row][vc_column][vc_raw_html]JTNDdmlkZW8lMjB3aWR0aCUzRCUyMjEwMCUyNSUyMiUyMGhlaWdodCUzRCUyMmF1dG8lMjIlMjBzdHlsZSUzRCUyMmRpc3BsYXklM0FibG9jayUzQiUyMG1hcmdpbiUzQWF1dG8lM0IlMjIlMjBjb250cm9scyUzRCUyMmNvbnRyb2xzJTIyJTIwYXV0b3BsYXklMjAlM0UlMEElMjAlMjAlM0Nzb3VyY2UlMjBzcmMlM0QlMjJodHRwcyUzQSUyRiUyRnd3dy5mZW5vLnVuYW0ubXglMkZub3ZlZGFkZXMlMkZ2aWRlb3ZhbG9yZXNGRU5PLm1wNCUyMiUyMHR5cGUlM0QlMjJ2aWRlbyUyRm1wNCUyMiUzRSUwQSUyMCUyMFlvdXIlMjBicm93c2VyJTIwZG9lcyUyMG5vdCUyMHN1cHBvcnQlMjB0aGUlMjB2aWRlbyUyMHRhZy4lMEElM0MlMkZ2aWRlbyUzRQ==[\/vc_raw_html][\/vc_column][\/vc_row][vc_row][vc_column][vc_row_inner][vc_column_inner][vc_column_text]<\/p>\n<h3><\/h3>\n<div class=\"CjVfdc\">\n<p class=\"CDt4Ke zfr3Q\" dir=\"ltr\">La Enfermer\u00eda es una profesi\u00f3n y disciplina del campo de las ciencias de la salud, que otorga un servicio con proyecci\u00f3n social; para lograrlo, se rige por los siguientes valores: liderazgo, creatividad e innovaci\u00f3n, diversidad, equidad e inclusi\u00f3n, profesionalismo y honestidad.<\/p>\n<h4 class=\"CDt4Ke zfr3Q\" dir=\"ltr\"><span class=\" jgG6ef\"><em>Nuestros valores nos rigen. Somos valores en acci\u00f3n. Somos FENO<\/em><\/span><\/h4>\n<h4 class=\"CDt4Ke zfr3Q\" dir=\"ltr\"><\/h4>\n<\/div>\n<p>[\/vc_column_text][vc_column_text]<\/p>\n<h3 class=\"CjVfdc\">Campos de profundizaci\u00f3n del Conocimiento<\/h3>\n<ul class=\"n8H08c UVNKR\">\n<li class=\"TYR86d zfr3Q\" dir=\"ltr\">\n<p class=\"CDt4Ke zfr3Q\" dir=\"ltr\">Teor\u00eda de la Enfermer\u00eda<\/p>\n<\/li>\n<li class=\"TYR86d zfr3Q\" dir=\"ltr\">\n<p class=\"CDt4Ke zfr3Q\" dir=\"ltr\">Ciencias de la Salud y Enfermer\u00eda<\/p>\n<\/li>\n<li class=\"TYR86d zfr3Q\" dir=\"ltr\">\n<p class=\"CDt4Ke zfr3Q\" dir=\"ltr\">Promoci\u00f3n de la salud<\/p>\n<\/li>\n<\/ul>\n<p>[\/vc_column_text][\/vc_column_inner][\/vc_row_inner][vc_empty_space][\/vc_column][\/vc_row][vc_row][vc_column][\/vc_column][\/vc_row]<\/p>\n","protected":false},"excerpt":{"rendered":"<p>[vc_row][vc_column][vc_raw_html]JTNDdmlkZW8lMjB3aWR0aCUzRCUyMjEwMCUyNSUyMiUyMGhlaWdodCUzRCUyMmF1dG8lMjIlMjBzdHlsZSUzRCUyMmRpc3BsYXklM0FibG9jayUzQiUyMG1hcmdpbiUzQWF1dG8lM0IlMjIlMjBjb250cm9scyUzRCUyMmNvbnRyb2xzJTIyJTIwYXV0b3BsYXklMjAlM0UlMEElMjAlMjAlM0Nzb3VyY2UlMjBzcmMlM0QlMjJodHRwcyUzQSUyRiUyRnd3dy5mZW5vLnVuYW0ubXglMkZub3ZlZGFkZXMlMkZ2aWRlb3ZhbG9yZXNGRU5PLm1wNCUyMiUyMHR5cGUlM0QlMjJ2aWRlbyUyRm1wNCUyMiUzRSUwQSUyMCUyMFlvdXIlMjBicm93c2VyJTIwZG9lcyUyMG5vdCUyMHN1cHBvcnQlMjB0aGUlMjB2aWRlbyUyMHRhZy4lMEElM0MlMkZ2aWRlbyUzRQ==[\/vc_raw_html][\/vc_column][\/vc_row][vc_row][vc_column][vc_row_inner][vc_column_inner][vc_column_text] La Enfermer\u00eda es una profesi\u00f3n y disciplina del campo de las ciencias de la salud, que otorga un servicio con proyecci\u00f3n social; para lograrlo, &hellip; <\/p>\n","protected":false},"author":1,"featured_media":0,"parent":0,"menu_order":0,"comment_status":"closed","ping_status":"closed","template":"","meta":{"footnotes":""},"class_list":["post-3322","page","type-page","status-publish","hentry","latest_post"],"_links":{"self":[{"href":"https:\/\/www.feno.unam.mx\/orienta\/index.php\/wp-json\/wp\/v2\/pages\/3322","targetHints":{"allow":["GET"]}}],"collection":[{"href":"https:\/\/www.feno.unam.mx\/orienta\/index.php\/wp-json\/wp\/v2\/pages"}],"about":[{"href":"https:\/\/www.feno.unam.mx\/orienta\/index.php\/wp-json\/wp\/v2\/types\/page"}],"author":[{"embeddable":true,"href":"https:\/\/www.feno.unam.mx\/orienta\/index.php\/wp-json\/wp\/v2\/users\/1"}],"replies":[{"embeddable":true,"href":"https:\/\/www.feno.unam.mx\/orienta\/index.php\/wp-json\/wp\/v2\/comments?post=3322"}],"version-history":[{"count":6,"href":"https:\/\/www.feno.unam.mx\/orienta\/index.php\/wp-json\/wp\/v2\/pages\/3322\/revisions"}],"predecessor-version":[{"id":3392,"href":"https:\/\/www.feno.unam.mx\/orienta\/index.php\/wp-json\/wp\/v2\/pages\/3322\/revisions\/3392"}],"wp:attachment":[{"href":"https:\/\/www.feno.unam.mx\/orienta\/index.php\/wp-json\/wp\/v2\/media?parent=3322"}],"curies":[{"name":"wp","href":"https:\/\/api.w.org\/{rel}","templated":true}]}}