{"id":3315,"date":"2022-10-12T23:10:08","date_gmt":"2022-10-13T04:10:08","guid":{"rendered":"https:\/\/www.feno.unam.mx\/orienta\/?page_id=3315"},"modified":"2023-09-05T13:26:18","modified_gmt":"2023-09-05T18:26:18","slug":"maestria","status":"publish","type":"page","link":"https:\/\/www.feno.unam.mx\/orienta\/index.php\/maestria\/","title":{"rendered":"Maestr\u00eda y Doctorado"},"content":{"rendered":"<p>[vc_row][vc_column][vc_images_carousel images=&#8221;3319,3317,3318&#8243; img_size=&#8221;full&#8221; speed=&#8221;2000&#8243; autoplay=&#8221;yes&#8221; wrap=&#8221;yes&#8221;][\/vc_column][\/vc_row][vc_row][vc_column][vc_row_inner][vc_column_inner][vc_column_text]<\/p>\n<h3><span class=\" puwcIf\">Objetivos del programa<\/span><\/h3>\n<div class=\"CjVfdc\">\n<p class=\"CDt4Ke zfr3Q\" dir=\"ltr\">Formar profesionales con el grado de Maestr\u00eda en Enfermer\u00eda con conocimientos y habilidades que le permitan desarrollarse en el ejercicio de la docencia e iniciarse en la investigaci\u00f3n disciplinar y multidisciplinar que contribuyan a la soluci\u00f3n de problemas nacionales de salud, y en particular de la enfermer\u00eda; as\u00ed como para la generaci\u00f3n de pr\u00e1cticas innovadoras para el cuidado y su gesti\u00f3n.<\/p>\n<h4 class=\"CDt4Ke zfr3Q\" dir=\"ltr\">Grado que se otorga: Maestr\u00eda<\/h4>\n<\/div>\n<p>[\/vc_column_text][vc_column_text]<\/p>\n<h3 class=\"CjVfdc\">Campos de profundizaci\u00f3n del Conocimiento<\/h3>\n<ul class=\"n8H08c UVNKR\">\n<li class=\"TYR86d zfr3Q\" dir=\"ltr\">\n<p class=\"CDt4Ke zfr3Q\" dir=\"ltr\">Teor\u00eda de la Enfermer\u00eda<\/p>\n<\/li>\n<li class=\"TYR86d zfr3Q\" dir=\"ltr\">\n<p class=\"CDt4Ke zfr3Q\" dir=\"ltr\">Ciencias de la Salud y Enfermer\u00eda<\/p>\n<\/li>\n<li class=\"TYR86d zfr3Q\" dir=\"ltr\">\n<p class=\"CDt4Ke zfr3Q\" dir=\"ltr\">Promoci\u00f3n de la salud<\/p>\n<\/li>\n<\/ul>\n<h3 style=\"text-align: center;\"><a href=\"https:\/\/www.posgrado.unam.mx\/programa\/enfermeria-doctorado\"><strong>Para conocer sobre el doctorado FENO clic aqu\u00ed<\/strong><\/a><\/h3>\n<p>[\/vc_column_text][\/vc_column_inner][\/vc_row_inner][vc_empty_space][\/vc_column][\/vc_row][vc_row][vc_column][\/vc_column][\/vc_row]<\/p>\n","protected":false},"excerpt":{"rendered":"<p>[vc_row][vc_column][vc_images_carousel images=&#8221;3319,3317,3318&#8243; img_size=&#8221;full&#8221; speed=&#8221;2000&#8243; autoplay=&#8221;yes&#8221; wrap=&#8221;yes&#8221;][\/vc_column][\/vc_row][vc_row][vc_column][vc_row_inner][vc_column_inner][vc_column_text] Objetivos del programa Formar profesionales con el grado de Maestr\u00eda en Enfermer\u00eda con conocimientos y habilidades que le permitan &hellip; <\/p>\n","protected":false},"author":1,"featured_media":0,"parent":0,"menu_order":0,"comment_status":"closed","ping_status":"closed","template":"","meta":{"footnotes":""},"class_list":["post-3315","page","type-page","status-publish","hentry","latest_post"],"_links":{"self":[{"href":"https:\/\/www.feno.unam.mx\/orienta\/index.php\/wp-json\/wp\/v2\/pages\/3315","targetHints":{"allow":["GET"]}}],"collection":[{"href":"https:\/\/www.feno.unam.mx\/orienta\/index.php\/wp-json\/wp\/v2\/pages"}],"about":[{"href":"https:\/\/www.feno.unam.mx\/orienta\/index.php\/wp-json\/wp\/v2\/types\/page"}],"author":[{"embeddable":true,"href":"https:\/\/www.feno.unam.mx\/orienta\/index.php\/wp-json\/wp\/v2\/users\/1"}],"replies":[{"embeddable":true,"href":"https:\/\/www.feno.unam.mx\/orienta\/index.php\/wp-json\/wp\/v2\/comments?post=3315"}],"version-history":[{"count":5,"href":"https:\/\/www.feno.unam.mx\/orienta\/index.php\/wp-json\/wp\/v2\/pages\/3315\/revisions"}],"predecessor-version":[{"id":3384,"href":"https:\/\/www.feno.unam.mx\/orienta\/index.php\/wp-json\/wp\/v2\/pages\/3315\/revisions\/3384"}],"wp:attachment":[{"href":"https:\/\/www.feno.unam.mx\/orienta\/index.php\/wp-json\/wp\/v2\/media?parent=3315"}],"curies":[{"name":"wp","href":"https:\/\/api.w.org\/{rel}","templated":true}]}}