{"id":3301,"date":"2022-10-12T22:55:44","date_gmt":"2022-10-13T03:55:44","guid":{"rendered":"https:\/\/www.feno.unam.mx\/orienta\/?page_id=3301"},"modified":"2024-10-07T14:51:01","modified_gmt":"2024-10-07T20:51:01","slug":"cise","status":"publish","type":"page","link":"https:\/\/www.feno.unam.mx\/orienta\/index.php\/cise\/","title":{"rendered":"Centro Integral de Salud Escolar"},"content":{"rendered":"<p>[vc_row][vc_column][vc_single_image image=&#8221;3307&#8243; img_size=&#8221;full&#8221; alignment=&#8221;center&#8221;][\/vc_column][\/vc_row][vc_row][vc_column][vc_row_inner][vc_column_inner][vc_column_text]<\/p>\n<h3><strong>Misi\u00f3n<\/strong><\/h3>\n<div class=\"CjVfdc\">Contribuir a la formaci\u00f3n integral de la comunidad estudiantil universitaria, mediante un Modelo de Atenci\u00f3n Integral de la Salud con \u00f3ptima calidad, orientado al fomento de la salud, a la identificaci\u00f3n y prevenci\u00f3n de riesgos, tanto del individuo como del entorno, al saneamiento del ambiente, y la atenci\u00f3n inicial de enfermedades de alta prevalencia, con enfoque hacia la promoci\u00f3n de la cultura del autocuidado de la salud. El Centro Integral de Salud Escolar est\u00e1 conformado por un grupo multidisciplinario de especialistas.<\/div>\n<p>[\/vc_column_text][\/vc_column_inner][\/vc_row_inner][vc_empty_space][\/vc_column][\/vc_row][vc_row][vc_column][vc_row_inner][vc_column_inner width=&#8221;1\/3&#8243;][vc_single_image image=&#8221;3304&#8243; img_size=&#8221;full&#8221; alignment=&#8221;center&#8221;][vc_column_text]<\/p>\n<div class=\"oKdM2c ZZyype\">\n<div id=\"h.77dd48fdbbf9e03a_480\" class=\"hJDwNd-AhqUyc-II5mzb Ft7HRd-AhqUyc-II5mzb pSzOP-AhqUyc-II5mzb Ktthjf-AhqUyc-II5mzb jXK9ad D2fZ2 zu5uec GNzUNc\">\n<div class=\"jXK9ad-SmKAyb\">\n<div class=\"tyJCtd mGzaTb Depvyb baZpAe\">\n<h4 class=\"CDt4Ke zfr3Q\" dir=\"ltr\"><strong>Atenci\u00f3n m\u00e9dica y enfermer\u00eda<\/strong><\/h4>\n<\/div>\n<\/div>\n<\/div>\n<\/div>\n<div class=\"oKdM2c ZZyype\">\n<div id=\"h.77dd48fdbbf9e03a_482\" class=\"hJDwNd-AhqUyc-II5mzb Ft7HRd-AhqUyc-II5mzb pSzOP-AhqUyc-II5mzb Ktthjf-AhqUyc-II5mzb jXK9ad D2fZ2 zu5uec wHaque g5GTcb GNzUNc\">\n<div class=\"jXK9ad-SmKAyb\">\n<div class=\"tyJCtd mGzaTb Depvyb baZpAe\">\n<div class=\"oKdM2c ZZyype\">\n<div id=\"h.77dd48fdbbf9e03a_487\" class=\"hJDwNd-AhqUyc-II5mzb Ft7HRd-AhqUyc-II5mzb pSzOP-AhqUyc-II5mzb Ktthjf-AhqUyc-II5mzb jXK9ad D2fZ2 zu5uec GNzUNc\">\n<div class=\"jXK9ad-SmKAyb\">\n<div class=\"tyJCtd mGzaTb Depvyb baZpAe\">\n<div class=\"oKdM2c ZZyype Kzv0Me\">\n<div id=\"h.77dd48fdbbf9e03a_372\" class=\"hJDwNd-AhqUyc-OwsYgb Ft7HRd-AhqUyc-OwsYgb jXK9ad D2fZ2 zu5uec OjCsFc dmUFtb GNzUNc\">\n<div class=\"jXK9ad-SmKAyb\">\n<div class=\"tyJCtd mGzaTb Depvyb baZpAe\">\n<div class=\"CjVfdc\"><\/div>\n<\/div>\n<\/div>\n<\/div>\n<\/div>\n<div class=\"oKdM2c ZZyype\">\n<div id=\"h.77dd48fdbbf9e03a_374\" class=\"hJDwNd-AhqUyc-OwsYgb Ft7HRd-AhqUyc-OwsYgb jXK9ad D2fZ2 zu5uec wHaque g5GTcb GNzUNc\">\n<div class=\"jXK9ad-SmKAyb\">\n<div class=\"tyJCtd mGzaTb Depvyb baZpAe\">\n<p class=\"CDt4Ke zfr3Q\" dir=\"ltr\">Misi\u00f3n: Brindar atenci\u00f3n en caso de urgencia m\u00e9dica al alumno y al personal adscrito que lo necesite. Los servicios ofrecidos son servicio m\u00e9dico de urgencia y orientaci\u00f3n m\u00e9dica.<\/p>\n<p class=\"CDt4Ke zfr3Q\" dir=\"ltr\"><strong>Servicios ofrecidos<\/strong><\/p>\n<p class=\"CDt4Ke zfr3Q\" dir=\"ltr\">Los servicios ofrecidos son servicio m\u00e9dico de urgencia y orientaci\u00f3n m\u00e9dica.<\/p>\n<\/div>\n<\/div>\n<\/div>\n<\/div>\n<\/div>\n<\/div>\n<\/div>\n<\/div>\n<\/div>\n<\/div>\n<\/div>\n<\/div>\n<p>[\/vc_column_text][\/vc_column_inner][vc_column_inner width=&#8221;1\/3&#8243;][vc_single_image image=&#8221;3305&#8243; img_size=&#8221;full&#8221; alignment=&#8221;center&#8221;][vc_column_text]<\/p>\n<div class=\"oKdM2c ZZyype\">\n<div id=\"h.77dd48fdbbf9e03a_480\" class=\"hJDwNd-AhqUyc-II5mzb Ft7HRd-AhqUyc-II5mzb pSzOP-AhqUyc-II5mzb Ktthjf-AhqUyc-II5mzb jXK9ad D2fZ2 zu5uec GNzUNc\">\n<div class=\"jXK9ad-SmKAyb\">\n<div class=\"tyJCtd mGzaTb Depvyb baZpAe\">\n<h4 class=\"CDt4Ke zfr3Q\" dir=\"ltr\"><strong>Consulta especializada de enfermer\u00eda<\/strong><\/h4>\n<\/div>\n<\/div>\n<\/div>\n<\/div>\n<div class=\"oKdM2c ZZyype\">\n<div id=\"h.77dd48fdbbf9e03a_482\" class=\"hJDwNd-AhqUyc-II5mzb Ft7HRd-AhqUyc-II5mzb pSzOP-AhqUyc-II5mzb Ktthjf-AhqUyc-II5mzb jXK9ad D2fZ2 zu5uec wHaque g5GTcb GNzUNc\">\n<div class=\"jXK9ad-SmKAyb\">\n<div class=\"tyJCtd mGzaTb Depvyb baZpAe\">\n<div class=\"oKdM2c ZZyype\">\n<div id=\"h.77dd48fdbbf9e03a_487\" class=\"hJDwNd-AhqUyc-II5mzb Ft7HRd-AhqUyc-II5mzb pSzOP-AhqUyc-II5mzb Ktthjf-AhqUyc-II5mzb jXK9ad D2fZ2 zu5uec GNzUNc\">\n<div class=\"jXK9ad-SmKAyb\">\n<div class=\"tyJCtd mGzaTb Depvyb baZpAe\">\n<div class=\"oKdM2c ZZyype\">\n<div id=\"h.77dd48fdbbf9e03a_480\" class=\"hJDwNd-AhqUyc-II5mzb Ft7HRd-AhqUyc-II5mzb pSzOP-AhqUyc-II5mzb Ktthjf-AhqUyc-II5mzb jXK9ad D2fZ2 zu5uec GNzUNc\">\n<div class=\"jXK9ad-SmKAyb\">\n<div class=\"tyJCtd mGzaTb Depvyb baZpAe\">\n<div class=\"oKdM2c ZZyype\">\n<div id=\"h.77dd48fdbbf9e03a_351\" class=\"hJDwNd-AhqUyc-OwsYgb Ft7HRd-AhqUyc-OwsYgb jXK9ad D2fZ2 zu5uec wHaque g5GTcb GNzUNc\">\n<div class=\"jXK9ad-SmKAyb\">\n<div class=\"tyJCtd mGzaTb Depvyb baZpAe\">\n<p class=\"CDt4Ke zfr3Q\" dir=\"ltr\"><strong>Misi\u00f3n:<\/strong> Brindar consulta de enfermer\u00eda especializada dirigida a la prevenci\u00f3n primaria y secundaria con enfoque en el autocuidado y orientadas a los principales problemas de salud y factores de riesgo asociados en la comunidad de la FENO.<\/p>\n<ul class=\"n8H08c UVNKR\">\n<li class=\"TYR86d zfr3Q\" dir=\"ltr\">\n<p class=\"CDt4Ke zfr3Q\" dir=\"ltr\">ESPECIALIDADES: Cardiovascular, Perinatal, del Anciano, en Rehabilitaci\u00f3n, Neurol\u00f3gica, en la Cultura F\u00edsica y el Deporte, en Salud Mental, Oncol\u00f3gica, Nefrol\u00f3gica.<\/p>\n<\/li>\n<\/ul>\n<\/div>\n<\/div>\n<\/div>\n<\/div>\n<\/div>\n<\/div>\n<\/div>\n<\/div>\n<\/div>\n<\/div>\n<\/div>\n<\/div>\n<\/div>\n<\/div>\n<\/div>\n<\/div>\n<p>[\/vc_column_text][\/vc_column_inner][vc_column_inner width=&#8221;1\/3&#8243;][vc_single_image image=&#8221;3306&#8243; img_size=&#8221;full&#8221; alignment=&#8221;center&#8221;][vc_column_text]<\/p>\n<div class=\"oKdM2c ZZyype\">\n<div id=\"h.77dd48fdbbf9e03a_480\" class=\"hJDwNd-AhqUyc-II5mzb Ft7HRd-AhqUyc-II5mzb pSzOP-AhqUyc-II5mzb Ktthjf-AhqUyc-II5mzb jXK9ad D2fZ2 zu5uec GNzUNc\">\n<div class=\"jXK9ad-SmKAyb\">\n<div class=\"tyJCtd mGzaTb Depvyb baZpAe\">\n<h4 class=\"CDt4Ke zfr3Q\" dir=\"ltr\"><span class=\" jgG6ef\"><strong>Servicio odontol\u00f3gicos<\/strong><\/span><\/h4>\n<\/div>\n<\/div>\n<\/div>\n<\/div>\n<div class=\"oKdM2c ZZyype\">\n<div id=\"h.77dd48fdbbf9e03a_482\" class=\"hJDwNd-AhqUyc-II5mzb Ft7HRd-AhqUyc-II5mzb pSzOP-AhqUyc-II5mzb Ktthjf-AhqUyc-II5mzb jXK9ad D2fZ2 zu5uec wHaque g5GTcb GNzUNc\">\n<div class=\"jXK9ad-SmKAyb\">\n<div class=\"tyJCtd mGzaTb Depvyb baZpAe\">\n<div class=\"oKdM2c ZZyype\">\n<div id=\"h.77dd48fdbbf9e03a_487\" class=\"hJDwNd-AhqUyc-II5mzb Ft7HRd-AhqUyc-II5mzb pSzOP-AhqUyc-II5mzb Ktthjf-AhqUyc-II5mzb jXK9ad D2fZ2 zu5uec GNzUNc\">\n<div class=\"jXK9ad-SmKAyb\">\n<div class=\"tyJCtd mGzaTb Depvyb baZpAe\">\n<div class=\"oKdM2c ZZyype\">\n<div id=\"h.77dd48fdbbf9e03a_480\" class=\"hJDwNd-AhqUyc-II5mzb Ft7HRd-AhqUyc-II5mzb pSzOP-AhqUyc-II5mzb Ktthjf-AhqUyc-II5mzb jXK9ad D2fZ2 zu5uec GNzUNc\">\n<div class=\"jXK9ad-SmKAyb\">\n<div class=\"tyJCtd mGzaTb Depvyb baZpAe\">\n<div class=\"oKdM2c ZZyype\">\n<div id=\"h.77dd48fdbbf9e03a_494\" class=\"hJDwNd-AhqUyc-II5mzb Ft7HRd-AhqUyc-II5mzb pSzOP-AhqUyc-II5mzb Ktthjf-AhqUyc-II5mzb jXK9ad D2fZ2 zu5uec GNzUNc\">\n<div class=\"jXK9ad-SmKAyb\">\n<div class=\"tyJCtd mGzaTb Depvyb baZpAe\">\n<div class=\"oKdM2c ZZyype\">\n<div id=\"h.77dd48fdbbf9e03a_365\" class=\"hJDwNd-AhqUyc-OwsYgb Ft7HRd-AhqUyc-OwsYgb jXK9ad D2fZ2 zu5uec wHaque g5GTcb GNzUNc\">\n<div class=\"jXK9ad-SmKAyb\">\n<div class=\"tyJCtd mGzaTb Depvyb baZpAe\">\n<p class=\"CDt4Ke zfr3Q\" dir=\"ltr\">Misi\u00f3n: Proporcionar atenci\u00f3n estomatol\u00f3gica de calidad al alumno de la licenciatura de la escuela nacional de enfermer\u00eda y obstetricia a fin de que su desarrollo sea sano, integral y su desempe\u00f1o acad\u00e9mico sea el mejor, as\u00ed como brindar y ampliar sus conocimientos de fomento a la salud estomatol\u00f3gica. Atenci\u00f3n a los trabajadores y alumnos de la FENO. Servicios ofrecidos. Prevenci\u00f3n, diagn\u00f3stico, pron\u00f3stico, plan de tratamiento y rehabilitaci\u00f3n en el \u00e1rea de salud bucodental que den respuesta a las necesidades de la poblaci\u00f3n estudiantil.<\/p>\n<p class=\"CDt4Ke zfr3Q\" dir=\"ltr\"><strong>Servicios ofrecidos<\/strong><\/p>\n<p class=\"CDt4Ke zfr3Q\" dir=\"ltr\">Prevenci\u00f3n, diagn\u00f3stico, pron\u00f3stico, plan de tratamiento y rehabilitaci\u00f3n en el \u00e1rea de salud bucodental que den respuesta a las necesidades de la poblaci\u00f3n estudiantil.<\/p>\n<\/div>\n<\/div>\n<\/div>\n<\/div>\n<\/div>\n<\/div>\n<\/div>\n<\/div>\n<\/div>\n<\/div>\n<\/div>\n<\/div>\n<\/div>\n<\/div>\n<\/div>\n<\/div>\n<\/div>\n<\/div>\n<\/div>\n<\/div>\n<p>[\/vc_column_text][\/vc_column_inner][\/vc_row_inner][\/vc_column][\/vc_row]<\/p>\n","protected":false},"excerpt":{"rendered":"<p>[vc_row][vc_column][vc_single_image image=&#8221;3307&#8243; img_size=&#8221;full&#8221; alignment=&#8221;center&#8221;][\/vc_column][\/vc_row][vc_row][vc_column][vc_row_inner][vc_column_inner][vc_column_text] Misi\u00f3n Contribuir a la formaci\u00f3n integral de la comunidad estudiantil universitaria, mediante un Modelo de Atenci\u00f3n Integral de la Salud con &hellip; <\/p>\n","protected":false},"author":1,"featured_media":0,"parent":0,"menu_order":0,"comment_status":"closed","ping_status":"closed","template":"","meta":{"footnotes":""},"class_list":["post-3301","page","type-page","status-publish","hentry","latest_post"],"_links":{"self":[{"href":"https:\/\/www.feno.unam.mx\/orienta\/index.php\/wp-json\/wp\/v2\/pages\/3301","targetHints":{"allow":["GET"]}}],"collection":[{"href":"https:\/\/www.feno.unam.mx\/orienta\/index.php\/wp-json\/wp\/v2\/pages"}],"about":[{"href":"https:\/\/www.feno.unam.mx\/orienta\/index.php\/wp-json\/wp\/v2\/types\/page"}],"author":[{"embeddable":true,"href":"https:\/\/www.feno.unam.mx\/orienta\/index.php\/wp-json\/wp\/v2\/users\/1"}],"replies":[{"embeddable":true,"href":"https:\/\/www.feno.unam.mx\/orienta\/index.php\/wp-json\/wp\/v2\/comments?post=3301"}],"version-history":[{"count":3,"href":"https:\/\/www.feno.unam.mx\/orienta\/index.php\/wp-json\/wp\/v2\/pages\/3301\/revisions"}],"predecessor-version":[{"id":3471,"href":"https:\/\/www.feno.unam.mx\/orienta\/index.php\/wp-json\/wp\/v2\/pages\/3301\/revisions\/3471"}],"wp:attachment":[{"href":"https:\/\/www.feno.unam.mx\/orienta\/index.php\/wp-json\/wp\/v2\/media?parent=3301"}],"curies":[{"name":"wp","href":"https:\/\/api.w.org\/{rel}","templated":true}]}}