{"id":3280,"date":"2022-10-12T22:18:17","date_gmt":"2022-10-13T03:18:17","guid":{"rendered":"https:\/\/www.feno.unam.mx\/orienta\/?page_id=3280"},"modified":"2024-10-07T14:50:07","modified_gmt":"2024-10-07T20:50:07","slug":"cultura","status":"publish","type":"page","link":"https:\/\/www.feno.unam.mx\/orienta\/index.php\/cultura\/","title":{"rendered":"Cultura FENO"},"content":{"rendered":"<p>[vc_row][vc_column][vc_row_inner][vc_column_inner][vc_column_text]La enfermer\u00eda est\u00e1 vinculada tanto con la ciencia como con el arte. Es por ello que la promoci\u00f3n de actividades art\u00edsticas es uno de los atractivos culturales que la FENO ofrece a su comunidad. Por un lado, se invita a participar en agrupaciones de danza regional, \u00e1rabe y baile; estudiantina, teatro y dem\u00e1s, en las que los participantes desarrollan su talento y creatividad. Por el otro, se organizan actividades art\u00edsticas para consumo de la comunidad: conciertos, exposiciones, funciones de cine, danza, teatro, etc.<\/p>\n<p>De particular inter\u00e9s son las conferencias y talleres de promoci\u00f3n de la lectura, ya que \u00e9sta es uno de los ejercicios intelectuales m\u00e1s estimulantes para el ser humano.<\/p>\n<p>Adicionalmente, se promueve entre la comunidad de la FENO, la asistencia a los recintos culturales de la Coordinaci\u00f3n de\u00a0Difusi\u00f3n\u00a0Cultural de la UNAM: Centro Cultural Universitario, Centro universitario Tlatelolco y dem\u00e1s.<\/p>\n<p>Se extiende una cordial invitaci\u00f3n a alumnos, acad\u00e9micos, trabajadores administrativos a ejercer su derecho al uso y disfrute de bienes culturales, una de las tres actividades sustantivas de nuestra M\u00e1xima Casa de Estudios.[\/vc_column_text][\/vc_column_inner][\/vc_row_inner][vc_empty_space][\/vc_column][\/vc_row][vc_row][vc_column][vc_empty_space][vc_row_inner][vc_column_inner width=&#8221;1\/2&#8243;][vc_btn title=&#8221;Consultar oferta cultural FENO `{`CORO`}`&#8221; color=&#8221;primary&#8221; size=&#8221;lg&#8221; align=&#8221;center&#8221; css_animation=&#8221;fadeInDown&#8221; link=&#8221;url:https%3A%2F%2Fwww.feno.unam.mx%2Fwp-content%2Fuploads%2F2024%2F09%2Fcoro-de-la-FENO.pdf||target:%20_blank|&#8221;][\/vc_column_inner][vc_column_inner width=&#8221;1\/2&#8243;][vc_btn title=&#8221;Consultar &#8220;Cultura UNAM&#8220;&#8221; color=&#8221;primary&#8221; size=&#8221;lg&#8221; align=&#8221;center&#8221; css_animation=&#8221;fadeInDown&#8221; link=&#8221;url:https%3A%2F%2Fcultura.unam.mx%2F||target:%20_blank|&#8221;][\/vc_column_inner][\/vc_row_inner][\/vc_column][\/vc_row]<\/p>\n","protected":false},"excerpt":{"rendered":"<p>[vc_row][vc_column][vc_row_inner][vc_column_inner][vc_column_text]La enfermer\u00eda est\u00e1 vinculada tanto con la ciencia como con el arte. Es por ello que la promoci\u00f3n de actividades art\u00edsticas es uno de los &hellip; <\/p>\n","protected":false},"author":1,"featured_media":0,"parent":0,"menu_order":0,"comment_status":"closed","ping_status":"closed","template":"","meta":{"footnotes":""},"class_list":["post-3280","page","type-page","status-publish","hentry","latest_post"],"_links":{"self":[{"href":"https:\/\/www.feno.unam.mx\/orienta\/index.php\/wp-json\/wp\/v2\/pages\/3280","targetHints":{"allow":["GET"]}}],"collection":[{"href":"https:\/\/www.feno.unam.mx\/orienta\/index.php\/wp-json\/wp\/v2\/pages"}],"about":[{"href":"https:\/\/www.feno.unam.mx\/orienta\/index.php\/wp-json\/wp\/v2\/types\/page"}],"author":[{"embeddable":true,"href":"https:\/\/www.feno.unam.mx\/orienta\/index.php\/wp-json\/wp\/v2\/users\/1"}],"replies":[{"embeddable":true,"href":"https:\/\/www.feno.unam.mx\/orienta\/index.php\/wp-json\/wp\/v2\/comments?post=3280"}],"version-history":[{"count":9,"href":"https:\/\/www.feno.unam.mx\/orienta\/index.php\/wp-json\/wp\/v2\/pages\/3280\/revisions"}],"predecessor-version":[{"id":3470,"href":"https:\/\/www.feno.unam.mx\/orienta\/index.php\/wp-json\/wp\/v2\/pages\/3280\/revisions\/3470"}],"wp:attachment":[{"href":"https:\/\/www.feno.unam.mx\/orienta\/index.php\/wp-json\/wp\/v2\/media?parent=3280"}],"curies":[{"name":"wp","href":"https:\/\/api.w.org\/{rel}","templated":true}]}}