{"id":3273,"date":"2022-10-12T22:11:52","date_gmt":"2022-10-13T03:11:52","guid":{"rendered":"https:\/\/www.feno.unam.mx\/orienta\/?page_id=3273"},"modified":"2022-10-12T22:16:37","modified_gmt":"2022-10-13T03:16:37","slug":"tutoria","status":"publish","type":"page","link":"https:\/\/www.feno.unam.mx\/orienta\/index.php\/tutoria\/","title":{"rendered":"Tutor\u00eda"},"content":{"rendered":"<p>[vc_row][vc_column][vc_single_image image=&#8221;2969&#8243; img_size=&#8221;full&#8221; alignment=&#8221;center&#8221;][\/vc_column][\/vc_row][vc_row][vc_column][vc_row_inner][vc_column_inner][vc_column_text]<\/p>\n<h3><strong>Servicio que se ofrece<\/strong><\/h3>\n<p class=\"CDt4Ke zfr3Q\" dir=\"ltr\">La coordinaci\u00f3n de tutor\u00edas plantea los planes de tutor\u00eda para cada modalidad con la que cuenta la ENEO: grupal, individual o peque\u00f1os grupos, por pares y cl\u00ednica. Asimismo, tiene un registro de todos los tutores y tutorados para llevar un seguimiento de sus sesiones, las cuales pueden ser de origen acad\u00e9mico, personal y\/o social. Asigna tutores individuales o de peque\u00f1os grupos a aquellos estudiantes que tengan dificultades de cierta \u00e1rea acad\u00e9mica o que comparten una problem\u00e1tica en com\u00fan, se les brinda asesor\u00eda, orientaci\u00f3n y canalizaci\u00f3n sobre redes de apoyo dentro y fuera de la Universidad Promueve el programa de tutor\u00eda en pares \u201cAcompa\u00f1a a una luci\u00e9rnaga\u201d, el cual consiste en que estudiantes de alto rendimiento acad\u00e9mico pueden tutorar a estudiantes de semestres m\u00e1s bajos para apoyarle en temas o \u00e1reas que no domina y requiere asesor\u00eda, genera constancia por su labor tutorial.<\/p>\n<p>[\/vc_column_text][\/vc_column_inner][\/vc_row_inner][vc_empty_space][\/vc_column][\/vc_row][vc_row][vc_column][vc_empty_space][vc_row_inner][vc_column_inner][vc_column_text]<\/p>\n<h2 style=\"text-align: center;\">Tipos de tutor\u00edas<\/h2>\n<p>[\/vc_column_text][\/vc_column_inner][\/vc_row_inner][\/vc_column][\/vc_row][vc_row][vc_column][vc_row_inner][vc_column_inner width=&#8221;1\/3&#8243;][vc_single_image image=&#8221;3277&#8243; img_size=&#8221;full&#8221; alignment=&#8221;center&#8221;][vc_column_text]<\/p>\n<div class=\"oKdM2c ZZyype\">\n<div id=\"h.77dd48fdbbf9e03a_480\" class=\"hJDwNd-AhqUyc-II5mzb Ft7HRd-AhqUyc-II5mzb pSzOP-AhqUyc-II5mzb Ktthjf-AhqUyc-II5mzb jXK9ad D2fZ2 zu5uec GNzUNc\">\n<div class=\"jXK9ad-SmKAyb\">\n<div class=\"tyJCtd mGzaTb Depvyb baZpAe\">\n<h4 class=\"CDt4Ke zfr3Q\" dir=\"ltr\"><strong>Tutor\u00eda <\/strong><strong>en peque\u00f1os grupos<\/strong><\/h4>\n<\/div>\n<\/div>\n<\/div>\n<\/div>\n<div class=\"oKdM2c ZZyype\">\n<div id=\"h.77dd48fdbbf9e03a_482\" class=\"hJDwNd-AhqUyc-II5mzb Ft7HRd-AhqUyc-II5mzb pSzOP-AhqUyc-II5mzb Ktthjf-AhqUyc-II5mzb jXK9ad D2fZ2 zu5uec wHaque g5GTcb GNzUNc\">\n<div class=\"jXK9ad-SmKAyb\">\n<div class=\"tyJCtd mGzaTb Depvyb baZpAe\">\n<div class=\"oKdM2c ZZyype\">\n<div id=\"h.77dd48fdbbf9e03a_487\" class=\"hJDwNd-AhqUyc-II5mzb Ft7HRd-AhqUyc-II5mzb pSzOP-AhqUyc-II5mzb Ktthjf-AhqUyc-II5mzb jXK9ad D2fZ2 zu5uec GNzUNc\">\n<div class=\"jXK9ad-SmKAyb\">\n<div class=\"tyJCtd mGzaTb Depvyb baZpAe\">\n<p class=\"CDt4Ke zfr3Q\" dir=\"ltr\"><span style=\"color: var(--font-color); font-family: var(--primary-font);\">Es una tutor\u00eda de 2 a 8 estudiantes, en donde se abordar\u00e1n temas de inter\u00e9s, tanto acad\u00e9micas como de orientaci\u00f3n en la vida universitaria.<\/span><\/p>\n<\/div>\n<\/div>\n<\/div>\n<\/div>\n<\/div>\n<\/div>\n<\/div>\n<\/div>\n<p>[\/vc_column_text][\/vc_column_inner][vc_column_inner width=&#8221;1\/3&#8243;][vc_single_image image=&#8221;3275&#8243; img_size=&#8221;full&#8221; alignment=&#8221;center&#8221;][vc_column_text]<\/p>\n<div class=\"oKdM2c ZZyype\">\n<div id=\"h.77dd48fdbbf9e03a_480\" class=\"hJDwNd-AhqUyc-II5mzb Ft7HRd-AhqUyc-II5mzb pSzOP-AhqUyc-II5mzb Ktthjf-AhqUyc-II5mzb jXK9ad D2fZ2 zu5uec GNzUNc\">\n<div class=\"jXK9ad-SmKAyb\">\n<div class=\"tyJCtd mGzaTb Depvyb baZpAe\">\n<h4 class=\"CDt4Ke zfr3Q\" dir=\"ltr\"><strong>Tutor\u00eda por pares \u201cAcompa\u00f1a una luci\u00e9rnaga\u201d<\/strong><\/h4>\n<\/div>\n<\/div>\n<\/div>\n<\/div>\n<div class=\"oKdM2c ZZyype\">\n<div id=\"h.77dd48fdbbf9e03a_482\" class=\"hJDwNd-AhqUyc-II5mzb Ft7HRd-AhqUyc-II5mzb pSzOP-AhqUyc-II5mzb Ktthjf-AhqUyc-II5mzb jXK9ad D2fZ2 zu5uec wHaque g5GTcb GNzUNc\">\n<div class=\"jXK9ad-SmKAyb\">\n<div class=\"tyJCtd mGzaTb Depvyb baZpAe\">\n<div class=\"oKdM2c ZZyype\">\n<div id=\"h.77dd48fdbbf9e03a_487\" class=\"hJDwNd-AhqUyc-II5mzb Ft7HRd-AhqUyc-II5mzb pSzOP-AhqUyc-II5mzb Ktthjf-AhqUyc-II5mzb jXK9ad D2fZ2 zu5uec GNzUNc\">\n<div class=\"jXK9ad-SmKAyb\">\n<div class=\"tyJCtd mGzaTb Depvyb baZpAe\">\n<div class=\"oKdM2c ZZyype\">\n<div id=\"h.77dd48fdbbf9e03a_480\" class=\"hJDwNd-AhqUyc-II5mzb Ft7HRd-AhqUyc-II5mzb pSzOP-AhqUyc-II5mzb Ktthjf-AhqUyc-II5mzb jXK9ad D2fZ2 zu5uec GNzUNc\">\n<div class=\"jXK9ad-SmKAyb\">\n<div class=\"tyJCtd mGzaTb Depvyb baZpAe\">\n<p class=\"CDt4Ke zfr3Q\" dir=\"ltr\"><span style=\"color: var(--font-color); font-family: var(--primary-font);\">Esta modalidad tiene el prop\u00f3sito de involucrar a los estudiantes destacados de distintos semestres de las licenciaturas brindando apoyo a sus iguales de semestres anteriores con el fin de dar soluci\u00f3n personalizada a sus necesidades acad\u00e9micas, principalmente.<\/span><\/p>\n<\/div>\n<\/div>\n<\/div>\n<\/div>\n<\/div>\n<\/div>\n<\/div>\n<\/div>\n<\/div>\n<\/div>\n<\/div>\n<\/div>\n<p>[\/vc_column_text][\/vc_column_inner][vc_column_inner width=&#8221;1\/3&#8243;][vc_single_image image=&#8221;3276&#8243; img_size=&#8221;full&#8221; alignment=&#8221;center&#8221;][vc_column_text]<\/p>\n<div class=\"oKdM2c ZZyype\">\n<div id=\"h.77dd48fdbbf9e03a_480\" class=\"hJDwNd-AhqUyc-II5mzb Ft7HRd-AhqUyc-II5mzb pSzOP-AhqUyc-II5mzb Ktthjf-AhqUyc-II5mzb jXK9ad D2fZ2 zu5uec GNzUNc\">\n<div class=\"jXK9ad-SmKAyb\">\n<div class=\"tyJCtd mGzaTb Depvyb baZpAe\">\n<h4 class=\"CDt4Ke zfr3Q\" dir=\"ltr\"><strong>Tutor\u00eda grup<\/strong><strong>al<\/strong><\/h4>\n<\/div>\n<\/div>\n<\/div>\n<\/div>\n<div class=\"oKdM2c ZZyype\">\n<div id=\"h.77dd48fdbbf9e03a_482\" class=\"hJDwNd-AhqUyc-II5mzb Ft7HRd-AhqUyc-II5mzb pSzOP-AhqUyc-II5mzb Ktthjf-AhqUyc-II5mzb jXK9ad D2fZ2 zu5uec wHaque g5GTcb GNzUNc\">\n<div class=\"jXK9ad-SmKAyb\">\n<div class=\"tyJCtd mGzaTb Depvyb baZpAe\">\n<div class=\"oKdM2c ZZyype\">\n<div id=\"h.77dd48fdbbf9e03a_487\" class=\"hJDwNd-AhqUyc-II5mzb Ft7HRd-AhqUyc-II5mzb pSzOP-AhqUyc-II5mzb Ktthjf-AhqUyc-II5mzb jXK9ad D2fZ2 zu5uec GNzUNc\">\n<div class=\"jXK9ad-SmKAyb\">\n<div class=\"tyJCtd mGzaTb Depvyb baZpAe\">\n<div class=\"oKdM2c ZZyype\">\n<div id=\"h.77dd48fdbbf9e03a_480\" class=\"hJDwNd-AhqUyc-II5mzb Ft7HRd-AhqUyc-II5mzb pSzOP-AhqUyc-II5mzb Ktthjf-AhqUyc-II5mzb jXK9ad D2fZ2 zu5uec GNzUNc\">\n<div class=\"jXK9ad-SmKAyb\">\n<div class=\"tyJCtd mGzaTb Depvyb baZpAe\">\n<div class=\"oKdM2c ZZyype\">\n<div id=\"h.77dd48fdbbf9e03a_494\" class=\"hJDwNd-AhqUyc-II5mzb Ft7HRd-AhqUyc-II5mzb pSzOP-AhqUyc-II5mzb Ktthjf-AhqUyc-II5mzb jXK9ad D2fZ2 zu5uec GNzUNc\">\n<div class=\"jXK9ad-SmKAyb\">\n<div class=\"tyJCtd mGzaTb Depvyb baZpAe\">\n<p class=\"CDt4Ke zfr3Q\" dir=\"ltr\"><span style=\"color: var(--font-color); font-family: var(--primary-font);\">Esta modalidad tiene el objetivo de lograr una integraci\u00f3n grupal, misma que permitir\u00e1 la adaptaci\u00f3n a la vida universitaria de los estudiantes. El acompa\u00f1amiento del tutor posibilitar\u00e1 la identificaci\u00f3n de conflictos a lo largo del semestre, los cuales podr\u00e1 resolver, canalizar u orientar a las instancias pertinentes.<\/span><\/p>\n<\/div>\n<\/div>\n<\/div>\n<\/div>\n<\/div>\n<\/div>\n<\/div>\n<\/div>\n<\/div>\n<\/div>\n<\/div>\n<\/div>\n<\/div>\n<\/div>\n<\/div>\n<\/div>\n<p>[\/vc_column_text][\/vc_column_inner][\/vc_row_inner][\/vc_column][\/vc_row]<\/p>\n","protected":false},"excerpt":{"rendered":"<p>[vc_row][vc_column][vc_single_image image=&#8221;2969&#8243; img_size=&#8221;full&#8221; alignment=&#8221;center&#8221;][\/vc_column][\/vc_row][vc_row][vc_column][vc_row_inner][vc_column_inner][vc_column_text] Servicio que se ofrece La coordinaci\u00f3n de tutor\u00edas plantea los planes de tutor\u00eda para cada modalidad con la que cuenta la &hellip; <\/p>\n","protected":false},"author":1,"featured_media":0,"parent":0,"menu_order":0,"comment_status":"closed","ping_status":"closed","template":"","meta":{"footnotes":""},"class_list":["post-3273","page","type-page","status-publish","hentry","latest_post"],"_links":{"self":[{"href":"https:\/\/www.feno.unam.mx\/orienta\/index.php\/wp-json\/wp\/v2\/pages\/3273","targetHints":{"allow":["GET"]}}],"collection":[{"href":"https:\/\/www.feno.unam.mx\/orienta\/index.php\/wp-json\/wp\/v2\/pages"}],"about":[{"href":"https:\/\/www.feno.unam.mx\/orienta\/index.php\/wp-json\/wp\/v2\/types\/page"}],"author":[{"embeddable":true,"href":"https:\/\/www.feno.unam.mx\/orienta\/index.php\/wp-json\/wp\/v2\/users\/1"}],"replies":[{"embeddable":true,"href":"https:\/\/www.feno.unam.mx\/orienta\/index.php\/wp-json\/wp\/v2\/comments?post=3273"}],"version-history":[{"count":2,"href":"https:\/\/www.feno.unam.mx\/orienta\/index.php\/wp-json\/wp\/v2\/pages\/3273\/revisions"}],"predecessor-version":[{"id":3278,"href":"https:\/\/www.feno.unam.mx\/orienta\/index.php\/wp-json\/wp\/v2\/pages\/3273\/revisions\/3278"}],"wp:attachment":[{"href":"https:\/\/www.feno.unam.mx\/orienta\/index.php\/wp-json\/wp\/v2\/media?parent=3273"}],"curies":[{"name":"wp","href":"https:\/\/api.w.org\/{rel}","templated":true}]}}