{"id":3261,"date":"2022-10-12T21:23:13","date_gmt":"2022-10-13T02:23:13","guid":{"rendered":"https:\/\/www.feno.unam.mx\/orienta\/?page_id=3261"},"modified":"2023-09-05T15:10:02","modified_gmt":"2023-09-05T20:10:02","slug":"enfermeria-suayed","status":"publish","type":"page","link":"https:\/\/www.feno.unam.mx\/orienta\/index.php\/enfermeria-suayed\/","title":{"rendered":"Enfermer\u00eda SUAyED"},"content":{"rendered":"<p>[vc_row][vc_column][\/vc_column][\/vc_row][vc_row][vc_column][vc_row_inner][vc_column_inner][vc_empty_space height=&#8221;64px&#8221;][\/vc_column_inner][\/vc_row_inner][vc_column_text]<\/p>\n<p class=\"CDt4Ke zfr3Q\" dir=\"ltr\">La Facultad de Enfermer\u00eda y Obstetricia posee un claro compromiso con la promoci\u00f3n de la salud. Para ello, ofrece una formaci\u00f3n profesional que permite dar soluciones integrales a los problemas y y padecimientos que conforman el perfil epidemiol\u00f3gico de los mexicanos, mejora los procesos y cuidados de enfermer\u00eda, y fomenta la cultura de la salud individual y colectiva.<\/p>\n<p class=\"CDt4Ke zfr3Q\" dir=\"ltr\">Este compromiso universitario y social lo ratifica ofertando la Licenciatura de Enfermer\u00eda en L\u00ednea por Ingreso en A\u00f1os Posteriores al Primero, a partir del a\u00f1o 2010.<\/p>\n<p>[\/vc_column_text][vc_empty_space][\/vc_column][\/vc_row][vc_row][vc_column width=&#8221;1\/3&#8243;][vc_icon icon_fontawesome=&#8221;fa fa-graduation-cap&#8221; background_style=&#8221;rounded&#8221; size=&#8221;xl&#8221; align=&#8221;center&#8221;][vc_column_text]<\/p>\n<p style=\"text-align: center;\"><strong>T\u00edtulo que se otorga<\/strong><br \/>\nLicenciado (a) en Enfermer\u00eda<\/p>\n<p>[\/vc_column_text][\/vc_column][vc_column width=&#8221;1\/3&#8243;][vc_icon icon_fontawesome=&#8221;fa fa-user&#8221; background_style=&#8221;rounded&#8221; size=&#8221;xl&#8221; align=&#8221;center&#8221;][vc_column_text]<\/p>\n<p style=\"text-align: center;\"><strong>Modalidad de estudios<\/strong><br \/>\n<strong>Universidad Abierta y Educaci\u00f3n a Distancia<\/strong><\/p>\n<p>[\/vc_column_text][\/vc_column][vc_column width=&#8221;1\/3&#8243;][vc_icon icon_fontawesome=&#8221;fa fa-clock-o&#8221; background_style=&#8221;rounded&#8221; size=&#8221;xl&#8221; align=&#8221;center&#8221;][vc_column_text]<\/p>\n<p style=\"text-align: center;\"><strong>Licenciatura de Enfermer\u00eda en L\u00ednea por Ingreso en A\u00f1os Posteriores al Primero<\/strong><\/p>\n<p>[\/vc_column_text][\/vc_column][\/vc_row][vc_row][vc_column][vc_empty_space][\/vc_column][\/vc_row][vc_row][vc_column][vc_row_inner content_placement=&#8221;middle&#8221;][vc_column_inner][vc_column_text]<\/p>\n<p class=\"CDt4Ke zfr3Q\" dir=\"ltr\">Este programa, coordinado por la Divisi\u00f3n Sistema Universidad Abierta y Educaci\u00f3n a Distancia (SUAyED), tiene como objetivo principal ampliar y promover la profesionalizaci\u00f3n de l@s enfermer@s a nivel nacional, mediante el uso de medios tecnol\u00f3gicos de informaci\u00f3n y comunicaci\u00f3n por Internet, y orientando la formaci\u00f3n acad\u00e9mica hacia la adquisici\u00f3n de un alto sentido human\u00edstico, de compromiso social y con una formaci\u00f3n disciplinar de vanguardia.<\/p>\n<p class=\"CDt4Ke zfr3Q\" dir=\"ltr\">L@s enfermer@s con estudios de nivel t\u00e9cnico, que acceden a estos estudios universitarios, estar\u00e1n capacitad@s para tomar decisiones orientadas a la resoluci\u00f3n de problemas de salud en los contextos institucional, comunitario o de manera independiente; poseer\u00e1n las bases metodol\u00f3gicas para realizar labores de investigaci\u00f3n en el campo de la enfermer\u00eda y dispondr\u00e1n de los conocimientos y las herramientas necesarios para cursar estudios de posgrado. Adem\u00e1s, esta profesionalizaci\u00f3n les permitir\u00e1 posicionarse en el mercado laboral con base en la mejora de sus pr\u00e1cticas de cuidado a la persona, en un per\u00edodo de dos a\u00f1os.<\/p>\n<p>[\/vc_column_text][\/vc_column_inner][\/vc_row_inner][\/vc_column][\/vc_row][vc_row][vc_column][vc_row_inner content_placement=&#8221;middle&#8221;][vc_column_inner width=&#8221;1\/2&#8243;][vc_column_text]<\/p>\n<h4 style=\"text-align: left;\">Plan de estudios<\/h4>\n<p>[\/vc_column_text][vc_column_text]<\/p>\n<section id=\"h.77dd48fdbbf9e03a_138\" class=\"yaqOZd\">\n<div class=\"mYVXT\">\n<div class=\"LS81yb VICjCf j5pSsc db35Fc\" tabindex=\"-1\">\n<div class=\"hJDwNd-AhqUyc-OwsYgb Ft7HRd-AhqUyc-OwsYgb purZT-AhqUyc-II5mzb ZcASvf-AhqUyc-II5mzb pSzOP-AhqUyc-qWD73c Ktthjf-AhqUyc-qWD73c JNdkSc SQVYQc yYI8W HQwdzb\">\n<div class=\"JNdkSc-SmKAyb LkDMRd\">\n<div class=\"\">\n<div class=\"oKdM2c ZZyype Kzv0Me\">\n<div id=\"h.77dd48fdbbf9e03a_141\" class=\"hJDwNd-AhqUyc-OwsYgb Ft7HRd-AhqUyc-OwsYgb jXK9ad D2fZ2 zu5uec OjCsFc dmUFtb GNzUNc\">\n<div class=\"jXK9ad-SmKAyb\">\n<div class=\"tyJCtd mGzaTb Depvyb baZpAe\">\n<div class=\"CjVfdc\"><\/div>\n<\/div>\n<\/div>\n<\/div>\n<\/div>\n<div class=\"oKdM2c ZZyype\">\n<div id=\"h.77dd48fdbbf9e03a_143\" class=\"hJDwNd-AhqUyc-OwsYgb Ft7HRd-AhqUyc-OwsYgb jXK9ad D2fZ2 zu5uec wHaque g5GTcb GNzUNc\">\n<div class=\"jXK9ad-SmKAyb\">\n<div class=\"tyJCtd mGzaTb Depvyb baZpAe\">\n<ul class=\"n8H08c UVNKR\">\n<li class=\"TYR86d zfr3Q\" dir=\"ltr\">\n<p class=\"CDt4Ke zfr3Q\" dir=\"ltr\">Organizado en tres ciclos de formaci\u00f3n profesional<\/p>\n<\/li>\n<li class=\"TYR86d zfr3Q\" dir=\"ltr\">\n<p class=\"CDt4Ke zfr3Q\" dir=\"ltr\">Total de asignaturas: 41 Asignaturas<\/p>\n<\/li>\n<li class=\"TYR86d zfr3Q\" dir=\"ltr\">\n<p class=\"CDt4Ke zfr3Q\" dir=\"ltr\">Obligatorias: 32 Asignaturas<\/p>\n<\/li>\n<li class=\"TYR86d zfr3Q\" dir=\"ltr\">\n<p class=\"CDt4Ke zfr3Q\" dir=\"ltr\">Optativas*: 9<\/p>\n<\/li>\n<li class=\"TYR86d zfr3Q\" dir=\"ltr\">\n<p class=\"CDt4Ke zfr3Q\" dir=\"ltr\">Total de cr\u00e9ditos: 391<\/p>\n<\/li>\n<\/ul>\n<p class=\"CDt4Ke zfr3Q\" dir=\"ltr\">*Las asignaturas optativas se cursan a partir del 3er semestre.<\/p>\n<\/div>\n<\/div>\n<\/div>\n<\/div>\n<\/div>\n<\/div>\n<\/div>\n<\/div>\n<\/div>\n<\/section>\n<section id=\"h.77dd48fdbbf9e03a_184\" class=\"yaqOZd\"><\/section>\n<p>[\/vc_column_text][\/vc_column_inner][vc_column_inner width=&#8221;1\/2&#8243;][vc_single_image image=&#8221;3263&#8243; img_size=&#8221;full&#8221; alignment=&#8221;right&#8221;][\/vc_column_inner][\/vc_row_inner][\/vc_column][\/vc_row][vc_row][vc_column][vc_row_inner content_placement=&#8221;middle&#8221;][vc_column_inner width=&#8221;1\/4&#8243;][vc_single_image image=&#8221;2818&#8243; img_size=&#8221;medium&#8221; alignment=&#8221;right&#8221;][\/vc_column_inner][vc_column_inner width=&#8221;3\/4&#8243;][vc_column_text]<\/p>\n<h4 style=\"text-align: left;\">Tutor\u00eda<\/h4>\n<p>[\/vc_column_text][vc_column_text]<\/p>\n<section id=\"h.77dd48fdbbf9e03a_184\" class=\"yaqOZd\">\n<div class=\"mYVXT\">\n<div class=\"LS81yb VICjCf j5pSsc db35Fc\" tabindex=\"-1\">\n<div class=\"hJDwNd-AhqUyc-uQSCkd Ft7HRd-AhqUyc-uQSCkd purZT-AhqUyc-II5mzb ZcASvf-AhqUyc-II5mzb pSzOP-AhqUyc-qWD73c Ktthjf-AhqUyc-qWD73c JNdkSc SQVYQc\">\n<div class=\"JNdkSc-SmKAyb LkDMRd\">\n<div class=\"\">\n<div class=\"oKdM2c ZZyype Kzv0Me\">\n<div id=\"h.77dd48fdbbf9e03a_181\" class=\"hJDwNd-AhqUyc-uQSCkd Ft7HRd-AhqUyc-uQSCkd jXK9ad D2fZ2 zu5uec OjCsFc dmUFtb wHaque g5GTcb GNzUNc\">\n<div class=\"jXK9ad-SmKAyb\">\n<div class=\"tyJCtd mGzaTb Depvyb baZpAe\">\n<div class=\"CjVfdc\"><span style=\"color: var(--font-color); font-family: var(--primary-font);\">El programa de tutor\u00edas de la Licenciatura en Enfermer\u00eda por Ingreso en A\u00f1os Posteriores al Primero en la modalidad a distancia de la Facultad de Enfermer\u00eda y Obstetricia, emana de un proyecto institucional que busca mejorar la calidad educativa que se oferta a distancia, reducir los niveles de deserci\u00f3n, rezago educativo y elevar la eficiencia terminal de la licenciatura, mediante la orientaci\u00f3n, la gu\u00eda y el acompa\u00f1amiento de los alumnos a trav\u00e9s de profesores formados en ambientes virtuales para tal efecto, que se preocupan por el desarrollo personal y acad\u00e9mico de los alumnos.<\/span><\/div>\n<\/div>\n<\/div>\n<\/div>\n<\/div>\n<\/div>\n<\/div>\n<\/div>\n<\/div>\n<\/div>\n<\/section>\n<section id=\"h.77dd48fdbbf9e03a_180\" class=\"yaqOZd\">\n<div class=\"mYVXT\">\n<div class=\"LS81yb VICjCf j5pSsc db35Fc\" tabindex=\"-1\">\n<div class=\"hJDwNd-AhqUyc-uQSCkd Ft7HRd-AhqUyc-uQSCkd purZT-AhqUyc-II5mzb ZcASvf-AhqUyc-II5mzb pSzOP-AhqUyc-qWD73c Ktthjf-AhqUyc-qWD73c JNdkSc SQVYQc\">\n<div class=\"JNdkSc-SmKAyb LkDMRd\">\n<div class=\"\">\n<div class=\"oKdM2c ZZyype Kzv0Me\">\n<div id=\"h.77dd48fdbbf9e03a_177\" class=\"hJDwNd-AhqUyc-uQSCkd Ft7HRd-AhqUyc-uQSCkd jXK9ad D2fZ2 zu5uec OjCsFc dmUFtb wHaque g5GTcb GNzUNc\">\n<div class=\"jXK9ad-SmKAyb\">\n<div class=\"tyJCtd mGzaTb Depvyb baZpAe\">\n<p class=\"CDt4Ke zfr3Q\" dir=\"ltr\">La FENO incluye la tutor\u00eda como un punto estrat\u00e9gico del Plan de Desarrollo Institucional, donde el SUAyED se une a la consolidaci\u00f3n de este programa, organizando el plan de acci\u00f3n tutorial para apoyar a la formaci\u00f3n integral del estudiante durante su trayectoria acad\u00e9mica mediante la tutor\u00eda grupal, apoyado del uso de las Tecnolog\u00edas de Informaci\u00f3n y Comunicaci\u00f3n.<\/p>\n<\/div>\n<\/div>\n<\/div>\n<\/div>\n<\/div>\n<\/div>\n<\/div>\n<\/div>\n<\/div>\n<\/section>\n<p>[\/vc_column_text][\/vc_column_inner][\/vc_row_inner][\/vc_column][\/vc_row][vc_section][vc_row][vc_column][vc_empty_space][\/vc_column][vc_column][vc_column_text]<\/p>\n<h3 dir=\"ltr\">Mapa curricular<\/h3>\n<p class=\"CDt4Ke zfr3Q\" dir=\"ltr\">Por Reglamento General de Inscripciones de la UNAM tienes derecho a concluir la licenciatura en 6 a\u00f1os, tiempo en el cual ser\u00e1s considerad@ como alumn@ regular; posterior a ese tiempo te conviertes en alumn@ irregular y las asignaturas que te falten acreditar, las tendr\u00e1s que presentar en examen extraordinario.<\/p>\n<p class=\"CDt4Ke zfr3Q\" dir=\"ltr\">Como la revalidaci\u00f3n-acreditaci\u00f3n de asignaturas var\u00eda de acuerdo al plan de estudios de nivel t\u00e9cnico que hayas cursado, es importante que al final de cada semestre corrobores las materias a las que te hayas inscrito, y que cuando los asesores llenen el acta aparezcan en tu Historial Acad\u00e9mico.<\/p>\n<p class=\"CDt4Ke zfr3Q\" dir=\"ltr\">En caso de que notes que no cumples con la totalidad de cr\u00e9ditos, coteja tu lista de asignaturas del Historial Acad\u00e9mico con las del Plan de Estudios de la Licenciatura en Enfermer\u00eda (observa en Mapa Curricular del Plan). Identifica la asignatura faltante y env\u00eda un mensaje a la Coordinadora de Carrera del SUAyED, Lic. Yolanda Vargas S\u00e1nchez, al correo\u00a0alumno.suayed.eneo@gmail.com<\/p>\n<p class=\"CDt4Ke zfr3Q\" dir=\"ltr\">Cualquier anomal\u00eda que distingas en tu Tira de Materias o Historial Acad\u00e9mico, env\u00eda un mensaje a la Coord<\/p>\n<p>[\/vc_column_text][vc_row_inner][vc_column_inner width=&#8221;1\/2&#8243;][vc_single_image image=&#8221;3400&#8243; img_size=&#8221;full&#8221; alignment=&#8221;center&#8221; onclick=&#8221;custom_link&#8221; img_link_target=&#8221;_blank&#8221; el_class=&#8221;hvr-push&#8221; link=&#8221;https:\/\/www.feno.unam.mx\/orienta\/wp-content\/uploads\/2023\/09\/Mapa-curricular-SUAYED-2.png&#8221;][\/vc_column_inner][vc_column_inner width=&#8221;1\/2&#8243;][vc_single_image image=&#8221;3401&#8243; img_size=&#8221;full&#8221; onclick=&#8221;custom_link&#8221; img_link_target=&#8221;_blank&#8221; link=&#8221;https:\/\/www.feno.unam.mx\/orienta\/wp-content\/uploads\/2023\/09\/suaexa.jpg&#8221;][\/vc_column_inner][\/vc_row_inner][\/vc_column][vc_column][\/vc_column][\/vc_row][vc_row][vc_column][vc_column_text]<\/p>\n<p class=\"CDt4Ke zfr3Q\" dir=\"ltr\" style=\"text-align: center;\">Tr\u00e1mites Acad\u00e9mico &#8211; Administrativos de Alumnos<\/p>\n<p class=\"CDt4Ke zfr3Q\" dir=\"ltr\" style=\"text-align: center;\">Mtra. Cristina Margarita L\u00f3pez Ruiz<\/p>\n<p class=\"CDt4Ke zfr3Q\" dir=\"ltr\" style=\"text-align: center;\">Coordinadora de Carrera<\/p>\n<p class=\"CDt4Ke zfr3Q\" dir=\"ltr\" style=\"text-align: center;\"><a class=\"XqQF9c rXJpyf\" href=\"mailto:suayed-coord@feno.unam.mx\" target=\"_blank\" rel=\"noopener\">suayed-coord@feno.unam.mx<\/a><\/p>\n<p>[\/vc_column_text][\/vc_column][\/vc_row][\/vc_section]<\/p>\n","protected":false},"excerpt":{"rendered":"<p>[vc_row][vc_column][\/vc_column][\/vc_row][vc_row][vc_column][vc_row_inner][vc_column_inner][vc_empty_space height=&#8221;64px&#8221;][\/vc_column_inner][\/vc_row_inner][vc_column_text] La Facultad de Enfermer\u00eda y Obstetricia posee un claro compromiso con la promoci\u00f3n de la salud. Para ello, ofrece una formaci\u00f3n profesional que &hellip; <\/p>\n","protected":false},"author":1,"featured_media":0,"parent":0,"menu_order":0,"comment_status":"closed","ping_status":"closed","template":"","meta":{"footnotes":""},"class_list":["post-3261","page","type-page","status-publish","hentry","latest_post"],"_links":{"self":[{"href":"https:\/\/www.feno.unam.mx\/orienta\/index.php\/wp-json\/wp\/v2\/pages\/3261","targetHints":{"allow":["GET"]}}],"collection":[{"href":"https:\/\/www.feno.unam.mx\/orienta\/index.php\/wp-json\/wp\/v2\/pages"}],"about":[{"href":"https:\/\/www.feno.unam.mx\/orienta\/index.php\/wp-json\/wp\/v2\/types\/page"}],"author":[{"embeddable":true,"href":"https:\/\/www.feno.unam.mx\/orienta\/index.php\/wp-json\/wp\/v2\/users\/1"}],"replies":[{"embeddable":true,"href":"https:\/\/www.feno.unam.mx\/orienta\/index.php\/wp-json\/wp\/v2\/comments?post=3261"}],"version-history":[{"count":11,"href":"https:\/\/www.feno.unam.mx\/orienta\/index.php\/wp-json\/wp\/v2\/pages\/3261\/revisions"}],"predecessor-version":[{"id":3405,"href":"https:\/\/www.feno.unam.mx\/orienta\/index.php\/wp-json\/wp\/v2\/pages\/3261\/revisions\/3405"}],"wp:attachment":[{"href":"https:\/\/www.feno.unam.mx\/orienta\/index.php\/wp-json\/wp\/v2\/media?parent=3261"}],"curies":[{"name":"wp","href":"https:\/\/api.w.org\/{rel}","templated":true}]}}