{"id":3255,"date":"2022-10-12T21:12:17","date_gmt":"2022-10-13T02:12:17","guid":{"rendered":"https:\/\/www.feno.unam.mx\/orienta\/?page_id=3255"},"modified":"2023-10-04T14:50:56","modified_gmt":"2023-10-04T19:50:56","slug":"testimonios","status":"publish","type":"page","link":"https:\/\/www.feno.unam.mx\/orienta\/index.php\/testimonios\/","title":{"rendered":"Testimonios"},"content":{"rendered":"<p>[vc_row][vc_column][vc_row_inner][vc_column_inner][vc_empty_space height=&#8221;64px&#8221;][\/vc_column_inner][\/vc_row_inner][vc_column_text]La Facultad de Enfermer\u00eda (FENO) como dependencia de la Universidad Nacional Aut\u00f3noma de M\u00e9xico (UNAM) te ofrece un amplio programa de becas. Las becas abren en diferentes periodos.<\/p>\n<p>Nota: Algunas publicaciones aparecen aun cuando ya caducaron con la finalidad de que conozcas que existen y est\u00e9s al pendiente de sus pr\u00f3ximas convocatorias<\/p>\n<p>Contacto: <a href=\"mailto:becas@feno.unam.mx\"><strong>becas@feno.unam.mx<\/strong><\/a>[\/vc_column_text][vc_empty_space][\/vc_column][\/vc_row][vc_row][vc_column width=&#8221;1\/2&#8243;][vc_raw_html]JTNDdmlkZW8lMjB3aWR0aCUzRCUyMjgwJTI1JTIyJTIwaGVpZ2h0JTNEJTIyYXV0byUyMiUyMHBvc3RlciUzRCUyMmh0dHBzJTNBJTJGJTJGZmVuby51bmFtLm14JTJGbm92ZWRhZGVzJTJGdGVzLmpwZyUyMiUyMHN0eWxlJTNEJTIyZGlzcGxheSUzQWJsb2NrJTNCJTIwbWFyZ2luJTNBYXV0byUzQiUyMiUyMGNvbnRyb2xzJTNEJTIyY29udHJvbHMlMjIlMjAlM0UlMEElMjAlMjAlM0Nzb3VyY2UlMjBzcmMlM0QlMjJodHRwcyUzQSUyRiUyRmZlbm8udW5hbS5teCUyRm5vdmVkYWRlcyUyRjFPcmllbnRhdG4ubXA0JTIyJTIwJTIwdHlwZSUzRCUyMnZpZGVvJTJGbXA0JTIyJTNFJTBBJTIwJTIwWW91ciUyMGJyb3dzZXIlMjBkb2VzJTIwbm90JTIwc3VwcG9ydCUyMHRoZSUyMHZpZGVvJTIwdGFnLiUwQSUzQyUyRnZpZGVvJTNF[\/vc_raw_html][\/vc_column][vc_column width=&#8221;1\/2&#8243;][vc_raw_html]JTNDdmlkZW8lMjB3aWR0aCUzRCUyMjgwJTI1JTIyJTIwaGVpZ2h0JTNEJTIyYXV0byUyMiUyMHBvc3RlciUzRCUyMmh0dHBzJTNBJTJGJTJGZmVuby51bmFtLm14JTJGbm92ZWRhZGVzJTJGdGVzLmpwZyUyMiUyMHN0eWxlJTNEJTIyZGlzcGxheSUzQWJsb2NrJTNCJTIwbWFyZ2luJTNBYXV0byUzQiUyMiUyMGNvbnRyb2xzJTNEJTIyY29udHJvbHMlMjIlMjAlM0UlMEElMjAlMjAlM0Nzb3VyY2UlMjBzcmMlM0QlMjJodHRwcyUzQSUyRiUyRmZlbm8udW5hbS5teCUyRm5vdmVkYWRlcyUyRjJPcmllbnRhdG4ubXA0JTIyJTIwJTIwdHlwZSUzRCUyMnZpZGVvJTJGbXA0JTIyJTNFJTBBJTIwJTIwWW91ciUyMGJyb3dzZXIlMjBkb2VzJTIwbm90JTIwc3VwcG9ydCUyMHRoZSUyMHZpZGVvJTIwdGFnLiUwQSUzQyUyRnZpZGVvJTNF[\/vc_raw_html][\/vc_column][\/vc_row][vc_row][vc_column width=&#8221;1\/2&#8243;][vc_raw_html]JTNDdmlkZW8lMjB3aWR0aCUzRCUyMjgwJTI1JTIyJTIwaGVpZ2h0JTNEJTIyYXV0byUyMiUyMHBvc3RlciUzRCUyMmh0dHBzJTNBJTJGJTJGZmVuby51bmFtLm14JTJGbm92ZWRhZGVzJTJGdGVzLmpwZyUyMiUyMHN0eWxlJTNEJTIyZGlzcGxheSUzQWJsb2NrJTNCJTIwbWFyZ2luJTNBYXV0byUzQiUyMiUyMGNvbnRyb2xzJTNEJTIyY29udHJvbHMlMjIlMjAlM0UlMEElMjAlMjAlM0Nzb3VyY2UlMjBzcmMlM0QlMjJodHRwcyUzQSUyRiUyRmZlbm8udW5hbS5teCUyRm5vdmVkYWRlcyUyRjNPcmllbnRhdG4ubXA0JTIyJTIwJTIwdHlwZSUzRCUyMnZpZGVvJTJGbXA0JTIyJTNFJTBBJTIwJTIwWW91ciUyMGJyb3dzZXIlMjBkb2VzJTIwbm90JTIwc3VwcG9ydCUyMHRoZSUyMHZpZGVvJTIwdGFnLiUwQSUzQyUyRnZpZGVvJTNF[\/vc_raw_html][\/vc_column][vc_column width=&#8221;1\/2&#8243;][\/vc_column][\/vc_row][vc_row][vc_column][vc_single_image image=&#8221;3257&#8243; img_size=&#8221;full&#8221; alignment=&#8221;center&#8221;][\/vc_column][\/vc_row]<\/p>\n","protected":false},"excerpt":{"rendered":"<p>[vc_row][vc_column][vc_row_inner][vc_column_inner][vc_empty_space height=&#8221;64px&#8221;][\/vc_column_inner][\/vc_row_inner][vc_column_text]La Facultad de Enfermer\u00eda (FENO) como dependencia de la Universidad Nacional Aut\u00f3noma de M\u00e9xico (UNAM) te ofrece un amplio programa de becas. Las becas &hellip; <\/p>\n","protected":false},"author":1,"featured_media":0,"parent":0,"menu_order":0,"comment_status":"closed","ping_status":"closed","template":"","meta":{"footnotes":""},"class_list":["post-3255","page","type-page","status-publish","hentry","latest_post"],"_links":{"self":[{"href":"https:\/\/www.feno.unam.mx\/orienta\/index.php\/wp-json\/wp\/v2\/pages\/3255","targetHints":{"allow":["GET"]}}],"collection":[{"href":"https:\/\/www.feno.unam.mx\/orienta\/index.php\/wp-json\/wp\/v2\/pages"}],"about":[{"href":"https:\/\/www.feno.unam.mx\/orienta\/index.php\/wp-json\/wp\/v2\/types\/page"}],"author":[{"embeddable":true,"href":"https:\/\/www.feno.unam.mx\/orienta\/index.php\/wp-json\/wp\/v2\/users\/1"}],"replies":[{"embeddable":true,"href":"https:\/\/www.feno.unam.mx\/orienta\/index.php\/wp-json\/wp\/v2\/comments?post=3255"}],"version-history":[{"count":11,"href":"https:\/\/www.feno.unam.mx\/orienta\/index.php\/wp-json\/wp\/v2\/pages\/3255\/revisions"}],"predecessor-version":[{"id":3440,"href":"https:\/\/www.feno.unam.mx\/orienta\/index.php\/wp-json\/wp\/v2\/pages\/3255\/revisions\/3440"}],"wp:attachment":[{"href":"https:\/\/www.feno.unam.mx\/orienta\/index.php\/wp-json\/wp\/v2\/media?parent=3255"}],"curies":[{"name":"wp","href":"https:\/\/api.w.org\/{rel}","templated":true}]}}