{"id":3181,"date":"2022-10-12T16:14:44","date_gmt":"2022-10-12T21:14:44","guid":{"rendered":"https:\/\/www.feno.unam.mx\/orienta\/?page_id=3181"},"modified":"2022-10-12T16:35:32","modified_gmt":"2022-10-12T21:35:32","slug":"biblioteca","status":"publish","type":"page","link":"https:\/\/www.feno.unam.mx\/orienta\/index.php\/biblioteca\/","title":{"rendered":"Biblioteca &#8220;Mtra. Graciela Arroyo de Cordero&#8221;"},"content":{"rendered":"<p>[vc_row][vc_column][vc_single_image image=&#8221;3183&#8243; img_size=&#8221;full&#8221; alignment=&#8221;center&#8221;][vc_row_inner][vc_column_inner][vc_column_text]Nuestra biblioteca tiene una amplia gama de libros, art\u00edculos y revistas especializadas. Adem\u00e1s de ofrecerte acceso a las bibliotecas de la UNAM, Bases de datos especializadas de la UNAM, Tesiunam y por supuesto a la Revista Enfermer\u00eda Universitaria donde encontrar\u00e1s temas de actualidad en Enfermer\u00eda. Aunado a ello ofrece una gran variedad de servicios como:[\/vc_column_text][vc_empty_space][\/vc_column_inner][\/vc_row_inner][\/vc_column][\/vc_row][vc_row][vc_column width=&#8221;1\/3&#8243;][vc_tta_accordion][vc_tta_section title=&#8221;Acceso remoto&#8221; tab_id=&#8221;1665609462014-64862d57-ff4c&#8221;][vc_single_image image=&#8221;3184&#8243; img_size=&#8221;medium&#8221;][\/vc_tta_section][vc_tta_section title=&#8221;Servicio&#8221; tab_id=&#8221;1665609462021-799e3645-058d&#8221;][vc_column_text]Es un servicio que te ofrece la Biblioteca Digital UNAM, el acceso remoto por medio de una clave y contrase\u00f1a te permite acceder a todos sus recursos en l\u00ednea, fuera de la RedUNAM, los 365 d\u00edas del a\u00f1o.[\/vc_column_text][\/vc_tta_section][\/vc_tta_accordion][\/vc_column][vc_column width=&#8221;1\/3&#8243;][vc_tta_accordion][vc_tta_section title=&#8221;Asesor\u00eda y atenci\u00f3n acad\u00e9mica&#8221; tab_id=&#8221;1665609990097-1dd582ac-d19c&#8221;][vc_single_image image=&#8221;3186&#8243; img_size=&#8221;medium&#8221;][\/vc_tta_section][vc_tta_section title=&#8221;Servicio&#8221; tab_id=&#8221;1665609990107-16039443-262d&#8221;][vc_column_text]El servicio brinda orientaci\u00f3n a los usuarios para que puedan desarrollar sus actividades acad\u00e9micas, permite aclarar dudas sobre los temas de estudio, adem\u00e1s de orientarlos para la obtenci\u00f3n de su clave de acceso remoto de la Direcci\u00f3n General de Bibliotecas y Servicios Digitales de Informaci\u00f3n (DGBSDI) y la utilizaci\u00f3n de los materiales bibliogr\u00e1ficos impresos y digitales, documentos y bases de datos disponibles para alcanzar los objetivos en sus trabajos de investigaci\u00f3n.[\/vc_column_text][\/vc_tta_section][\/vc_tta_accordion][\/vc_column][vc_column width=&#8221;1\/3&#8243;][vc_tta_accordion][vc_tta_section title=&#8221;Pr\u00e9stamo de libros&#8221; tab_id=&#8221;1665610053924-8a5c4e00-8355&#8243;][vc_single_image image=&#8221;3188&#8243; img_size=&#8221;medium&#8221;][\/vc_tta_section][vc_tta_section title=&#8221;Servicio&#8221; tab_id=&#8221;1665610053937-7d02ba10-7c79&#8243;][vc_column_text]Nuestra biblioteca te ofrece pr\u00e9stamos internos, externos e interbibliotecario<\/p>\n<p>Pr\u00e9stamo interno de libros (sala). Mediante este servicio tienes acceso a los materiales de las colecciones de estanter\u00eda abierta y cerrada para su consulta dentro de las instalaciones de la Biblioteca.<\/p>\n<p>Pr\u00e9stamo externo de libros (a domicilio). El pr\u00e9stamo a domicilio te permite llevar a casa los materiales bibliogr\u00e1ficos pertenecientes a la colecci\u00f3n general, este servicio se otorga a alumnos, funcionarios, personal acad\u00e9mico y administrativo de la dependencia.<\/p>\n<p>Pr\u00e9stamo Interbibliotecario. Consiste en poner a tu alcance los libros con los que no cuenta la Biblioteca de la ENEO, pero que se encuentran en el acervo de otras instituciones con las que se tengan establecido el convenio de colaboraci\u00f3n para este fin. Rec\u00edprocamente se encuentra a disposici\u00f3n nuestro acervo para usuarios de otras bibliotecas con las que se tenga suscrito el convenio interbibliotecario.[\/vc_column_text][\/vc_tta_section][\/vc_tta_accordion][\/vc_column][\/vc_row][vc_row][vc_column][vc_empty_space][\/vc_column][\/vc_row][vc_row][vc_column width=&#8221;1\/3&#8243;][vc_tta_accordion][vc_tta_section title=&#8221;Consulta y fotocopiado&#8221; tab_id=&#8221;1665610187668-8db28c93-01b0&#8243;][vc_single_image image=&#8221;3187&#8243; img_size=&#8221;medium&#8221;][\/vc_tta_section][vc_tta_section title=&#8221;Servicio&#8221; tab_id=&#8221;1665610187679-13b13fcb-520f&#8221;][vc_column_text]Fotocopiado es un servicio concesionado a una empresa externa, que te permite fotocopiar art\u00edculos de publicaciones peri\u00f3dicas, p\u00e1ginas de libros y tesis entre otros.<\/p>\n<p>Consulta CD- ROM, mediante este servicio puedes solicitar los materiales existentes en formato CD-ROM o discos complementarios de algunos libros para su consulta.[\/vc_column_text][\/vc_tta_section][\/vc_tta_accordion][\/vc_column][vc_column width=&#8221;1\/3&#8243;][vc_tta_accordion][vc_tta_section title=&#8221;Red inal\u00e1mbrica&#8221; tab_id=&#8221;1665610187700-7a85b656-74f4&#8243;][vc_single_image image=&#8221;3189&#8243; img_size=&#8221;medium&#8221;][\/vc_tta_section][vc_tta_section title=&#8221;Servicio&#8221; tab_id=&#8221;1665610187710-81fc0ca5-f4cf&#8221;][vc_column_text]La Biblioteca cuenta con la cobertura de Red Inal\u00e1mbrica Universitaria (RIU) disponible para la comunidad UNAM, con la cual puedes acceder a internet y utilizar los recursos digitales de la Direcci\u00f3n General de Bibliotecas y Servicios Digitales de Informaci\u00f3n (DGBSDI), mediante cualquier dispositivo m\u00f3vil.[\/vc_column_text][\/vc_tta_section][\/vc_tta_accordion][\/vc_column][vc_column width=&#8221;1\/3&#8243;][vc_tta_accordion][vc_tta_section title=&#8221;Alerta Bibliogr\u00e1fica&#8221; tab_id=&#8221;1665610187729-b9077ff2-23b5&#8243;][vc_single_image image=&#8221;3185&#8243; img_size=&#8221;medium&#8221;][\/vc_tta_section][vc_tta_section title=&#8221;Servicio&#8221; tab_id=&#8221;1665610187738-4e8ddb01-4cec&#8221;][vc_column_text]A trav\u00e9s de la p\u00e1gina de la DGBSDI puedes conocer las adquisiciones realizadas por la Biblioteca.[\/vc_column_text][\/vc_tta_section][\/vc_tta_accordion][\/vc_column][\/vc_row][vc_row][vc_column][vc_row_inner][vc_column_inner][vc_empty_space][vc_single_image image=&#8221;3198&#8243; img_size=&#8221;full&#8221;][\/vc_column_inner][\/vc_row_inner][\/vc_column][\/vc_row]<\/p>\n","protected":false},"excerpt":{"rendered":"<p>[vc_row][vc_column][vc_single_image image=&#8221;3183&#8243; img_size=&#8221;full&#8221; alignment=&#8221;center&#8221;][vc_row_inner][vc_column_inner][vc_column_text]Nuestra biblioteca tiene una amplia gama de libros, art\u00edculos y revistas especializadas. Adem\u00e1s de ofrecerte acceso a las bibliotecas de la UNAM, &hellip; <\/p>\n","protected":false},"author":1,"featured_media":0,"parent":0,"menu_order":0,"comment_status":"closed","ping_status":"closed","template":"","meta":{"footnotes":""},"class_list":["post-3181","page","type-page","status-publish","hentry","latest_post"],"_links":{"self":[{"href":"https:\/\/www.feno.unam.mx\/orienta\/index.php\/wp-json\/wp\/v2\/pages\/3181","targetHints":{"allow":["GET"]}}],"collection":[{"href":"https:\/\/www.feno.unam.mx\/orienta\/index.php\/wp-json\/wp\/v2\/pages"}],"about":[{"href":"https:\/\/www.feno.unam.mx\/orienta\/index.php\/wp-json\/wp\/v2\/types\/page"}],"author":[{"embeddable":true,"href":"https:\/\/www.feno.unam.mx\/orienta\/index.php\/wp-json\/wp\/v2\/users\/1"}],"replies":[{"embeddable":true,"href":"https:\/\/www.feno.unam.mx\/orienta\/index.php\/wp-json\/wp\/v2\/comments?post=3181"}],"version-history":[{"count":13,"href":"https:\/\/www.feno.unam.mx\/orienta\/index.php\/wp-json\/wp\/v2\/pages\/3181\/revisions"}],"predecessor-version":[{"id":3202,"href":"https:\/\/www.feno.unam.mx\/orienta\/index.php\/wp-json\/wp\/v2\/pages\/3181\/revisions\/3202"}],"wp:attachment":[{"href":"https:\/\/www.feno.unam.mx\/orienta\/index.php\/wp-json\/wp\/v2\/media?parent=3181"}],"curies":[{"name":"wp","href":"https:\/\/api.w.org\/{rel}","templated":true}]}}