{"id":3157,"date":"2022-10-12T14:13:42","date_gmt":"2022-10-12T19:13:42","guid":{"rendered":"https:\/\/www.feno.unam.mx\/orienta\/?page_id=3157"},"modified":"2023-09-05T15:59:23","modified_gmt":"2023-09-05T20:59:23","slug":"cuec","status":"publish","type":"page","link":"https:\/\/www.feno.unam.mx\/orienta\/index.php\/cuec\/","title":{"rendered":"Centro Universitario de Enfermer\u00eda Comunitaria"},"content":{"rendered":"<p>[vc_row][vc_column][vc_single_image image=&#8221;3162&#8243; img_size=&#8221;full&#8221; alignment=&#8221;center&#8221;][\/vc_column][\/vc_row][vc_row][vc_column][vc_row_inner][vc_column_inner width=&#8221;1\/2&#8243;][vc_column_text]<\/p>\n<h2><strong>Misi\u00f3n<\/strong><\/h2>\n<p>[\/vc_column_text][vc_column_text]Somos un Centro Universitario conformado por diferentes profesionales de la salud brindando atenci\u00f3n primaria orientada a la cobertura de necesidades de la poblaci\u00f3n de San Luis Tlaxialtemalco y sus alrededores.[\/vc_column_text][\/vc_column_inner][vc_column_inner width=&#8221;1\/2&#8243;][vc_column_text]<\/p>\n<h2><strong>Visi\u00f3n<\/strong><\/h2>\n<p>[\/vc_column_text][vc_column_text]Ser un Centro de Atenci\u00f3n Comunitaria de referencia y de mayor influencia en la poblaci\u00f3n de San Luis Tlaxialtemalco, a trav\u00e9s de un equipo de salud multiprofesional ofertando servicios de atenci\u00f3n primaria que generen conciencia en la poblaci\u00f3n del cuidado de s\u00ed mismo y su salud.[\/vc_column_text][\/vc_column_inner][\/vc_row_inner][vc_raw_html]JTNDdmlkZW8lMjB3aWR0aCUzRCUyMjEwMCUyNSUyMiUyMGhlaWdodCUzRCUyMmF1dG8lMjIlMjBzdHlsZSUzRCUyMmRpc3BsYXklM0FibG9jayUzQiUyMG1hcmdpbiUzQWF1dG8lM0IlMjIlMjBjb250cm9scyUzRCUyMmNvbnRyb2xzJTIyJTIwJTNFJTBBJTIwJTIwJTNDc291cmNlJTIwc3JjJTNEJTIyaHR0cHMlM0ElMkYlMkZ3ZWIuZW5lby51bmFtLm14JTJGd3AtY29udGVudCUyRnVwbG9hZHMlMkYyMDIyJTJGMDclMkZDVUVDLTIwMjIubXA0JTIyJTIwdHlwZSUzRCUyMnZpZGVvJTJGbXA0JTIyJTNFJTBBJTIwJTIwWW91ciUyMGJyb3dzZXIlMjBkb2VzJTIwbm90JTIwc3VwcG9ydCUyMHRoZSUyMHZpZGVvJTIwdGFnLiUwQSUzQyUyRnZpZGVvJTNF[\/vc_raw_html][vc_empty_space][vc_row_inner][vc_column_inner][vc_column_text]Es el Centro Universitario de Enfermer\u00eda Comunitaria, un espacio dedicado a consolidar la formaci\u00f3n acad\u00e9mica-pr\u00e1ctica de las y los estudiantes de enfermer\u00eda\/ enfermer\u00eda y obstetricia en el campo de la salud comunitaria, a trav\u00e9s de brindar atenci\u00f3n y cuidado integral conjuntamente con otros estudiantes de distintas profesiones (medicina, psicolog\u00eda, nutrici\u00f3n, trabajo social y medicina veterinaria) para ofrecer una Atenci\u00f3n Primaria a la Salud, que pueda satisfacer las necesidades en salud del pueblo de San Luis Tlaxialtemalco, en la alcald\u00eda de Xochimilco y sus alrededores.[\/vc_column_text][\/vc_column_inner][\/vc_row_inner][\/vc_column][\/vc_row][vc_row][vc_column][vc_row_inner][vc_column_inner][vc_column_text]<\/p>\n<h2 class=\"cdt4ke\" style=\"vertical-align: baseline; margin: 8.0pt 0cm 8.0pt 0cm;\"><strong><span style=\"font-size: 23.0pt; font-family: Roboto; color: #333333;\">Objetivo general<\/span><\/strong><strong><span style=\"font-size: 13.5pt; font-family: Roboto; color: #333333;\">:<\/span><\/strong><\/h2>\n<p>[\/vc_column_text][vc_column_text]<\/p>\n<ul>\n<li>\n<p class=\"cdt4ke\" style=\"margin: 0cm; text-align: justify; vertical-align: baseline;\"><span style=\"font-size: 13.5pt; font-family: Roboto; color: #333333;\">Formar profesionales de la salud con una visi\u00f3n del cuidado para la atenci\u00f3n integral de los individuos y familias de la comunidad.<\/span><\/p>\n<\/li>\n<\/ul>\n<p>[\/vc_column_text][\/vc_column_inner][\/vc_row_inner][vc_row_inner][vc_column_inner][vc_column_text]<\/p>\n<h2 class=\"cdt4ke\" style=\"vertical-align: baseline; margin: 8.0pt 0cm 8.0pt 0cm;\"><strong><span style=\"font-size: 23.0pt; font-family: Roboto; color: #333333;\">Objetivos espec\u00edficos:<\/span><\/strong><\/h2>\n<p>[\/vc_column_text][vc_column_text]<\/p>\n<ul>\n<li>Generar procesos de concientizaci\u00f3n dirigido a la poblaci\u00f3n para el cuidado individual, familiar y comunitario de una forma integral.<\/li>\n<li>Acompa\u00f1ar, guiar y detectar factores de riesgo en la mujer gestante.<\/li>\n<li>Contribuir al adecuado desarrollo del ni\u00f1o y de la ni\u00f1a para mejorar su estado de salud, mediante promoci\u00f3n de h\u00e1bitos saludables.<\/li>\n<li>Prevenir y controlar enfermedades o discapacidades para mantener o mejorar la calidad de vida de las personas adultas mayores.<\/li>\n<li>Contribuir en el control de enfermedades cr\u00f3nico degenerativas.<\/li>\n<li>Impulsar actividades de promoci\u00f3n de la salud con y para las propias personas de la comunidad.<\/li>\n<\/ul>\n<p>[\/vc_column_text][\/vc_column_inner][\/vc_row_inner][vc_row_inner][vc_column_inner][vc_images_carousel images=&#8221;3159,3160,3161,3162&#8243; img_size=&#8221;full&#8221; speed=&#8221;2000&#8243; autoplay=&#8221;yes&#8221; wrap=&#8221;yes&#8221;][vc_column_text]<\/p>\n<h2><strong>Servicios<\/strong><\/h2>\n<p>Los servicios que se ofertan est\u00e1n organizados bajo el esquema de \u2018programas\u2019, desde una perspectiva de curso de vida, g\u00e9nero e interculturalidad. Estos son: Salud del ni\u00f1o y de la ni\u00f1a, Salud del adolescente, Salud del hombre, Salud de la mujer y Salud de la persona adulta mayor. Asimismo, Salud Escolar y Visitas Domiciliarias, que es transversal.<\/p>\n<p>Desde un enfoque integral y multi profesional, los servicios comprenden consultor\u00edas a los diferentes grupos etarios, control y seguimiento a las personas con enfermedades cr\u00f3nicas (diabetes e hipertensi\u00f3n arterial), consejer\u00eda a adolescentes y mujeres, atenci\u00f3n a trav\u00e9s de visitas domiciliarias para distintas valoraciones e implementaci\u00f3n de planes de cuidado seg\u00fan un enfoque m\u00e1s del tipo familiar. Tambi\u00e9n somatometr\u00eda, detecci\u00f3n oportuna de DM y HTA, toma de glicemia capilar y de tensi\u00f3n arterial, inyecciones, curaciones, sutura, retiro de puntos, pruebas para el grupo sangu\u00edneo, pruebas de detecci\u00f3n r\u00e1pida de VIH, pruebas de EGO, pruebas inmunol\u00f3gicas de embarazo, exploraci\u00f3n mamaria, papanicolau, colocaci\u00f3n y retiro de DIU, retiro de implantes, control prenatal, valoraciones del neurodesarrollo infantil, sesiones de estimulaci\u00f3n oportuna, certificados de salud, referencias, entre otros.[\/vc_column_text][\/vc_column_inner][\/vc_row_inner][\/vc_column][\/vc_row][vc_row][vc_column][vc_empty_space][\/vc_column][\/vc_row][vc_row][vc_column][vc_column_text]<\/p>\n<h1 style=\"text-align: center; vertical-align: baseline; margin: 8.0pt 0cm 8.0pt 0cm;\" align=\"center\"><span style=\"font-size: 34.0pt; font-family: 'Lato',sans-serif; color: #1c1c1c;\">Ubicaci\u00f3n<\/span><\/h1>\n<p>[\/vc_column_text][vc_row_inner][vc_column_inner][vc_gmaps link=&#8221;#E-8_JTNDaWZyYW1lJTIwc3JjJTNEJTIyaHR0cHMlM0ElMkYlMkZ3d3cuZ29vZ2xlLmNvbSUyRm1hcHMlMkZlbWJlZCUzRnBiJTNEJTIxMW0xNCUyMTFtOCUyMTFtMyUyMTFkNDg3LjEwMDA3NTI0NDI5OTY2JTIxMmQtOTkuMDM1NTIxODU4NjM3NzIlMjEzZDE5LjI1NzUxODkyMzA0NjE5NSUyMTNtMiUyMTFpMTAyNCUyMTJpNzY4JTIxNGYxMy4xJTIxM20zJTIxMW0yJTIxMXMweDg1Y2UwMzY3NDRjYWI5YzklMjUzQTB4NGFhMDdkNzk4NTc0ODc5MCUyMTJzQ2VudHJvJTI1MjBVbml2ZXJzaXRhcmlvJTI1MjBkZSUyNTIwRW5mZXJtZXIlMjVDMyUyNUFEYSUyNTIwQ29tdW5pdGFyaWElMjE1ZTAlMjEzbTIlMjExc2VzLTQxOSUyMTJzbXglMjE0djE2NjU2MDI2NDkxODAlMjE1bTIlMjExc2VzLTQxOSUyMTJzbXglMjIlMjB3aWR0aCUzRCUyMjYwMCUyMiUyMGhlaWdodCUzRCUyMjQ1MCUyMiUyMHN0eWxlJTNEJTIyYm9yZGVyJTNBMCUzQiUyMiUyMGFsbG93ZnVsbHNjcmVlbiUzRCUyMiUyMiUyMGxvYWRpbmclM0QlMjJsYXp5JTIyJTIwcmVmZXJyZXJwb2xpY3klM0QlMjJuby1yZWZlcnJlci13aGVuLWRvd25ncmFkZSUyMiUzRSUzQyUyRmlmcmFtZSUzRQ==&#8221;][\/vc_column_inner][\/vc_row_inner][\/vc_column][\/vc_row]<\/p>\n","protected":false},"excerpt":{"rendered":"<p>[vc_row][vc_column][vc_single_image image=&#8221;3162&#8243; img_size=&#8221;full&#8221; alignment=&#8221;center&#8221;][\/vc_column][\/vc_row][vc_row][vc_column][vc_row_inner][vc_column_inner width=&#8221;1\/2&#8243;][vc_column_text] Misi\u00f3n [\/vc_column_text][vc_column_text]Somos un Centro Universitario conformado por diferentes profesionales de la salud brindando atenci\u00f3n primaria orientada a la cobertura de &hellip; <\/p>\n","protected":false},"author":1,"featured_media":0,"parent":0,"menu_order":0,"comment_status":"closed","ping_status":"closed","template":"","meta":{"footnotes":""},"class_list":["post-3157","page","type-page","status-publish","hentry","latest_post"],"_links":{"self":[{"href":"https:\/\/www.feno.unam.mx\/orienta\/index.php\/wp-json\/wp\/v2\/pages\/3157","targetHints":{"allow":["GET"]}}],"collection":[{"href":"https:\/\/www.feno.unam.mx\/orienta\/index.php\/wp-json\/wp\/v2\/pages"}],"about":[{"href":"https:\/\/www.feno.unam.mx\/orienta\/index.php\/wp-json\/wp\/v2\/types\/page"}],"author":[{"embeddable":true,"href":"https:\/\/www.feno.unam.mx\/orienta\/index.php\/wp-json\/wp\/v2\/users\/1"}],"replies":[{"embeddable":true,"href":"https:\/\/www.feno.unam.mx\/orienta\/index.php\/wp-json\/wp\/v2\/comments?post=3157"}],"version-history":[{"count":6,"href":"https:\/\/www.feno.unam.mx\/orienta\/index.php\/wp-json\/wp\/v2\/pages\/3157\/revisions"}],"predecessor-version":[{"id":3407,"href":"https:\/\/www.feno.unam.mx\/orienta\/index.php\/wp-json\/wp\/v2\/pages\/3157\/revisions\/3407"}],"wp:attachment":[{"href":"https:\/\/www.feno.unam.mx\/orienta\/index.php\/wp-json\/wp\/v2\/media?parent=3157"}],"curies":[{"name":"wp","href":"https:\/\/api.w.org\/{rel}","templated":true}]}}