{"id":3149,"date":"2022-10-12T13:45:29","date_gmt":"2022-10-12T18:45:29","guid":{"rendered":"https:\/\/www.feno.unam.mx\/orienta\/?page_id=3149"},"modified":"2023-09-05T15:40:46","modified_gmt":"2023-09-05T20:40:46","slug":"cecbys","status":"publish","type":"page","link":"https:\/\/www.feno.unam.mx\/orienta\/index.php\/cecbys\/","title":{"rendered":"Centro de Ense\u00f1anza de las Ciencias Biol\u00f3gicas y de la Salud"},"content":{"rendered":"<p>[vc_row][vc_column][vc_single_image image=&#8221;3155&#8243; img_size=&#8221;full&#8221; alignment=&#8221;center&#8221;][\/vc_column][\/vc_row][vc_row][vc_column][vc_row_inner][vc_column_inner][vc_column_text]<\/p>\n<h3><strong>Servicio que se ofrece<\/strong><\/h3>\n<p>Ofrece al profesorado y alumnado un servicio de apoyo para integrar la teor\u00eda y la pr\u00e1ctica, cuenta con un Centro Interactivo de Morfofisiolog\u00eda, un laboratorio de Farmacolog\u00eda Cl\u00ednica, un laboratorio de Terap\u00e9utica Hol\u00edstica los cuales son espacios destinados para la realizaci\u00f3n de las pr\u00e1cticas de las asignaturas que corresponden a Carreras: Licenciatura en Enfermer\u00eda y Licenciatura en Enfermer\u00eda y Obstetricia.[\/vc_column_text][\/vc_column_inner][\/vc_row_inner][vc_empty_space][vc_row_inner][vc_column_inner][vc_column_text]<\/p>\n<h2 style=\"text-align: center;\">Centro Interactivo de Morfofisiolog\u00eda<\/h2>\n<p>[\/vc_column_text][vc_column_text]Servicio que se ofrece<\/p>\n<p>Tiene como finalidad que el alumno comprenda de manera activa las diferentes estructuras corporales y su funcionamiento para el cuidado a la salud, mediante de la disecci\u00f3n digital, la observaci\u00f3n y el trabajo interactivo con la tableta anat\u00f3mica (Anatomage), se realizan demostraciones y ejercicios, asimismo trabajan con recursos multimedia y modelos anat\u00f3micos.[\/vc_column_text][\/vc_column_inner][\/vc_row_inner][\/vc_column][\/vc_row][vc_row][vc_column][vc_video link=&#8221;https:\/\/youtu.be\/QHEeGKKB1jg&#8221;][vc_row_inner][vc_column_inner width=&#8221;1\/2&#8243;][vc_column_text]<\/p>\n<h2 class=\"cdt4ke\" style=\"vertical-align: baseline; margin: 0cm 0cm 15.0pt 0cm;\"><strong><span style=\"font-size: 13.5pt; font-family: Roboto; color: #333333;\">Equipamiento:<\/span><\/strong><\/h2>\n<p>[\/vc_column_text][vc_column_text]<\/p>\n<ul>\n<li>Mesa de disecci\u00f3n anat\u00f3mica virtual 3D \u201cAnatomage\u201d<\/li>\n<li>Modelos anat\u00f3micos<\/li>\n<li>Proyector interactivo<\/li>\n<\/ul>\n<p>[\/vc_column_text][\/vc_column_inner][vc_column_inner width=&#8221;1\/2&#8243;][vc_column_text]<\/p>\n<h2 class=\"cdt4ke\" style=\"vertical-align: baseline; margin: 0cm 0cm 15.0pt 0cm;\"><strong><span style=\"font-size: 13.5pt; font-family: Roboto; color: #333333;\">Sobre nosotros:<\/span><\/strong><\/h2>\n<p>[\/vc_column_text][vc_column_text]<\/p>\n<ul>\n<li>Horario: 7:00 \u2013 21:00 h<\/li>\n<li>Ubicaci\u00f3n: Edificio A, 2\u00ba piso<\/li>\n<li>Correo: cecbys@feno.unam.mx<\/li>\n<li>\u00c1rea de adscripci\u00f3n: Divisi\u00f3n de Estudios Profesionales<\/li>\n<\/ul>\n<p>[\/vc_column_text][\/vc_column_inner][\/vc_row_inner][\/vc_column][\/vc_row][vc_row][vc_column][vc_empty_space][\/vc_column][\/vc_row][vc_row][vc_column width=&#8221;1\/3&#8243;][vc_single_image image=&#8221;3152&#8243; img_size=&#8221;full&#8221; alignment=&#8221;center&#8221;][vc_column_text]<\/p>\n<h2>Laboratorio de Farmacolog\u00eda Cl\u00ednica<\/h2>\n<p>[\/vc_column_text][vc_column_text]<strong>Servicio que se ofrece<\/strong><\/p>\n<p>Es un espacio en donde se ejercita en la dosificaci\u00f3n, preparaci\u00f3n y administraci\u00f3n de los agentes qu\u00edmicos, reconociendo los efectos terap\u00e9uticos, secundarios, indeseables y t\u00f3xicos con el fin de normar el juicio y la actuaci\u00f3n enfermera, reconociendo sus aplicaciones terap\u00e9uticas en la alopat\u00eda, la homeopat\u00eda y la herbolaria.[\/vc_column_text][\/vc_column][vc_column width=&#8221;1\/3&#8243;][vc_single_image image=&#8221;3151&#8243; img_size=&#8221;full&#8221; alignment=&#8221;center&#8221;][vc_column_text]<\/p>\n<h2>Laboratorio de Terap\u00e9utica Hol\u00edstica<\/h2>\n<p>[\/vc_column_text][vc_column_text]<strong>Servicio que se ofrece<\/strong><\/p>\n<p>Es el espacio donde se aplican las tecnolog\u00edas para el cuidado hol\u00edstico en la prevenci\u00f3n y curaci\u00f3n a partir de situaciones reales y observaciones directas para aplicarlas en las intervenciones independientes en el cuidado de enfermer\u00eda, como son relajaci\u00f3n, meditaci\u00f3n, t\u00e9cnica de masaje, reflexolog\u00eda podal, digitopuntura, campos energ\u00e9ticos y autocuidado con Reiki.[\/vc_column_text][\/vc_column][vc_column width=&#8221;1\/3&#8243;][vc_single_image image=&#8221;3153&#8243; img_size=&#8221;full&#8221; alignment=&#8221;center&#8221;][vc_column_text]<\/p>\n<h2>Laboratorio de Ecolog\u00eda de la Salud<\/h2>\n<p>[\/vc_column_text][vc_column_text]<strong>Servicio que se ofrece<\/strong><\/p>\n<p>En este espacio los alumnos identifican c\u00f3mo impactan y\/o repercuten en el proceso salud enfermedad, las alteraciones del ambiente, los mecanismos de defensa del ser humano y las caracter\u00edsticas morfofisiol\u00f3gicas de los microorganismos causantes de enfermedades infecciosas.[\/vc_column_text][\/vc_column][\/vc_row]<\/p>\n","protected":false},"excerpt":{"rendered":"<p>[vc_row][vc_column][vc_single_image image=&#8221;3155&#8243; img_size=&#8221;full&#8221; alignment=&#8221;center&#8221;][\/vc_column][\/vc_row][vc_row][vc_column][vc_row_inner][vc_column_inner][vc_column_text] Servicio que se ofrece Ofrece al profesorado y alumnado un servicio de apoyo para integrar la teor\u00eda y la pr\u00e1ctica, cuenta &hellip; <\/p>\n","protected":false},"author":1,"featured_media":0,"parent":0,"menu_order":0,"comment_status":"closed","ping_status":"closed","template":"","meta":{"footnotes":""},"class_list":["post-3149","page","type-page","status-publish","hentry","latest_post"],"_links":{"self":[{"href":"https:\/\/www.feno.unam.mx\/orienta\/index.php\/wp-json\/wp\/v2\/pages\/3149","targetHints":{"allow":["GET"]}}],"collection":[{"href":"https:\/\/www.feno.unam.mx\/orienta\/index.php\/wp-json\/wp\/v2\/pages"}],"about":[{"href":"https:\/\/www.feno.unam.mx\/orienta\/index.php\/wp-json\/wp\/v2\/types\/page"}],"author":[{"embeddable":true,"href":"https:\/\/www.feno.unam.mx\/orienta\/index.php\/wp-json\/wp\/v2\/users\/1"}],"replies":[{"embeddable":true,"href":"https:\/\/www.feno.unam.mx\/orienta\/index.php\/wp-json\/wp\/v2\/comments?post=3149"}],"version-history":[{"count":4,"href":"https:\/\/www.feno.unam.mx\/orienta\/index.php\/wp-json\/wp\/v2\/pages\/3149\/revisions"}],"predecessor-version":[{"id":3406,"href":"https:\/\/www.feno.unam.mx\/orienta\/index.php\/wp-json\/wp\/v2\/pages\/3149\/revisions\/3406"}],"wp:attachment":[{"href":"https:\/\/www.feno.unam.mx\/orienta\/index.php\/wp-json\/wp\/v2\/media?parent=3149"}],"curies":[{"name":"wp","href":"https:\/\/api.w.org\/{rel}","templated":true}]}}