{"id":3037,"date":"2022-08-01T11:10:53","date_gmt":"2022-08-01T16:10:53","guid":{"rendered":"https:\/\/www.feno.unam.mx\/orienta\/?page_id=3037"},"modified":"2025-11-13T10:57:58","modified_gmt":"2025-11-13T16:57:58","slug":"especialidades","status":"publish","type":"page","link":"https:\/\/www.feno.unam.mx\/orienta\/index.php\/especialidades\/","title":{"rendered":"Especialidades"},"content":{"rendered":"<p>[vc_row][vc_column][vc_single_image image=&#8221;3227&#8243; img_size=&#8221;full&#8221; alignment=&#8221;center&#8221;][vc_empty_space][vc_row_inner][vc_column_inner][vc_column_text]El Programa \u00danico de Especializaciones en Enfermer\u00eda en Enfermer\u00eda (PUEE) se integra por 19 especialidades (tambi\u00e9n conocidas como especializaciones)[\/vc_column_text][\/vc_column_inner][\/vc_row_inner][\/vc_column][\/vc_row][vc_row][vc_column][vc_tta_tabs color=&#8221;blue&#8221; active_section=&#8221;1&#8243;][vc_tta_section tab_id=&#8221;1665611783090-3f4e8452-c565&#8243; title=&#8221;Adulto en Estado Cr\u00edtico&#8221;][vc_row_inner][vc_column_inner width=&#8221;1\/4&#8243;][vc_single_image image=&#8221;3212&#8243; img_size=&#8221;medium&#8221; alignment=&#8221;center&#8221;][\/vc_column_inner][vc_column_inner width=&#8221;3\/4&#8243;][vc_column_text]<strong>Enfermer\u00eda del Adulto en Estado Cr\u00edtico<\/strong><\/p>\n<p style=\"text-align: justify; font-size: 16px; font-family: Roboto;\">Este campo de conocimiento incluye el estudio de los problemas de salud, reales o potenciales, que ponen en peligro la vida de los adultos por las alteraciones en uno o m\u00e1s \u00f3rganos vitales. Analiza evaluaciones cl\u00ednicas, interpreta datos del paciente y emite juicios de forma aut\u00f3noma. Este campo abarca la visi\u00f3n global del cuidado a los pacientes, ofreciendo una combinaci\u00f3n de conocimiento, habilidades y actitudes, en el que incorpora el uso de tecnolog\u00eda invasiva y no invasiva para el diagn\u00f3stico, tratamiento y prevenci\u00f3n de complicaciones que permitir\u00e1n al alumno realizar intervenciones especializadas para la valoraci\u00f3n, monitoreo y evaluaci\u00f3n de los cambios hemodin\u00e1micos del enfermo grave. Se favorece el juicio cl\u00ednico para la toma de decisiones oportunas a fin de prevenir complicaciones y restablecer la salud.<\/p>\n<p>[\/vc_column_text][\/vc_column_inner][\/vc_row_inner][\/vc_tta_section][\/vc_tta_tabs][\/vc_column][\/vc_row][vc_row][vc_column][vc_tta_tabs color=&#8221;blue&#8221; active_section=&#8221;1&#8243;][vc_tta_section tab_id=&#8221;1665612028512-c6885db7-3930&#8243; title=&#8221;Del Anciano&#8221;][vc_row_inner][vc_column_inner width=&#8221;1\/4&#8243;][vc_single_image image=&#8221;3215&#8243; img_size=&#8221;medium&#8221; alignment=&#8221;center&#8221;][\/vc_column_inner][vc_column_inner width=&#8221;3\/4&#8243;][vc_column_text]<strong>Enfermer\u00eda del Anciano<\/strong><\/p>\n<p style=\"text-align: justify; font-size: 16px; font-family: Roboto;\">Este campo de conocimiento profundiza en el estudio del proceso natural del envejecimiento y de situaciones patol\u00f3gicas relacionadas con problemas cr\u00f3nicos, cr\u00f3nico-degenerativos y del deterioro cognitivo, considerando las dimensiones f\u00edsicas, socioculturales, psicol\u00f3gicas y espirituales que determinan las intervenciones, que requiere el anciano sano o enfermo, con enfoque \u00e9tico y human\u00edstico. Analiza los diferentes escenarios en donde se atiende al anciano de manera inter y multidisciplinaria para el dise\u00f1o, ejecuci\u00f3n y evaluaci\u00f3n de las intervenciones especializadas. Integra los elementos necesarios para coordinar redes sociales de apoyo familiar y comunitario ante la p\u00e9rdida de independencia f\u00edsica, la necesidad de cuidados paliativos y de apoyo para los cuidadores primarios.<\/p>\n<p>[\/vc_column_text][\/vc_column_inner][\/vc_row_inner][\/vc_tta_section][\/vc_tta_tabs][\/vc_column][\/vc_row][vc_row][vc_column][vc_tta_tabs color=&#8221;blue&#8221; active_section=&#8221;1&#8243;][vc_tta_section tab_id=&#8221;1665612110430-3869ec9a-d58b&#8221; title=&#8221;Atenci\u00f3n en el Hogar&#8221;][vc_row_inner][vc_column_inner width=&#8221;1\/4&#8243;][vc_single_image image=&#8221;3214&#8243; img_size=&#8221;medium&#8221; alignment=&#8221;center&#8221;][\/vc_column_inner][vc_column_inner width=&#8221;3\/4&#8243;][vc_column_text]<strong>Enfermer\u00eda de Atenci\u00f3n en el Hogar<\/strong><\/p>\n<p style=\"text-align: justify; font-size: 16px; font-family: Roboto;\">Este campo de conocimiento profundiza en la atenci\u00f3n domiciliaria como una de las nuevas estrategias de atenci\u00f3n a la salud, dirige su inter\u00e9s a garantizar la continuidad de los cuidados en estrecha colaboraci\u00f3n con el equipo multidisciplinario de salud.<\/p>\n<p style=\"text-align: justify; font-size: 16px; font-family: Roboto;\">Estudia la planificaci\u00f3n de los cuidados domiciliarios con un enfoque preventivo y anticipatorio, incorpora el m\u00e9todo de enfermer\u00eda y el enfoque de riesgo que permitan al alumno especializarse en realizar intervenciones independientes e interdependientes a partir del dise\u00f1o de planes de cuidados individualizados, adem\u00e1s incorpora los conocimientos, habilidades y actitudes para el cuidado en el hogar con un enfoque cient\u00edfico, \u00e9tico y human\u00edstico que integre a la familia y otros cuidadores no profesionales.<\/p>\n<p>[\/vc_column_text][\/vc_column_inner][\/vc_row_inner][\/vc_tta_section][\/vc_tta_tabs][\/vc_column][\/vc_row][vc_row][vc_column][vc_tta_tabs color=&#8221;blue&#8221; active_section=&#8221;1&#8243;][vc_tta_section tab_id=&#8221;1665612875944-792f57ea-5013&#8243; title=&#8221;Cardiovascular&#8221;][vc_row_inner][vc_column_inner width=&#8221;1\/4&#8243;][vc_single_image image=&#8221;3213&#8243; img_size=&#8221;medium&#8221; alignment=&#8221;center&#8221;][\/vc_column_inner][vc_column_inner width=&#8221;3\/4&#8243;][vc_column_text]<strong>Enfermer\u00eda Cardiovascular<\/strong><\/p>\n<p style=\"text-align: justify; font-size: 16px; font-family: Roboto;\">Este campo de conocimiento comprende el estudio de los problemas de salud cardiovascular a individuos en las diferentes etapas de la vida, profundiza en la problem\u00e1tica cardiovascular y en la aplicaci\u00f3n de las diversas tecnolog\u00edas que se utilizan para el diagn\u00f3stico y tratamiento m\u00e9dico y\/o quir\u00fargico cardiovascular. As\u00ed mismo abarca el estudio de las intervenciones especializadas y el desarrollo de habilidades para la valoraci\u00f3n del paciente con problemas cardiovasculares, as\u00ed como el conocimiento de la farmacolog\u00eda; la interpretaci\u00f3n de los ex\u00e1menes de laboratorio y gabinete dentro de una concepci\u00f3n cient\u00edfico-t\u00e9cnica y \u00e9tico human\u00edstica, con el fin de preparar al alumno para brindar a los usuarios y sus familias un cuidado de enfermer\u00eda integral, oportuno y eficaz que conlleve a mejorar su calidad de vida. Las intervenciones de enfermer\u00eda comprenden los tres niveles de atenci\u00f3n a la salud.<\/p>\n<p>[\/vc_column_text][\/vc_column_inner][\/vc_row_inner][\/vc_tta_section][\/vc_tta_tabs][\/vc_column][\/vc_row][vc_row][vc_column][vc_tta_tabs color=&#8221;blue&#8221; active_section=&#8221;1&#8243;][vc_tta_section tab_id=&#8221;1665613253346-1979069b-84c9&#8243; title=&#8221;Cultura F\u00edsica y el Deporte&#8221;][vc_row_inner][vc_column_inner width=&#8221;1\/4&#8243;][vc_single_image image=&#8221;3217&#8243; img_size=&#8221;medium&#8221; alignment=&#8221;center&#8221;][\/vc_column_inner][vc_column_inner width=&#8221;3\/4&#8243;][vc_column_text]<strong>Enfermer\u00eda en la Cultura F\u00edsica y el Deporte<\/strong><\/p>\n<p style=\"text-align: justify; font-size: 16px; font-family: Roboto;\">Este campo de conocimiento profundiza en los problemas de salud relacionados con la actividad f\u00edsica y los estilos de vida de la persona sana o enferma, aplica el m\u00e9todo de enfermer\u00eda en individuos o grupos sedentarios o f\u00edsicamente activos y deportistas, en todos los niveles de entrenamiento y en las diferentes etapas de su vida.<\/p>\n<p style=\"text-align: justify; font-size: 16px; font-family: Roboto;\">Desarrolla las t\u00e9cnicas y procedimientos de valoraci\u00f3n, diagn\u00f3stico, planeaci\u00f3n, ejecuci\u00f3n y evaluaci\u00f3n del cuidado de enfermer\u00eda, para incidir en la disminuci\u00f3n de factores de riesgo y da\u00f1os a la salud relacionados con la actividad f\u00edsica y estilos de vida. Integra las estrategias para la atenci\u00f3n inmediata en situaciones de emergencia y urgencia en el campo del deporte, as\u00ed como la rehabilitaci\u00f3n de lesiones, aplicando conocimientos de farmacolog\u00eda y la interpretaci\u00f3n de los ex\u00e1menes de laboratorio y gabinete. Se estudian tambi\u00e9n las bases te\u00f3ricas y metodol\u00f3gicas del entrenamiento deportivo para la prescripci\u00f3n del ejercicio f\u00edsico como medio terap\u00e9utico.<\/p>\n<p>[\/vc_column_text][\/vc_column_inner][\/vc_row_inner][\/vc_tta_section][\/vc_tta_tabs][\/vc_column][\/vc_row][vc_row][vc_column][vc_tta_tabs color=&#8221;blue&#8221; active_section=&#8221;1&#8243;][vc_tta_section tab_id=&#8221;1665613331981-fde7a1b2-8380&#8243; title=&#8221;Infantil&#8221;][vc_row_inner][vc_column_inner width=&#8221;1\/4&#8243;][vc_single_image image=&#8221;3221&#8243; img_size=&#8221;medium&#8221; alignment=&#8221;center&#8221;][\/vc_column_inner][vc_column_inner width=&#8221;3\/4&#8243;][vc_column_text]<strong>Enfermer\u00eda Infantil<\/strong><\/p>\n<p style=\"text-align: justify; font-size: 16px; font-family: Roboto;\">Este campo de conocimiento integra el estudio del ni\u00f1o y el adolescente en las diferentes experiencias de salud, los elementos necesarios para el diagn\u00f3stico, tratamiento y rehabilitaci\u00f3n de los principales problemas de salud infantil con un enfoque hol\u00edstico. Incorpora los conocimientos, habilidades y actitudes para las intervenciones especializadas en el cuidado del ni\u00f1o con un enfoque cient\u00edfico, anticipatorio al da\u00f1o, \u00e9tico y human\u00edstico en los diversos escenarios para la atenci\u00f3n del ni\u00f1o, el hogar, la escuela y el hospital. Aporta los elementos necesarios para que el alumno se especialice en realizar el seguimiento del crecimiento y desarrollo del ni\u00f1o y del adolescente en la dimensi\u00f3n f\u00edsica, psicosocial y los cuidados especializados que \u00e9stos requieren, as\u00ed como en el contexto familiar que incluye a los cuidadores primarios.<\/p>\n<p>[\/vc_column_text][\/vc_column_inner][\/vc_row_inner][\/vc_tta_section][\/vc_tta_tabs][\/vc_column][\/vc_row][vc_row][vc_column][vc_tta_tabs color=&#8221;blue&#8221; active_section=&#8221;1&#8243;][vc_tta_section tab_id=&#8221;1665613545777-05485ae0-7cb8&#8243; title=&#8221;Nefrol\u00f3gica&#8221;][vc_row_inner][vc_column_inner width=&#8221;1\/4&#8243;][vc_single_image image=&#8221;3222&#8243; img_size=&#8221;medium&#8221; alignment=&#8221;center&#8221;][\/vc_column_inner][vc_column_inner width=&#8221;3\/4&#8243;][vc_column_text]<strong>Enfermer\u00eda Nefrol\u00f3gica<\/strong><\/p>\n<p style=\"text-align: justify; font-size: 16px; font-family: Roboto;\">Este campo del conocimiento profundiza en las habilidades y actitudes requeridas para proporcionar cuidados especializados en la atenci\u00f3n integral del paciente con enfermedad renal y su familia en las distintas etapas de evoluci\u00f3n de este problema de salud. Para ello es necesario que el especialista profundice en conocimientos que incluyen elementos para la valoraci\u00f3n, el diagn\u00f3stico, as\u00ed como la posibilidad de establecer junto con la persona con alteraci\u00f3n renal un plan de autocuidado que le posibilite una mejor calidad de vida. Tambi\u00e9n permite intervenir a trav\u00e9s del enfoque de riesgo en detectar determinantes para la progresi\u00f3n de la enfermedad renal con objeto de identificarlos y actuar sobre ellos, as\u00ed como llevar a cabo cuidados que disminuyan la posibilidad de complicaciones y favorecer la adaptaci\u00f3n del paciente a la cronicidad del tratamiento y a su nuevo estilo de vida.<\/p>\n<p>[\/vc_column_text][\/vc_column_inner][\/vc_row_inner][\/vc_tta_section][\/vc_tta_tabs][\/vc_column][\/vc_row][vc_row][vc_column][vc_tta_tabs color=&#8221;blue&#8221; active_section=&#8221;1&#8243;][vc_tta_section tab_id=&#8221;1665613603377-9341ee2e-4849&#8243; title=&#8221;Neonato&#8221;][vc_row_inner][vc_column_inner width=&#8221;1\/4&#8243;][vc_single_image image=&#8221;3216&#8243; img_size=&#8221;medium&#8221; alignment=&#8221;center&#8221;][\/vc_column_inner][vc_column_inner width=&#8221;3\/4&#8243;][vc_column_text]<strong>Enfermer\u00eda del Neonato<\/strong><\/p>\n<p style=\"text-align: justify; font-size: 16px; font-family: Roboto;\">Los estudios de especializaci\u00f3n en Enfermer\u00eda del Neonato tienen como prop\u00f3sito formar enfermeras (os) capaces de brindar atenci\u00f3n integral del neonato desde el nacimiento hasta el primer mes de edad, aplicando las diversas tecnolog\u00edas que se utilizan para el diagn\u00f3stico y tratamiento m\u00e9dico y\/o quir\u00fargico. Profundiza en los cuidados neonatales desde los fundamentales hasta los m\u00e1s especializados para el mantenimiento de la vida en condiciones \u00f3ptimas, promueve el desarrollo de las capacidades de an\u00e1lisis, juicio y criterio cl\u00ednico, adem\u00e1s la habilidad pr\u00e1ctica de calidad en la realizaci\u00f3n de procedimientos y alto sentido de responsabilidad social, \u00e9tica y profesional en un ambiente interdisciplinario y con la participaci\u00f3n familiar.<\/p>\n<p>[\/vc_column_text][\/vc_column_inner][\/vc_row_inner][\/vc_tta_section][\/vc_tta_tabs][\/vc_column][\/vc_row][vc_row][vc_column][vc_tta_tabs color=&#8221;blue&#8221; active_section=&#8221;1&#8243;][vc_tta_section tab_id=&#8221;1665613661314-a0f419a2-a655&#8243; title=&#8221;Neurol\u00f3gica&#8221;][vc_row_inner][vc_column_inner width=&#8221;1\/4&#8243;][vc_single_image image=&#8221;3223&#8243; img_size=&#8221;medium&#8221; alignment=&#8221;center&#8221;][\/vc_column_inner][vc_column_inner width=&#8221;3\/4&#8243;][vc_column_text]<strong>Enfermer\u00eda Neurol\u00f3gica<\/strong><\/p>\n<p style=\"text-align: justify; font-size: 16px; font-family: Roboto;\">Este campo de conocimiento comprende el estudio de los problemas de salud neurol\u00f3gicos en individuos durante las diferentes etapas de la vida, profundiza en la problem\u00e1tica neurol\u00f3gica en las fases aguda o cr\u00f3nica y en la aplicaci\u00f3n de diversas tecnolog\u00edas que se utilizan para el diagn\u00f3stico y tratamiento m\u00e9dico y\/o quir\u00fargico. Comprende el estudio de los conocimientos te\u00f3ricos y metodol\u00f3gicos para una pr\u00e1ctica avanzada, con \u00e9nfasis en las intervenciones especializadas y el desarrollo de habilidades para la valoraci\u00f3n del paciente, as\u00ed como el conocimiento de la farmacolog\u00eda y la interpretaci\u00f3n de los ex\u00e1menes de laboratorio y gabinete. Este campo advierte tambi\u00e9n las intervenciones de enfermer\u00eda especializada en los tres niveles de atenci\u00f3n a la salud.<\/p>\n<p>[\/vc_column_text][\/vc_column_inner][\/vc_row_inner][\/vc_tta_section][\/vc_tta_tabs][\/vc_column][\/vc_row][vc_row][vc_column][vc_tta_tabs color=&#8221;blue&#8221; active_section=&#8221;1&#8243;][vc_tta_section tab_id=&#8221;1665613718834-7292cd85-f4a4&#8243; title=&#8221;Oncol\u00f3gica&#8221;][vc_row_inner][vc_column_inner width=&#8221;1\/4&#8243;][vc_single_image image=&#8221;3224&#8243; img_size=&#8221;medium&#8221; alignment=&#8221;center&#8221;][\/vc_column_inner][vc_column_inner width=&#8221;3\/4&#8243;][vc_column_text]<strong>Enfermer\u00eda Oncol\u00f3gica<\/strong><\/p>\n<p style=\"text-align: justify; font-size: 16px; font-family: Roboto;\">Este campo del conocimiento profundiza en las habilidades y actitudes requeridas para la atenci\u00f3n integral del paciente con c\u00e1ncer y su familia en las distintas etapas de evoluci\u00f3n de la enfermedad con base en la aplicaci\u00f3n del proceso de atenci\u00f3n de enfermer\u00eda. As\u00ed mismo desarrolla habilidades para asumir en forma interdisciplinaria el desarrollo de programas de prevenci\u00f3n, planeaci\u00f3n y detecci\u00f3n temprana del c\u00e1ncer en los diferentes grupos poblacionales, con el prop\u00f3sito de realizar intervenciones especializadas en la atenci\u00f3n integral del paciente y su familia en los procesos de diagn\u00f3stico, tratamiento y rehabilitaci\u00f3n; en el control del dolor y los cuidados paliativos tanto en el \u00e1mbito hospitalario como en el domiciliario; incorporando una concepci\u00f3n cient\u00edfico-t\u00e9cnica y \u00e9tico human\u00edstica.<\/p>\n<p>[\/vc_column_text][\/vc_column_inner][\/vc_row_inner][\/vc_tta_section][\/vc_tta_tabs][\/vc_column][\/vc_row][vc_row][vc_column][vc_tta_tabs color=&#8221;blue&#8221; active_section=&#8221;1&#8243;][vc_tta_section tab_id=&#8221;1665613795979-cf28e69d-f700&#8243; title=&#8221;Ortop\u00e9dica&#8221;][vc_row_inner][vc_column_inner width=&#8221;1\/4&#8243;][vc_single_image image=&#8221;3225&#8243; img_size=&#8221;medium&#8221; alignment=&#8221;center&#8221;][\/vc_column_inner][vc_column_inner width=&#8221;3\/4&#8243;][vc_column_text]<strong>Enfermer\u00eda Ortop\u00e9dica<\/strong><\/p>\n<p style=\"text-align: justify; font-size: 16px; font-family: Roboto;\">Este campo de conocimiento profundiza en las habilidades y actitudes requeridas para el cuidado de la persona con problemas del sistema m\u00fasculo esquel\u00e9tico en las diferentes etapas de la vida. Incluye el estudio de los conocimientos te\u00f3ricos y metodol\u00f3gicos para una pr\u00e1ctica avanzada e innovadora con \u00e9nfasis en las intervenciones de enfermer\u00eda especializadas y en la aplicaci\u00f3n de las diversas tecnolog\u00edas que se utilizan para el cuidado en la prevenci\u00f3n, el diagn\u00f3stico y tratamiento m\u00e9dico y\/o quir\u00fargico, experto en atenci\u00f3n neuro-vascular, tracci\u00f3n y terapia de movimiento continuo, as\u00ed como tratamientos de fundici\u00f3n y dise\u00f1o de pr\u00f3tesis. La formaci\u00f3n del alumno le permite proporcionar cuidados en diversos \u00e1mbitos como son: el hospitalario, residencias para adultos mayores, las empresas de bienes y servicios, el dise\u00f1o de ort\u00e9sis y pr\u00f3tesis, en escuelas, y en la atenci\u00f3n domiciliaria.<\/p>\n<p>[\/vc_column_text][\/vc_column_inner][\/vc_row_inner][\/vc_tta_section][\/vc_tta_tabs][\/vc_column][\/vc_row][vc_row][vc_column][vc_tta_tabs color=&#8221;blue&#8221; active_section=&#8221;1&#8243;][vc_tta_section tab_id=&#8221;1665613980997-7e08fb0d-cc2b&#8221; title=&#8221;Perinatal&#8221;][vc_row_inner][vc_column_inner width=&#8221;1\/4&#8243;][vc_single_image image=&#8221;3218&#8243; img_size=&#8221;medium&#8221; alignment=&#8221;center&#8221;][\/vc_column_inner][vc_column_inner width=&#8221;3\/4&#8243;][vc_column_text]<strong>Enfermer\u00eda en Perinatal<\/strong><\/p>\n<p style=\"text-align: justify; font-size: 16px; font-family: Roboto;\">Este campo del conocimiento comprende el estudio de la salud reproductiva, el embarazo, el parto, el puerperio y al reci\u00e9n nacido. Incorpora el enfoque de riesgo y el uso de tecnolog\u00edas propias para el diagn\u00f3stico y tratamiento, as\u00ed como la resoluci\u00f3n del embarazo de bajo riesgo y la referencia oportuna de los casos de alto riesgo. Analiza con un enfoque integral los problemas de salud de la mujer dentro del proceso reproductivo en su contexto cultural y familiar. Incorpora los conocimientos en el dise\u00f1o y aplicaci\u00f3n de intervenciones especializadas, prevenci\u00f3n de defectos al nacimiento y discapacidad, contribuyendo a la disminuci\u00f3n de morbilidad y mortalidad materna y perinatal. Integra la atenci\u00f3n humanizada al nacimiento que repercuta en la transformaci\u00f3n de la pr\u00e1ctica profesional en la atenci\u00f3n del binomio con el m\u00e1s alto sentido \u00e9tico.<\/p>\n<p>[\/vc_column_text][\/vc_column_inner][\/vc_row_inner][\/vc_tta_section][\/vc_tta_tabs][\/vc_column][\/vc_row][vc_row][vc_column][vc_tta_tabs color=&#8221;blue&#8221; active_section=&#8221;1&#8243;][vc_tta_section tab_id=&#8221;1665614186399-347e6d9b-2247&#8243; title=&#8221;Perioperatoria&#8221;][vc_row_inner][vc_column_inner width=&#8221;1\/4&#8243;][vc_single_image image=&#8221;3226&#8243; img_size=&#8221;medium&#8221; alignment=&#8221;center&#8221;][\/vc_column_inner][vc_column_inner width=&#8221;3\/4&#8243;][vc_column_text]<strong>Enfermer\u00eda en Perinatal<\/strong><\/p>\n<p style=\"text-align: justify; font-size: 16px; font-family: Roboto;\">Este campo del conocimiento comprende el estudio de la salud reproductiva, el embarazo, el parto, el puerperio y al reci\u00e9n nacido. Incorpora el enfoque de riesgo y el uso de tecnolog\u00edas propias para el diagn\u00f3stico y tratamiento, as\u00ed como la resoluci\u00f3n del embarazo de bajo riesgo y la referencia oportuna de los casos de alto riesgo. Analiza con un enfoque integral los problemas de salud de la mujer dentro del proceso reproductivo en su contexto cultural y familiar. Incorpora los conocimientos en el dise\u00f1o y aplicaci\u00f3n de intervenciones especializadas, prevenci\u00f3n de defectos al nacimiento y discapacidad, contribuyendo a la disminuci\u00f3n de morbilidad y mortalidad materna y perinatal. Integra la atenci\u00f3n humanizada al nacimiento que repercuta en la transformaci\u00f3n de la pr\u00e1ctica profesional en la atenci\u00f3n del binomio con el m\u00e1s alto sentido \u00e9tico.<\/p>\n<p>[\/vc_column_text][\/vc_column_inner][\/vc_row_inner][\/vc_tta_section][\/vc_tta_tabs][\/vc_column][\/vc_row][vc_row][vc_column][vc_row_inner][vc_column_inner][vc_column_text]<\/p>\n<h3>Consulta el mapa curricular<\/h3>\n<p>[\/vc_column_text][vc_single_image image=&#8221;3249&#8243; img_size=&#8221;full&#8221; onclick=&#8221;custom_link&#8221; img_link_target=&#8221;_blank&#8221; link=&#8221;https:\/\/www.feno.unam.mx\/orienta\/wp-content\/uploads\/2022\/10\/MAPACURRICULAR.jpeg&#8221; el_class=&#8221;hvr-push&#8221;][\/vc_column_inner][\/vc_row_inner][\/vc_column][\/vc_row][vc_row][vc_column][vc_btn title=&#8221;Conoce otras especializaciones disponibles aqu\u00ed (sitio web especializaciones)&#8221; color=&#8221;primary&#8221; size=&#8221;lg&#8221; align=&#8221;center&#8221; button_block=&#8221;true&#8221; link=&#8221;url:https%3A%2F%2Ffeno.unam.mx%2Fespecializaciones%2F|||&#8221;][\/vc_column][\/vc_row]<\/p>\n","protected":false},"excerpt":{"rendered":"<p>[vc_row][vc_column][vc_single_image image=&#8221;3227&#8243; img_size=&#8221;full&#8221; alignment=&#8221;center&#8221;][vc_empty_space][vc_row_inner][vc_column_inner][vc_column_text]El Programa \u00danico de Especializaciones en Enfermer\u00eda en Enfermer\u00eda (PUEE) se integra por 19 especialidades (tambi\u00e9n conocidas como especializaciones)[\/vc_column_text][\/vc_column_inner][\/vc_row_inner][\/vc_column][\/vc_row][vc_row][vc_column][vc_tta_tabs color=&#8221;blue&#8221; active_section=&#8221;1&#8243;][vc_tta_section tab_id=&#8221;1665611783090-3f4e8452-c565&#8243; &hellip; <\/p>\n","protected":false},"author":1,"featured_media":0,"parent":0,"menu_order":0,"comment_status":"closed","ping_status":"closed","template":"","meta":{"footnotes":""},"class_list":["post-3037","page","type-page","status-publish","hentry","latest_post"],"_links":{"self":[{"href":"https:\/\/www.feno.unam.mx\/orienta\/index.php\/wp-json\/wp\/v2\/pages\/3037","targetHints":{"allow":["GET"]}}],"collection":[{"href":"https:\/\/www.feno.unam.mx\/orienta\/index.php\/wp-json\/wp\/v2\/pages"}],"about":[{"href":"https:\/\/www.feno.unam.mx\/orienta\/index.php\/wp-json\/wp\/v2\/types\/page"}],"author":[{"embeddable":true,"href":"https:\/\/www.feno.unam.mx\/orienta\/index.php\/wp-json\/wp\/v2\/users\/1"}],"replies":[{"embeddable":true,"href":"https:\/\/www.feno.unam.mx\/orienta\/index.php\/wp-json\/wp\/v2\/comments?post=3037"}],"version-history":[{"count":40,"href":"https:\/\/www.feno.unam.mx\/orienta\/index.php\/wp-json\/wp\/v2\/pages\/3037\/revisions"}],"predecessor-version":[{"id":3545,"href":"https:\/\/www.feno.unam.mx\/orienta\/index.php\/wp-json\/wp\/v2\/pages\/3037\/revisions\/3545"}],"wp:attachment":[{"href":"https:\/\/www.feno.unam.mx\/orienta\/index.php\/wp-json\/wp\/v2\/media?parent=3037"}],"curies":[{"name":"wp","href":"https:\/\/api.w.org\/{rel}","templated":true}]}}