{"id":2934,"date":"2022-07-29T12:21:35","date_gmt":"2022-07-29T17:21:35","guid":{"rendered":"https:\/\/www.feno.unam.mx\/orienta\/?page_id=2934"},"modified":"2022-07-29T12:24:37","modified_gmt":"2022-07-29T17:24:37","slug":"directorio-2","status":"publish","type":"page","link":"https:\/\/www.feno.unam.mx\/orienta\/index.php\/directorio-2\/","title":{"rendered":"Directorio"},"content":{"rendered":"<p>[vc_row][vc_column][vc_single_image image=&#8221;2873&#8243; img_size=&#8221;full&#8221;][\/vc_column][\/vc_row][vc_row][vc_column][vc_empty_space height=&#8221;80px&#8221;][vc_row_inner][vc_column_inner width=&#8221;1\/2&#8243;][vc_single_image image=&#8221;2936&#8243; img_size=&#8221;medium&#8221; alignment=&#8221;center&#8221;][vc_column_text]<\/p>\n<p style=\"text-align: center; font-size: 18px; font-family: Roboto;\"><strong>Dr. Enrique Graue Wiechers<\/strong><\/p>\n<p style=\"text-align: center; font-size: 14px; font-family: Roboto;\">Rector<\/p>\n<p style=\"text-align: center; font-size: 18px; font-family: Roboto;\"><strong>Dr. Leonardo Lomel\u00ed Vanegas<\/strong><\/p>\n<p style=\"text-align: center; font-size: 14px; font-family: Roboto;\">Secretario General<\/p>\n<p style=\"text-align: center; font-size: 18px; font-family: Roboto;\"><strong>Dr. Alfredo S\u00e1nchez Casta\u00f1eda<\/strong><\/p>\n<p style=\"text-align: center; font-size: 14px; font-family: Roboto;\">Abogado General<\/p>\n<p style=\"text-align: center; font-size: 18px; font-family: Roboto;\"><strong>Dr. Luis \u00c1lvarez Icaza Longoria<\/strong><\/p>\n<p style=\"text-align: center; font-size: 14px; font-family: Roboto;\">Secretario Administrativo<\/p>\n<p style=\"text-align: center; font-size: 18px; font-family: Roboto;\"><strong>Dra. Patricia Dolores D\u00e1vila Aranda<\/strong><\/p>\n<p style=\"text-align: center; font-size: 14px; font-family: Roboto;\">Secretaria de Desarrollo Institucional<\/p>\n<p style=\"text-align: center; font-size: 18px; font-family: Roboto;\"><strong>Lic. Ra\u00fal Arcenio Aguilar Tamayo<\/strong><\/p>\n<p style=\"text-align: center; font-size: 14px; font-family: Roboto;\">Secretario de Prevenci\u00f3n, Atenci\u00f3n y Seguridad Universitaria<\/p>\n<p style=\"text-align: center; font-size: 18px; font-family: Roboto;\"><strong>Dr. William Henry Lee Alard\u00edn<\/strong><\/p>\n<p style=\"text-align: center; font-size: 14px; font-family: Roboto;\">Coordinador de la Investigaci\u00f3n Cient\u00edfica<\/p>\n<p style=\"text-align: center; font-size: 18px; font-family: Roboto;\"><strong>Dra. Guadalupe Valencia Garc\u00eda<\/strong><\/p>\n<p style=\"text-align: center; font-size: 14px; font-family: Roboto;\">Coordinadora de Humanidades<\/p>\n<p style=\"text-align: center; font-size: 18px; font-family: Roboto;\"><strong>Dra. Diana Tamara Mart\u00ednez Ruiz<\/strong><\/p>\n<p style=\"text-align: center; font-size: 14px; font-family: Roboto;\">Coordinadora para la Igualdad de G\u00e9nero<\/p>\n<p style=\"text-align: center; font-size: 18px; font-family: Roboto;\"><strong>Dra. Rosa Beltr\u00e1n \u00c1lvarez<\/strong><\/p>\n<p style=\"text-align: center; font-size: 14px; font-family: Roboto;\">Coordinadora de Difusi\u00f3n Cultural<\/p>\n<p style=\"text-align: center; font-size: 18px; font-family: Roboto;\"><strong>Mtro. N\u00e9stor Mart\u00ednez Cristo<\/strong><\/p>\n<p style=\"text-align: center; font-size: 14px; font-family: Roboto;\">Director General de Comunicaci\u00f3n Social<\/p>\n<p>[\/vc_column_text][\/vc_column_inner][vc_column_inner width=&#8221;1\/2&#8243;][vc_single_image image=&#8221;2935&#8243; img_size=&#8221;medium&#8221; alignment=&#8221;center&#8221;][vc_column_text]<\/p>\n<p style=\"text-align: center; font-size: 18px; font-family: Roboto;\"><strong>Mtra. Rosa Amarilis Z\u00e1rate Grajales<\/strong><\/p>\n<p style=\"text-align: center; font-size: 14px; font-family: Roboto;\">Directora<\/p>\n<p style=\"text-align: center; font-size: 18px; font-family: Roboto;\"><strong>Dra. Rosa Mar\u00eda Ostigu\u00edn Mel\u00e9ndez<\/strong><\/p>\n<p style=\"text-align: center; font-size: 14px; font-family: Roboto;\">Secretaria General<\/p>\n<p style=\"text-align: center; font-size: 18px; font-family: Roboto;\"><strong>Mtro. Ulises Mart\u00ednez Aja<\/strong><\/p>\n<p style=\"text-align: center; font-size: 14px; font-family: Roboto;\">Secretario Administrativo<\/p>\n<p style=\"text-align: center; font-size: 18px; font-family: Roboto;\"><strong>Dra. Mar\u00eda de los \u00c1ngeles Torres Lagunas<\/strong><\/p>\n<p style=\"text-align: center; font-size: 14px; font-family: Roboto;\">Jefa de la Divisi\u00f3n de Estudios Profesionales<\/p>\n<p style=\"text-align: center; font-size: 18px; font-family: Roboto;\"><strong>Dra. Gandhy Ponce G\u00f3mez<\/strong><\/p>\n<p style=\"text-align: center; font-size: 14px; font-family: Roboto;\">Jefa de la Divisi\u00f3n de Estudios de Posgrado e Investigaci\u00f3n<\/p>\n<p style=\"text-align: center; font-size: 18px; font-family: Roboto;\"><strong>Mtra. Mar\u00eda Aurora Garc\u00eda Pi\u00f1a<\/strong><\/p>\n<p style=\"text-align: center; font-size: 14px; font-family: Roboto;\">Jefa de la Divisi\u00f3n del Sistema Universidad Abierta y Educaci\u00f3n a Distancia<\/p>\n<p style=\"text-align: center; font-size: 18px; font-family: Roboto;\"><strong>Mtra. Mayra Alarc\u00f3n Cer\u00f3n<\/strong><\/p>\n<p style=\"text-align: center; font-size: 14px; font-family: Roboto;\">Jefa de la Divisi\u00f3n de Educaci\u00f3n Continua y Desarrollo Profesional<\/p>\n<p style=\"text-align: center; font-size: 18px; font-family: Roboto;\"><strong>Mtra. Rocio Valdez Labastida<\/strong><\/p>\n<p style=\"text-align: center; font-size: 14px; font-family: Roboto;\">Coordinadora de Servicios de Atenci\u00f3n a la Comunidad<\/p>\n<p style=\"text-align: center; font-size: 18px; font-family: Roboto;\"><strong>Mtro. Sergio Sesma V\u00e1zquez<\/strong><\/p>\n<p style=\"text-align: center; font-size: 14px; font-family: Roboto;\">Secretaria de Planeaci\u00f3n y Evaluaci\u00f3n<\/p>\n<p style=\"text-align: center; font-size: 18px; font-family: Roboto;\"><strong>Mtro. Francisco Blas Valencia Castillo<\/strong><\/p>\n<p style=\"text-align: center; font-size: 14px; font-family: Roboto;\">Secretaria de Vinculaci\u00f3n y Extensi\u00f3n<\/p>\n<p style=\"text-align: center; font-size: 18px; font-family: Roboto;\"><strong>Mtro. Miguel Salcedo Hern\u00e1ndez<\/strong><\/p>\n<p style=\"text-align: center; font-size: 14px; font-family: Roboto;\">Secretario de Servicios Escolares<\/p>\n<p style=\"text-align: center; font-size: 18px; font-family: Roboto;\"><strong>Lic. A. Celia Ram\u00edrez Salinas<\/strong><\/p>\n<p style=\"text-align: center; font-size: 14px; font-family: Roboto;\">Secretaria de Asuntos del Personal Acad\u00e9mico<\/p>\n<p>[\/vc_column_text][\/vc_column_inner][\/vc_row_inner][vc_empty_space][\/vc_column][\/vc_row]<\/p>\n","protected":false},"excerpt":{"rendered":"<p>[vc_row][vc_column][vc_single_image image=&#8221;2873&#8243; img_size=&#8221;full&#8221;][\/vc_column][\/vc_row][vc_row][vc_column][vc_empty_space height=&#8221;80px&#8221;][vc_row_inner][vc_column_inner width=&#8221;1\/2&#8243;][vc_single_image image=&#8221;2936&#8243; img_size=&#8221;medium&#8221; alignment=&#8221;center&#8221;][vc_column_text] Dr. Enrique Graue Wiechers Rector Dr. Leonardo Lomel\u00ed Vanegas Secretario General Dr. Alfredo S\u00e1nchez Casta\u00f1eda Abogado General &hellip; <\/p>\n","protected":false},"author":1,"featured_media":0,"parent":0,"menu_order":0,"comment_status":"closed","ping_status":"closed","template":"","meta":{"footnotes":""},"class_list":["post-2934","page","type-page","status-publish","hentry","latest_post"],"_links":{"self":[{"href":"https:\/\/www.feno.unam.mx\/orienta\/index.php\/wp-json\/wp\/v2\/pages\/2934","targetHints":{"allow":["GET"]}}],"collection":[{"href":"https:\/\/www.feno.unam.mx\/orienta\/index.php\/wp-json\/wp\/v2\/pages"}],"about":[{"href":"https:\/\/www.feno.unam.mx\/orienta\/index.php\/wp-json\/wp\/v2\/types\/page"}],"author":[{"embeddable":true,"href":"https:\/\/www.feno.unam.mx\/orienta\/index.php\/wp-json\/wp\/v2\/users\/1"}],"replies":[{"embeddable":true,"href":"https:\/\/www.feno.unam.mx\/orienta\/index.php\/wp-json\/wp\/v2\/comments?post=2934"}],"version-history":[{"count":3,"href":"https:\/\/www.feno.unam.mx\/orienta\/index.php\/wp-json\/wp\/v2\/pages\/2934\/revisions"}],"predecessor-version":[{"id":2939,"href":"https:\/\/www.feno.unam.mx\/orienta\/index.php\/wp-json\/wp\/v2\/pages\/2934\/revisions\/2939"}],"wp:attachment":[{"href":"https:\/\/www.feno.unam.mx\/orienta\/index.php\/wp-json\/wp\/v2\/media?parent=2934"}],"curies":[{"name":"wp","href":"https:\/\/api.w.org\/{rel}","templated":true}]}}