{"id":2826,"date":"2022-07-28T23:29:31","date_gmt":"2022-07-29T04:29:31","guid":{"rendered":"https:\/\/www.feno.unam.mx\/orienta\/?page_id=2826"},"modified":"2023-09-05T13:02:30","modified_gmt":"2023-09-05T18:02:30","slug":"leo","status":"publish","type":"page","link":"https:\/\/www.feno.unam.mx\/orienta\/index.php\/leo\/","title":{"rendered":"Enfermer\u00eda y obstetricia"},"content":{"rendered":"<p>[vc_row][vc_column][\/vc_column][\/vc_row][vc_row][vc_column][vc_row_inner][vc_column_inner][vc_empty_space height=&#8221;64px&#8221;][\/vc_column_inner][\/vc_row_inner][vc_column_text]<\/p>\n<p style=\"text-align: center;\">El Plan de Estudios de la Licenciatura en Enfermer\u00eda y Obstetricia corresponde al \u00c1rea de Conocimiento de Ciencias Biol\u00f3gicas y de la Salud. Fue aprobado por el Honorable Consejo Universitario el 31 de octubre de 2014.<\/p>\n<p style=\"text-align: center;\">Las y los licenciados\u00a0 en Enfermer\u00eda y Obstetricia son profesionales que se caracterizan por brindar cuidados de enfermer\u00eda con enfoque hol\u00edstico, intercultural y de g\u00e9nero, dirigidos a preservar la salud y contribuir en la soluci\u00f3n de los procesos de enfermedad en la poblaci\u00f3n mexicana en general, y en espec\u00edfico los de parter\u00eda para el grupo materno infantil, en sus diversos entornos sociales y culturales.<\/p>\n<p>[\/vc_column_text][vc_empty_space][\/vc_column][\/vc_row][vc_row][vc_column width=&#8221;1\/3&#8243;][vc_icon icon_fontawesome=&#8221;fa fa-graduation-cap&#8221; background_style=&#8221;rounded&#8221; size=&#8221;xl&#8221; align=&#8221;center&#8221;][vc_column_text]<\/p>\n<p style=\"text-align: center;\"><strong>T\u00edtulo que se otorga<\/strong><br \/>\nLicenciado (a) en Enfermer\u00eda y Obstetricia[\/vc_column_text][\/vc_column][vc_column width=&#8221;1\/3&#8243;][vc_icon icon_fontawesome=&#8221;fa fa-user&#8221; background_style=&#8221;rounded&#8221; size=&#8221;xl&#8221; align=&#8221;center&#8221;][vc_column_text]<\/p>\n<p style=\"text-align: center;\"><strong>Modalidad de estudios<\/strong><br \/>\nEscolarizado<\/p>\n<p>[\/vc_column_text][\/vc_column][vc_column width=&#8221;1\/3&#8243;][vc_icon icon_fontawesome=&#8221;fa fa-clock-o&#8221; background_style=&#8221;rounded&#8221; size=&#8221;xl&#8221; align=&#8221;center&#8221;][vc_column_text]<\/p>\n<p style=\"text-align: center;\"><strong>Duraci\u00f3n<\/strong><br \/>\n8 semestres<\/p>\n<p>[\/vc_column_text][\/vc_column][\/vc_row][vc_row][vc_column][vc_empty_space][\/vc_column][\/vc_row][vc_row][vc_column][vc_row_inner content_placement=&#8221;middle&#8221;][vc_column_inner width=&#8221;1\/4&#8243;][vc_single_image image=&#8221;2550&#8243; img_size=&#8221;medium&#8221; alignment=&#8221;right&#8221;][\/vc_column_inner][vc_column_inner width=&#8221;3\/4&#8243;][vc_column_text]<\/p>\n<h3 style=\"text-align: left;\">Objetivo<\/h3>\n<p>[\/vc_column_text][vc_column_text]Formar licenciadas y licenciados en Enfermer\u00eda y Obstetricia, con fundamentos te\u00f3ricos, metodol\u00f3gicos y tecnol\u00f3gicos para que sean capaces de analizar y tomar decisiones con sentido \u00e9tico y cr\u00edtico, a fin de responder a problemas y\/o situaciones de salud a trav\u00e9s de actividades asistenciales, de gesti\u00f3n, educativas e investigaci\u00f3n. Contribuye en la promoci\u00f3n de la salud, la prevenci\u00f3n y el cuidado en la salud sexual y reproductiva, con \u00e9nfasis en la gestaci\u00f3n, la atenci\u00f3n del parto y el reci\u00e9n nacido, y en el ejercicio libre de la profesi\u00f3n.[\/vc_column_text][\/vc_column_inner][\/vc_row_inner][\/vc_column][\/vc_row][vc_row][vc_column][vc_row_inner content_placement=&#8221;middle&#8221;][vc_column_inner width=&#8221;3\/4&#8243;][vc_column_text]<\/p>\n<h4 style=\"text-align: left;\">Perfil de egreso<\/h4>\n<p>[\/vc_column_text][vc_column_text]Los y las egresadas de esta licenciatura se caracterizan por poseer una formaci\u00f3n integral con los conocimientos, habilidades, actitudes y valores disciplinares necesarios para:<\/p>\n<p>La promoci\u00f3n, prevenci\u00f3n y cuidado de la salud con sentido human\u00edstico, en los diferentes \u00e1mbitos del quehacer de la enfermer\u00eda, con \u00e9nfasis en la salud sexual y reproductiva y en la atenci\u00f3n del parto de bajo riesgo y al reci\u00e9n nacido.[\/vc_column_text][\/vc_column_inner][vc_column_inner width=&#8221;1\/4&#8243;][vc_single_image image=&#8221;2643&#8243; img_size=&#8221;medium&#8221; alignment=&#8221;right&#8221;][\/vc_column_inner][\/vc_row_inner][\/vc_column][\/vc_row][vc_row][vc_column][vc_row_inner content_placement=&#8221;middle&#8221;][vc_column_inner width=&#8221;1\/4&#8243;][vc_single_image image=&#8221;2818&#8243; img_size=&#8221;medium&#8221; alignment=&#8221;right&#8221;][\/vc_column_inner][vc_column_inner width=&#8221;3\/4&#8243;][vc_column_text]<\/p>\n<h4 style=\"text-align: left;\">Mercado laboral<\/h4>\n<p>[\/vc_column_text][vc_column_text]Los y las\u00a0 licenciadas en Enfermer\u00eda y Obstetricia pueden desempe\u00f1arse en instituciones p\u00fablicas o privadas: hospitales, centros de salud, centros de asistencia social, empresas e instituciones educativas. Tambi\u00e9n pueden ejercer la pr\u00e1ctica profesional independiente, brindando servicios de enfermer\u00eda al individuo, la familia y los grupos sociales.<\/p>\n<p>La oferta de trabajo para el y la profesional de Enfermer\u00eda y Obstetricia es alta, proviene fundamentalmente del Sector Salud, present\u00e1ndose un incremento en el sector privado, as\u00ed como en las instituciones educativas que forman recursos humanos.[\/vc_column_text][\/vc_column_inner][\/vc_row_inner][\/vc_column][\/vc_row][vc_section][vc_row][vc_column][vc_tta_accordion color=&#8221;blue&#8221; active_section=&#8221;non-existing number&#8221; collapsible_all=&#8221;true&#8221;][vc_tta_section title=&#8221;Plan de estudios&#8221; tab_id=&#8221;1659067327026-b534bb63-1ef6&#8243;][vc_column_text]El Plan de estudios est\u00e1 organizado por ciclos de formaci\u00f3n profesional<br \/>\n<strong>Fundamentos Disciplinares de la Enfermer\u00eda<br \/>\nCuidado Integral de Enfermer\u00eda<br \/>\nCuidado Integral en la Salud Sexual y Reproductiva<\/strong><br \/>\n<strong>Total de asignaturas:<\/strong> 51<br \/>\n<strong>Asignaturas Obligatorias:<\/strong> 45<br \/>\n<strong>Total de cr\u00e9ditos:<\/strong> 403<br \/>\nLas asignaturas optativas se cursan a partir del 7o semestre.[\/vc_column_text][\/vc_tta_section][vc_tta_section title=&#8221;Mapa curricular&#8221; tab_id=&#8221;1659068392183-12779990-bb4b&#8221;][vc_single_image image=&#8221;3090&#8243; img_size=&#8221;full&#8221;][\/vc_tta_section][\/vc_tta_accordion][\/vc_column][\/vc_row][vc_row][vc_column][vc_column_text]<\/p>\n<p style=\"text-align: center;\"><strong>Mtra. Rocio Amador Aguilar <\/strong><br \/>\nCoordinadora de la Licenciatura en Enfermer\u00eda y Obstetricia<br \/>\nTel\u00e9fonos: 55 56 55 31 81 ext. 241<br \/>\nCorreo:\u00a0<a href=\"mailto:coord-leo@feno.unam.mx\">coord-leo@feno.unam.mx<\/a><\/p>\n<p>[\/vc_column_text][\/vc_column][\/vc_row][\/vc_section]<\/p>\n","protected":false},"excerpt":{"rendered":"<p>[vc_row][vc_column][\/vc_column][\/vc_row][vc_row][vc_column][vc_row_inner][vc_column_inner][vc_empty_space height=&#8221;64px&#8221;][\/vc_column_inner][\/vc_row_inner][vc_column_text] El Plan de Estudios de la Licenciatura en Enfermer\u00eda y Obstetricia corresponde al \u00c1rea de Conocimiento de Ciencias Biol\u00f3gicas y de la Salud. &hellip; <\/p>\n","protected":false},"author":1,"featured_media":0,"parent":0,"menu_order":0,"comment_status":"closed","ping_status":"closed","template":"","meta":{"footnotes":""},"class_list":["post-2826","page","type-page","status-publish","hentry","latest_post"],"_links":{"self":[{"href":"https:\/\/www.feno.unam.mx\/orienta\/index.php\/wp-json\/wp\/v2\/pages\/2826","targetHints":{"allow":["GET"]}}],"collection":[{"href":"https:\/\/www.feno.unam.mx\/orienta\/index.php\/wp-json\/wp\/v2\/pages"}],"about":[{"href":"https:\/\/www.feno.unam.mx\/orienta\/index.php\/wp-json\/wp\/v2\/types\/page"}],"author":[{"embeddable":true,"href":"https:\/\/www.feno.unam.mx\/orienta\/index.php\/wp-json\/wp\/v2\/users\/1"}],"replies":[{"embeddable":true,"href":"https:\/\/www.feno.unam.mx\/orienta\/index.php\/wp-json\/wp\/v2\/comments?post=2826"}],"version-history":[{"count":4,"href":"https:\/\/www.feno.unam.mx\/orienta\/index.php\/wp-json\/wp\/v2\/pages\/2826\/revisions"}],"predecessor-version":[{"id":3381,"href":"https:\/\/www.feno.unam.mx\/orienta\/index.php\/wp-json\/wp\/v2\/pages\/2826\/revisions\/3381"}],"wp:attachment":[{"href":"https:\/\/www.feno.unam.mx\/orienta\/index.php\/wp-json\/wp\/v2\/media?parent=2826"}],"curies":[{"name":"wp","href":"https:\/\/api.w.org\/{rel}","templated":true}]}}