{"id":2544,"date":"2022-01-26T00:52:42","date_gmt":"2022-01-26T06:52:42","guid":{"rendered":"https:\/\/www.feno.unam.mx\/orienta\/?page_id=2544"},"modified":"2023-10-04T15:15:40","modified_gmt":"2023-10-04T20:15:40","slug":"ceca","status":"publish","type":"page","link":"https:\/\/www.feno.unam.mx\/orienta\/index.php\/ceca\/","title":{"rendered":"Centro de Ense\u00f1anza Cl\u00ednica Avanzada"},"content":{"rendered":"<p>[vc_row][vc_column][vc_single_image image=&#8221;3133&#8243; img_size=&#8221;full&#8221; alignment=&#8221;center&#8221;][\/vc_column][\/vc_row][vc_row][vc_column][vc_row_inner][vc_column_inner][vc_column_text]<\/p>\n<h3><strong>Servicio que se ofrece<\/strong><\/h3>\n<p>Es el \u00e1rea donde se realizan las practicas curriculares para el desarrollo de habilidades cl\u00ednicas basadas en simulaci\u00f3n cl\u00ednica en enfermer\u00eda. Es un centro de simulaci\u00f3n cl\u00ednica que cuenta con el \u00e1rea, material y equipo, como los simuladores de baja, mediana y alta fidelidad.[\/vc_column_text][\/vc_column_inner][\/vc_row_inner][vc_empty_space][\/vc_column][\/vc_row][vc_row][vc_column][vc_video link=&#8221;https:\/\/youtu.be\/-u8EVyy3TU0&#8243;][\/vc_column][\/vc_row][vc_row][vc_column][vc_empty_space][vc_row_inner][vc_column_inner][vc_column_text]<\/p>\n<h2 style=\"text-align: center;\">Laboratorio de Pr\u00e1ctica Quir\u00fargica<\/h2>\n<p>[\/vc_column_text][vc_column_text]<\/p>\n<h4><strong>Servicio que se ofrece<\/strong><\/h4>\n<p>Es el \u00e1rea donde se realizan la pr\u00e1ctica quir\u00fargica, para el desarrollo de habilidades cl\u00ednicas basadas en simulaci\u00f3n cl\u00ednica en enfermer\u00eda. Cuenta con una sala de operaciones, \u00e1rea pre y posquir\u00fargica y vestidor.[\/vc_column_text][\/vc_column_inner][\/vc_row_inner][\/vc_column][\/vc_row][vc_row][vc_column][vc_row_inner][vc_column_inner width=&#8221;1\/6&#8243;][\/vc_column_inner][vc_column_inner width=&#8221;2\/3&#8243;][vc_single_image image=&#8221;3446&#8243; img_size=&#8221;full&#8221; alignment=&#8221;center&#8221; style=&#8221;vc_box_outline&#8221; css_animation=&#8221;bounceInLeft&#8221;][\/vc_column_inner][vc_column_inner width=&#8221;1\/6&#8243;][\/vc_column_inner][\/vc_row_inner][\/vc_column][\/vc_row]<\/p>\n","protected":false},"excerpt":{"rendered":"<p>[vc_row][vc_column][vc_single_image image=&#8221;3133&#8243; img_size=&#8221;full&#8221; alignment=&#8221;center&#8221;][\/vc_column][\/vc_row][vc_row][vc_column][vc_row_inner][vc_column_inner][vc_column_text] Servicio que se ofrece Es el \u00e1rea donde se realizan las practicas curriculares para el desarrollo de habilidades cl\u00ednicas basadas en &hellip; <\/p>\n","protected":false},"author":1,"featured_media":0,"parent":0,"menu_order":0,"comment_status":"closed","ping_status":"closed","template":"","meta":{"footnotes":""},"class_list":["post-2544","page","type-page","status-publish","hentry","latest_post"],"_links":{"self":[{"href":"https:\/\/www.feno.unam.mx\/orienta\/index.php\/wp-json\/wp\/v2\/pages\/2544","targetHints":{"allow":["GET"]}}],"collection":[{"href":"https:\/\/www.feno.unam.mx\/orienta\/index.php\/wp-json\/wp\/v2\/pages"}],"about":[{"href":"https:\/\/www.feno.unam.mx\/orienta\/index.php\/wp-json\/wp\/v2\/types\/page"}],"author":[{"embeddable":true,"href":"https:\/\/www.feno.unam.mx\/orienta\/index.php\/wp-json\/wp\/v2\/users\/1"}],"replies":[{"embeddable":true,"href":"https:\/\/www.feno.unam.mx\/orienta\/index.php\/wp-json\/wp\/v2\/comments?post=2544"}],"version-history":[{"count":16,"href":"https:\/\/www.feno.unam.mx\/orienta\/index.php\/wp-json\/wp\/v2\/pages\/2544\/revisions"}],"predecessor-version":[{"id":3447,"href":"https:\/\/www.feno.unam.mx\/orienta\/index.php\/wp-json\/wp\/v2\/pages\/2544\/revisions\/3447"}],"wp:attachment":[{"href":"https:\/\/www.feno.unam.mx\/orienta\/index.php\/wp-json\/wp\/v2\/media?parent=2544"}],"curies":[{"name":"wp","href":"https:\/\/api.w.org\/{rel}","templated":true}]}}