{"id":2522,"date":"2022-01-25T23:57:20","date_gmt":"2022-01-26T05:57:20","guid":{"rendered":"https:\/\/www.feno.unam.mx\/orienta\/?page_id=2522"},"modified":"2022-01-25T23:57:20","modified_gmt":"2022-01-26T05:57:20","slug":"directorio","status":"publish","type":"page","link":"https:\/\/www.feno.unam.mx\/orienta\/index.php\/directorio\/","title":{"rendered":"Directorio"},"content":{"rendered":"<p>[vc_row][vc_column][vc_single_image image=&#8221;1616&#8243; img_size=&#8221;full&#8221; alignment=&#8221;center&#8221;][vc_empty_space][\/vc_column][\/vc_row][vc_row][vc_column width=&#8221;1\/2&#8243;][vc_column_text]<\/p>\n<h2 style=\"text-align: center;\">UNAM<\/h2>\n<p>[\/vc_column_text][vc_column_text]<\/p>\n<p style=\"text-align: center;\"><strong>Dr. Enrique Graue Wiechers<\/strong><br \/>\nRector<\/p>\n<p style=\"text-align: center;\"><strong>Dr. Leonardo Lomel\u00ed Vanegas<\/strong><br \/>\nSecretario General<\/p>\n<p style=\"text-align: center;\"><strong>Dr. Alfredo S\u00e1nchez Casta\u00f1eda<\/strong><br \/>\nAbogado General<\/p>\n<p style=\"text-align: center;\"><strong>Dr. Luis \u00c1lvarez Icaza Longoria<\/strong><br \/>\nSecretario Administrativo<\/p>\n<p style=\"text-align: center;\"><strong>Dra. Patricia Dolores D\u00e1vila Aranda<\/strong><br \/>\nSecretaria de Desarrollo Institucional<\/p>\n<p style=\"text-align: center;\"><strong>Lic. Ra\u00fal Arcenio Aguilar Tamayo<\/strong><br \/>\nSecretario de Prevenci\u00f3n, Atenci\u00f3n y Seguridad Universitaria<\/p>\n<p style=\"text-align: center;\"><strong>Dr. William Henry Lee Alard\u00edn<\/strong><br \/>\nCoordinador de la Investigaci\u00f3n Cient\u00edfica<\/p>\n<p>[\/vc_column_text][\/vc_column][vc_column width=&#8221;1\/2&#8243;][vc_column_text]<\/p>\n<h2 style=\"text-align: center;\">ENEO<\/h2>\n<p>[\/vc_column_text][vc_column_text]<\/p>\n<p style=\"text-align: center;\"><strong>Mtra. Rosa Amarilis Z\u00e1rate Grajales<\/strong><br \/>\nDirectora<\/p>\n<p style=\"text-align: center;\"><strong>Dra. Rosa Mar\u00eda Ostigu\u00edn Mel\u00e9ndez<\/strong><br \/>\nSecretaria General<\/p>\n<p style=\"text-align: center;\"><strong>Mtro. Ulises Mart\u00ednez Aja<\/strong><br \/>\nSecretario Administrativo<\/p>\n<p style=\"text-align: center;\"><strong>Dra. Gandhy Ponce G\u00f3mez<\/strong><br \/>\nJefa de la Divisi\u00f3n de Estudios de Posgrado e Investigaci\u00f3n<\/p>\n<p style=\"text-align: center;\"><strong>Dr. Rey Arturo Salcedo \u00c1lvarez<\/strong><br \/>\nCoordinador de Investigaci\u00f3n<\/p>\n<p>[\/vc_column_text][\/vc_column][\/vc_row]<\/p>\n","protected":false},"excerpt":{"rendered":"<p>[vc_row][vc_column][vc_single_image image=&#8221;1616&#8243; img_size=&#8221;full&#8221; alignment=&#8221;center&#8221;][vc_empty_space][\/vc_column][\/vc_row][vc_row][vc_column width=&#8221;1\/2&#8243;][vc_column_text] UNAM [\/vc_column_text][vc_column_text] Dr. Enrique Graue Wiechers Rector Dr. Leonardo Lomel\u00ed Vanegas Secretario General Dr. Alfredo S\u00e1nchez Casta\u00f1eda Abogado General Dr. &hellip; <\/p>\n","protected":false},"author":1,"featured_media":0,"parent":0,"menu_order":0,"comment_status":"closed","ping_status":"closed","template":"","meta":{"footnotes":""},"class_list":["post-2522","page","type-page","status-publish","hentry","latest_post"],"_links":{"self":[{"href":"https:\/\/www.feno.unam.mx\/orienta\/index.php\/wp-json\/wp\/v2\/pages\/2522","targetHints":{"allow":["GET"]}}],"collection":[{"href":"https:\/\/www.feno.unam.mx\/orienta\/index.php\/wp-json\/wp\/v2\/pages"}],"about":[{"href":"https:\/\/www.feno.unam.mx\/orienta\/index.php\/wp-json\/wp\/v2\/types\/page"}],"author":[{"embeddable":true,"href":"https:\/\/www.feno.unam.mx\/orienta\/index.php\/wp-json\/wp\/v2\/users\/1"}],"replies":[{"embeddable":true,"href":"https:\/\/www.feno.unam.mx\/orienta\/index.php\/wp-json\/wp\/v2\/comments?post=2522"}],"version-history":[{"count":2,"href":"https:\/\/www.feno.unam.mx\/orienta\/index.php\/wp-json\/wp\/v2\/pages\/2522\/revisions"}],"predecessor-version":[{"id":2524,"href":"https:\/\/www.feno.unam.mx\/orienta\/index.php\/wp-json\/wp\/v2\/pages\/2522\/revisions\/2524"}],"wp:attachment":[{"href":"https:\/\/www.feno.unam.mx\/orienta\/index.php\/wp-json\/wp\/v2\/media?parent=2522"}],"curies":[{"name":"wp","href":"https:\/\/api.w.org\/{rel}","templated":true}]}}