{"id":2514,"date":"2022-01-25T23:49:14","date_gmt":"2022-01-26T05:49:14","guid":{"rendered":"https:\/\/www.feno.unam.mx\/orienta\/?page_id=2514"},"modified":"2023-09-05T14:49:56","modified_gmt":"2023-09-05T19:49:56","slug":"le","status":"publish","type":"page","link":"https:\/\/www.feno.unam.mx\/orienta\/index.php\/le\/","title":{"rendered":"Enfermer\u00eda"},"content":{"rendered":"<p>[vc_row][vc_column][\/vc_column][\/vc_row][vc_row][vc_column][vc_row_inner][vc_column_inner][vc_empty_space height=&#8221;64px&#8221;][\/vc_column_inner][\/vc_row_inner][vc_column_text]<\/p>\n<p style=\"text-align: center;\">El licenciado y la licenciada en Enfermer\u00eda se caracterizan por solucionar problemas de salud que afectan a la poblaci\u00f3n mexicana multicultural y diversa, destacando la importancia de sus intervenciones en la promoci\u00f3n de la salud, la prevenci\u00f3n de la enfermedad, la intervenci\u00f3n espec\u00edfica en la curaci\u00f3n y la participaci\u00f3n en la rehabilitaci\u00f3n del ser humano, como motor del desarrollo del pa\u00eds.<\/p>\n<p>[\/vc_column_text][vc_empty_space][\/vc_column][\/vc_row][vc_row][vc_column width=&#8221;1\/3&#8243;][vc_icon icon_fontawesome=&#8221;fa fa-graduation-cap&#8221; background_style=&#8221;rounded&#8221; size=&#8221;xl&#8221; align=&#8221;center&#8221;][vc_column_text]<\/p>\n<p style=\"text-align: center;\"><strong>T\u00edtulo que se otorga<\/strong><br \/>\nLicenciado (a) en Enfermer\u00eda<\/p>\n<p>[\/vc_column_text][\/vc_column][vc_column width=&#8221;1\/3&#8243;][vc_icon icon_fontawesome=&#8221;fa fa-user&#8221; background_style=&#8221;rounded&#8221; size=&#8221;xl&#8221; align=&#8221;center&#8221;][vc_column_text]<\/p>\n<p style=\"text-align: center;\"><strong>Modalidad de estudios<\/strong><br \/>\nEscolarizado<\/p>\n<p>[\/vc_column_text][\/vc_column][vc_column width=&#8221;1\/3&#8243;][vc_icon icon_fontawesome=&#8221;fa fa-clock-o&#8221; background_style=&#8221;rounded&#8221; size=&#8221;xl&#8221; align=&#8221;center&#8221;][vc_column_text]<\/p>\n<p style=\"text-align: center;\"><strong>Duraci\u00f3n<\/strong><br \/>\n8 semestres<\/p>\n<p>[\/vc_column_text][\/vc_column][\/vc_row][vc_row][vc_column][vc_empty_space][\/vc_column][\/vc_row][vc_row][vc_column][vc_row_inner content_placement=&#8221;middle&#8221;][vc_column_inner width=&#8221;1\/4&#8243;][vc_single_image image=&#8221;2550&#8243; img_size=&#8221;medium&#8221; alignment=&#8221;right&#8221;][\/vc_column_inner][vc_column_inner width=&#8221;3\/4&#8243;][vc_column_text]<\/p>\n<h3 style=\"text-align: left;\">Objetivo<\/h3>\n<p>[\/vc_column_text][vc_column_text]Formar Licenciadas y licenciados en Enfermer\u00eda con un enfoque generalista, capaces de desarrollar una pr\u00e1ctica del cuidado basada en las necesidades de salud individual y colectiva, y fundamentada en el pensamiento cr\u00edtico, que permita la toma de decisiones tendientes a resolver problemas de salud en escenarios institucionales, comunitarios o de manera independiente.[\/vc_column_text][\/vc_column_inner][\/vc_row_inner][\/vc_column][\/vc_row][vc_row][vc_column][vc_row_inner content_placement=&#8221;middle&#8221;][vc_column_inner width=&#8221;3\/4&#8243;][vc_column_text]<\/p>\n<h4 style=\"text-align: left;\">Perfil de egreso<\/h4>\n<p>[\/vc_column_text][vc_column_text]<\/p>\n<p class=\"MsoNormal\" style=\"margin: 0cm; font-size: 12pt; font-family: Calibri, sans-serif; color: #000000;\">El (la) egresado(a) se caracteriza por poseer una formaci\u00f3n integral con los conocimientos, habilidades, actitudes y valores disciplinares necesarios para:<\/p>\n<p class=\"MsoNormal\" style=\"margin: 0cm; font-size: 12pt; font-family: Calibri, sans-serif; color: #000000;\">La promoci\u00f3n, prevenci\u00f3n y cuidado de la salud con sentido human\u00edstico, en los diferentes \u00e1mbitos del quehacer de la enfermer\u00eda con \u00e9nfasis en la salud sexual y reproductiva, en la atenci\u00f3n del parto de bajo riesgo y al reci\u00e9n nacido.<\/p>\n<p>[\/vc_column_text][\/vc_column_inner][vc_column_inner width=&#8221;1\/4&#8243;][vc_single_image image=&#8221;2643&#8243; img_size=&#8221;medium&#8221; alignment=&#8221;right&#8221;][\/vc_column_inner][\/vc_row_inner][\/vc_column][\/vc_row][vc_row][vc_column][vc_row_inner content_placement=&#8221;middle&#8221;][vc_column_inner width=&#8221;1\/4&#8243;][vc_single_image image=&#8221;2818&#8243; img_size=&#8221;medium&#8221; alignment=&#8221;right&#8221;][\/vc_column_inner][vc_column_inner width=&#8221;3\/4&#8243;][vc_column_text]<\/p>\n<h4 style=\"text-align: left;\">Mercado laboral<\/h4>\n<p>[\/vc_column_text][vc_column_text]<\/p>\n<p class=\"MsoNormal\" style=\"margin: 0cm; font-size: 12pt; font-family: Calibri, sans-serif; color: #000000;\">El (la) egresado(a) se caracteriza por poseer una formaci\u00f3n integral con los conocimientos, habilidades, actitudes y valores disciplinares necesarios para:<\/p>\n<p class=\"MsoNormal\" style=\"margin: 0cm; font-size: 12pt; font-family: Calibri, sans-serif; color: #000000;\">La promoci\u00f3n, prevenci\u00f3n y cuidado de la salud con sentido human\u00edstico, en los diferentes \u00e1mbitos del quehacer de la enfermer\u00eda con \u00e9nfasis en la salud sexual y reproductiva, en la atenci\u00f3n del parto de bajo riesgo y al reci\u00e9n nacido.<\/p>\n<p>[\/vc_column_text][\/vc_column_inner][\/vc_row_inner][\/vc_column][\/vc_row][vc_section][vc_row][vc_column][vc_tta_accordion color=&#8221;blue&#8221; active_section=&#8221;non-existing number&#8221; collapsible_all=&#8221;true&#8221;][vc_tta_section title=&#8221;Plan de estudios&#8221; tab_id=&#8221;1659067327026-b534bb63-1ef6&#8243;][vc_column_text]Organizado en tres ciclos de formaci\u00f3n profesional<br \/>\n<strong>Total de asignaturas:<\/strong> 41 Asignaturas<br \/>\n<strong>Obligatorias:<\/strong> 32 Asignaturas<br \/>\n<strong>Optativas*:<\/strong> 9<br \/>\n<strong>Total de cr\u00e9ditos:<\/strong> 391<br \/>\n*Las asignaturas optativas se cursan a partir del 3er semestre.[\/vc_column_text][\/vc_tta_section][vc_tta_section title=&#8221;Mapa curricular&#8221; tab_id=&#8221;1659068392183-12779990-bb4b&#8221;][vc_single_image image=&#8221;3123&#8243; img_size=&#8221;full&#8221;][\/vc_tta_section][\/vc_tta_accordion][\/vc_column][\/vc_row][vc_row][vc_column][vc_column_text]<\/p>\n<p style=\"text-align: center;\"><strong>E.E.C. Andr\u00e9s Ram\u00edrez Mu\u00f1oz<\/strong><br \/>\nCoordinador de la Licenciatura en Enfermer\u00eda<br \/>\nTel\u00e9fonos: 55 55 73 19 95 ext. 241<br \/>\nCorreo:\u00a0<a href=\"mailto:coord-carrera@feno.unam.mx\">coord-carrera@feno.unam.mx<\/a><\/p>\n<p>[\/vc_column_text][\/vc_column][\/vc_row][\/vc_section]<\/p>\n","protected":false},"excerpt":{"rendered":"<p>[vc_row][vc_column][\/vc_column][\/vc_row][vc_row][vc_column][vc_row_inner][vc_column_inner][vc_empty_space height=&#8221;64px&#8221;][\/vc_column_inner][\/vc_row_inner][vc_column_text] El licenciado y la licenciada en Enfermer\u00eda se caracterizan por solucionar problemas de salud que afectan a la poblaci\u00f3n mexicana multicultural y diversa, &hellip; <\/p>\n","protected":false},"author":1,"featured_media":0,"parent":0,"menu_order":0,"comment_status":"closed","ping_status":"closed","template":"","meta":{"footnotes":""},"class_list":["post-2514","page","type-page","status-publish","hentry","latest_post"],"_links":{"self":[{"href":"https:\/\/www.feno.unam.mx\/orienta\/index.php\/wp-json\/wp\/v2\/pages\/2514","targetHints":{"allow":["GET"]}}],"collection":[{"href":"https:\/\/www.feno.unam.mx\/orienta\/index.php\/wp-json\/wp\/v2\/pages"}],"about":[{"href":"https:\/\/www.feno.unam.mx\/orienta\/index.php\/wp-json\/wp\/v2\/types\/page"}],"author":[{"embeddable":true,"href":"https:\/\/www.feno.unam.mx\/orienta\/index.php\/wp-json\/wp\/v2\/users\/1"}],"replies":[{"embeddable":true,"href":"https:\/\/www.feno.unam.mx\/orienta\/index.php\/wp-json\/wp\/v2\/comments?post=2514"}],"version-history":[{"count":34,"href":"https:\/\/www.feno.unam.mx\/orienta\/index.php\/wp-json\/wp\/v2\/pages\/2514\/revisions"}],"predecessor-version":[{"id":3398,"href":"https:\/\/www.feno.unam.mx\/orienta\/index.php\/wp-json\/wp\/v2\/pages\/2514\/revisions\/3398"}],"wp:attachment":[{"href":"https:\/\/www.feno.unam.mx\/orienta\/index.php\/wp-json\/wp\/v2\/media?parent=2514"}],"curies":[{"name":"wp","href":"https:\/\/api.w.org\/{rel}","templated":true}]}}