{"id":1704,"date":"2021-06-30T03:03:17","date_gmt":"2021-06-30T08:03:17","guid":{"rendered":"https:\/\/www.feno.unam.mx\/orienta\/?page_id=1704"},"modified":"2026-01-05T12:41:53","modified_gmt":"2026-01-05T18:41:53","slug":"home","status":"publish","type":"page","link":"https:\/\/www.feno.unam.mx\/orienta\/","title":{"rendered":""},"content":{"rendered":"<p>[vc_row][vc_column][vc_single_image image=&#8221;3547&#8243; img_size=&#8221;full&#8221; alignment=&#8221;center&#8221; style=&#8221;vc_box_shadow_3d&#8221; css_animation=&#8221;fadeInLeft&#8221;][vc_column_text]<\/p>\n<p><!-- .wpforms-container -->[\/vc_column_text][vc_row_inner][vc_column_inner][\/vc_column_inner][\/vc_row_inner][vc_row_inner][vc_column_inner][vc_column_text]<\/p>\n<h4 style=\"text-align: center;\">Conoce la Facultad de Enfermer\u00eda y Obstetricia, la mejor opci\u00f3n para la formaci\u00f3n de profesionales de enfermer\u00eda<\/h4>\n<p>[\/vc_column_text][vc_empty_space height=&#8221;32 px&#8221;][\/vc_column_inner][\/vc_row_inner][\/vc_column][\/vc_row][vc_row][vc_column][vc_row_inner][vc_column_inner width=&#8221;1\/2&#8243;][vc_column_text]<\/p>\n<h2 style=\"text-align: center;\">\u00bfQui\u00e9nes somos?<\/h2>\n<p>[\/vc_column_text][vc_single_image image=&#8221;3372&#8243; img_size=&#8221;full&#8221; alignment=&#8221;center&#8221;][vc_column_text]<\/p>\n<blockquote><p>La FENO, Facultad de Enfermer\u00eda y Obstetricia de la UNAM, es la mejor alternativa para la formaci\u00f3n de profesionales en enfermer\u00eda que aporten a la sociedad y M\u00e9xico vanguardia en la conservaci\u00f3n y atenci\u00f3n de la salud<\/p><\/blockquote>\n<p>[\/vc_column_text][\/vc_column_inner][vc_column_inner width=&#8221;1\/2&#8243;][vc_empty_space height=&#8221;45 px&#8221;][vc_single_image image=&#8221;3488&#8243; img_size=&#8221;full&#8221; add_caption=&#8221;yes&#8221; alignment=&#8221;center&#8221; style=&#8221;vc_box_shadow_border_circle_2&#8243; onclick=&#8221;link_image&#8221; css_animation=&#8221;fadeInDown&#8221;][\/vc_column_inner][\/vc_row_inner][\/vc_column][\/vc_row][vc_row][vc_column][vc_empty_space][vc_row_inner][vc_column_inner][vc_column_text]<\/p>\n<h2 style=\"text-align: center;\">Oferta educativa<\/h2>\n<p>[\/vc_column_text][\/vc_column_inner][\/vc_row_inner][vc_row_inner][vc_column_inner width=&#8221;1\/5&#8243;][vc_single_image image=&#8221;3557&#8243; img_size=&#8221;full&#8221; alignment=&#8221;center&#8221; style=&#8221;vc_box_shadow_3d&#8221; onclick=&#8221;custom_link&#8221; img_link_target=&#8221;_blank&#8221; link=&#8221;https:\/\/www.feno.unam.mx\/index.php\/lic-en-enfermeria-y-obstetricia\/&#8221; el_class=&#8221;hvr-push&#8221;][\/vc_column_inner][vc_column_inner width=&#8221;1\/5&#8243;][vc_single_image image=&#8221;3556&#8243; img_size=&#8221;full&#8221; alignment=&#8221;center&#8221; style=&#8221;vc_box_shadow_3d&#8221; onclick=&#8221;custom_link&#8221; img_link_target=&#8221;_blank&#8221; link=&#8221;https:\/\/www.feno.unam.mx\/index.php\/licenciatura-en-enfermeria\/&#8221; el_class=&#8221;hvr-push&#8221;][\/vc_column_inner][vc_column_inner width=&#8221;1\/5&#8243;][vc_single_image image=&#8221;3559&#8243; img_size=&#8221;full&#8221; alignment=&#8221;center&#8221; style=&#8221;vc_box_shadow_3d&#8221; onclick=&#8221;custom_link&#8221; img_link_target=&#8221;_blank&#8221; link=&#8221;https:\/\/suayed.feno.unam.mx\/moodle\/inicio\/index.html&#8221; el_class=&#8221;hvr-push&#8221;][\/vc_column_inner][vc_column_inner width=&#8221;1\/5&#8243;][vc_single_image image=&#8221;3555&#8243; img_size=&#8221;full&#8221; alignment=&#8221;center&#8221; style=&#8221;vc_box_shadow_3d&#8221; onclick=&#8221;custom_link&#8221; img_link_target=&#8221;_blank&#8221; link=&#8221;https:\/\/feno.unam.mx\/especializaciones\/index.php\/oferta-academica\/&#8221; el_class=&#8221;hvr-push&#8221;][\/vc_column_inner][vc_column_inner width=&#8221;1\/5&#8243;][vc_single_image image=&#8221;3560&#8243; img_size=&#8221;full&#8221; alignment=&#8221;center&#8221; style=&#8221;vc_box_shadow_3d&#8221; onclick=&#8221;custom_link&#8221; img_link_target=&#8221;_blank&#8221; link=&#8221;https:\/\/www.feno.unam.mx\/index.php\/maestria\/maestria-y-doctorado\/&#8221; el_class=&#8221;hvr-push&#8221;][\/vc_column_inner][\/vc_row_inner][vc_row_inner][vc_column_inner][vc_empty_space][\/vc_column_inner][\/vc_row_inner][\/vc_column][\/vc_row][vc_row][vc_column][vc_column_text]<\/p>\n<h2 style=\"text-align: center;\">#Somos FENO<\/h2>\n<p>[\/vc_column_text][vc_raw_html]JTNDdmlkZW8lMjB3aWR0aCUzRCUyMjEwMCUyNSUyMiUyMGhlaWdodCUzRCUyMmF1dG8lMjIlMjBzdHlsZSUzRCUyMmRpc3BsYXklM0FibG9jayUzQiUyMG1hcmdpbiUzQWF1dG8lM0IlMjIlMjBjb250cm9scyUzRCUyMmNvbnRyb2xzJTIyJTIwJTNFJTBBJTIwJTIwJTNDc291cmNlJTIwc3JjJTNEJTIyaHR0cHMlM0ElMkYlMkZ3ZWIuZW5lby51bmFtLm14JTJGbm92ZWRhZGVzJTJGMjAyMyUyRnZpZGVvc0ZFTk8lMkZWaWRlb0ZFTk8ubXA0JTIyJTIwdHlwZSUzRCUyMnZpZGVvJTJGbXA0JTIyJTNFJTBBJTIwJTIwWW91ciUyMGJyb3dzZXIlMjBkb2VzJTIwbm90JTIwc3VwcG9ydCUyMHRoZSUyMHZpZGVvJTIwdGFnLiUwQSUzQyUyRnZpZGVvJTNF[\/vc_raw_html][\/vc_column][\/vc_row][vc_row][vc_column][vc_column_text]<\/p>\n<h2 style=\"text-align: center;\">Nuestras publicaciones<\/h2>\n<p>[\/vc_column_text][vc_row_inner][vc_column_inner width=&#8221;1\/3&#8243;][vc_single_image image=&#8221;3005&#8243; img_size=&#8221;full&#8221; style=&#8221;vc_box_shadow_3d&#8221; onclick=&#8221;custom_link&#8221; img_link_target=&#8221;_blank&#8221; link=&#8221;https:\/\/revista-enfermeria.unam.mx\/ojs\/index.php\/enfermeriauniversitaria&#8221; el_class=&#8221;hvr-push&#8221;][\/vc_column_inner][vc_column_inner width=&#8221;1\/3&#8243;][vc_single_image image=&#8221;3466&#8243; img_size=&#8221;full&#8221; style=&#8221;vc_box_shadow_3d&#8221; onclick=&#8221;custom_link&#8221; img_link_target=&#8221;_blank&#8221; link=&#8221;https:\/\/web.eneo.unam.mx\/index.php\/publicaciones\/gaceta-de-la-facultad-de-enfermeria-y-obstetricia\/&#8221; el_class=&#8221;hvr-push&#8221;][\/vc_column_inner][vc_column_inner width=&#8221;1\/3&#8243;][vc_single_image image=&#8221;3007&#8243; img_size=&#8221;full&#8221; style=&#8221;vc_box_shadow_3d&#8221; onclick=&#8221;custom_link&#8221; img_link_target=&#8221;_blank&#8221; link=&#8221;https:\/\/www.feno.unam.mx\/index.php\/publicaciones\/&#8221; el_class=&#8221;hvr-push&#8221;][\/vc_column_inner][vc_column_inner][\/vc_column_inner][\/vc_row_inner][vc_column_text]<\/p>\n<h2 style=\"text-align: center;\">Ub\u00edcanos<\/h2>\n<p>[\/vc_column_text][vc_column_text]<\/p>\n<p style=\"font-size: 16px; font-family: Roboto; text-align: center;\">Camino Viejo a Xochimilco y Viaducto Tlalpan s\/n Col. San Lorenzo Huipulco, Tlalpan, Ciudad de M\u00e9xico. C. P. 14370.<\/p>\n<p style=\"font-size: 20px; font-family: Roboto; text-align: center;\">Tel\u00e9fonos: 55 5573 1995 | 55 5655 3181 | 55 5655 2332 | 55 5655 1342<\/p>\n<p>[\/vc_column_text][vc_gmaps link=&#8221;#E-8_JTNDaWZyYW1lJTIwc3JjJTNEJTIyaHR0cHMlM0ElMkYlMkZ3d3cuZ29vZ2xlLmNvbSUyRm1hcHMlMkZlbWJlZCUzRnBiJTNEJTIxMW0xNCUyMTFtOCUyMTFtMyUyMTFkNDk2NC41NDQ5MDc1OTU5NjQlMjEyZC05OS4xNTIwODQ5MzM4OTUwOCUyMTNkMTkuMjkxMTEyNzAzNTAyMiUyMTNtMiUyMTFpMTAyNCUyMTJpNzY4JTIxNGYxMy4xJTIxM20zJTIxMW0yJTIxMXMweDg1Y2UwMzUwZDI0N2IxMmYlMjUzQTB4OGZhNThhYmYwMTUwOGE0YyUyMTJzRXNjdWVsYSUyNTIwTmFjaW9uYWwlMjUyMGRlJTI1MjBFbmZlcm1lciUyNUMzJTI1QURhJTI1MjB5JTI1MjBPYnN0ZXRyaWNpYSUyNTIwVU5BTSUyMTVlMCUyMTNtMiUyMTFzZXMtNDE5JTIxMnNteCUyMTR2MTYzMDM5MTE1MTUyMyUyMTVtMiUyMTFzZXMtNDE5JTIxMnNteCUyMiUyMHdpZHRoJTNEJTIyNjAwJTIyJTIwaGVpZ2h0JTNEJTIyNDUwJTIyJTIwc3R5bGUlM0QlMjJib3JkZXIlM0EwJTNCJTIyJTIwYWxsb3dmdWxsc2NyZWVuJTNEJTIyJTIyJTIwbG9hZGluZyUzRCUyMmxhenklMjIlM0UlM0MlMkZpZnJhbWUlM0U=&#8221;][\/vc_column][\/vc_row][vc_row][vc_column][vc_column_text]<\/p>\n<h2 style=\"text-align: center;\">Sitios de inter\u00e9s<\/h2>\n<p>[\/vc_column_text][\/vc_column][\/vc_row][vc_row][vc_column width=&#8221;1\/4&#8243;][vc_single_image image=&#8221;3120&#8243; img_size=&#8221;medium&#8221; onclick=&#8221;custom_link&#8221; img_link_target=&#8221;_blank&#8221; link=&#8221;https:\/\/www.unam.mx\/&#8221; el_class=&#8221;hvr-push&#8221;][\/vc_column][vc_column width=&#8221;1\/4&#8243;][vc_single_image image=&#8221;3118&#8243; img_size=&#8221;medium&#8221; onclick=&#8221;custom_link&#8221; img_link_target=&#8221;_blank&#8221; link=&#8221;https:\/\/www.becarios.unam.mx\/Portal2018\/&#8221; el_class=&#8221;hvr-push&#8221;][\/vc_column][vc_column width=&#8221;1\/4&#8243;][vc_single_image image=&#8221;3117&#8243; img_size=&#8221;medium&#8221; onclick=&#8221;custom_link&#8221; img_link_target=&#8221;_blank&#8221; link=&#8221;https:\/\/www.defensoria.unam.mx\/&#8221; el_class=&#8221;hvr-push&#8221;][\/vc_column][vc_column width=&#8221;1\/4&#8243;][vc_single_image image=&#8221;3119&#8243; img_size=&#8221;medium&#8221; onclick=&#8221;custom_link&#8221; img_link_target=&#8221;_blank&#8221; link=&#8221;https:\/\/comunidad.cultura.unam.mx\/puntos\/&#8221; el_class=&#8221;hvr-push&#8221;][\/vc_column][\/vc_row][vc_row][vc_column][vc_empty_space][vc_column_text]<\/p>\n<h2 style=\"text-align: center;\">Centro Universitario de Enfermer\u00eda Comunitaria (CUEC)<\/h2>\n<p>[\/vc_column_text][vc_row_inner content_placement=&#8221;middle&#8221;][vc_column_inner width=&#8221;1\/6&#8243;][\/vc_column_inner][vc_column_inner width=&#8221;2\/3&#8243;][vc_single_image image=&#8221;3379&#8243; img_size=&#8221;full&#8221; onclick=&#8221;custom_link&#8221; img_link_target=&#8221;_blank&#8221; link=&#8221;https:\/\/www.feno.unam.mx\/index.php\/cuec\/&#8221;][\/vc_column_inner][vc_column_inner width=&#8221;1\/6&#8243;][\/vc_column_inner][\/vc_row_inner][vc_empty_space height=&#8221;50px&#8221;][\/vc_column][\/vc_row]<\/p>\n","protected":false},"excerpt":{"rendered":"<p>[vc_row][vc_column][vc_single_image image=&#8221;3547&#8243; img_size=&#8221;full&#8221; alignment=&#8221;center&#8221; style=&#8221;vc_box_shadow_3d&#8221; css_animation=&#8221;fadeInLeft&#8221;][vc_column_text] [\/vc_column_text][vc_row_inner][vc_column_inner][\/vc_column_inner][\/vc_row_inner][vc_row_inner][vc_column_inner][vc_column_text] Conoce la Facultad de Enfermer\u00eda y Obstetricia, la mejor opci\u00f3n para la formaci\u00f3n de profesionales de enfermer\u00eda [\/vc_column_text][vc_empty_space &hellip; <\/p>\n","protected":false},"author":1,"featured_media":0,"parent":0,"menu_order":0,"comment_status":"closed","ping_status":"closed","template":"","meta":{"footnotes":""},"class_list":["post-1704","page","type-page","status-publish","hentry","latest_post"],"_links":{"self":[{"href":"https:\/\/www.feno.unam.mx\/orienta\/index.php\/wp-json\/wp\/v2\/pages\/1704","targetHints":{"allow":["GET"]}}],"collection":[{"href":"https:\/\/www.feno.unam.mx\/orienta\/index.php\/wp-json\/wp\/v2\/pages"}],"about":[{"href":"https:\/\/www.feno.unam.mx\/orienta\/index.php\/wp-json\/wp\/v2\/types\/page"}],"author":[{"embeddable":true,"href":"https:\/\/www.feno.unam.mx\/orienta\/index.php\/wp-json\/wp\/v2\/users\/1"}],"replies":[{"embeddable":true,"href":"https:\/\/www.feno.unam.mx\/orienta\/index.php\/wp-json\/wp\/v2\/comments?post=1704"}],"version-history":[{"count":319,"href":"https:\/\/www.feno.unam.mx\/orienta\/index.php\/wp-json\/wp\/v2\/pages\/1704\/revisions"}],"predecessor-version":[{"id":3561,"href":"https:\/\/www.feno.unam.mx\/orienta\/index.php\/wp-json\/wp\/v2\/pages\/1704\/revisions\/3561"}],"wp:attachment":[{"href":"https:\/\/www.feno.unam.mx\/orienta\/index.php\/wp-json\/wp\/v2\/media?parent=1704"}],"curies":[{"name":"wp","href":"https:\/\/api.w.org\/{rel}","templated":true}]}}