{"id":845,"date":"2021-09-02T06:48:41","date_gmt":"2021-09-02T06:48:41","guid":{"rendered":"https:\/\/web.eneo.unam.mx\/?page_id=845"},"modified":"2026-02-27T22:52:31","modified_gmt":"2026-02-27T22:52:31","slug":"semblanza","status":"publish","type":"page","link":"https:\/\/www.feno.unam.mx\/index.php\/direccion\/semblanza\/","title":{"rendered":"Semblanza"},"content":{"rendered":"<p>[vc_section][vc_row][vc_column][vc_images_carousel images=&#8221;815,810,811,812,814&#8243; img_size=&#8221;1280&#215;300&#8243; onclick=&#8221;link_no&#8221; speed=&#8221;2000&#8243; autoplay=&#8221;yes&#8221; wrap=&#8221;yes&#8221;][vc_empty_space][\/vc_column][\/vc_row][vc_row][vc_column width=&#8221;1\/2&#8243;][vc_single_image image=&#8221;6387&#8243; alignment=&#8221;center&#8221; css_animation=&#8221;fadeInLeft&#8221;][\/vc_column][vc_column width=&#8221;1\/2&#8243;][vc_custom_heading text=&#8221;Mtra. Rosa Amarilis Z\u00e1rate Grajales&#8221; font_container=&#8221;tag:h3|text_align:left&#8221; google_fonts=&#8221;font_family:Roboto%3A100%2C100italic%2C300%2C300italic%2Cregular%2Citalic%2C500%2C500italic%2C700%2C700italic%2C900%2C900italic|font_style:400%20regular%3A400%3Anormal&#8221; css_animation=&#8221;fadeInRight&#8221;][vc_custom_heading text=&#8221;Directora de la Facultad de Enfermer\u00eda y Obstetricia&#8221; font_container=&#8221;tag:h6|text_align:left|color:%23777777&#8243; google_fonts=&#8221;font_family:Roboto%3A100%2C100italic%2C300%2C300italic%2Cregular%2Citalic%2C500%2C500italic%2C700%2C700italic%2C900%2C900italic|font_style:300%20light%20regular%3A300%3Anormal&#8221; css_animation=&#8221;fadeInRight&#8221;][\/vc_column][\/vc_row][\/vc_section][vc_row full_width=&#8221;stretch_row&#8221;][vc_column][vc_column_text]<\/p>\n<p style=\"text-align: justify; font-size: 18px; font-family: Roboto;\">Rosa Amarilis Z\u00e1rate Grajales. Es licenciada en Enfermer\u00eda y Obstetricia, egresada de la UNAM; licenciada en Administraci\u00f3n por la UAM, y especialista en Cuidados Intensivos por la Escuela de Enfermer\u00eda del ISSSTE.<\/p>\n<p style=\"text-align: justify; font-size: 18px; font-family: Roboto;\">Cuenta con estudios de maestr\u00eda en Investigaci\u00f3n y Desarrollo de la Educaci\u00f3n por la Universidad Iberoamericana (UIA), y estudios de doctorado en Administraci\u00f3n P\u00fablica por el Instituto de Estudios Superiores en Administraci\u00f3n P\u00fablica (IESAP-M\u00e9xico).<\/p>\n<p style=\"text-align: justify; font-size: 18px; font-family: Roboto;\">Es profesora asociada C de tiempo completo, definitiva. Tiene el est\u00edmulo PRIDE categor\u00eda C. Cuenta con una antig\u00fcedad acad\u00e9mica de 28 a\u00f1os en la UNAM. Imparte las asignaturas de Modelos de gesti\u00f3n y evaluaci\u00f3n de la calidad del cuidado y Evaluaci\u00f3n de Instituciones de salud en el programa de maestr\u00eda en Enfermer\u00eda.<\/p>\n<p style=\"text-align: justify; font-size: 18px; font-family: Roboto;\">Dentro de sus actividades acad\u00e9mico-administrativas en la UNAM, ha sido secretaria auxiliar de la direcci\u00f3n de la ENEO, jefa de la Divisi\u00f3n de Estudios de Posgrado e Investigaci\u00f3n (2004-2011),\u00a0 responsable del Centro Colaborador de la OMS\/OPS\/ENEO para el Desarrollo de la Enfermer\u00eda Profesional. Presidi\u00f3 la Red de Centros Colaboradores de OMS\/OPS\/ENEO 2014-2016 y fue coordinadora de investigaci\u00f3n de la ENEO de 2011 a enero de 2019.<\/p>\n<p style=\"text-align: justify; font-size: 18px; font-family: Roboto;\">Cuenta con cuatro libros publicados, seis cap\u00edtulos en libros y m\u00e1s de 28 art\u00edculos con arbitraje. Ha impartido m\u00e1s de 90 conferencias y ponencias en instituciones educativas y de salud, nacionales y extranjeras.<\/p>\n<p style=\"text-align: justify; font-size: 18px; font-family: Roboto;\">Entre sus reconocimientos recientes destacan el Premio a la mejor investigaci\u00f3n en el Primer Congreso Latinoamericano de Enfermer\u00eda hacia la Pr\u00e1ctica Avanzada: \u201cAn\u00e1lisis de los factores relacionados con la calidad y la seguridad de la atenci\u00f3n del paciente hospitalizado. Estudio multic\u00e9ntrico en M\u00e9xico\u201d, por la UAM Xochimilco; y reconocimiento como Profesor Visitante Distinguido por la Universidad de C\u00f3rdoba, Argentina, en diciembre de 2017.<\/p>\n<p style=\"text-align: justify; font-size: 18px; font-family: Roboto;\">Es directora de la ENEO a partir de febrero de 2019 e integrante de la Comisi\u00f3n de Equidad de G\u00e9nero del H. Consejo Universitario.<br \/>\nActualmente es directora de la FENO.<\/p>\n<p style=\"text-align: justify; font-size: 18px; font-family: Roboto;\">El 22 de mayo de 2025, la maestra Rosa Amarilis Z\u00e1rate Grajales, \u00a0recibi\u00f3 su <a href=\"https:\/\/www.feno.unam.mx\/wp-content\/uploads\/2025\/06\/MtraZarate-AcademiaNacionalDeMedicina-1.pdf\" target=\"_blank\" rel=\"noopener\">constancia de aceptaci\u00f3n<\/a> como socio numerario de la Academia Nacional de Medicina de M\u00e9xico (ANMM), siendo la primera enfermera en lograr este importante reconocimiento acad\u00e9mico.<\/p>\n<p>[\/vc_column_text][\/vc_column][\/vc_row][vc_section][vc_row][vc_column width=&#8221;1\/5&#8243;][vc_single_image image=&#8221;847&#8243; img_size=&#8221;medium&#8221; onclick=&#8221;custom_link&#8221; css_animation=&#8221;fadeInRight&#8221; link=&#8221;https:\/\/feno.unam.mx\/index.php\/direccion\/&#8221;][\/vc_column][vc_column width=&#8221;1\/5&#8243;][vc_single_image image=&#8221;825&#8243; img_size=&#8221;medium&#8221; onclick=&#8221;custom_link&#8221; css_animation=&#8221;fadeInRight&#8221; link=&#8221;https:\/\/feno.unam.mx\/index.php\/direccion\/semblanza&#8221;][\/vc_column][vc_column width=&#8221;1\/5&#8243;][vc_single_image image=&#8221;823&#8243; img_size=&#8221;medium&#8221; onclick=&#8221;custom_link&#8221; css_animation=&#8221;fadeInRight&#8221; link=&#8221;https:\/\/feno.unam.mx\/index.php\/direccion\/informes\/&#8221;][\/vc_column][vc_column width=&#8221;1\/5&#8243;][vc_single_image image=&#8221;824&#8243; img_size=&#8221;medium&#8221; onclick=&#8221;custom_link&#8221; css_animation=&#8221;fadeInRight&#8221; link=&#8221;https:\/\/feno.unam.mx\/index.php\/direccion\/mensajes-y-entrevistas\/&#8221;][\/vc_column][vc_column width=&#8221;1\/5&#8243;][vc_single_image image=&#8221;826&#8243; img_size=&#8221;medium&#8221; onclick=&#8221;custom_link&#8221; css_animation=&#8221;fadeInRight&#8221; link=&#8221;https:\/\/feno.unam.mx\/index.php\/direccion\/videos-2\/&#8221;][\/vc_column][\/vc_row][\/vc_section]<\/p>\n","protected":false},"excerpt":{"rendered":"<p>[vc_section][vc_row][vc_column][vc_images_carousel images=&#8221;815,810,811,812,814&#8243; img_size=&#8221;1280&#215;300&#8243; onclick=&#8221;link_no&#8221; speed=&#8221;2000&#8243; autoplay=&#8221;yes&#8221; wrap=&#8221;yes&#8221;][vc_empty_space][\/vc_column][\/vc_row][vc_row][vc_column width=&#8221;1\/2&#8243;][vc_single_image image=&#8221;6387&#8243; alignment=&#8221;center&#8221; css_animation=&#8221;fadeInLeft&#8221;][\/vc_column][vc_column width=&#8221;1\/2&#8243;][vc_custom_heading text=&#8221;Mtra. Rosa Amarilis Z\u00e1rate Grajales&#8221; font_container=&#8221;tag:h3|text_align:left&#8221; google_fonts=&#8221;font_family:Roboto%3A100%2C100italic%2C300%2C300italic%2Cregular%2Citalic%2C500%2C500italic%2C700%2C700italic%2C900%2C900italic|font_style:400%20regular%3A400%3Anormal&#8221; css_animation=&#8221;fadeInRight&#8221;][vc_custom_heading text=&#8221;Directora de la Facultad de &hellip; <\/p>\n","protected":false},"author":1,"featured_media":0,"parent":501,"menu_order":0,"comment_status":"closed","ping_status":"closed","template":"","meta":{"footnotes":""},"class_list":["post-845","page","type-page","status-publish","hentry","latest_post"],"aioseo_notices":[],"publishpress_future_action":{"enabled":false,"date":"2026-05-15 13:59:28","action":"change-status","newStatus":"draft","terms":[],"taxonomy":"","extraData":[]},"publishpress_future_workflow_manual_trigger":{"enabledWorkflows":[]},"_links":{"self":[{"href":"https:\/\/www.feno.unam.mx\/index.php\/wp-json\/wp\/v2\/pages\/845","targetHints":{"allow":["GET"]}}],"collection":[{"href":"https:\/\/www.feno.unam.mx\/index.php\/wp-json\/wp\/v2\/pages"}],"about":[{"href":"https:\/\/www.feno.unam.mx\/index.php\/wp-json\/wp\/v2\/types\/page"}],"author":[{"embeddable":true,"href":"https:\/\/www.feno.unam.mx\/index.php\/wp-json\/wp\/v2\/users\/1"}],"replies":[{"embeddable":true,"href":"https:\/\/www.feno.unam.mx\/index.php\/wp-json\/wp\/v2\/comments?post=845"}],"version-history":[{"count":27,"href":"https:\/\/www.feno.unam.mx\/index.php\/wp-json\/wp\/v2\/pages\/845\/revisions"}],"predecessor-version":[{"id":16509,"href":"https:\/\/www.feno.unam.mx\/index.php\/wp-json\/wp\/v2\/pages\/845\/revisions\/16509"}],"up":[{"embeddable":true,"href":"https:\/\/www.feno.unam.mx\/index.php\/wp-json\/wp\/v2\/pages\/501"}],"wp:attachment":[{"href":"https:\/\/www.feno.unam.mx\/index.php\/wp-json\/wp\/v2\/media?parent=845"}],"curies":[{"name":"wp","href":"https:\/\/api.w.org\/{rel}","templated":true}]}}