{"id":776,"date":"2021-09-02T04:33:15","date_gmt":"2021-09-02T04:33:15","guid":{"rendered":"https:\/\/web.eneo.unam.mx\/?page_id=776"},"modified":"2025-11-26T19:02:11","modified_gmt":"2025-11-26T19:02:11","slug":"especialidades","status":"publish","type":"page","link":"https:\/\/www.feno.unam.mx\/index.php\/especialidades\/","title":{"rendered":"Especializaciones (tambi\u00e9n conocidas como especialidades)"},"content":{"rendered":"<p>[vc_section][vc_row][vc_column][vc_images_carousel images=&#8221;781,784,783,782&#8243; img_size=&#8221;full&#8221; onclick=&#8221;link_no&#8221; mode=&#8221;vertical&#8221; speed=&#8221;3000&#8243; autoplay=&#8221;yes&#8221; wrap=&#8221;yes&#8221; css_animation=&#8221;none&#8221;][vc_custom_heading text=&#8221;Programa \u00danico de Especializaciones en Enfermer\u00eda&#8221; font_container=&#8221;tag:h2|text_align:center&#8221; google_fonts=&#8221;font_family:Roboto%3A100%2C100italic%2C300%2C300italic%2Cregular%2Citalic%2C500%2C500italic%2C700%2C700italic%2C900%2C900italic|font_style:400%20regular%3A400%3Anormal&#8221; css_animation=&#8221;fadeInDown&#8221;][vc_column_text]<\/p>\n<h5>Antecedentes y objetivo Especializaciones (tambi\u00e9n conocidas como especialidades)<\/h5>\n<p>Los estudios de posgrado en el nivel de especializaci\u00f3n son considerados un proyecto profesional que hace viable complementar y enriquecer la formaci\u00f3n, favoreciendo el crecimiento vertical de los profesionales; ofrece a las enfermeras, una amplia gama de programas que respondan a sus intereses y necesidades laborales, incluyendo propuestas acad\u00e9micas acordes a las necesidades sociales. La FENO a trav\u00e9s de la Divisi\u00f3n de Estudios de Posgrado ha tenido la misi\u00f3n de crear y consolidar los estudios de posgrado que favorezcan el avance disciplinario y profesional de la Enfermer\u00eda.<\/p>\n<p>El Programa \u00fanico de Especializaciones en Enfermer\u00eda en Enfermer\u00eda (PUEE) se integra por 16 planes de estudio de especialidad correspondientes a los campos de conocimiento por orientaci\u00f3n. Cada uno de \u00e9stos est\u00e1 conformado por 10 actividades acad\u00e9micas, de las cuales el alumno debe cursar cinco por semestre. Se trata de planes de estudio con un 78% de carga acad\u00e9mica pr\u00e1ctica, en la que los alumnos se enfrentar\u00e1n a situaciones reales sobre las que deber\u00e1n intervenir en su soluci\u00f3n, donde adem\u00e1s tendr\u00e1n la posibilidad de desarrollar y ejercitar las diversas habilidades y utilizar los conocimientos necesarios para otorgar cuidado especializado.<\/p>\n<h6>Objetivo<\/h6>\n<p>Formar enfermeras especialistas que interactuando con el equipo multiprofesional de salud, sean capaces de desarrollar una pr\u00e1ctica de alta calidad para responder a las demandas de atenci\u00f3n especializada de enfermer\u00eda que presenta la poblaci\u00f3n del pa\u00eds.<\/p>\n<p style=\"text-align: right;\"><span style=\"color: #000080;\"><em>Palabras relacionadas Especialidades, especializaciones, posgrado<\/em><\/span><\/p>\n<p>[\/vc_column_text][vc_btn title=&#8221;Ir a web especializaciones&#8221; color=&#8221;primary&#8221; size=&#8221;lg&#8221; align=&#8221;center&#8221; button_block=&#8221;true&#8221; link=&#8221;url:https%3A%2F%2Ffeno.unam.mx%2Fespecializaciones%2F||target:%20_blank|&#8221;][\/vc_column][\/vc_row][vc_row content_placement=&#8221;bottom&#8221; css_animation=&#8221;fadeInDown&#8221;][vc_column][vc_empty_space height=&#8221;60px&#8221;][vc_empty_space][\/vc_column][\/vc_row][\/vc_section][vc_section][\/vc_section]<\/p>\n","protected":false},"excerpt":{"rendered":"<p>[vc_section][vc_row][vc_column][vc_images_carousel images=&#8221;781,784,783,782&#8243; img_size=&#8221;full&#8221; onclick=&#8221;link_no&#8221; mode=&#8221;vertical&#8221; speed=&#8221;3000&#8243; autoplay=&#8221;yes&#8221; wrap=&#8221;yes&#8221; css_animation=&#8221;none&#8221;][vc_custom_heading text=&#8221;Programa \u00danico de Especializaciones en Enfermer\u00eda&#8221; font_container=&#8221;tag:h2|text_align:center&#8221; google_fonts=&#8221;font_family:Roboto%3A100%2C100italic%2C300%2C300italic%2Cregular%2Citalic%2C500%2C500italic%2C700%2C700italic%2C900%2C900italic|font_style:400%20regular%3A400%3Anormal&#8221; css_animation=&#8221;fadeInDown&#8221;][vc_column_text] Antecedentes y objetivo Especializaciones (tambi\u00e9n conocidas como &hellip; <\/p>\n","protected":false},"author":1,"featured_media":0,"parent":0,"menu_order":0,"comment_status":"closed","ping_status":"closed","template":"","meta":{"footnotes":""},"class_list":["post-776","page","type-page","status-publish","hentry","latest_post"],"aioseo_notices":[],"publishpress_future_action":{"enabled":false,"date":"2026-04-21 19:30:01","action":"change-status","newStatus":"draft","terms":[],"taxonomy":"","extraData":[]},"publishpress_future_workflow_manual_trigger":{"enabledWorkflows":[]},"_links":{"self":[{"href":"https:\/\/www.feno.unam.mx\/index.php\/wp-json\/wp\/v2\/pages\/776","targetHints":{"allow":["GET"]}}],"collection":[{"href":"https:\/\/www.feno.unam.mx\/index.php\/wp-json\/wp\/v2\/pages"}],"about":[{"href":"https:\/\/www.feno.unam.mx\/index.php\/wp-json\/wp\/v2\/types\/page"}],"author":[{"embeddable":true,"href":"https:\/\/www.feno.unam.mx\/index.php\/wp-json\/wp\/v2\/users\/1"}],"replies":[{"embeddable":true,"href":"https:\/\/www.feno.unam.mx\/index.php\/wp-json\/wp\/v2\/comments?post=776"}],"version-history":[{"count":53,"href":"https:\/\/www.feno.unam.mx\/index.php\/wp-json\/wp\/v2\/pages\/776\/revisions"}],"predecessor-version":[{"id":16188,"href":"https:\/\/www.feno.unam.mx\/index.php\/wp-json\/wp\/v2\/pages\/776\/revisions\/16188"}],"wp:attachment":[{"href":"https:\/\/www.feno.unam.mx\/index.php\/wp-json\/wp\/v2\/media?parent=776"}],"curies":[{"name":"wp","href":"https:\/\/api.w.org\/{rel}","templated":true}]}}