{"id":7061,"date":"2022-08-01T15:26:19","date_gmt":"2022-08-01T15:26:19","guid":{"rendered":"https:\/\/web.eneo.unam.mx\/?page_id=7061"},"modified":"2026-01-30T15:45:33","modified_gmt":"2026-01-30T15:45:33","slug":"kardexlaboratorios","status":"publish","type":"page","link":"https:\/\/www.feno.unam.mx\/index.php\/kardexlaboratorios\/","title":{"rendered":"Kardex de pr\u00e1cticas de los laboratorios"},"content":{"rendered":"<p>[vc_section][vc_row][vc_column][vc_images_carousel images=&#8221;5217,5218,5219,5220,5221,5222,5223&#8243; img_size=&#8221;full&#8221; onclick=&#8221;link_no&#8221; mode=&#8221;vertical&#8221; speed=&#8221;3000&#8243; autoplay=&#8221;yes&#8221; wrap=&#8221;yes&#8221; css_animation=&#8221;fadeIn&#8221;][\/vc_column][\/vc_row][\/vc_section][vc_section][vc_row][vc_column][vc_custom_heading text=&#8221;Kardex de pr\u00e1cticas de los laboratorios en el Centro de Ense\u00f1anza Cl\u00ednica Avanzada&#8221; font_container=&#8221;tag:h3|text_align:center&#8221; google_fonts=&#8221;font_family:Roboto%3A100%2C100italic%2C300%2C300italic%2Cregular%2Citalic%2C500%2C500italic%2C700%2C700italic%2C900%2C900italic|font_style:400%20regular%3A400%3Anormal&#8221;][vc_empty_space][\/vc_column][\/vc_row][vc_row][vc_column][vc_column_text]El Kardex es un documento donde se especifican las pr\u00e1cticas de laboratorio de cada asignatura.<br \/>\nLa informaci\u00f3n que contiene es:<\/p>\n<ul>\n<li>Centro de ense\u00f1anza donde se llevan a cabo las pr\u00e1cticas: CECA o CECByS.<\/li>\n<li>La asignatura que le corresponde.<\/li>\n<li>\u00a0El reglamento para realizar las pr\u00e1cticas.<\/li>\n<li>La lista de pr\u00e1cticas donde especifica:<br \/>\na) El \u00e1rea donde se lleva a cabo la pr\u00e1ctica<br \/>\nb) Nombre de pr\u00e1ctica<br \/>\nc) Un apartado para firma o sello. Estos se colocan una vez realizada la pr\u00e1ctica.<\/li>\n<\/ul>\n<p>Hay que imprimir, colocar la foto y firmar, y se debe llevar el kardex el d\u00eda que se realizan las pr\u00e1cticas.[\/vc_column_text][\/vc_column][\/vc_row][vc_row][vc_column width=&#8221;1\/2&#8243;][vc_tta_accordion active_section=&#8221;enter non-existing number&#8221; collapsible_all=&#8221;true&#8221;][vc_tta_section title=&#8221;KARDEX LEO&#8221; tab_id=&#8221;1659368128976-8ebf7340-dcfe&#8221;][vc_column_text]<\/p>\n<ul>\n<li><a href=\"https:\/\/www.feno.unam.mx\/wp-content\/uploads\/2026\/01\/CARDEX-LEO-2-Sem-Anatomia-y-Fisiologia-II.pdf\" target=\"_blank\" rel=\"noopener\">2 Sem. Anatom\u00eda y Fisiolog\u00eda II<\/a><\/li>\n<li><a href=\"https:\/\/www.feno.unam.mx\/wp-content\/uploads\/2026\/01\/CARDEX-LEO-2-Sem-Fundamentos-de-Enf.-II.pdf\" target=\"_blank\" rel=\"noopener\">2 Sem. Fundamentos de Enfermer\u00eda<\/a><\/li>\n<li><a href=\"https:\/\/www.feno.unam.mx\/wp-content\/uploads\/2026\/01\/CARDEX-LEO-2-Sem-Determinantes-ambientales.pdf\" target=\"_blank\" rel=\"noopener\">2 Sem. Determinantes Ambientales<\/a><\/li>\n<li><a href=\"https:\/\/www.feno.unam.mx\/wp-content\/uploads\/2026\/01\/CARDEX-LEO-4-Sem-Farmacologia-Clinica.pdf\" target=\"_blank\" rel=\"noopener\">4 Sem. Farmacolog\u00eda Cl\u00ednica<\/a><\/li>\n<li><a href=\"https:\/\/www.feno.unam.mx\/wp-content\/uploads\/2026\/01\/CARDEX-LEO-4-Sem-Cuidado-integral-ninez-y-adoles.pdf\" target=\"_blank\" rel=\"noopener\">4 Sem. Cuidado Integral Ni\u00f1ez y Adoles.<\/a><\/li>\n<li><a href=\"https:\/\/www.feno.unam.mx\/wp-content\/uploads\/2026\/01\/CARDEX-LEO-6-Sem-Cuidado-integral-Gestacion-II.pdf\" target=\"_blank\" rel=\"noopener\">6 Sem. Cuidado Integral Gestaci\u00f3n II<\/a><\/li>\n<li><a href=\"https:\/\/www.feno.unam.mx\/wp-content\/uploads\/2026\/01\/CARDEX-LEO-6-Sem-Farmacologia-Obstetrica.pdf\" target=\"_blank\" rel=\"noopener\">6 Sem. Farmacolog\u00eda Obst\u00e9trica<\/a><\/li>\n<li><a href=\"https:\/\/www.feno.unam.mx\/wp-content\/uploads\/2026\/01\/CARDEX-LEO-8-Sem-Cuidado-integral-Parto-y-Puerp-II.pdf\" target=\"_blank\" rel=\"noopener\">8 Sem. Cuidado Integral Parto y Puerp. II<\/a><\/li>\n<li><a href=\"https:\/\/www.feno.unam.mx\/wp-content\/uploads\/2026\/01\/CARDEX-LEO-8-Sem-Emergencias-obstetricas.pdf\" target=\"_blank\" rel=\"noopener\">8 Sem. Emergencias Obst\u00e9tricas<\/a><\/li>\n<\/ul>\n<p>[\/vc_column_text][\/vc_tta_section][\/vc_tta_accordion][vc_single_image image=&#8221;7066&#8243; img_size=&#8221;full&#8221; alignment=&#8221;center&#8221;][\/vc_column][vc_column width=&#8221;1\/2&#8243;][vc_tta_accordion active_section=&#8221;enter non-existing number&#8221; collapsible_all=&#8221;true&#8221;][vc_tta_section title=&#8221;KARDEX LE&#8221; tab_id=&#8221;1659369040137-e7307cac-5a01&#8243;][vc_column_text]<\/p>\n<ul>\n<li><a href=\"https:\/\/www.feno.unam.mx\/wp-content\/uploads\/2026\/01\/CARDEX-LE-2-Sem-Procesos-Biofisio-II.pdf\" target=\"_blank\" rel=\"noopener\">2 Sem. Procesos Biofisio. II<\/a><\/li>\n<li><a href=\"https:\/\/www.feno.unam.mx\/wp-content\/uploads\/2026\/01\/CARDEX-LE-2-Sem-Tecnologias-del-cuidado.pdf\" target=\"_blank\" rel=\"noopener\">2 Sem. Tecnolog\u00edas del Cuidado<\/a><\/li>\n<li><a href=\"https:\/\/www.feno.unam.mx\/wp-content\/uploads\/2026\/01\/CARDEX-LE-4-Sem-Enfermeria-materno-neonatal.pdf\" target=\"_blank\" rel=\"noopener\">4 Sem. Enfermer\u00eda Materno Neonatal<\/a><\/li>\n<li><a href=\"https:\/\/www.feno.unam.mx\/wp-content\/uploads\/2026\/01\/CARDEX-LE-6-Sem-Enfermeria-de-la-adultez.pdf\" target=\"_blank\" rel=\"noopener\">6 Sem. Enfermer\u00eda de la Adultez<\/a><\/li>\n<li><a href=\"https:\/\/www.feno.unam.mx\/wp-content\/uploads\/2026\/01\/CARDEX-LE-optativa-Alimentacion-nutricion-y-dietetica.pdf\" target=\"_blank\" rel=\"noopener\">Optativa Alimentaci\u00f3n, Nutrici\u00f3n y Diet\u00e9tica<\/a><\/li>\n<li><a href=\"https:\/\/www.feno.unam.mx\/wp-content\/uploads\/2026\/01\/CARDEX-LE-optativa-Atencion-nutricional-adulto.pdf\" target=\"_blank\" rel=\"noopener\">Optativa Atenci\u00f3n Nutricional Adulto<\/a><\/li>\n<\/ul>\n<p>[\/vc_column_text][\/vc_tta_section][\/vc_tta_accordion][vc_single_image image=&#8221;7065&#8243; img_size=&#8221;full&#8221; alignment=&#8221;center&#8221;][\/vc_column][vc_column][vc_empty_space][\/vc_column][\/vc_row][vc_row][vc_column width=&#8221;1\/2&#8243;][vc_column_text]<\/p>\n<ul>\n<li>\n<p style=\"text-align: justify; font-size: 18px; font-family: Roboto;\">Horario: 7:00 a 21:00 hrs<\/p>\n<\/li>\n<li>\n<p style=\"text-align: justify; font-size: 18px; font-family: Roboto;\">Ubicaci\u00f3n: Primer piso del edificio A.<\/p>\n<\/li>\n<li>\n<p style=\"text-align: justify; font-size: 18px; font-family: Roboto;\">Tel\u00e9fono: 56 55 13 42,\u00a056 55 31 81, ext. 244<\/p>\n<\/li>\n<li>\n<p style=\"text-align: justify; font-size: 18px; font-family: Roboto;\">Correo:\u00a0<a href=\"mailto:cecaeneounam@gmail.com\"><span class=\"s2\">cecaeneounam@gmail.com<\/span><\/a><\/p>\n<\/li>\n<li>\n<p style=\"text-align: justify; font-size: 18px; font-family: Roboto;\">\u00c1rea de adscripci\u00f3n: Divisi\u00f3n de Estudios Profesionales<\/p>\n<\/li>\n<\/ul>\n<p>[\/vc_column_text][\/vc_column][vc_column width=&#8221;1\/2&#8243;][vc_column_text]<\/p>\n<p class=\"p1\"><img loading=\"lazy\" decoding=\"async\" class=\" wp-image-2067 alignleft\" src=\"https:\/\/web.eneo.unam.mx\/wp-content\/uploads\/2021\/09\/Catalina-Intriago.jpeg\" alt=\"\" width=\"150\" height=\"150\" srcset=\"https:\/\/www.feno.unam.mx\/wp-content\/uploads\/2021\/09\/Catalina-Intriago.jpeg 249w, https:\/\/www.feno.unam.mx\/wp-content\/uploads\/2021\/09\/Catalina-Intriago-150x150.jpeg 150w, https:\/\/www.feno.unam.mx\/wp-content\/uploads\/2021\/09\/Catalina-Intriago-60x60.jpeg 60w\" sizes=\"auto, (max-width: 150px) 100vw, 150px\" \/><\/p>\n<p class=\"p1\">Mtra. Catalina Intriago Ruiz<\/p>\n<p class=\"p2\">Responsable<\/p>\n<p>[\/vc_column_text][\/vc_column][\/vc_row][vc_row][vc_column][vc_empty_space][vc_video link=&#8221;https:\/\/youtu.be\/EENv-euzisk&#8221;][vc_empty_space][\/vc_column][\/vc_row][\/vc_section][vc_row][vc_column][vc_empty_space height=&#8221;100px&#8221;][vc_single_image image=&#8221;5224&#8243; img_size=&#8221;1300&#215;300&#8243; alignment=&#8221;center&#8221;][\/vc_column][\/vc_row][vc_row][vc_column][vc_column_text]<\/p>\n<p>[\/vc_column_text][\/vc_column][\/vc_row]<\/p>\n","protected":false},"excerpt":{"rendered":"<p>[vc_section][vc_row][vc_column][vc_images_carousel images=&#8221;5217,5218,5219,5220,5221,5222,5223&#8243; img_size=&#8221;full&#8221; onclick=&#8221;link_no&#8221; mode=&#8221;vertical&#8221; speed=&#8221;3000&#8243; autoplay=&#8221;yes&#8221; wrap=&#8221;yes&#8221; css_animation=&#8221;fadeIn&#8221;][\/vc_column][\/vc_row][\/vc_section][vc_section][vc_row][vc_column][vc_custom_heading text=&#8221;Kardex de pr\u00e1cticas de los laboratorios en el Centro de Ense\u00f1anza Cl\u00ednica Avanzada&#8221; font_container=&#8221;tag:h3|text_align:center&#8221; google_fonts=&#8221;font_family:Roboto%3A100%2C100italic%2C300%2C300italic%2Cregular%2Citalic%2C500%2C500italic%2C700%2C700italic%2C900%2C900italic|font_style:400%20regular%3A400%3Anormal&#8221;][vc_empty_space][\/vc_column][\/vc_row][vc_row][vc_column][vc_column_text]El Kardex &hellip; <\/p>\n","protected":false},"author":1,"featured_media":0,"parent":0,"menu_order":0,"comment_status":"closed","ping_status":"closed","template":"","meta":{"footnotes":""},"class_list":["post-7061","page","type-page","status-publish","hentry","latest_post"],"aioseo_notices":[],"publishpress_future_action":{"enabled":false,"date":"2026-05-13 22:35:27","action":"change-status","newStatus":"draft","terms":[],"taxonomy":"","extraData":[]},"publishpress_future_workflow_manual_trigger":{"enabledWorkflows":[]},"_links":{"self":[{"href":"https:\/\/www.feno.unam.mx\/index.php\/wp-json\/wp\/v2\/pages\/7061","targetHints":{"allow":["GET"]}}],"collection":[{"href":"https:\/\/www.feno.unam.mx\/index.php\/wp-json\/wp\/v2\/pages"}],"about":[{"href":"https:\/\/www.feno.unam.mx\/index.php\/wp-json\/wp\/v2\/types\/page"}],"author":[{"embeddable":true,"href":"https:\/\/www.feno.unam.mx\/index.php\/wp-json\/wp\/v2\/users\/1"}],"replies":[{"embeddable":true,"href":"https:\/\/www.feno.unam.mx\/index.php\/wp-json\/wp\/v2\/comments?post=7061"}],"version-history":[{"count":51,"href":"https:\/\/www.feno.unam.mx\/index.php\/wp-json\/wp\/v2\/pages\/7061\/revisions"}],"predecessor-version":[{"id":16349,"href":"https:\/\/www.feno.unam.mx\/index.php\/wp-json\/wp\/v2\/pages\/7061\/revisions\/16349"}],"wp:attachment":[{"href":"https:\/\/www.feno.unam.mx\/index.php\/wp-json\/wp\/v2\/media?parent=7061"}],"curies":[{"name":"wp","href":"https:\/\/api.w.org\/{rel}","templated":true}]}}