{"id":6533,"date":"2022-05-03T20:38:41","date_gmt":"2022-05-03T20:38:41","guid":{"rendered":"https:\/\/web.eneo.unam.mx\/?page_id=6533"},"modified":"2026-03-24T15:33:43","modified_gmt":"2026-03-24T15:33:43","slug":"convocatorias-seaspa","status":"publish","type":"page","link":"https:\/\/www.feno.unam.mx\/index.php\/convocatorias-seaspa\/","title":{"rendered":"Convocatorias"},"content":{"rendered":"<p>[vc_row][vc_column width=&#8221;1\/3&#8243;][vc_column_text css=&#8221;.vc_custom_1754955790795{margin-top: 0px !important;margin-bottom: 0px !important;}&#8221;]COA Concurso de Oposici\u00f3n Abierto.[\/vc_column_text][vc_single_image image=&#8221;9017&#8243; img_size=&#8221;medium&#8221; style=&#8221;vc_box_shadow_3d&#8221; onclick=&#8221;custom_link&#8221;][vc_tta_accordion c_icon=&#8221;&#8221; active_section=&#8221;non-existing number&#8221; collapsible_all=&#8221;true&#8221;][vc_tta_section title=&#8221;Concurso de Oposici\u00f3n Abierto, Profesor Titular &#8220;A&#8220;&#8221; tab_id=&#8221;1767979101717-35efcd38-475a&#8221;][vc_column_text]<\/p>\n<ul>\n<li style=\"font-weight: 400;\"><a href=\"https:\/\/www.feno.unam.mx\/wp-content\/uploads\/2026\/01\/1-260108-Conv_Prof_Tit_A_TC.pdf\" target=\"_blank\" rel=\"noopener\">1. Convocatoria Gaceta UNAM<\/a><\/li>\n<li style=\"font-weight: 400;\"><a href=\"https:\/\/www.feno.unam.mx\/wp-content\/uploads\/2026\/01\/2-2025_Calendario_COA_Prof_Tit.pdf\" target=\"_blank\" rel=\"noopener\">2. Calendario\u00a0COA<\/a><\/li>\n<li style=\"font-weight: 400;\">3. Normatividad UNAM<br \/>\n<a href=\"https:\/\/www.feno.unam.mx\/wp-content\/uploads\/2026\/01\/3-1-a-EstatutoPersonalAcademico.pdf\" target=\"_blank\" rel=\"noopener\">3.1 Estatuto del Personal Acad\u00e9mico<\/a><br \/>\n<a href=\"https:\/\/www.feno.unam.mx\/wp-content\/uploads\/2026\/01\/3-2-b-AcuerdoFEU_25-marzo-2021.pdf\" target=\"_blank\" rel=\"noopener\">3.2 Acuerdo Firma Electr\u00f3nica Universitaria<\/a><br \/>\n<a href=\"https:\/\/www.feno.unam.mx\/wp-content\/uploads\/2026\/01\/3-3-c-AcuerdoReanudacion-CO_7-dic-2020.pdf\" target=\"_blank\" rel=\"noopener\">3.3 Acuerdo Reanudaci\u00f3n Concurso Oposici\u00f3n<\/a><\/li>\n<li style=\"font-weight: 400;\"><a href=\"https:\/\/www.feno.unam.mx\/wp-content\/uploads\/2026\/01\/4-Solicitud_Inscripcion_COA_Prof_Tit.pdf\" target=\"_blank\" rel=\"noopener\">4. Solicitud inscripci\u00f3n al COA<\/a><\/li>\n<li style=\"font-weight: 400;\"><a href=\"https:\/\/www.feno.unam.mx\/wp-content\/uploads\/2026\/01\/5-Carta-compromiso_-7-al-10.pdf\" target=\"_blank\" rel=\"noopener\">5. Carta compromiso (numerales 7 al 10)<\/a><\/li>\n<li style=\"font-weight: 400;\"><a href=\"https:\/\/www.feno.unam.mx\/wp-content\/uploads\/2026\/01\/6-Guias_formatos_instrumentos_SEPA.pdf\" target=\"_blank\" rel=\"noopener\">6. Gu\u00edas, formatos e instrumentos SEPA<\/a><\/li>\n<li style=\"font-weight: 400;\"><a href=\"https:\/\/www.feno.unam.mx\/wp-content\/uploads\/2026\/01\/7-PDI-FENO-2023-2027-final_6junio110624-1.pdf\" target=\"_blank\" rel=\"noopener\">7. PDI 2023-2027<\/a><\/li>\n<li style=\"font-weight: 400;\">8. Plan de Estudios<br \/>\n<a href=\"https:\/\/www.feno.unam.mx\/index.php\/licenciatura-en-enfermeria\/\" target=\"_blank\" rel=\"noopener\">8.1 Plan de estudios de la Licenciatura en Enfermer\u00eda<\/a><br \/>\n<a href=\"https:\/\/www.feno.unam.mx\/index.php\/lic-en-enfermeria-y-obstetricia\/\" target=\"_blank\" rel=\"noopener\">8.2. Plan de Estudios de la Licenciatura en Enfermer\u00eda y Obstetricia<\/a><\/li>\n<\/ul>\n<ul>\n<li style=\"font-weight: 400;\"><a href=\"https:\/\/www.feno.unam.mx\/wp-content\/uploads\/2026\/01\/9-ASESORIA-OFICINA-VIRTUAL-COA-2026.pdf\" target=\"_blank\" rel=\"noopener\">9. Oficina Virtual (fechas y horarios)<\/a><\/li>\n<li style=\"font-weight: 400;\"><a href=\"https:\/\/www.feno.unam.mx\/wp-content\/uploads\/2026\/01\/10-Solicitud_Rec_Rev_COA_Prof_Carrera_Act_feb-2025.pdf\" target=\"_blank\" rel=\"noopener\">10. Solicitud de recurso de revisi\u00f3n<\/a><\/li>\n<\/ul>\n<p>[\/vc_column_text][\/vc_tta_section][vc_tta_section title=&#8221;COA T\u00e9cnico Acad\u00e9mico Asociado B. No. de registro 19533-38&#8243; tab_id=&#8221;1774299747539-91d10eb5-d01d&#8221;][vc_column_text]<\/p>\n<ul>\n<li style=\"font-weight: 400;\"><a href=\"https:\/\/www.feno.unam.mx\/wp-content\/uploads\/2026\/03\/1-20260323_Conv_COA_Tec_Acad_Aso_B_19533-38.pdf\" target=\"_blank\" rel=\"noopener\">1. Convocatoria Gaceta UNAM<\/a><\/li>\n<li style=\"font-weight: 400;\"><a href=\"https:\/\/www.feno.unam.mx\/wp-content\/uploads\/2026\/03\/2-2026_Calendario_COA_Tec_Acad_Aso_B_TC_19533-38.pdf\" target=\"_blank\" rel=\"noopener\">2. Calendario\u00a0COA<\/a><\/li>\n<li style=\"font-weight: 400;\">3. Normatividad UNAM<br \/>\n<a href=\"https:\/\/www.feno.unam.mx\/wp-content\/uploads\/2026\/03\/31-a-EstatutoPersonalAcademico.pdf\" target=\"_blank\" rel=\"noopener\">3.1 Estatuto del Personal Acad\u00e9mico<\/a><br \/>\n<a href=\"https:\/\/www.feno.unam.mx\/wp-content\/uploads\/2026\/03\/32-b-AcuerdoFEU_25-marzo-2021.pdf\" target=\"_blank\" rel=\"noopener\">3.2 Acuerdo Firma Electr\u00f3nica Universitaria<\/a><br \/>\n<a href=\"https:\/\/www.feno.unam.mx\/wp-content\/uploads\/2026\/03\/33-c-AcuerdoReanudacion-CO_7-dic-2020.pdf\" target=\"_blank\" rel=\"noopener\">3.3 Acuerdo Reanudaci\u00f3n Concurso Oposici\u00f3n<\/a><\/li>\n<li style=\"font-weight: 400;\"><a href=\"https:\/\/www.feno.unam.mx\/wp-content\/uploads\/2026\/03\/4-Sol_Ins_COA_Tec_Acad_Aso_B_TC_19533-38.pdf\" target=\"_blank\" rel=\"noopener\">4. Solicitud inscripci\u00f3n al COA<\/a><\/li>\n<li style=\"font-weight: 400;\"><a href=\"https:\/\/www.feno.unam.mx\/wp-content\/uploads\/2026\/03\/5-Carta-compromiso_-7-al-10.pdf\" target=\"_blank\" rel=\"noopener\">5. Carta compromiso (numerales 7 al 10)<\/a><\/li>\n<li style=\"font-weight: 400;\"><a href=\"https:\/\/www.feno.unam.mx\/wp-content\/uploads\/2026\/03\/6-Instrumentos-formatos-guias_SEPA_TA.pdf\" target=\"_blank\" rel=\"noopener\">6. Gu\u00edas, formatos e instrumentos SEPA<\/a><\/li>\n<li style=\"font-weight: 400;\"><a href=\"https:\/\/www.feno.unam.mx\/wp-content\/uploads\/2026\/03\/7-PDI-FENO-2023-2027-final_6junio110624-1.pdf\" target=\"_blank\" rel=\"noopener\">7. PDI 2023-2027<\/a><\/li>\n<li style=\"font-weight: 400;\">8. Plan de Estudios<br \/>\n<a href=\"https:\/\/www.feno.unam.mx\/index.php\/licenciatura-en-enfermeria\/\" target=\"_blank\" rel=\"noopener\">8.1 Plan de estudios de la Licenciatura en Enfermer\u00eda<\/a><\/li>\n<\/ul>\n<ul>\n<li style=\"font-weight: 400;\"><a href=\"https:\/\/www.feno.unam.mx\/wp-content\/uploads\/2026\/03\/9-ASESORA-OFICINA-VIRTUAL-COA-Tec-Acad-Aso-B-2026.pdf\" target=\"_blank\" rel=\"noopener\">9. Oficina Virtual (fechas y horarios)<\/a><\/li>\n<li style=\"font-weight: 400;\"><a href=\"https:\/\/www.feno.unam.mx\/wp-content\/uploads\/2026\/03\/10-Sol_Rec_Rev_COA_Tec_Acad_Aso_B_TC_19533-38.pdf\" target=\"_blank\" rel=\"noopener\">10. Solicitud de recurso de revisi\u00f3n<\/a><\/li>\n<\/ul>\n<p>[\/vc_column_text][\/vc_tta_section][vc_tta_section title=&#8221;COA T\u00e9cnico Acad\u00e9mico Asociado B. No. de registro 50075-63&#8243; tab_id=&#8221;1774300956014-58157b1d-370f&#8221;][vc_column_text]<\/p>\n<ul>\n<li style=\"font-weight: 400;\"><a href=\"https:\/\/www.feno.unam.mx\/wp-content\/uploads\/2026\/03\/1-20260323_Conv_COA_Tec_Acad_Aso_B_50075-63.pdf\" target=\"_blank\" rel=\"noopener\">1. Convocatoria Gaceta UNAM<\/a><\/li>\n<li style=\"font-weight: 400;\"><a href=\"https:\/\/www.feno.unam.mx\/wp-content\/uploads\/2026\/03\/2-2026_Calendario_COA_Tec_Acad_Aso_B_TC_50075-63.pdf\" target=\"_blank\" rel=\"noopener\">2. Calendario\u00a0COA<\/a><\/li>\n<li style=\"font-weight: 400;\">3. Normatividad UNAM<br \/>\n<a href=\"https:\/\/www.feno.unam.mx\/wp-content\/uploads\/2026\/03\/3.1-a-EstatutoPersonalAcademico.pdf\" target=\"_blank\" rel=\"noopener\">3.1 Estatuto del Personal Acad\u00e9mico<\/a><br \/>\n<a href=\"https:\/\/www.feno.unam.mx\/wp-content\/uploads\/2026\/03\/3.2-b-AcuerdoFEU_25-marzo-2021.pdf\" target=\"_blank\" rel=\"noopener\">3.2 Acuerdo Firma Electr\u00f3nica Universitaria<\/a><br \/>\n<a href=\"https:\/\/www.feno.unam.mx\/wp-content\/uploads\/2026\/03\/3.3-c-AcuerdoReanudacion-CO_7-dic-2020.pdf\" target=\"_blank\" rel=\"noopener\">3.3 Acuerdo Reanudaci\u00f3n Concurso Oposici\u00f3n<\/a><\/li>\n<li style=\"font-weight: 400;\"><a href=\"https:\/\/www.feno.unam.mx\/wp-content\/uploads\/2026\/03\/4-Sol_Ins_COA_Tec_Acad_Aso_B_TC_50075-63.pdf\" target=\"_blank\" rel=\"noopener\">4. Solicitud inscripci\u00f3n al COA<\/a><\/li>\n<li style=\"font-weight: 400;\"><a href=\"https:\/\/www.feno.unam.mx\/wp-content\/uploads\/2026\/03\/5-Carta-compromiso_-7-al-10-1.pdf\" target=\"_blank\" rel=\"noopener\">5. Carta compromiso (numerales 7 al 10)<\/a><\/li>\n<li style=\"font-weight: 400;\"><a href=\"https:\/\/www.feno.unam.mx\/wp-content\/uploads\/2026\/03\/6-Instrumentos-formatos-guias_SEPA_TA-1.pdf\" target=\"_blank\" rel=\"noopener\">6. Gu\u00edas, formatos e instrumentos SEPA<\/a><\/li>\n<li style=\"font-weight: 400;\"><a href=\"https:\/\/www.feno.unam.mx\/wp-content\/uploads\/2026\/03\/7-PDI-FENO-2023-2027-final_6junio110624-1-1.pdf\" target=\"_blank\" rel=\"noopener\">7. PDI 2023-2027<\/a><\/li>\n<li style=\"font-weight: 400;\">8. Plan de Estudios<br \/>\n<a href=\"https:\/\/feno.unam.mx\/especializaciones\/index.php\/oferta-academica\/\" target=\"_blank\" rel=\"noopener\">8.1 Plan de estudios PUEE<\/a><\/li>\n<\/ul>\n<ul>\n<li style=\"font-weight: 400;\"><a href=\"https:\/\/www.feno.unam.mx\/wp-content\/uploads\/2026\/03\/9-ASESORIA-OFICINA-VIRTUAL-COA-Tec-Acad-Aso-B-2026.pdf\" target=\"_blank\" rel=\"noopener\">9. Oficina Virtual (fechas y horarios)<\/a><\/li>\n<li style=\"font-weight: 400;\"><a href=\"https:\/\/www.feno.unam.mx\/wp-content\/uploads\/2026\/03\/10-Sol_Rec_Rev_COA_Tec_Acad_Aso_B_TC_50075-63.pdf\" target=\"_blank\" rel=\"noopener\">10. Solicitud de recurso de revisi\u00f3n<\/a><\/li>\n<\/ul>\n<p>[\/vc_column_text][\/vc_tta_section][vc_tta_section title=&#8221;COA T\u00e9cnico Acad\u00e9mico Asociado B. No. de registro 62137-89&#8243; tab_id=&#8221;1774301907128-e3d7ec2e-77a4&#8243;][vc_column_text]<\/p>\n<ul>\n<li style=\"font-weight: 400;\"><a href=\"https:\/\/www.feno.unam.mx\/wp-content\/uploads\/2026\/03\/1-20260323_Conv_COA_Tec_Acad_Aso_B_62137-89.pdf\" target=\"_blank\" rel=\"noopener\">1. Convocatoria Gaceta UNAM<\/a><\/li>\n<li style=\"font-weight: 400;\"><a href=\"https:\/\/www.feno.unam.mx\/wp-content\/uploads\/2026\/03\/2-2026_Calendario_COA_Tec_Acad_Aso_B_TC_62137-89.pdf\" target=\"_blank\" rel=\"noopener\">2. Calendario\u00a0COA<\/a><\/li>\n<li style=\"font-weight: 400;\">3. Normatividad UNAM<br \/>\n<a href=\"https:\/\/www.feno.unam.mx\/wp-content\/uploads\/2026\/03\/3.1-a-EstatutoPersonalAcademico-1.pdf\" target=\"_blank\" rel=\"noopener\">3.1 Estatuto del Personal Acad\u00e9mico<\/a><br \/>\n<a href=\"https:\/\/www.feno.unam.mx\/wp-content\/uploads\/2026\/03\/3.2-b-AcuerdoFEU_25-marzo-2021-1.pdf\" target=\"_blank\" rel=\"noopener\">3.2 Acuerdo Firma Electr\u00f3nica Universitaria<\/a><br \/>\n<a href=\"https:\/\/www.feno.unam.mx\/wp-content\/uploads\/2026\/03\/3.3-c-AcuerdoReanudacion-CO_7-dic-2020-1.pdf\" target=\"_blank\" rel=\"noopener\">3.3 Acuerdo Reanudaci\u00f3n Concurso Oposici\u00f3n<\/a><\/li>\n<li style=\"font-weight: 400;\"><a href=\"https:\/\/www.feno.unam.mx\/wp-content\/uploads\/2026\/03\/4-Sol_Ins_COA_Tec_Acad_Aso_B_TC_62137-89.pdf\" target=\"_blank\" rel=\"noopener\">4. Solicitud inscripci\u00f3n al COA<\/a><\/li>\n<li style=\"font-weight: 400;\"><a href=\"https:\/\/www.feno.unam.mx\/wp-content\/uploads\/2026\/03\/5-Carta-compromiso_-7-al-10-2.pdf\" target=\"_blank\" rel=\"noopener\">5. Carta compromiso (numerales 7 al 10)<\/a><\/li>\n<li style=\"font-weight: 400;\"><a href=\"https:\/\/www.feno.unam.mx\/wp-content\/uploads\/2026\/03\/6-Instrumentos-formatos-guias_SEPA_TA-2.pdf\" target=\"_blank\" rel=\"noopener\">6. Gu\u00edas, formatos e instrumentos SEPA<\/a><\/li>\n<li style=\"font-weight: 400;\"><a href=\"https:\/\/www.feno.unam.mx\/wp-content\/uploads\/2026\/03\/7-PDI-FENO-2023-2027-final_6junio110624-1-2.pdf\" target=\"_blank\" rel=\"noopener\">7. PDI 2023-2027<\/a><\/li>\n<li style=\"font-weight: 400;\">8. Plan de Estudios<br \/>\n<a href=\"https:\/\/www.feno.unam.mx\/index.php\/licenciatura-en-enfermeria\/\" target=\"_blank\" rel=\"noopener\">8.1 Plan de estudios LE<\/a><\/li>\n<\/ul>\n<ul>\n<li style=\"font-weight: 400;\"><a href=\"https:\/\/www.feno.unam.mx\/wp-content\/uploads\/2026\/03\/9-ASESORIA-OFICINA-VIRTUAL-COA-Tec-Acad-Aso-B-2026-1.pdf\" target=\"_blank\" rel=\"noopener\">9. Oficina Virtual (fechas y horarios)<\/a><\/li>\n<li style=\"font-weight: 400;\"><a href=\"https:\/\/www.feno.unam.mx\/wp-content\/uploads\/2026\/03\/10-Sol_Rec_Rev_COA_Tec_Acad_Aso_B_TC_62137-89.pdf\" target=\"_blank\" rel=\"noopener\">10. Solicitud de recurso de revisi\u00f3n<\/a><\/li>\n<\/ul>\n<p>[\/vc_column_text][\/vc_tta_section][\/vc_tta_accordion][\/vc_column][vc_column width=&#8221;1\/3&#8243;][vc_column_text css=&#8221;.vc_custom_1754955799026{margin-top: 0px !important;margin-bottom: 0px !important;}&#8221;]COC Concurso de Oposici\u00f3n Cerrado.[\/vc_column_text][vc_single_image image=&#8221;9018&#8243; img_size=&#8221;medium&#8221; style=&#8221;vc_box_shadow_3d&#8221;][vc_tta_accordion c_icon=&#8221;&#8221; active_section=&#8221;non-existing number&#8221; collapsible_all=&#8221;true&#8221;][vc_tta_section title=&#8221;Consultar&#8221; tab_id=&#8221;1666634645186-806737d0-c1b3&#8243;][vc_column_text]<b>Normatividad y procedimiento COC\u00a0<\/b><\/p>\n<ol>\n<li><a href=\"https:\/\/www.feno.unam.mx\/wp-content\/uploads\/2023\/09\/1-Estatuto-Personal-Academico.pdf\" target=\"_blank\" rel=\"noopener\">Estatuto del Personal Acad\u00e9mico<\/a><\/li>\n<li><a href=\"https:\/\/www.feno.unam.mx\/wp-content\/uploads\/2023\/09\/2-SEPA_COC.pdf\" target=\"_blank\" rel=\"noopener\">Sistema de Evaluaci\u00f3n del Personal Acad\u00e9mico<\/a><\/li>\n<li><a href=\"https:\/\/www.feno.unam.mx\/wp-content\/uploads\/2025\/01\/3.-Infografia-Proceso-COC.pdf\" target=\"_blank\" rel=\"noopener\">Proceso COC<\/a><\/li>\n<li><a href=\"https:\/\/www.feno.unam.mx\/wp-content\/uploads\/2024\/10\/4_Guiade-apoyo-EXP-Digital_COC_29-10-24.pdf\" target=\"_blank\" rel=\"noopener\">Gu\u00eda de apoyo expediente digital<\/a><\/li>\n<li><a href=\"https:\/\/www.feno.unam.mx\/wp-content\/uploads\/2025\/01\/5_Sugerencia-Oficio-Solicitud-COC.pdf\" target=\"_blank\" rel=\"noopener\">Sugerencia elaboraci\u00f3n Solicitud COC<\/a><\/li>\n<li><a href=\"https:\/\/www.feno.unam.mx\/wp-content\/uploads\/2023\/11\/6-Guias-Curriculum-Vitae.pdf\" target=\"_blank\" rel=\"noopener\">Gu\u00edas de integraci\u00f3n curr\u00edculum vitae<\/a><\/li>\n<li><a href=\"https:\/\/www.feno.unam.mx\/wp-content\/uploads\/2023\/11\/7-Guias-evaluacion.pdf\" target=\"_blank\" rel=\"noopener\">Guias evaluaci\u00f3n<\/a><\/li>\n<\/ol>\n<p><strong>\u00a0Criterios de Equivalencia\u00a0<\/strong><\/p>\n<ul>\n<li><a href=\"https:\/\/www.feno.unam.mx\/wp-content\/uploads\/2025\/01\/1-GUIA-Criterios-Equivalencias.pdf\" target=\"_blank\" rel=\"noopener\">Gu\u00eda Criterios de Equivalencias<\/a><\/li>\n<li><a href=\"https:\/\/www.feno.unam.mx\/wp-content\/uploads\/2025\/01\/2.-ANEXO-1-SEPA-CRITERIOS.pdf\" target=\"_blank\" rel=\"noopener\">ANEXO 1 SEPA Criterios<\/a><\/li>\n<\/ul>\n<p>[\/vc_column_text][\/vc_tta_section][\/vc_tta_accordion][\/vc_column][vc_column width=&#8221;1\/3&#8243;][vc_column_text css=&#8221;.vc_custom_1757035051709{margin-top: 0px !important;margin-bottom: 0px !important;}&#8221;]Est\u00edmulo PRIDE.[\/vc_column_text][vc_single_image image=&#8221;9019&#8243; img_size=&#8221;medium&#8221; style=&#8221;vc_box_shadow_3d&#8221;][vc_tta_accordion c_icon=&#8221;&#8221; active_section=&#8221;non-existing number&#8221; collapsible_all=&#8221;true&#8221;][vc_tta_section title=&#8221;Convocatoria 2026&#8243; tab_id=&#8221;1651597562945-72a5c7ff-4bc1&#8243;][vc_column_text]<a href=\"https:\/\/www.feno.unam.mx\/index.php\/convocatoria-pride\/\">Consultar<\/a><br \/>\n[\/vc_column_text][\/vc_tta_section][\/vc_tta_accordion][\/vc_column][\/vc_row][vc_row][vc_column][vc_row_inner][vc_column_inner][vc_empty_space height=&#8221;100px&#8221;][vc_separator][\/vc_column_inner][\/vc_row_inner][\/vc_column][\/vc_row][vc_row][vc_column width=&#8221;1\/3&#8243;][vc_column_text css=&#8221;.vc_custom_1754955810124{margin-top: 0px !important;margin-bottom: 0px !important;}&#8221;]Programa de Est\u00edmulos PEE.[\/vc_column_text][vc_single_image image=&#8221;15601&#8243; img_size=&#8221;medium&#8221; style=&#8221;vc_box_shadow_3d&#8221;][vc_tta_accordion c_icon=&#8221;&#8221; active_section=&#8221;non-existing number&#8221; collapsible_all=&#8221;true&#8221;][vc_tta_section title=&#8221;Convocatoria&#8221; tab_id=&#8221;1701279732435-79f99d46-7a1f&#8221;][vc_column_text]<a href=\"https:\/\/www.feno.unam.mx\/wp-content\/uploads\/2025\/09\/Prog_Estimulos_por_Equivalencia_PEE_250904-1.pdf\" target=\"_blank\" rel=\"noopener\">Convocatoria 2026<\/a>[\/vc_column_text][\/vc_tta_section][\/vc_tta_accordion][\/vc_column][vc_column width=&#8221;1\/3&#8243;][vc_column_text css=&#8221;.vc_custom_1754955814794{margin-top: 0px !important;margin-bottom: 0px !important;}&#8221;]C\u00e1tedras y Est\u00edmulos Especiales.[\/vc_column_text][vc_single_image image=&#8221;11027&#8243; img_size=&#8221;medium&#8221; style=&#8221;vc_box_shadow_3d&#8221;][vc_tta_accordion c_icon=&#8221;&#8221; active_section=&#8221;non-existing number&#8221; collapsible_all=&#8221;true&#8221;][vc_tta_section title=&#8221;Convocatoria&#8221; tab_id=&#8221;1725307235785-5ca7c9d6-e6bf&#8221;][vc_column_text]No disponibles por el momento[\/vc_column_text][\/vc_tta_section][\/vc_tta_accordion][\/vc_column][vc_column width=&#8221;1\/3&#8243;][vc_column_text css=&#8221;.vc_custom_1757699641974{margin-top: 0px !important;margin-bottom: 0px !important;}&#8221;]Programa de Est\u00edmulos PEI.[\/vc_column_text][vc_single_image image=&#8221;15599&#8243; img_size=&#8221;medium&#8221; style=&#8221;vc_box_shadow_3d&#8221;][vc_tta_accordion c_icon=&#8221;&#8221; active_section=&#8221;non-existing number&#8221; collapsible_all=&#8221;true&#8221;][vc_tta_section title=&#8221;Consultar&#8221; tab_id=&#8221;1706112365322-7b6b92d9-2c2d&#8221;][vc_column_text]<a href=\"https:\/\/www.feno.unam.mx\/wp-content\/uploads\/2025\/09\/Prog_Estimulos_Iniciacion_PEI_250904-1.pdf\" target=\"_blank\" rel=\"noopener\">Convocatoria 2026<\/a>[\/vc_column_text][\/vc_tta_section][\/vc_tta_accordion][\/vc_column][vc_column][vc_empty_space height=&#8221;100px&#8221;][vc_btn title=&#8221;Requisitos Generales para ser Integrante de las Comisiones Dictaminadoras&#8221; color=&#8221;primary&#8221; size=&#8221;lg&#8221; align=&#8221;center&#8221; css_animation=&#8221;fadeInDown&#8221; link=&#8221;url:https%3A%2F%2Fwww.feno.unam.mx%2Fwp-content%2Fuploads%2F2025%2F08%2FSEASPAinforma.pdf||target:%20_blank|&#8221;][\/vc_column][\/vc_row][vc_row][vc_column][vc_row_inner][vc_column_inner][vc_empty_space height=&#8221;100px&#8221;][\/vc_column_inner][\/vc_row_inner][\/vc_column][\/vc_row][vc_section][vc_row][vc_column][vc_row_inner content_placement=&#8221;middle&#8221;][vc_column_inner width=&#8221;1\/4&#8243;][vc_single_image image=&#8221;1978&#8243; img_size=&#8221;medium&#8221; onclick=&#8221;custom_link&#8221; img_link_target=&#8221;_blank&#8221; css_animation=&#8221;fadeInDown&#8221; link=&#8221;https:\/\/dgapa.unam.mx\/&#8221; el_class=&#8221;hvr-float-shadow&#8221;][\/vc_column_inner][vc_column_inner width=&#8221;1\/4&#8243;][vc_single_image image=&#8221;1985&#8243; img_size=&#8221;medium&#8221; onclick=&#8221;custom_link&#8221; img_link_target=&#8221;_blank&#8221; css_animation=&#8221;fadeInDown&#8221; link=&#8221;https:\/\/cuaieed.unam.mx\/&#8221; el_class=&#8221;hvr-float-shadow&#8221;][\/vc_column_inner][vc_column_inner width=&#8221;1\/4&#8243;][vc_single_image image=&#8221;1981&#8243; img_size=&#8221;medium&#8221; onclick=&#8221;custom_link&#8221; img_link_target=&#8221;_blank&#8221; css_animation=&#8221;fadeInDown&#8221; link=&#8221;https:\/\/www.unaminternacional.unam.mx\/&#8221; el_class=&#8221;hvr-float-shadow&#8221;][\/vc_column_inner][vc_column_inner width=&#8221;1\/4&#8243;][vc_single_image image=&#8221;1982&#8243; img_size=&#8221;medium&#8221; onclick=&#8221;custom_link&#8221; img_link_target=&#8221;_blank&#8221; css_animation=&#8221;fadeInDown&#8221; link=&#8221;http:\/\/www.dgelu.unam.mx\/&#8221; el_class=&#8221;hvr-float-shadow&#8221;][\/vc_column_inner][\/vc_row_inner][vc_row_inner][vc_column_inner][vc_empty_space height=&#8221;100px&#8221;][\/vc_column_inner][\/vc_row_inner][\/vc_column][\/vc_row][vc_row][vc_column width=&#8221;1\/4&#8243;][\/vc_column][vc_column width=&#8221;1\/2&#8243;][vc_single_image image=&#8221;1993&#8243; img_size=&#8221;large&#8221; alignment=&#8221;center&#8221; onclick=&#8221;custom_link&#8221; link=&#8221;https:\/\/tic.eneo.unam.mx\/&#8221; el_class=&#8221;hvr-float-shadow&#8221;][\/vc_column][vc_column width=&#8221;1\/4&#8243;][\/vc_column][\/vc_row][\/vc_section][vc_row][vc_column][vc_empty_space height=&#8221;100px&#8221;][\/vc_column][\/vc_row][vc_row][vc_column][\/vc_column][\/vc_row]<\/p>\n","protected":false},"excerpt":{"rendered":"<p>[vc_row][vc_column width=&#8221;1\/3&#8243;][vc_column_text css=&#8221;.vc_custom_1754955790795{margin-top: 0px !important;margin-bottom: 0px !important;}&#8221;]COA Concurso de Oposici\u00f3n Abierto.[\/vc_column_text][vc_single_image image=&#8221;9017&#8243; img_size=&#8221;medium&#8221; style=&#8221;vc_box_shadow_3d&#8221; onclick=&#8221;custom_link&#8221;][vc_tta_accordion c_icon=&#8221;&#8221; active_section=&#8221;non-existing number&#8221; collapsible_all=&#8221;true&#8221;][vc_tta_section title=&#8221;Concurso de Oposici\u00f3n Abierto, Profesor Titular &hellip; <\/p>\n","protected":false},"author":1,"featured_media":0,"parent":0,"menu_order":0,"comment_status":"closed","ping_status":"closed","template":"","meta":{"footnotes":""},"class_list":["post-6533","page","type-page","status-publish","hentry","latest_post"],"aioseo_notices":[],"publishpress_future_action":{"enabled":false,"date":"2026-05-15 21:41:55","action":"change-status","newStatus":"draft","terms":[],"taxonomy":"","extraData":[]},"publishpress_future_workflow_manual_trigger":{"enabledWorkflows":[]},"_links":{"self":[{"href":"https:\/\/www.feno.unam.mx\/index.php\/wp-json\/wp\/v2\/pages\/6533","targetHints":{"allow":["GET"]}}],"collection":[{"href":"https:\/\/www.feno.unam.mx\/index.php\/wp-json\/wp\/v2\/pages"}],"about":[{"href":"https:\/\/www.feno.unam.mx\/index.php\/wp-json\/wp\/v2\/types\/page"}],"author":[{"embeddable":true,"href":"https:\/\/www.feno.unam.mx\/index.php\/wp-json\/wp\/v2\/users\/1"}],"replies":[{"embeddable":true,"href":"https:\/\/www.feno.unam.mx\/index.php\/wp-json\/wp\/v2\/comments?post=6533"}],"version-history":[{"count":107,"href":"https:\/\/www.feno.unam.mx\/index.php\/wp-json\/wp\/v2\/pages\/6533\/revisions"}],"predecessor-version":[{"id":16840,"href":"https:\/\/www.feno.unam.mx\/index.php\/wp-json\/wp\/v2\/pages\/6533\/revisions\/16840"}],"wp:attachment":[{"href":"https:\/\/www.feno.unam.mx\/index.php\/wp-json\/wp\/v2\/media?parent=6533"}],"curies":[{"name":"wp","href":"https:\/\/api.w.org\/{rel}","templated":true}]}}