{"id":5378,"date":"2021-11-24T23:31:11","date_gmt":"2021-11-24T23:31:11","guid":{"rendered":"https:\/\/web.eneo.unam.mx\/?page_id=5378"},"modified":"2026-02-10T21:37:50","modified_gmt":"2026-02-10T21:37:50","slug":"movilidad","status":"publish","type":"page","link":"https:\/\/www.feno.unam.mx\/index.php\/movilidad\/","title":{"rendered":"Movilidad"},"content":{"rendered":"<p>[vc_section full_height=&#8221;yes&#8221;][vc_row][vc_column][vc_row_inner][vc_column_inner][\/vc_column_inner][\/vc_row_inner][vc_row_inner][vc_column_inner][vc_empty_space height=&#8221;100px&#8221;][vc_column_text]<\/p>\n<h3><em><strong>Coordinaci\u00f3n de Intercambio Acad\u00e9mico y Movilidad Estudiantil<\/strong><\/em><\/h3>\n<p>[\/vc_column_text][vc_column_text]La Movilidad Estudiantil es una opci\u00f3n que tienen los y las estudiantes de las licenciaturas de la FENO, para estudiar un semestre en otras dependencias de la UNAM o en Instituciones de Educaci\u00f3n Superior Nacionales o Internacionales; con la finalidad de ampliar el horizonte de las y los estudiantes de enfermer\u00eda, favoreciendo su formaci\u00f3n integral a trav\u00e9s de actividades de internacionalizaci\u00f3n, conociendo y fortaleciendo experiencias con estudiantes y profesores, conociendo culturas de todo el mundo.<\/p>\n<p><em>Palabras relacionadas: Intercambio acad\u00e9mico. Intercambio estudiantil. Movilidad estudiantil.<\/em><\/p>\n<p style=\"background-color: #ff0000; color: #ffffff; padding: 5px; border-radius: 8px;\"><b>\u00a0Nota: algunas convocatorias que se encuentran en este apartado puede ser que no est\u00e9n vigentes, pero se mantienen p\u00fablicas para su consulta, ya que para la mayor\u00eda los requisitos son similares y para que las conozcas, estando atento a las pr\u00f3ximas\u00a0<\/b><\/p>\n<p>[\/vc_column_text][\/vc_column_inner][\/vc_row_inner][\/vc_column][\/vc_row][vc_row][vc_column][vc_empty_space][vc_column_text]<\/p>\n<h4><strong>Programas de intercambio:<\/strong><\/h4>\n<p>[\/vc_column_text][vc_row_inner][vc_column_inner width=&#8221;1\/3&#8243;][\/vc_column_inner][vc_column_inner width=&#8221;1\/3&#8243;][vc_single_image image=&#8221;16368&#8243; img_size=&#8221;full&#8221; alignment=&#8221;center&#8221; onclick=&#8221;custom_link&#8221; img_link_target=&#8221;_blank&#8221; css_animation=&#8221;fadeInLeft&#8221; link=&#8221;https:\/\/www.feno.unam.mx\/wp-content\/uploads\/2026\/02\/convo-naciona.pdf&#8221;][vc_column_text]<\/p>\n<p style=\"text-align: center;\">Hasta el 5 de marzo, 2026<\/p>\n<p>[\/vc_column_text][\/vc_column_inner][vc_column_inner width=&#8221;1\/3&#8243;][\/vc_column_inner][\/vc_row_inner][vc_row_inner][vc_column_inner width=&#8221;1\/3&#8243;][vc_single_image image=&#8221;16096&#8243; img_size=&#8221;full&#8221; alignment=&#8221;center&#8221; onclick=&#8221;custom_link&#8221; img_link_target=&#8221;_blank&#8221; css_animation=&#8221;fadeInLeft&#8221; link=&#8221;https:\/\/www.feno.unam.mx\/wp-content\/uploads\/2025\/10\/movilidad.pdf&#8221;][vc_column_text]<\/p>\n<p style=\"text-align: center;\">Del 20 de octubre al 20 de noviembre<\/p>\n<p>[\/vc_column_text][\/vc_column_inner][vc_column_inner width=&#8221;1\/3&#8243;][vc_single_image image=&#8221;15276&#8243; img_size=&#8221;full&#8221; alignment=&#8221;center&#8221; onclick=&#8221;custom_link&#8221; img_link_target=&#8221;_blank&#8221; css_animation=&#8221;fadeInLeft&#8221; link=&#8221;https:\/\/www.feno.unam.mx\/wp-content\/uploads\/2025\/08\/PITAAE-programaTitulacionPITA.pdf&#8221;][vc_column_text]<\/p>\n<p style=\"text-align: center;\">Del 25 de agosto al 10 de septiembre<\/p>\n<p>[\/vc_column_text][\/vc_column_inner][vc_column_inner width=&#8221;1\/3&#8243;][vc_single_image image=&#8221;15075&#8243; img_size=&#8221;full&#8221; alignment=&#8221;center&#8221; onclick=&#8221;custom_link&#8221; img_link_target=&#8221;_blank&#8221; css_animation=&#8221;fadeInUp&#8221; link=&#8221;https:\/\/www.feno.unam.mx\/wp-content\/uploads\/2025\/08\/Convocatotia-MOVILIDAD-ESTUDIANTIL-INTERNACIONAL-SANTANDER.pdf&#8221;][vc_column_text]<\/p>\n<p style=\"text-align: center;\">Del\u00a018 de agosto al 2 de septiembre<\/p>\n<p>[\/vc_column_text][\/vc_column_inner][\/vc_row_inner][vc_separator][vc_row_inner][vc_column_inner width=&#8221;1\/3&#8243;][vc_single_image image=&#8221;15077&#8243; img_size=&#8221;full&#8221; alignment=&#8221;center&#8221; onclick=&#8221;custom_link&#8221; img_link_target=&#8221;_blank&#8221; css_animation=&#8221;fadeInDown&#8221; link=&#8221;https:\/\/www.feno.unam.mx\/wp-content\/uploads\/2025\/08\/Consorcio-para-la-Colabora-Educacin-SuperiorNorteamerica.pdf&#8221;][vc_column_text css=&#8221;.vc_custom_1755632187867{margin-top: 0px !important;border-top-width: 0px !important;padding-top: 0px !important;}&#8221;]<\/p>\n<p style=\"text-align: center;\">Del 18 al 28 de agosto<\/p>\n<p>[\/vc_column_text][\/vc_column_inner][vc_column_inner width=&#8221;1\/3&#8243;][\/vc_column_inner][vc_column_inner width=&#8221;1\/3&#8243;][vc_single_image image=&#8221;15078&#8243; img_size=&#8221;full&#8221; alignment=&#8221;center&#8221; onclick=&#8221;custom_link&#8221; img_link_target=&#8221;_blank&#8221; css_animation=&#8221;fadeInRight&#8221; link=&#8221;https:\/\/www.feno.unam.mx\/wp-content\/uploads\/2025\/08\/2CONVOCATORIA-ESTANCIAS-INTERNACIONALES-DE-CORTA-DURA.pdf&#8221;][vc_column_text css=&#8221;.vc_custom_1755632203316{margin-top: 0px !important;border-top-width: 0px !important;padding-top: 0px !important;}&#8221;]<\/p>\n<p style=\"text-align: center;\">Del\u00a018 de agosto al 5 de septiembre<\/p>\n<p>[\/vc_column_text][\/vc_column_inner][\/vc_row_inner][vc_separator][vc_row_inner][vc_column_inner width=&#8221;1\/2&#8243;][vc_column_text]<\/p>\n<h5>\u00a0<strong>I .MOVILIDAD &#8211; Programa internacional<\/strong><\/h5>\n<p><strong>Objetivo:<\/strong><\/p>\n<p>Ofrecer a los estudiantes de licenciatura estancias acad\u00e9micas para realizar estudios e investigaciones en Instituciones de Educaci\u00f3n Superior en el extranjero.<\/p>\n<p><strong>Requisitos:<\/strong><\/p>\n<ul>\n<li>Ser alumna (o) regular<\/li>\n<li>Tener el 50% de cr\u00e9ditos cursados en la carrera<\/li>\n<li>Tener promedio general m\u00ednimo de 8.5<\/li>\n<li>Cubrir nivel de idioma de acuerdo al pa\u00eds destino (en su caso)<\/li>\n<\/ul>\n<p>[\/vc_column_text][\/vc_column_inner][vc_column_inner width=&#8221;1\/2&#8243;][vc_single_image image=&#8221;5397&#8243; img_size=&#8221;full&#8221;][\/vc_column_inner][\/vc_row_inner][vc_empty_space height=&#8221;70px&#8221;][vc_row_inner][vc_column_inner width=&#8221;1\/2&#8243;][vc_column_text]<\/p>\n<h5>\u00a0<strong>II. MOVILIDAD &#8211; Programa nacional<\/strong><\/h5>\n<p><strong>Objetivo:<\/strong><\/p>\n<p>Ofrecer a los estudiantes de licenciatura estancias acad\u00e9micas para realizar estudios e investigaciones en Instituciones de Educaci\u00f3n Superior nacionales<\/p>\n<p><strong>Requisitos:<\/strong><\/p>\n<ul>\n<li>Ser alumna (o) regular<\/li>\n<li>Tener el 50% de cr\u00e9ditos cursados en la carrera<\/li>\n<li>Tener promedio general m\u00ednimo de 8.5<\/li>\n<\/ul>\n<p><strong>Qu\u00e9 debo hacer para participar <\/strong><\/p>\n<ul>\n<li style=\"list-style-type: none;\">\n<ul>\n<li>Consultar las convocatorias\u00a0<a href=\"http:\/\/www.unam.internacional.mx\/\">www.unam.internacional.mx<\/a><\/li>\n<li>Acudir a la Coordinaci\u00f3n de Movilidad, ubicada en planta baja del edificio A<\/li>\n<li>Elegir IES destino<\/li>\n<li>Hacer tr\u00e1mite administrativo en conjunto con la persona responsable de movilidad<\/li>\n<\/ul>\n<\/li>\n<\/ul>\n<p>[\/vc_column_text][\/vc_column_inner][vc_column_inner width=&#8221;1\/2&#8243;][vc_single_image image=&#8221;5405&#8243; img_size=&#8221;full&#8221;][\/vc_column_inner][\/vc_row_inner][\/vc_column][\/vc_row][vc_row full_width=&#8221;stretch_row&#8221;][vc_column][vc_row_inner][vc_column_inner][vc_single_image image=&#8221;5409&#8243; img_size=&#8221;full&#8221; onclick=&#8221;custom_link&#8221; img_link_target=&#8221;_blank&#8221; link=&#8221;https:\/\/www.unaminternacional.unam.mx\/&#8221; el_class=&#8221;hvr-push&#8221;][\/vc_column_inner][\/vc_row_inner][vc_empty_space height=&#8221;50px&#8221;][vc_row_inner content_placement=&#8221;bottom&#8221;][vc_column_inner][vc_column_text]<\/p>\n<h3 style=\"text-align: center;\"><strong>CONTACTO<\/strong><\/h3>\n<p style=\"text-align: center;\"><strong>MRN Roc\u00edo Valdez Labastida<\/strong><\/p>\n<p style=\"text-align: center;\">Coordinaci\u00f3n de Intercambio y Movilidad Estudiantil<\/p>\n<p style=\"text-align: center;\">Facultad Enfermer\u00eda y Obstetricia<\/p>\n<p style=\"text-align: center;\">Edificio A. Planta baja<\/p>\n<p style=\"text-align: center;\">Tel. 55 56553181, ext. 273<\/p>\n<p style=\"text-align: center;\">Horario de atenci\u00f3n: lunes a viernes de 9:00 a 18:00<\/p>\n<p style=\"text-align: center;\">Correo electr\u00f3nico:\u00a0<a href=\"mailto:coord-intercambio@feno.unam.mx\">coord-intercambio@feno.unam.mx<\/a><\/p>\n<p>[\/vc_column_text][\/vc_column_inner][\/vc_row_inner][vc_empty_space height=&#8221;30px&#8221;][\/vc_column][\/vc_row][vc_row][vc_column][vc_single_image image=&#8221;15088&#8243; img_size=&#8221;full&#8221; style=&#8221;vc_box_shadow_3d&#8221;][\/vc_column][\/vc_row][\/vc_section]<\/p>\n","protected":false},"excerpt":{"rendered":"<p>[vc_section full_height=&#8221;yes&#8221;][vc_row][vc_column][vc_row_inner][vc_column_inner][\/vc_column_inner][\/vc_row_inner][vc_row_inner][vc_column_inner][vc_empty_space height=&#8221;100px&#8221;][vc_column_text] Coordinaci\u00f3n de Intercambio Acad\u00e9mico y Movilidad Estudiantil [\/vc_column_text][vc_column_text]La Movilidad Estudiantil es una opci\u00f3n que tienen los y las estudiantes de las licenciaturas &hellip; <\/p>\n","protected":false},"author":1,"featured_media":0,"parent":0,"menu_order":0,"comment_status":"closed","ping_status":"closed","template":"","meta":{"footnotes":""},"class_list":["post-5378","page","type-page","status-publish","hentry","latest_post"],"aioseo_notices":[],"publishpress_future_action":{"enabled":false,"date":"2026-04-22 00:04:07","action":"change-status","newStatus":"draft","terms":[],"taxonomy":"","extraData":[]},"publishpress_future_workflow_manual_trigger":{"enabledWorkflows":[]},"_links":{"self":[{"href":"https:\/\/www.feno.unam.mx\/index.php\/wp-json\/wp\/v2\/pages\/5378","targetHints":{"allow":["GET"]}}],"collection":[{"href":"https:\/\/www.feno.unam.mx\/index.php\/wp-json\/wp\/v2\/pages"}],"about":[{"href":"https:\/\/www.feno.unam.mx\/index.php\/wp-json\/wp\/v2\/types\/page"}],"author":[{"embeddable":true,"href":"https:\/\/www.feno.unam.mx\/index.php\/wp-json\/wp\/v2\/users\/1"}],"replies":[{"embeddable":true,"href":"https:\/\/www.feno.unam.mx\/index.php\/wp-json\/wp\/v2\/comments?post=5378"}],"version-history":[{"count":62,"href":"https:\/\/www.feno.unam.mx\/index.php\/wp-json\/wp\/v2\/pages\/5378\/revisions"}],"predecessor-version":[{"id":16369,"href":"https:\/\/www.feno.unam.mx\/index.php\/wp-json\/wp\/v2\/pages\/5378\/revisions\/16369"}],"wp:attachment":[{"href":"https:\/\/www.feno.unam.mx\/index.php\/wp-json\/wp\/v2\/media?parent=5378"}],"curies":[{"name":"wp","href":"https:\/\/api.w.org\/{rel}","templated":true}]}}