{"id":5319,"date":"2021-11-24T00:09:51","date_gmt":"2021-11-24T00:09:51","guid":{"rendered":"https:\/\/web.eneo.unam.mx\/?page_id=5319"},"modified":"2025-10-13T18:23:51","modified_gmt":"2025-10-13T18:23:51","slug":"servicio-social","status":"publish","type":"page","link":"https:\/\/www.feno.unam.mx\/index.php\/servicio-social\/","title":{"rendered":"Servicio social"},"content":{"rendered":"<p>[vc_row][vc_column width=&#8221;1\/2&#8243;][vc_btn title=&#8221;Convocatoria para servicio social. Modalidad convencional. Promoci\u00f3n febrero 2026- enero 2027 &#8221; color=&#8221;primary&#8221; size=&#8221;lg&#8221; align=&#8221;center&#8221; css_animation=&#8221;bounceInDown&#8221; button_block=&#8221;true&#8221; link=&#8221;url:https%3A%2F%2Fwww.feno.unam.mx%2Fwp-content%2Fuploads%2F2025%2F10%2FCONVOCATORIA-SS_convencional_FEBRERO-2026.pdf||target:%20_blank|&#8221;][vc_column_text][\/vc_column_text][\/vc_column][vc_column width=&#8221;1\/2&#8243;][vc_btn title=&#8221;Convocatoria para servicio social. Modalidad liberaci\u00f3n por art\u00edculo 91. Promoci\u00f3n febrero 2026&#8243; color=&#8221;primary&#8221; size=&#8221;lg&#8221; align=&#8221;center&#8221; css_animation=&#8221;bounceInDown&#8221; button_block=&#8221;true&#8221; link=&#8221;url:https%3A%2F%2Fwww.feno.unam.mx%2Fwp-content%2Fuploads%2F2025%2F10%2Fconvocatoria_articulo91_febrero2026.pdf||target:%20_blank|&#8221;][\/vc_column][\/vc_row][vc_row][vc_column][vc_row_inner][vc_column_inner][vc_btn title=&#8221;Servicio social promoci\u00f3n modalidad convencional y art\u00edculo 91. Promoci\u00f3n agosto 2025 `{`Hist\u00f3rico`}`&#8221; color=&#8221;primary&#8221; size=&#8221;lg&#8221; align=&#8221;center&#8221; css_animation=&#8221;bounceInDown&#8221; button_block=&#8221;true&#8221; link=&#8221;url:https%3A%2F%2Fwww.feno.unam.mx%2Fwp-content%2Fuploads%2F2025%2F05%2FServicioSocial-Convencional-y-Art91.pdf||target:%20_blank|&#8221;][\/vc_column_inner][\/vc_row_inner][vc_row_inner][vc_column_inner][vc_btn title=&#8221;CONVOCATORIA PREMIO AL SERVICIO SOCIAL &#8220;DR. GUSTAVO VAZ PRADA&#8220; 2025 (esperar pr\u00f3xima convocatoria)&#8221; color=&#8221;primary&#8221; size=&#8221;lg&#8221; align=&#8221;center&#8221; css_animation=&#8221;bounceInRight&#8221; link=&#8221;url:%23|||&#8221;][vc_images_carousel images=&#8221;5322,5323,5324,5325,5326,5327,5328&#8243; img_size=&#8221;full&#8221; mode=&#8221;vertical&#8221; speed=&#8221;1500&#8243; autoplay=&#8221;yes&#8221; wrap=&#8221;yes&#8221;][\/vc_column_inner][\/vc_row_inner][vc_empty_space][\/vc_column][\/vc_row][vc_row][vc_column][vc_column_text]<\/p>\n<h3>Servicio Social<\/h3>\n<p>[\/vc_column_text][vc_column_text]El servicio social es una actividad esencial que consolida la formaci\u00f3n profesional y fomenta en el estudiante una conciencia de solidaridad con la comunidad, la sociedad y el pa\u00eds.[\/vc_column_text][vc_row_inner][vc_column_inner][vc_column_text]<\/p>\n<h3>Objetivo<\/h3>\n<p>[\/vc_column_text][vc_column_text]<\/p>\n<p style=\"text-align: justify; font-size: 18px; font-family: Roboto;\">Impulsar el desarrollo profesional y humano del pasante, mediante el compromiso social, activo y solidario en la soluci\u00f3n de problemas o necesidades del pa\u00eds, a trav\u00e9s de actitudes c\u00edvicas, cr\u00edticas y propositivas a favor de la consolidaci\u00f3n de cuadros de excelencia humana, como base para un futuro pr\u00f3spero de la naci\u00f3n.<\/p>\n<p>[\/vc_column_text][\/vc_column_inner][\/vc_row_inner][vc_row_inner][vc_column_inner][vc_column_text]<\/p>\n<h3>Escenarios de Servicio Social:<\/h3>\n<p>[\/vc_column_text][vc_column_text]<\/p>\n<p style=\"text-align: justify; font-size: 18px; font-family: Roboto;\">Instancias receptoras federales en zona metropolitana e interior de la rep\u00fablica<\/p>\n<ul>\n<li style=\"text-align: justify; font-size: 18px; font-family: Roboto;\">Institutos<\/li>\n<li style=\"text-align: justify; font-size: 18px; font-family: Roboto;\">Hospitales<\/li>\n<li style=\"text-align: justify; font-size: 18px; font-family: Roboto;\">Centros de Salud<\/li>\n<li style=\"text-align: justify; font-size: 18px; font-family: Roboto;\">DIF<\/li>\n<\/ul>\n<p style=\"text-align: justify; font-size: 18px; font-family: Roboto;\">Instancias receptoras de programas universitarios: en zona metropolitana e interior de la rep\u00fablica<\/p>\n<ul>\n<li style=\"text-align: justify; font-size: 18px; font-family: Roboto;\">Hospitales<\/li>\n<li style=\"text-align: justify; font-size: 18px; font-family: Roboto;\">Entidades educativas<\/li>\n<li style=\"text-align: justify; font-size: 18px; font-family: Roboto;\">Instituciones gubernamentales y no gubernamentales sin fines de lucro<\/li>\n<\/ul>\n<p>[\/vc_column_text][\/vc_column_inner][\/vc_row_inner][vc_row_inner][vc_column_inner][vc_column_text]<\/p>\n<h3>Modalidades:<\/h3>\n<p>[\/vc_column_text][vc_column_text]<\/p>\n<ul>\n<li>Convencional: El estudiante, una vez alcanzado el 70% de cr\u00e9ditos acad\u00e9micos, puede realizar su servicio social en algunas de las instancias receptoras tomando en cuenta los requisitos de ingreso de cada programa. El periodo de desarrollo de este es durante 12 meses ininterrumpidos.<\/li>\n<li>Liberaci\u00f3n por Articulo 91: Los estudiantes y profesionistas trabajadores de la Federaci\u00f3n no estar\u00e1n obligados a prestar ning\u00fan servicio social distinto del desempe\u00f1o de sus funciones.<\/li>\n<li>Liberaci\u00f3n por Articulo 52: Quedan exentos de prestar el servicio social las personas mayores de 60 a\u00f1os o que tengan una enfermedad grave.<\/li>\n<\/ul>\n<p style=\"text-align: center;\"><strong>Contacto:<\/strong><br \/>\nMtra. Leticia Hern\u00e1ndez Rodr\u00edguez<br \/>\nCoordinadora se Servicio Social y Titulaci\u00f3n<br \/>\nTel. 55 56553181 y 55 56552332 Ext.235<\/p>\n<p style=\"text-align: center;\">Correo:\u00a0<a href=\"mailto:coord-ss@feno.unam.mx\"><strong>coord-ss@feno.unam.mx<\/strong><\/a><\/p>\n<p style=\"text-align: center;\"><a href=\"mailto:pasantes-atenciondess@feno.unam.mx\"><strong>pasantes-atenciondess@feno.unam.mx<\/strong><\/a><\/p>\n<p>[\/vc_column_text][\/vc_column_inner][\/vc_row_inner][vc_empty_space][\/vc_column][\/vc_row][vc_row][vc_column][vc_row_inner][vc_column_inner][vc_column_text]<\/p>\n<p style=\"text-align: center;\"><strong><a href=\"https:\/\/feno.unam.mx\/contenido\/reglamentos.php\">GU\u00cdA Y REGLAMENTO DE SERVICIO SOCIAL Y OPCIONES DE TITULACI\u00d3N<\/a><\/strong><\/p>\n<p>[\/vc_column_text][\/vc_column_inner][\/vc_row_inner][\/vc_column][\/vc_row][vc_row][vc_column][\/vc_column][\/vc_row][vc_row][vc_column][vc_empty_space][vc_single_image image=&#8221;5321&#8243; img_size=&#8221;large&#8221; alignment=&#8221;center&#8221;][vc_empty_space][\/vc_column][\/vc_row][vc_row][vc_column width=&#8221;1\/3&#8243;][vc_single_image image=&#8221;5338&#8243; img_size=&#8221;full&#8221; onclick=&#8221;custom_link&#8221; img_link_target=&#8221;_blank&#8221; link=&#8221;https:\/\/www.posgrado.unam.mx\/enfermeria\/&#8221; el_class=&#8221;hvr-push&#8221;][\/vc_column][vc_column width=&#8221;1\/3&#8243;][vc_single_image image=&#8221;5337&#8243; img_size=&#8221;full&#8221; onclick=&#8221;custom_link&#8221; img_link_target=&#8221;_blank&#8221; link=&#8221;https:\/\/feno.unam.mx\/portalENEO2020\/posgrado\/especialidades\/&#8221; el_class=&#8221;hvr-push&#8221;][\/vc_column][vc_column width=&#8221;1\/3&#8243;][vc_single_image image=&#8221;5336&#8243; img_size=&#8221;full&#8221; onclick=&#8221;custom_link&#8221; img_link_target=&#8221;_blank&#8221; link=&#8221;https:\/\/dec.eneo.unam.mx\/&#8221; el_class=&#8221;hvr-push&#8221;][\/vc_column][\/vc_row]<\/p>\n","protected":false},"excerpt":{"rendered":"<p>[vc_row][vc_column width=&#8221;1\/2&#8243;][vc_btn title=&#8221;Convocatoria para servicio social. Modalidad convencional. Promoci\u00f3n febrero 2026- enero 2027 &#8221; color=&#8221;primary&#8221; size=&#8221;lg&#8221; align=&#8221;center&#8221; css_animation=&#8221;bounceInDown&#8221; button_block=&#8221;true&#8221; link=&#8221;url:https%3A%2F%2Fwww.feno.unam.mx%2Fwp-content%2Fuploads%2F2025%2F10%2FCONVOCATORIA-SS_convencional_FEBRERO-2026.pdf||target:%20_blank|&#8221;][vc_column_text][\/vc_column_text][\/vc_column][vc_column width=&#8221;1\/2&#8243;][vc_btn title=&#8221;Convocatoria para servicio social. &hellip; <\/p>\n","protected":false},"author":1,"featured_media":0,"parent":0,"menu_order":0,"comment_status":"closed","ping_status":"closed","template":"","meta":{"footnotes":""},"class_list":["post-5319","page","type-page","status-publish","hentry","latest_post"],"aioseo_notices":[],"publishpress_future_action":{"enabled":false,"date":"2026-04-15 15:32:19","action":"change-status","newStatus":"draft","terms":[],"taxonomy":"","extraData":[]},"publishpress_future_workflow_manual_trigger":{"enabledWorkflows":[]},"_links":{"self":[{"href":"https:\/\/www.feno.unam.mx\/index.php\/wp-json\/wp\/v2\/pages\/5319","targetHints":{"allow":["GET"]}}],"collection":[{"href":"https:\/\/www.feno.unam.mx\/index.php\/wp-json\/wp\/v2\/pages"}],"about":[{"href":"https:\/\/www.feno.unam.mx\/index.php\/wp-json\/wp\/v2\/types\/page"}],"author":[{"embeddable":true,"href":"https:\/\/www.feno.unam.mx\/index.php\/wp-json\/wp\/v2\/users\/1"}],"replies":[{"embeddable":true,"href":"https:\/\/www.feno.unam.mx\/index.php\/wp-json\/wp\/v2\/comments?post=5319"}],"version-history":[{"count":55,"href":"https:\/\/www.feno.unam.mx\/index.php\/wp-json\/wp\/v2\/pages\/5319\/revisions"}],"predecessor-version":[{"id":15910,"href":"https:\/\/www.feno.unam.mx\/index.php\/wp-json\/wp\/v2\/pages\/5319\/revisions\/15910"}],"wp:attachment":[{"href":"https:\/\/www.feno.unam.mx\/index.php\/wp-json\/wp\/v2\/media?parent=5319"}],"curies":[{"name":"wp","href":"https:\/\/api.w.org\/{rel}","templated":true}]}}