{"id":488,"date":"2021-08-31T06:18:22","date_gmt":"2021-08-31T06:18:22","guid":{"rendered":"https:\/\/web.eneo.unam.mx?page_id=488"},"modified":"2024-05-04T02:56:24","modified_gmt":"2024-05-04T02:56:24","slug":"ubicacion","status":"publish","type":"page","link":"https:\/\/www.feno.unam.mx\/index.php\/ubicacion\/","title":{"rendered":"Ubicaci\u00f3n"},"content":{"rendered":"<p>[vc_row][vc_column][vc_single_image image=&#8221;489&#8243; img_size=&#8221;full&#8221; alignment=&#8221;center&#8221; onclick=&#8221;custom_link&#8221; img_link_target=&#8221;_blank&#8221; link=&#8221;https:\/\/goo.gl\/maps\/e6GUFYjg9A1Rd6M69&#8243;][\/vc_column][\/vc_row][vc_row][vc_column][vc_custom_heading text=&#8221;Sede central&#8221; font_container=&#8221;tag:h2|text_align:center|color:%230e2582&#8243; google_fonts=&#8221;font_family:Roboto%3A100%2C100italic%2C300%2C300italic%2Cregular%2Citalic%2C500%2C500italic%2C700%2C700italic%2C900%2C900italic|font_style:500%20bold%20regular%3A500%3Anormal&#8221;][vc_column_text]<\/p>\n<p style=\"font-size: 18px; font-family: Roboto; text-align: center;\">FENO (antes ENEO) Camino Viejo a Xochimilco y Viaducto Tlalpan s\/n Col. San Lorenzo Huipulco, Tlalpan, Ciudad de M\u00e9xico. C. P. 14370.<\/p>\n<p style=\"font-size: 20px; font-family: Roboto; text-align: center;\">Tel\u00e9fonos: 55 5573 1995 | 55 5655 3181 | 55 5655 2332 | 55 5655 1342<br \/>\n<em>Abierto de lunes a viernes de 7:00 a 20:30 horas<\/em><\/p>\n<p>[\/vc_column_text][\/vc_column][\/vc_row][vc_row][vc_column][vc_empty_space][\/vc_column][\/vc_row][vc_row][vc_column][vc_custom_heading text=&#8221;Unidad de Posgrado&#8221; font_container=&#8221;tag:h2|text_align:center|color:%230e2582&#8243; google_fonts=&#8221;font_family:Roboto%3A100%2C100italic%2C300%2C300italic%2Cregular%2Citalic%2C500%2C500italic%2C700%2C700italic%2C900%2C900italic|font_style:500%20bold%20regular%3A500%3Anormal&#8221;][vc_row_inner][vc_column_inner][vc_column_text]<\/p>\n<p style=\"text-align: center;\">Circuito de Posgrado Edificio A 1er piso oficina 109<br \/>\nTel. y Fax: 55 56 23 02 22 ext. 80029, 80030<br \/>\nHorario de atenci\u00f3n: de lunes a jueves de 9:00 a 17:00 horas.<\/p>\n<p>[\/vc_column_text][\/vc_column_inner][\/vc_row_inner][\/vc_column][\/vc_row][vc_row][vc_column][vc_empty_space][\/vc_column][\/vc_row][vc_row][vc_column][vc_custom_heading text=&#8221;Divisi\u00f3n de Educaci\u00f3n Continua y Extensi\u00f3n Universitaria&#8221; font_container=&#8221;tag:h2|text_align:center|color:%230e2582&#8243; google_fonts=&#8221;font_family:Roboto%3A100%2C100italic%2C300%2C300italic%2Cregular%2Citalic%2C500%2C500italic%2C700%2C700italic%2C900%2C900italic|font_style:500%20bold%20regular%3A500%3Anormal&#8221;][vc_column_text]<\/p>\n<p style=\"text-align: center;\">Av. R\u00edo Mixcoac No. 21, Colonia Cr\u00e9dito Constructor, C.P. 03940, Alcald\u00eda Benito Ju\u00e1rez, Ciudad de M\u00e9xico<\/p>\n<p style=\"text-align: center;\">(cerca de la parada del metrob\u00fas R\u00edo Churubusco).<\/p>\n<p style=\"text-align: center;\">Tel\u00e9fonos: Lada (0155) 56 62 66 37 | 56 62 65 92 |56 62 66 29<\/p>\n<p>[\/vc_column_text][vc_row_inner][vc_column_inner][vc_empty_space][\/vc_column_inner][\/vc_row_inner][\/vc_column][\/vc_row][vc_row][vc_column][vc_custom_heading text=&#8221;Centro Universitario de Enfermer\u00eda Comunitaria&#8221; font_container=&#8221;tag:h2|text_align:center|color:%230e2582&#8243; google_fonts=&#8221;font_family:Roboto%3A100%2C100italic%2C300%2C300italic%2Cregular%2Citalic%2C500%2C500italic%2C700%2C700italic%2C900%2C900italic|font_style:500%20bold%20regular%3A500%3Anormal&#8221;][vc_column_text]<\/p>\n<p style=\"text-align: center;\">Av. 5 de Mayo s\/n, Xochimilco, San Luis Tlaxialtemalco, 16610 Ciudad de M\u00e9xico, CDMX<\/p>\n<p>[\/vc_column_text][\/vc_column][\/vc_row]<\/p>\n","protected":false},"excerpt":{"rendered":"<p>[vc_row][vc_column][vc_single_image image=&#8221;489&#8243; img_size=&#8221;full&#8221; alignment=&#8221;center&#8221; onclick=&#8221;custom_link&#8221; img_link_target=&#8221;_blank&#8221; link=&#8221;https:\/\/goo.gl\/maps\/e6GUFYjg9A1Rd6M69&#8243;][\/vc_column][\/vc_row][vc_row][vc_column][vc_custom_heading text=&#8221;Sede central&#8221; font_container=&#8221;tag:h2|text_align:center|color:%230e2582&#8243; google_fonts=&#8221;font_family:Roboto%3A100%2C100italic%2C300%2C300italic%2Cregular%2Citalic%2C500%2C500italic%2C700%2C700italic%2C900%2C900italic|font_style:500%20bold%20regular%3A500%3Anormal&#8221;][vc_column_text] FENO (antes ENEO) Camino Viejo a Xochimilco y Viaducto Tlalpan s\/n Col. San Lorenzo &hellip; <\/p>\n","protected":false},"author":1,"featured_media":0,"parent":0,"menu_order":0,"comment_status":"closed","ping_status":"closed","template":"","meta":{"footnotes":""},"class_list":["post-488","page","type-page","status-publish","hentry","latest_post"],"aioseo_notices":[],"publishpress_future_action":{"enabled":false,"date":"2026-04-22 14:34:17","action":"change-status","newStatus":"draft","terms":[],"taxonomy":"","extraData":[]},"publishpress_future_workflow_manual_trigger":{"enabledWorkflows":[]},"_links":{"self":[{"href":"https:\/\/www.feno.unam.mx\/index.php\/wp-json\/wp\/v2\/pages\/488","targetHints":{"allow":["GET"]}}],"collection":[{"href":"https:\/\/www.feno.unam.mx\/index.php\/wp-json\/wp\/v2\/pages"}],"about":[{"href":"https:\/\/www.feno.unam.mx\/index.php\/wp-json\/wp\/v2\/types\/page"}],"author":[{"embeddable":true,"href":"https:\/\/www.feno.unam.mx\/index.php\/wp-json\/wp\/v2\/users\/1"}],"replies":[{"embeddable":true,"href":"https:\/\/www.feno.unam.mx\/index.php\/wp-json\/wp\/v2\/comments?post=488"}],"version-history":[{"count":47,"href":"https:\/\/www.feno.unam.mx\/index.php\/wp-json\/wp\/v2\/pages\/488\/revisions"}],"predecessor-version":[{"id":12106,"href":"https:\/\/www.feno.unam.mx\/index.php\/wp-json\/wp\/v2\/pages\/488\/revisions\/12106"}],"wp:attachment":[{"href":"https:\/\/www.feno.unam.mx\/index.php\/wp-json\/wp\/v2\/media?parent=488"}],"curies":[{"name":"wp","href":"https:\/\/api.w.org\/{rel}","templated":true}]}}