{"id":4346,"date":"2021-09-27T15:51:52","date_gmt":"2021-09-27T15:51:52","guid":{"rendered":"https:\/\/web.eneo.unam.mx\/?page_id=4346"},"modified":"2025-10-16T18:57:13","modified_gmt":"2025-10-16T18:57:13","slug":"administrativa","status":"publish","type":"page","link":"https:\/\/www.feno.unam.mx\/index.php\/administrativa\/","title":{"rendered":"Secretar\u00eda Administrativa"},"content":{"rendered":"<p>[vc_section][vc_row][vc_column][vc_empty_space height=&#8221;22px&#8221;][\/vc_column][\/vc_row][vc_row][vc_column width=&#8221;1\/2&#8243;][vc_raw_html]JTIwJTIwJTIwJTNDZGl2JTIwY2xhc3MlM0QlMjJjYXJkJTIyJTIwc3R5bGUlM0QlMjJ3aWR0aCUzQTQwMHB4JTIyJTNFJTBBJTIwJTIwJTIwJTIwJTNDaW1nJTIwY2xhc3MlM0QlMjJjYXJkLWltZy10b3AlMjIlMjBzcmMlM0QlMjJodHRwcyUzQSUyRiUyRmZlbm8udW5hbS5teCUyRmltZ3MlMkZwcm90b2NvbG9hbWVuYXphLmpwZyUyMiUyMGFsdCUzRCUyMkNhcmQlMjBpbWFnZSUyMiUyMHN0eWxlJTNEJTIyd2lkdGglM0ExMDAlMjUlMjIlM0UlMEElMjAlMjAlMjAlMjAlM0NkaXYlMjBjbGFzcyUzRCUyMmNhcmQtYm9keSUyMiUzRSUwQSUyMCUyMCUyMCUyMCUyMCUyMCUzQ2ElMjBzdHlsZSUzRCUyMnRleHQtZGVjb3JhdGlvbiUzQSUyMG5vbmUlM0IlMjIlMjB0YXJnZXQlM0QlMjJfYmxhbmslMjIlMjB0aXRsZSUzRCUyMkNsaWMlMjBwYXJhJTIwdmVyJTIyJTIwaHJlZiUzRCUyMmh0dHBzJTNBJTJGJTJGd3d3LmZlbm8udW5hbS5teCUyRndwLWNvbnRlbnQlMkZ1cGxvYWRzJTJGMjAyNSUyRjEwJTJGc2VndXJpZGFkLmpwZyUyMiUyMGNsYXNzJTNEJTIyYnRuJTIwYnRuLXByaW1hcnklMjIlM0VTYWJlciUyMG0lQzMlQTFzJTNDJTJGYSUzRSUwQSUyMCUyMCUyMCUyMCUzQyUyRmRpdiUzRSUwQSUyMCUyMCUzQyUyRmRpdiUzRQ==[\/vc_raw_html][\/vc_column][vc_column width=&#8221;1\/2&#8243;][vc_btn title=&#8221;EVITAR LA EXTORSI\u00d3N TELEF\u00d3NICA EN EL \u00c1REA DE TRABAJO&#8221; color=&#8221;primary&#8221; size=&#8221;lg&#8221; align=&#8221;center&#8221; css_animation=&#8221;bounceInDown&#8221; button_block=&#8221;true&#8221; link=&#8221;url:https%3A%2F%2Fwww.feno.unam.mx%2Fwp-content%2Fuploads%2F2024%2F07%2FprevenirExtor.mp4||target:%20_blank|&#8221;][vc_btn title=&#8221;POL\u00cdTICA DE PREVENCI\u00d3N DE RIESGOS PSICOSOCIALES DE LA UNAM&#8221; color=&#8221;primary&#8221; size=&#8221;lg&#8221; align=&#8221;center&#8221; css_animation=&#8221;bounceInDown&#8221; button_block=&#8221;true&#8221; link=&#8221;url:https%3A%2F%2Fwww.feno.unam.mx%2Fwp-content%2Fuploads%2F2024%2F06%2F240624-Politica-de-Prevencion-FENOpagweb240624.pdf||target:%20_blank|&#8221;][vc_btn title=&#8221;CAT\u00c1LOGO DE PRODUCTOS DEL ALMAC\u00c9N DE BIENES DE USO RECURRENTE 2025&#8243; color=&#8221;primary&#8221; size=&#8221;lg&#8221; align=&#8221;center&#8221; css_animation=&#8221;bounceInDown&#8221; button_block=&#8221;true&#8221; link=&#8221;url:https%3A%2F%2Fwww.feno.unam.mx%2Fwp-content%2Fuploads%2F2025%2F10%2FCATALOGO-CON-FOTOS-2025-101025.pdf||target:%20_blank|&#8221;][vc_btn title=&#8221;OFERTA DE CAPACITACI\u00d3N PARA PERSONAL DE CONFIANZA Y FUNCIONARIOS UNAM 2025&#8243; color=&#8221;primary&#8221; size=&#8221;lg&#8221; align=&#8221;center&#8221; css_animation=&#8221;bounceInDown&#8221; button_block=&#8221;true&#8221; link=&#8221;url:https%3A%2F%2Fwww.feno.unam.mx%2Fwp-content%2Fuploads%2F2025%2F02%2FprogramaCapAnual2025.pdf||target:%20_blank|&#8221;][\/vc_column][\/vc_row][vc_row][vc_column][vc_column_text][\/vc_column_text][vc_column_text]<em>Palabras relacionadas: Protocolo ante amenaza por red social. Evitar extorsi\u00f3n. Prevenci\u00f3n de riesgos psicosociales.\u00a0<\/em><\/p>\n<hr \/>\n<p>[\/vc_column_text][vc_empty_space height=&#8221;22px&#8221;][vc_column_text]<\/p>\n<h5>Ingresar a:<\/h5>\n<p>[\/vc_column_text][vc_row_inner content_placement=&#8221;middle&#8221;][vc_column_inner width=&#8221;1\/4&#8243;][vc_single_image image=&#8221;5521&#8243; img_size=&#8221;medium&#8221; onclick=&#8221;custom_link&#8221; css_animation=&#8221;fadeInDown&#8221; el_class=&#8221;hvr-grow-shadow&#8221; link=&#8221;https:\/\/feno.unam.mx\/index.php\/administrativa\/directorio\/&#8221;][\/vc_column_inner][vc_column_inner width=&#8221;1\/4&#8243;][vc_single_image image=&#8221;12854&#8243; img_size=&#8221;medium&#8221; onclick=&#8221;custom_link&#8221; css_animation=&#8221;fadeInDown&#8221; el_class=&#8221;hvr-grow-shadow&#8221; link=&#8221;https:\/\/www.feno.unam.mx\/index.php\/administrativa\/catalogo-de-servicios\/&#8221;][\/vc_column_inner][vc_column_inner width=&#8221;1\/4&#8243;][vc_single_image image=&#8221;14701&#8243; img_size=&#8221;medium&#8221; onclick=&#8221;custom_link&#8221; css_animation=&#8221;fadeInDown&#8221; el_class=&#8221;hvr-grow-shadow&#8221; link=&#8221;https:\/\/www.feno.unam.mx\/index.php\/administrativa\/formatos\/&#8221;][\/vc_column_inner][vc_column_inner width=&#8221;1\/4&#8243;][vc_single_image image=&#8221;9072&#8243; img_size=&#8221;medium&#8221; onclick=&#8221;custom_link&#8221; css_animation=&#8221;fadeInDown&#8221; el_class=&#8221;hvr-grow-shadow&#8221; link=&#8221;https:\/\/feno.unam.mx\/index.php\/administrativa\/clsypc\/&#8221;][\/vc_column_inner][\/vc_row_inner][vc_row_inner content_placement=&#8221;middle&#8221;][vc_column_inner width=&#8221;1\/4&#8243;][vc_single_image image=&#8221;9067&#8243; img_size=&#8221;medium&#8221; onclick=&#8221;custom_link&#8221; img_link_target=&#8221;_blank&#8221; css_animation=&#8221;fadeInDown&#8221; el_class=&#8221;hvr-grow-shadow&#8221; link=&#8221;https:\/\/docs.google.com\/forms\/d\/e\/1FAIpQLScjN5MNLuXe0ibUVd37p4duGOzoiGR387PaBTXc-uzW5EsHcw\/viewform&#8221;][\/vc_column_inner][vc_column_inner width=&#8221;1\/4&#8243;][\/vc_column_inner][vc_column_inner width=&#8221;1\/4&#8243;][\/vc_column_inner][vc_column_inner width=&#8221;1\/4&#8243;][\/vc_column_inner][\/vc_row_inner][\/vc_column][\/vc_row][\/vc_section][vc_row][vc_column][vc_single_image image=&#8221;12875&#8243; img_size=&#8221;full&#8221; alignment=&#8221;center&#8221;][\/vc_column][\/vc_row]<\/p>\n","protected":false},"excerpt":{"rendered":"<p>[vc_section][vc_row][vc_column][vc_empty_space height=&#8221;22px&#8221;][\/vc_column][\/vc_row][vc_row][vc_column width=&#8221;1\/2&#8243;][vc_raw_html]JTIwJTIwJTIwJTNDZGl2JTIwY2xhc3MlM0QlMjJjYXJkJTIyJTIwc3R5bGUlM0QlMjJ3aWR0aCUzQTQwMHB4JTIyJTNFJTBBJTIwJTIwJTIwJTIwJTNDaW1nJTIwY2xhc3MlM0QlMjJjYXJkLWltZy10b3AlMjIlMjBzcmMlM0QlMjJodHRwcyUzQSUyRiUyRmZlbm8udW5hbS5teCUyRmltZ3MlMkZwcm90b2NvbG9hbWVuYXphLmpwZyUyMiUyMGFsdCUzRCUyMkNhcmQlMjBpbWFnZSUyMiUyMHN0eWxlJTNEJTIyd2lkdGglM0ExMDAlMjUlMjIlM0UlMEElMjAlMjAlMjAlMjAlM0NkaXYlMjBjbGFzcyUzRCUyMmNhcmQtYm9keSUyMiUzRSUwQSUyMCUyMCUyMCUyMCUyMCUyMCUzQ2ElMjBzdHlsZSUzRCUyMnRleHQtZGVjb3JhdGlvbiUzQSUyMG5vbmUlM0IlMjIlMjB0YXJnZXQlM0QlMjJfYmxhbmslMjIlMjB0aXRsZSUzRCUyMkNsaWMlMjBwYXJhJTIwdmVyJTIyJTIwaHJlZiUzRCUyMmh0dHBzJTNBJTJGJTJGd3d3LmZlbm8udW5hbS5teCUyRndwLWNvbnRlbnQlMkZ1cGxvYWRzJTJGMjAyNSUyRjEwJTJGc2VndXJpZGFkLmpwZyUyMiUyMGNsYXNzJTNEJTIyYnRuJTIwYnRuLXByaW1hcnklMjIlM0VTYWJlciUyMG0lQzMlQTFzJTNDJTJGYSUzRSUwQSUyMCUyMCUyMCUyMCUzQyUyRmRpdiUzRSUwQSUyMCUyMCUzQyUyRmRpdiUzRQ==[\/vc_raw_html][\/vc_column][vc_column width=&#8221;1\/2&#8243;][vc_btn title=&#8221;EVITAR LA EXTORSI\u00d3N TELEF\u00d3NICA EN EL \u00c1REA DE TRABAJO&#8221; color=&#8221;primary&#8221; size=&#8221;lg&#8221; align=&#8221;center&#8221; css_animation=&#8221;bounceInDown&#8221; button_block=&#8221;true&#8221; link=&#8221;url:https%3A%2F%2Fwww.feno.unam.mx%2Fwp-content%2Fuploads%2F2024%2F07%2FprevenirExtor.mp4||target:%20_blank|&#8221;][vc_btn title=&#8221;POL\u00cdTICA DE PREVENCI\u00d3N DE RIESGOS PSICOSOCIALES &hellip; <\/p>\n","protected":false},"author":1,"featured_media":0,"parent":0,"menu_order":0,"comment_status":"closed","ping_status":"closed","template":"","meta":{"footnotes":""},"class_list":["post-4346","page","type-page","status-publish","hentry","latest_post"],"aioseo_notices":[],"publishpress_future_action":{"enabled":false,"date":"2026-04-22 16:15:31","action":"change-status","newStatus":"draft","terms":[],"taxonomy":"","extraData":[]},"publishpress_future_workflow_manual_trigger":{"enabledWorkflows":[]},"_links":{"self":[{"href":"https:\/\/www.feno.unam.mx\/index.php\/wp-json\/wp\/v2\/pages\/4346","targetHints":{"allow":["GET"]}}],"collection":[{"href":"https:\/\/www.feno.unam.mx\/index.php\/wp-json\/wp\/v2\/pages"}],"about":[{"href":"https:\/\/www.feno.unam.mx\/index.php\/wp-json\/wp\/v2\/types\/page"}],"author":[{"embeddable":true,"href":"https:\/\/www.feno.unam.mx\/index.php\/wp-json\/wp\/v2\/users\/1"}],"replies":[{"embeddable":true,"href":"https:\/\/www.feno.unam.mx\/index.php\/wp-json\/wp\/v2\/comments?post=4346"}],"version-history":[{"count":105,"href":"https:\/\/www.feno.unam.mx\/index.php\/wp-json\/wp\/v2\/pages\/4346\/revisions"}],"predecessor-version":[{"id":16063,"href":"https:\/\/www.feno.unam.mx\/index.php\/wp-json\/wp\/v2\/pages\/4346\/revisions\/16063"}],"wp:attachment":[{"href":"https:\/\/www.feno.unam.mx\/index.php\/wp-json\/wp\/v2\/media?parent=4346"}],"curies":[{"name":"wp","href":"https:\/\/api.w.org\/{rel}","templated":true}]}}