{"id":4288,"date":"2021-09-24T04:41:02","date_gmt":"2021-09-24T04:41:02","guid":{"rendered":"https:\/\/web.eneo.unam.mx\/?page_id=4288"},"modified":"2026-02-24T21:55:10","modified_gmt":"2026-02-24T21:55:10","slug":"bienvenida-docente","status":"publish","type":"page","link":"https:\/\/www.feno.unam.mx\/index.php\/bienvenida-docente\/","title":{"rendered":"Jornadas de Integraci\u00f3n a la Carrera Docente para Personal Acad\u00e9mico de Nuevo Ingreso"},"content":{"rendered":"<p>[vc_section][vc_row][vc_column][\/vc_column][\/vc_row][\/vc_section][vc_row][vc_column][vc_empty_space][vc_column_text]Apreciables docentes la FENO de la UNAM, les da la m\u00e1s cordial bienvenida, aqu\u00ed encontraran el &#8220;manual de bienvenida para el personal acad\u00e9mico de nuevo ingreso.&#8221; Y las fechas para jornadas de integraci\u00f3n a la carrera docente.[\/vc_column_text][vc_empty_space][vc_btn title=&#8221;JORNADAS DE INTEGRACI\u00d3N A LA CARRERA DOCENTE PARA EL PERSONAL ACAD\u00c9MICO DE NUEVO INGRESO. Convocatoria 1- 2026&#8243; color=&#8221;primary&#8221; size=&#8221;lg&#8221; align=&#8221;center&#8221; css_animation=&#8221;bounceInUp&#8221; button_block=&#8221;true&#8221; link=&#8221;url:https%3A%2F%2Fwww.feno.unam.mx%2Fwp-content%2Fuploads%2F2026%2F02%2FJornadas_nuevosprofes.pdf||target:%20_blank|&#8221;][vc_row_inner][vc_column_inner][vc_empty_space][vc_custom_heading text=&#8221;Manual de Bienvenida a la FENO&#8221; font_container=&#8221;tag:h4|text_align:center|color:%231bc6e8&#8243; google_fonts=&#8221;font_family:Roboto%3A100%2C100italic%2C300%2C300italic%2Cregular%2Citalic%2C500%2C500italic%2C700%2C700italic%2C900%2C900italic|font_style:400%20regular%3A400%3Anormal&#8221;][vc_btn title=&#8221;Descarga el Manual de bienvenida para el personal acad\u00e9mico de nuevo ingreso&#8221; style=&#8221;outline-custom&#8221; outline_custom_color=&#8221;#0fadfc&#8221; outline_custom_hover_background=&#8221;#666666&#8243; outline_custom_hover_text=&#8221;#ffffff&#8221; align=&#8221;center&#8221; link=&#8221;url:https%3A%2F%2Fweb.eneo.unam.mx%2Fwp-content%2Fuploads%2F2021%2F09%2Fnuevoingresoacademicos.pdf||target:%20_blank|&#8221;][\/vc_column_inner][\/vc_row_inner][\/vc_column][\/vc_row][vc_row][vc_column][vc_empty_space height=&#8221;100px&#8221;][vc_single_image image=&#8221;1520&#8243; img_size=&#8221;1300&#215;300&#8243; alignment=&#8221;center&#8221;][\/vc_column][\/vc_row]<\/p>\n","protected":false},"excerpt":{"rendered":"<p>[vc_section][vc_row][vc_column][\/vc_column][\/vc_row][\/vc_section][vc_row][vc_column][vc_empty_space][vc_column_text]Apreciables docentes la FENO de la UNAM, les da la m\u00e1s cordial bienvenida, aqu\u00ed encontraran el &#8220;manual de bienvenida para el personal acad\u00e9mico de nuevo &hellip; <\/p>\n","protected":false},"author":1,"featured_media":0,"parent":0,"menu_order":0,"comment_status":"closed","ping_status":"closed","template":"","meta":{"footnotes":""},"class_list":["post-4288","page","type-page","status-publish","hentry","latest_post"],"aioseo_notices":[],"publishpress_future_action":{"enabled":false,"date":"2026-05-17 02:35:26","action":"change-status","newStatus":"draft","terms":[],"taxonomy":"","extraData":[]},"publishpress_future_workflow_manual_trigger":{"enabledWorkflows":[]},"_links":{"self":[{"href":"https:\/\/www.feno.unam.mx\/index.php\/wp-json\/wp\/v2\/pages\/4288","targetHints":{"allow":["GET"]}}],"collection":[{"href":"https:\/\/www.feno.unam.mx\/index.php\/wp-json\/wp\/v2\/pages"}],"about":[{"href":"https:\/\/www.feno.unam.mx\/index.php\/wp-json\/wp\/v2\/types\/page"}],"author":[{"embeddable":true,"href":"https:\/\/www.feno.unam.mx\/index.php\/wp-json\/wp\/v2\/users\/1"}],"replies":[{"embeddable":true,"href":"https:\/\/www.feno.unam.mx\/index.php\/wp-json\/wp\/v2\/comments?post=4288"}],"version-history":[{"count":12,"href":"https:\/\/www.feno.unam.mx\/index.php\/wp-json\/wp\/v2\/pages\/4288\/revisions"}],"predecessor-version":[{"id":16468,"href":"https:\/\/www.feno.unam.mx\/index.php\/wp-json\/wp\/v2\/pages\/4288\/revisions\/16468"}],"wp:attachment":[{"href":"https:\/\/www.feno.unam.mx\/index.php\/wp-json\/wp\/v2\/media?parent=4288"}],"curies":[{"name":"wp","href":"https:\/\/api.w.org\/{rel}","templated":true}]}}