{"id":3833,"date":"2021-09-21T23:30:20","date_gmt":"2021-09-21T23:30:20","guid":{"rendered":"https:\/\/web.eneo.unam.mx\/?page_id=3833"},"modified":"2025-08-18T21:28:02","modified_gmt":"2025-08-18T21:28:02","slug":"normatividad","status":"publish","type":"page","link":"https:\/\/www.feno.unam.mx\/index.php\/igualdad\/normatividad\/","title":{"rendered":"Normatividad Universitaria en materia de Equidad de G\u00e9nero"},"content":{"rendered":"<p>[vc_section][vc_row][vc_column][vc_single_image image=&#8221;7389&#8243; img_size=&#8221;full&#8221; alignment=&#8221;center&#8221; css_animation=&#8221;flipInY&#8221;][\/vc_column][\/vc_row][vc_row content_placement=&#8221;bottom&#8221;][vc_column width=&#8221;1\/6&#8243;][vc_btn title=&#8221;COMISI\u00d3N&#8221; style=&#8221;3d&#8221; shape=&#8221;square&#8221; color=&#8221;white&#8221; i_icon_fontawesome=&#8221;fa fa-arrow-down&#8221; add_icon=&#8221;true&#8221; el_class=&#8221;hvr-float-shadow&#8221; link=&#8221;url:https%3A%2F%2Fweb.eneo.unam.mx%2Findex.php%2Figualdad%2Fcinig%2F|title:CInIG||&#8221;][\/vc_column][vc_column width=&#8221;1\/6&#8243;][vc_btn title=&#8221;INTEGRANTES&#8221; style=&#8221;3d&#8221; shape=&#8221;square&#8221; color=&#8221;white&#8221; i_icon_fontawesome=&#8221;fa fa-arrow-down&#8221; add_icon=&#8221;true&#8221; el_class=&#8221;hvr-float-shadow&#8221; link=&#8221;url:https%3A%2F%2Fweb.eneo.unam.mx%2Findex.php%2Figualdad%2Fintegrantes%2F|title:Integrantes||&#8221;][\/vc_column][vc_column width=&#8221;1\/6&#8243;][vc_btn title=&#8221;NORMATIVIDAD&#8221; style=&#8221;3d&#8221; shape=&#8221;square&#8221; color=&#8221;white&#8221; i_icon_fontawesome=&#8221;fa fa-arrow-down&#8221; add_icon=&#8221;true&#8221; el_class=&#8221;hvr-float-shadow&#8221; link=&#8221;url:https%3A%2F%2Fweb.eneo.unam.mx%2Findex.php%2Figualdad%2Fnormatividad%2F|title:Normatividad||&#8221;][\/vc_column][vc_column width=&#8221;1\/6&#8243;][vc_btn title=&#8221;INFOGRAF\u00cdA&#8221; style=&#8221;3d&#8221; shape=&#8221;square&#8221; color=&#8221;white&#8221; i_icon_fontawesome=&#8221;fa fa-arrow-down&#8221; add_icon=&#8221;true&#8221; el_class=&#8221;hvr-float-shadow&#8221; link=&#8221;url:https%3A%2F%2Fweb.eneo.unam.mx%2Findex.php%2Figualdad%2Finfografias%2F|title:Infograf%C3%ADas||&#8221;][\/vc_column][vc_column width=&#8221;1\/6&#8243;][vc_btn title=&#8221;ENLACES&#8221; style=&#8221;3d&#8221; shape=&#8221;square&#8221; color=&#8221;white&#8221; i_icon_fontawesome=&#8221;fa fa-arrow-down&#8221; add_icon=&#8221;true&#8221; el_class=&#8221;hvr-float-shadow&#8221; link=&#8221;url:https%3A%2F%2Fweb.eneo.unam.mx%2Findex.php%2Figualdad%2Fenlaces%2F|title:Enlaces||&#8221;][\/vc_column][vc_column width=&#8221;1\/6&#8243;][vc_btn title=&#8221;C\u00d3MO QUEJARME&#8221; style=&#8221;3d&#8221; shape=&#8221;square&#8221; color=&#8221;white&#8221; i_icon_fontawesome=&#8221;fa fa-arrow-down&#8221; add_icon=&#8221;true&#8221; el_class=&#8221;hvr-float-shadow&#8221; link=&#8221;url:https%3A%2F%2Fweb.eneo.unam.mx%2Findex.php%2Figualdad%2Fquejas%2F|title:Quejas||&#8221;][\/vc_column][\/vc_row][vc_row][vc_column][vc_empty_space height=&#8221;100px&#8221;][vc_custom_heading text=&#8221;Normatividad Universitaria en materia de Equidad de G\u00e9nero*&#8221; font_container=&#8221;tag:h2|text_align:center|color:%238224e3&#8243; google_fonts=&#8221;font_family:Roboto%3A100%2C100italic%2C300%2C300italic%2Cregular%2Citalic%2C500%2C500italic%2C700%2C700italic%2C900%2C900italic|font_style:400%20regular%3A400%3Anormal&#8221;][vc_column_text]<\/p>\n<pre><em>*Algunos enlaces podr\u00edan dejar de funcionar sin previo aviso, ya que se encuentran fuera del servidor FENO<\/em><\/pre>\n<p>[\/vc_column_text][\/vc_column][\/vc_row][vc_row][vc_column][vc_column_text]<\/p>\n<ul>\n<li>\n<h5>Creaci\u00f3n de la Comisi\u00f3n Interna para la Igualdad de G\u00e9nero de la ENEO<\/h5>\n<\/li>\n<\/ul>\n<h5 style=\"padding-left: 40px;\"><a href=\"https:\/\/feno.unam.mx\/wp-content\/uploads\/2021\/09\/Comision.pdf\">https:\/\/feno.unam.mx\/wp-content\/uploads\/2021\/09\/Comision.pdf<\/a><\/h5>\n<ul>\n<li>\n<h5>Declaratoria cero tolerancia.<\/h5>\n<\/li>\n<\/ul>\n<h5 style=\"padding-left: 40px;\"><a href=\"https:\/\/feno.unam.mx\/wp-content\/uploads\/2021\/12\/Declaratoria-de-cero-tolerancia-ENEO.pdf\">https:\/\/feno.unam.mx\/wp-content\/uploads\/2021\/12\/Declaratoria-de-cero-tolerancia-ENEO.pdf<\/a><\/h5>\n<ul>\n<li>\n<h5>Protocolo para la Atenci\u00f3n de Casos de Violencia de G\u00e9nero en la UNAM.<\/h5>\n<h5><a href=\"https:\/\/www.fis.unam.mx\/pdfs\/protocolo-de-actuacion-en-casos-de-violencia-de-genero.pdf\">https:\/\/www.fis.unam.mx\/pdfs\/protocolo-de-actuacion-en-casos-de-violencia-de-genero.pdf<\/a><\/h5>\n<\/li>\n<\/ul>\n<ul>\n<li>\n<h5>Lineamientos generales para la igualdad de g\u00e9nero en la UNAM.<\/h5>\n<h5><a href=\"http:\/\/abogadogeneral.unam.mx\/igualdad.pdf\">http:\/\/abogadogeneral.unam.mx\/igualdad.pdf<\/a><\/h5>\n<\/li>\n<\/ul>\n<ul>\n<li>\n<h5>Acuerdo por el que se Establecen Pol\u00edticas Institucionales para la Prevenci\u00f3n, Atenci\u00f3n, Sanci\u00f3n y Erradicaci\u00f3n de Casos de Violencia de G\u00e9nero en la Universidad Nacional Aut\u00f3noma de M\u00e9xico.<\/h5>\n<h5><a href=\"http:\/\/www.trabajosocial.unam.mx\/comunicados\/2016\/agosto\/Protocolo-UNAM-.pdf\">http:\/\/www.trabajosocial.unam.mx\/comunicados\/2016\/agosto\/Protocolo-UNAM-.pdf<\/a><\/h5>\n<\/li>\n<\/ul>\n<ul>\n<li>\n<h5>Acuerdo por el que se establecen pol\u00edticas institucionales para la protecci\u00f3n de los derechos humanos en la UNAM<\/h5>\n<\/li>\n<\/ul>\n<h5 style=\"padding-left: 40px;\"><a href=\"http:\/\/www.abogadogeneral.unam.mx\/pdf\/acuerdo-politicas.pdf\">http:\/\/www.abogadogeneral.unam.mx\/pdf\/acuerdo-politicas.pdf<\/a><\/h5>\n<ul>\n<li>\n<h5>Glosario para la igualdad de g\u00e9nero en la UNAM<\/h5>\n<h5><a href=\"https:\/\/consejo.unam.mx\/comisiones\/especial-de-equidad-de-genero\/reglamentos-y-lineamientos\/328-glosario-para-igualdad-genero\">https:\/\/consejo.unam.mx\/comisiones\/especial-de-equidad-de-genero\/reglamentos-y-lineamientos\/328-glosario-para-igualdad-genero<\/a><\/h5>\n<\/li>\n<\/ul>\n<ul>\n<li>\n<h5>Reglamento de la Comisi\u00f3n Especial de Equidad de G\u00e9nero del Consejo Universitario de la UNAM<\/h5>\n<\/li>\n<\/ul>\n<p style=\"padding-left: 40px;\"><a href=\"http:\/\/www.abogadogeneral.unam.mx\/legislacion\/abogen\/documento.html?doc_id=65\">http:\/\/www.abogadogeneral.unam.mx\/legislacion\/abogen\/documento.html?doc_id=65<\/a><\/p>\n<ul>\n<li>\n<h5>C\u00f3digo de \u00c9tica de la UNAM<\/h5>\n<\/li>\n<\/ul>\n<h5 style=\"padding-left: 40px;\"><a href=\"https:\/\/consejo.unam.mx\/static\/documents\/codigos\/codigo-etica-unam.pdf\">https:\/\/consejo.unam.mx\/static\/documents\/codigos\/codigo-etica-unam.pdf<\/a><\/h5>\n<ul>\n<li>\n<h5>Documento B\u00e1sico para el fortalecimiento de la Pol\u00edtica Institucional de G\u00e9nero en la UNAM<\/h5>\n<\/li>\n<\/ul>\n<h5 style=\"padding-left: 40px;\"><a href=\"https:\/\/feno.unam.mx\/wp-content\/uploads\/2021\/09\/DBFPIG.pdf\">https:\/\/feno.unam.mx\/wp-content\/uploads\/2021\/09\/DBFPIG.pdf<\/a><\/h5>\n<p>[\/vc_column_text][vc_empty_space][\/vc_column][\/vc_row][vc_row][vc_column][vc_tta_accordion active_section=&#8221;non-existing number&#8221; collapsible_all=&#8221;true&#8221;][vc_tta_section title=&#8221;Normatividad Nacional relacionada con la Equidad de G\u00e9nero.&#8221; tab_id=&#8221;1632267245658-e683655b-3da7&#8243;][vc_column_text]<strong>A) Constituci\u00f3n Pol\u00edtica de los Estados Unidos Mexicanos<\/strong><\/p>\n<ul>\n<li><a href=\"http:\/\/www.diputados.gob.mx\/LeyesBiblio\/pdf\/1_150917.pdf\">http:\/\/www.diputados.gob.mx\/LeyesBiblio\/pdf\/1_150917.pdf<\/a><\/li>\n<\/ul>\n<p><strong>B) Tratados Internacionales:<\/strong><\/p>\n<ul>\n<li>Convenio 111 de la OIT relativo a la discriminaci\u00f3n en materia de empleo y ocupaci\u00f3n.\u00a0<a href=\"https:\/\/www.ilo.org\/dyn\/normlex\/es\/f?p=NORMLEXPUB:12100:0::NO::P12100_ILO_CODE:C111\">https:\/\/www.ilo.org\/dyn\/normlex\/es\/f?p=NORMLEXPUB:12100:0::NO::P12100_ILO_CODE:C111<\/a><\/li>\n<\/ul>\n<ul>\n<li>Declaraci\u00f3n sobre la Eliminaci\u00f3n de la Violencia contra la Mujer<br \/>\n<a href=\"https:\/\/www.ohchr.org\/sp\/professionalinterest\/pages\/violenceagainstwomen.aspx\">https:\/\/www.ohchr.org\/sp\/professionalinterest\/pages\/violenceagainstwomen.aspx<\/a><\/li>\n<\/ul>\n<ul>\n<li>Convenci\u00f3n Interamericana para Prevenir, Sancionar y Erradicar la Violencia contra la Mujer \u201cConvenci\u00f3n Bel\u00e9m do Par\u00e1\u201d\u00a0<a href=\"http:\/\/www.oas.org\/es\/mesecvi\/docs\/BelemDoPara-ESPANOL.pdf\">http:\/\/www.oas.org\/es\/mesecvi\/docs\/BelemDoPara-ESPANOL.pdf<\/a><\/li>\n<\/ul>\n<ul>\n<li>Principios de Yogyakarta. Principios sobre la aplicaci\u00f3n de la Legislaci\u00f3n Internacional de Derechos humanos en relaci\u00f3n con la orientaci\u00f3n sexual y la identidad de G\u00e9nero.<br \/>\n<a href=\"http:\/\/yogyakartaprinciples.org\/wp-content\/uploads\/2016\/08\/principles_sp.pdf\">http:\/\/yogyakartaprinciples.org\/wp-content\/uploads\/2016\/08\/principles_sp.pdf<\/a><\/li>\n<\/ul>\n<ul>\n<li>Convenci\u00f3n Americana sobre Derechos Humanos \u201cPacto de San Jos\u00e9\u201d<br \/>\n<a href=\"https:\/\/www.oas.org\/dil\/esp\/tratados_b-32_convencion_americana_sobre_derechos_humanos.htm\">https:\/\/www.oas.org\/dil\/esp\/tratados_b-32_convencion_americana_sobre_derechos_humanos.htm<\/a><\/li>\n<\/ul>\n<ul>\n<li>Convenci\u00f3n Internacional sobre la Eliminaci\u00f3n de todas las formas de Discriminaci\u00f3n Racial.<br \/>\n<a href=\"https:\/\/www.ohchr.org\/sp\/professionalinterest\/pages\/cerd.aspx\">https:\/\/www.ohchr.org\/sp\/professionalinterest\/pages\/cerd.aspx<\/a><\/li>\n<\/ul>\n<p><strong>C) Legislaci\u00f3n:<\/strong><\/p>\n<ul>\n<li>Ley Federal para Prevenir y Eliminar la Discriminaci\u00f3n<br \/>\n<a href=\"http:\/\/www.diputados.gob.mx\/LeyesBiblio\/pdf\/262_210618.pdf\">http:\/\/www.diputados.gob.mx\/LeyesBiblio\/pdf\/262_210618.pdf<\/a><\/li>\n<\/ul>\n<ul>\n<li>Ley General de Acceso a las Mujeres a una Vida Libre de Violencia<br \/>\n<a href=\"http:\/\/www.diputados.gob.mx\/LeyesBiblio\/pdf\/LGAMVLV_130418.pdf\">http:\/\/www.diputados.gob.mx\/LeyesBiblio\/pdf\/LGAMVLV_130418.pdf<\/a><\/li>\n<\/ul>\n<ul>\n<li>Ley General para la Igualdad entre las Mujeres y Hombres<br \/>\n<a href=\"http:\/\/www.diputados.gob.mx\/LeyesBiblio\/pdf\/LGIMH_140618.pdf\">http:\/\/www.diputados.gob.mx\/LeyesBiblio\/pdf\/LGIMH_140618.pdf<\/a><\/li>\n<\/ul>\n<ul>\n<li>C\u00f3digo Penal Federal<br \/>\n<a href=\"http:\/\/www.diputados.gob.mx\/LeyesBiblio\/pdf\/9_210618.pdf\">http:\/\/www.diputados.gob.mx\/LeyesBiblio\/pdf\/9_210618.pdf<\/a><\/li>\n<\/ul>\n<ul>\n<li>C\u00f3digo Penal del Distrito Federal<br \/>\n<a href=\"http:\/\/www.aldf.gob.mx\/archivo-d261f65641c3fc71b354aaf862b9953a.pdf\">http:\/\/www.aldf.gob.mx\/archivo-d261f65641c3fc71b354aaf862b9953a.pdf<\/a><\/li>\n<\/ul>\n<ul>\n<li>Ley Federal del Trabajo<br \/>\n<a href=\"http:\/\/www.diputados.gob.mx\/LeyesBiblio\/pdf\/125_220618.pdf\">http:\/\/www.diputados.gob.mx\/LeyesBiblio\/pdf\/125_220618.pdf<\/a><\/li>\n<\/ul>\n<p>[\/vc_column_text][\/vc_tta_section][\/vc_tta_accordion][\/vc_column][\/vc_row][\/vc_section]<\/p>\n","protected":false},"excerpt":{"rendered":"<p>[vc_section][vc_row][vc_column][vc_single_image image=&#8221;7389&#8243; img_size=&#8221;full&#8221; alignment=&#8221;center&#8221; css_animation=&#8221;flipInY&#8221;][\/vc_column][\/vc_row][vc_row content_placement=&#8221;bottom&#8221;][vc_column width=&#8221;1\/6&#8243;][vc_btn title=&#8221;COMISI\u00d3N&#8221; style=&#8221;3d&#8221; shape=&#8221;square&#8221; color=&#8221;white&#8221; i_icon_fontawesome=&#8221;fa fa-arrow-down&#8221; add_icon=&#8221;true&#8221; el_class=&#8221;hvr-float-shadow&#8221; link=&#8221;url:https%3A%2F%2Fweb.eneo.unam.mx%2Findex.php%2Figualdad%2Fcinig%2F|title:CInIG||&#8221;][\/vc_column][vc_column width=&#8221;1\/6&#8243;][vc_btn title=&#8221;INTEGRANTES&#8221; style=&#8221;3d&#8221; shape=&#8221;square&#8221; color=&#8221;white&#8221; i_icon_fontawesome=&#8221;fa fa-arrow-down&#8221; add_icon=&#8221;true&#8221; el_class=&#8221;hvr-float-shadow&#8221; &hellip; <\/p>\n","protected":false},"author":1,"featured_media":0,"parent":3739,"menu_order":0,"comment_status":"closed","ping_status":"closed","template":"","meta":{"footnotes":""},"class_list":["post-3833","page","type-page","status-publish","hentry","latest_post"],"aioseo_notices":[],"publishpress_future_action":{"enabled":false,"date":"2026-04-12 23:45:20","action":"change-status","newStatus":"draft","terms":[],"taxonomy":"","extraData":[]},"publishpress_future_workflow_manual_trigger":{"enabledWorkflows":[]},"_links":{"self":[{"href":"https:\/\/www.feno.unam.mx\/index.php\/wp-json\/wp\/v2\/pages\/3833","targetHints":{"allow":["GET"]}}],"collection":[{"href":"https:\/\/www.feno.unam.mx\/index.php\/wp-json\/wp\/v2\/pages"}],"about":[{"href":"https:\/\/www.feno.unam.mx\/index.php\/wp-json\/wp\/v2\/types\/page"}],"author":[{"embeddable":true,"href":"https:\/\/www.feno.unam.mx\/index.php\/wp-json\/wp\/v2\/users\/1"}],"replies":[{"embeddable":true,"href":"https:\/\/www.feno.unam.mx\/index.php\/wp-json\/wp\/v2\/comments?post=3833"}],"version-history":[{"count":17,"href":"https:\/\/www.feno.unam.mx\/index.php\/wp-json\/wp\/v2\/pages\/3833\/revisions"}],"predecessor-version":[{"id":15057,"href":"https:\/\/www.feno.unam.mx\/index.php\/wp-json\/wp\/v2\/pages\/3833\/revisions\/15057"}],"up":[{"embeddable":true,"href":"https:\/\/www.feno.unam.mx\/index.php\/wp-json\/wp\/v2\/pages\/3739"}],"wp:attachment":[{"href":"https:\/\/www.feno.unam.mx\/index.php\/wp-json\/wp\/v2\/media?parent=3833"}],"curies":[{"name":"wp","href":"https:\/\/api.w.org\/{rel}","templated":true}]}}