{"id":3803,"date":"2021-09-21T20:32:17","date_gmt":"2021-09-21T20:32:17","guid":{"rendered":"https:\/\/web.eneo.unam.mx\/?page_id=3803"},"modified":"2023-08-07T19:37:40","modified_gmt":"2023-08-07T19:37:40","slug":"cinig","status":"publish","type":"page","link":"https:\/\/www.feno.unam.mx\/index.php\/igualdad\/cinig\/","title":{"rendered":"CInIG"},"content":{"rendered":"<p>[vc_section][vc_row][vc_column][vc_single_image image=&#8221;7389&#8243; img_size=&#8221;full&#8221; alignment=&#8221;center&#8221; css_animation=&#8221;flipInY&#8221;][\/vc_column][\/vc_row][vc_row content_placement=&#8221;bottom&#8221;][vc_column width=&#8221;1\/6&#8243;][vc_btn title=&#8221;COMISI\u00d3N&#8221; style=&#8221;3d&#8221; shape=&#8221;square&#8221; color=&#8221;white&#8221; i_icon_fontawesome=&#8221;fa fa-arrow-down&#8221; add_icon=&#8221;true&#8221; el_class=&#8221;hvr-float-shadow&#8221; link=&#8221;url:https%3A%2F%2Fweb.eneo.unam.mx%2Findex.php%2Figualdad%2Fcinig%2F|title:CInIG||&#8221;][\/vc_column][vc_column width=&#8221;1\/6&#8243;][vc_btn title=&#8221;INTEGRANTES&#8221; style=&#8221;3d&#8221; shape=&#8221;square&#8221; color=&#8221;white&#8221; i_icon_fontawesome=&#8221;fa fa-arrow-down&#8221; add_icon=&#8221;true&#8221; el_class=&#8221;hvr-float-shadow&#8221; link=&#8221;url:https%3A%2F%2Fweb.eneo.unam.mx%2Findex.php%2Figualdad%2Fintegrantes%2F|title:Integrantes||&#8221;][\/vc_column][vc_column width=&#8221;1\/6&#8243;][vc_btn title=&#8221;NORMATIVIDAD&#8221; style=&#8221;3d&#8221; shape=&#8221;square&#8221; color=&#8221;white&#8221; i_icon_fontawesome=&#8221;fa fa-arrow-down&#8221; add_icon=&#8221;true&#8221; el_class=&#8221;hvr-float-shadow&#8221; link=&#8221;url:https%3A%2F%2Fweb.eneo.unam.mx%2Findex.php%2Figualdad%2Fnormatividad%2F|title:Normatividad||&#8221;][\/vc_column][vc_column width=&#8221;1\/6&#8243;][vc_btn title=&#8221;INFOGRAF\u00cdA&#8221; style=&#8221;3d&#8221; shape=&#8221;square&#8221; color=&#8221;white&#8221; i_icon_fontawesome=&#8221;fa fa-arrow-down&#8221; add_icon=&#8221;true&#8221; el_class=&#8221;hvr-float-shadow&#8221; link=&#8221;url:https%3A%2F%2Fweb.eneo.unam.mx%2Findex.php%2Figualdad%2Finfografias%2F|title:Infograf%C3%ADas||&#8221;][\/vc_column][vc_column width=&#8221;1\/6&#8243;][vc_btn title=&#8221;ENLACES&#8221; style=&#8221;3d&#8221; shape=&#8221;square&#8221; color=&#8221;white&#8221; i_icon_fontawesome=&#8221;fa fa-arrow-down&#8221; add_icon=&#8221;true&#8221; el_class=&#8221;hvr-float-shadow&#8221; link=&#8221;url:https%3A%2F%2Fweb.eneo.unam.mx%2Findex.php%2Figualdad%2Fenlaces%2F|title:Enlaces||&#8221;][\/vc_column][vc_column width=&#8221;1\/6&#8243;][vc_btn title=&#8221;C\u00d3MO QUEJARME&#8221; style=&#8221;3d&#8221; shape=&#8221;square&#8221; color=&#8221;white&#8221; i_icon_fontawesome=&#8221;fa fa-arrow-down&#8221; add_icon=&#8221;true&#8221; el_class=&#8221;hvr-float-shadow&#8221; link=&#8221;url:https%3A%2F%2Fweb.eneo.unam.mx%2Findex.php%2Figualdad%2Fquejas%2F|title:Quejas||&#8221;][\/vc_column][\/vc_row][vc_row][vc_column][vc_empty_space height=&#8221;100px&#8221;][vc_custom_heading text=&#8221;Que es la comisi\u00f3n interna de igualdad de g\u00e9nero FENO&#8221; font_container=&#8221;tag:h2|text_align:center|color:%239620c9&#8243; google_fonts=&#8221;font_family:Roboto%3A100%2C100italic%2C300%2C300italic%2Cregular%2Citalic%2C500%2C500italic%2C700%2C700italic%2C900%2C900italic|font_style:400%20regular%3A400%3Anormal&#8221;][vc_column_text]<\/p>\n<p style=\"text-align: justify; font-size: 18px; font-family: Roboto;\">La Comisi\u00f3n Interna para la Igualdad de G\u00e9nero de la FENO (CInIG) es un \u00f3rgano auxiliar de la entidad acad\u00e9mica cuyo objetivo, en concordancia con la CIGU, es impulsar la implementaci\u00f3n de la pol\u00edtica institucional en materia de igualdad de g\u00e9nero de la Universidad y prevenir cualquier tipo de discriminaci\u00f3n y violencia por razones de g\u00e9nero, a trav\u00e9s de acciones sistem\u00e1ticas y profundas dise\u00f1adas con la participaci\u00f3n de las autoridades y la comunidad.<\/p>\n<p>[\/vc_column_text][vc_empty_space][vc_row_inner][vc_column_inner][vc_custom_heading text=&#8221;Antecedentes&#8221; font_container=&#8221;tag:h2|text_align:center|color:%239620c9&#8243; google_fonts=&#8221;font_family:Roboto%3A100%2C100italic%2C300%2C300italic%2Cregular%2Citalic%2C500%2C500italic%2C700%2C700italic%2C900%2C900italic|font_style:400%20regular%3A400%3Anormal&#8221;][\/vc_column_inner][\/vc_row_inner][\/vc_column][\/vc_row][vc_row][vc_column width=&#8221;1\/2&#8243;][vc_column_text]<\/p>\n<ul>\n<li>\n<p style=\"text-align: justify; font-size: 18px; font-family: Roboto;\">En la reuni\u00f3n del Honorable Consejo T\u00e9cnico de la ENEO, ocurrida el 4 de marzo del 2019, la Dra. Rosa A. Z\u00e1rate Grajales como presidenta del mismo, expone a este cuerpo colegiado la necesidad de atender al Acuerdo emitido por el Rector Enrique Graue Wiechers publicado en Gaceta UNAM el 29 de agosto de 2016, por el que se establecen pol\u00edticas institucionales para la prevenci\u00f3n, atenci\u00f3n, sanci\u00f3n y erradicaci\u00f3n de casos de violencia de g\u00e9nero en la Universidad Nacional Aut\u00f3noma de M\u00e9xico.<\/p>\n<\/li>\n<li>\n<p style=\"text-align: justify; font-size: 18px; font-family: Roboto;\">En este marco, se crea la Comisi\u00f3n de equidad de g\u00e9nero, que tienen como encomienda iniciar y desarrollar acciones como la propuesta de un protocolo de prevenci\u00f3n de violencia de g\u00e9nero de la ENEO, ahora FENO, en el marco del Protocolo para la Atenci\u00f3n de Casos de Violencia de G\u00e9nero en la UNAM emitido por la Oficina del Abogado general de la UNAM (2016) y una campa\u00f1a de prevenci\u00f3n interna en donde exista participaci\u00f3n plural de los diversos sectores de la comunidad.<\/p>\n<\/li>\n<li>\n<p style=\"text-align: justify; font-size: 18px; font-family: Roboto;\">En el a\u00f1o 2021 A trav\u00e9s como parte de la pol\u00edtica institucional en materia de igualdad de g\u00e9nero de la UNAM, se ha impulsado la creaci\u00f3n de comisiones internas de Igualdad de G\u00e9nero por lo que nuestra comisi\u00f3n se ha constituido ahora como Comisi\u00f3n Interna de Igualdad de G\u00e9nero de la FENO<\/p>\n<\/li>\n<\/ul>\n<p>[\/vc_column_text][\/vc_column][vc_column width=&#8221;1\/2&#8243;][vc_single_image image=&#8221;3779&#8243; img_size=&#8221;large&#8221;][\/vc_column][\/vc_row][vc_row][vc_column][vc_row_inner][vc_column_inner][vc_custom_heading text=&#8221;Funciones&#8221; font_container=&#8221;tag:h2|text_align:center|color:%239620c9&#8243; google_fonts=&#8221;font_family:Roboto%3A100%2C100italic%2C300%2C300italic%2Cregular%2Citalic%2C500%2C500italic%2C700%2C700italic%2C900%2C900italic|font_style:400%20regular%3A400%3Anormal&#8221;][\/vc_column_inner][\/vc_row_inner][vc_column_text]<\/p>\n<ul>\n<li style=\"text-align: justify; font-size: 18px; font-family: Roboto;\">Impulsar la implementaci\u00f3n de la pol\u00edtica institucional en materia de igualdad de g\u00e9nero de la UNAM, en coordinaci\u00f3n y colaboraci\u00f3n con la CIGU.<\/li>\n<li style=\"text-align: justify; font-size: 18px; font-family: Roboto;\">Dise\u00f1ar y promover mecanismos y estrategias de prevenci\u00f3n y erradicaci\u00f3n de la violencia por razones de g\u00e9nero en las entidades acad\u00e9micas y dependencias universitarias, en apego a la normativa universitaria y en coordinaci\u00f3n con sus respectivas direcciones.<\/li>\n<li style=\"text-align: justify; font-size: 18px; font-family: Roboto;\">En caso de recibir consultas de la comunidad sobre la ruta de atenci\u00f3n de casos de violencia por razones de g\u00e9nero, fungir como enlace y referir\u00e1n de manera inmediata a las personas agraviadas a la Defensor\u00eda de los Derechos Universitarios, Igualdad y Atenci\u00f3n de la Violencia de G\u00e9nero, toda vez que las CInIG no cuentan con atribuciones para brindar atenci\u00f3n directa a los casos.<\/li>\n<\/ul>\n<p>[\/vc_column_text][vc_custom_heading text=&#8221;Contacto de la Comisi\u00f3n&#8221; font_container=&#8221;tag:h2|text_align:center|color:%239620c9&#8243; google_fonts=&#8221;font_family:Roboto%3A100%2C100italic%2C300%2C300italic%2Cregular%2Citalic%2C500%2C500italic%2C700%2C700italic%2C900%2C900italic|font_style:400%20regular%3A400%3Anormal&#8221;][vc_column_text]<\/p>\n<p style=\"text-align: center;\"><a href=\"mailto:cineg@feno.unam.mx\">cineg@feno.unam.mx<\/a><\/p>\n<p>[\/vc_column_text][vc_empty_space height=&#8221;100px&#8221;][vc_empty_space height=&#8221;100px&#8221;][\/vc_column][\/vc_row][\/vc_section]<\/p>\n","protected":false},"excerpt":{"rendered":"<p>[vc_section][vc_row][vc_column][vc_single_image image=&#8221;7389&#8243; img_size=&#8221;full&#8221; alignment=&#8221;center&#8221; css_animation=&#8221;flipInY&#8221;][\/vc_column][\/vc_row][vc_row content_placement=&#8221;bottom&#8221;][vc_column width=&#8221;1\/6&#8243;][vc_btn title=&#8221;COMISI\u00d3N&#8221; style=&#8221;3d&#8221; shape=&#8221;square&#8221; color=&#8221;white&#8221; i_icon_fontawesome=&#8221;fa fa-arrow-down&#8221; add_icon=&#8221;true&#8221; el_class=&#8221;hvr-float-shadow&#8221; link=&#8221;url:https%3A%2F%2Fweb.eneo.unam.mx%2Findex.php%2Figualdad%2Fcinig%2F|title:CInIG||&#8221;][\/vc_column][vc_column width=&#8221;1\/6&#8243;][vc_btn title=&#8221;INTEGRANTES&#8221; style=&#8221;3d&#8221; shape=&#8221;square&#8221; color=&#8221;white&#8221; i_icon_fontawesome=&#8221;fa fa-arrow-down&#8221; add_icon=&#8221;true&#8221; el_class=&#8221;hvr-float-shadow&#8221; &hellip; <\/p>\n","protected":false},"author":1,"featured_media":0,"parent":3739,"menu_order":0,"comment_status":"closed","ping_status":"closed","template":"","meta":{"footnotes":""},"class_list":["post-3803","page","type-page","status-publish","hentry","latest_post"],"aioseo_notices":[],"publishpress_future_action":{"enabled":false,"date":"2026-05-17 08:34:38","action":"change-status","newStatus":"draft","terms":[],"taxonomy":"","extraData":[]},"publishpress_future_workflow_manual_trigger":{"enabledWorkflows":[]},"_links":{"self":[{"href":"https:\/\/www.feno.unam.mx\/index.php\/wp-json\/wp\/v2\/pages\/3803","targetHints":{"allow":["GET"]}}],"collection":[{"href":"https:\/\/www.feno.unam.mx\/index.php\/wp-json\/wp\/v2\/pages"}],"about":[{"href":"https:\/\/www.feno.unam.mx\/index.php\/wp-json\/wp\/v2\/types\/page"}],"author":[{"embeddable":true,"href":"https:\/\/www.feno.unam.mx\/index.php\/wp-json\/wp\/v2\/users\/1"}],"replies":[{"embeddable":true,"href":"https:\/\/www.feno.unam.mx\/index.php\/wp-json\/wp\/v2\/comments?post=3803"}],"version-history":[{"count":19,"href":"https:\/\/www.feno.unam.mx\/index.php\/wp-json\/wp\/v2\/pages\/3803\/revisions"}],"predecessor-version":[{"id":9818,"href":"https:\/\/www.feno.unam.mx\/index.php\/wp-json\/wp\/v2\/pages\/3803\/revisions\/9818"}],"up":[{"embeddable":true,"href":"https:\/\/www.feno.unam.mx\/index.php\/wp-json\/wp\/v2\/pages\/3739"}],"wp:attachment":[{"href":"https:\/\/www.feno.unam.mx\/index.php\/wp-json\/wp\/v2\/media?parent=3803"}],"curies":[{"name":"wp","href":"https:\/\/api.w.org\/{rel}","templated":true}]}}