{"id":3739,"date":"2021-09-21T06:16:35","date_gmt":"2021-09-21T06:16:35","guid":{"rendered":"https:\/\/web.eneo.unam.mx\/?page_id=3739"},"modified":"2026-03-19T22:04:41","modified_gmt":"2026-03-19T22:04:41","slug":"igualdad","status":"publish","type":"page","link":"https:\/\/www.feno.unam.mx\/index.php\/igualdad\/","title":{"rendered":"Igualdad de G\u00e9nero"},"content":{"rendered":"<p>[vc_section][vc_row][vc_column width=&#8221;1\/3&#8243;][vc_single_image image=&#8221;16652&#8243; img_size=&#8221;full&#8221; onclick=&#8221;custom_link&#8221; img_link_target=&#8221;_blank&#8221; css_animation=&#8221;fadeInDown&#8221; link=&#8221;https:\/\/www.feno.unam.mx\/wp-content\/uploads\/2026\/03\/leyes-para-todas-las-personas.pdf&#8221;][\/vc_column][vc_column width=&#8221;1\/3&#8243;][\/vc_column][vc_column width=&#8221;1\/3&#8243;][vc_single_image image=&#8221;16331&#8243; img_size=&#8221;full&#8221; onclick=&#8221;custom_link&#8221; img_link_target=&#8221;_blank&#8221; css_animation=&#8221;fadeInDown&#8221; link=&#8221;https:\/\/www.feno.unam.mx\/wp-content\/uploads\/2026\/01\/degenero31I2026.jpg&#8221;][\/vc_column][\/vc_row][vc_row][vc_column width=&#8221;1\/3&#8243;][vc_single_image image=&#8221;14555&#8243; img_size=&#8221;full&#8221; onclick=&#8221;custom_link&#8221; img_link_target=&#8221;_blank&#8221; css_animation=&#8221;fadeInLeft&#8221; link=&#8221;https:\/\/www.feno.unam.mx\/wp-content\/uploads\/2025\/06\/historiasgay.png&#8221;][\/vc_column][vc_column width=&#8221;1\/3&#8243;][vc_single_image image=&#8221;14896&#8243; img_size=&#8221;full&#8221; onclick=&#8221;custom_link&#8221; img_link_target=&#8221;_blank&#8221; css_animation=&#8221;fadeInDown&#8221; link=&#8221;https:\/\/www.feno.unam.mx\/wp-content\/uploads\/2025\/08\/ViolenciaDegenero.pdf&#8221;][\/vc_column][vc_column width=&#8221;1\/3&#8243;][vc_single_image image=&#8221;14556&#8243; img_size=&#8221;full&#8221; onclick=&#8221;custom_link&#8221; img_link_target=&#8221;_blank&#8221; css_animation=&#8221;fadeInRight&#8221; link=&#8221;https:\/\/www.feno.unam.mx\/wp-content\/uploads\/2025\/06\/ANIMACION-ORGULLO-PUMA.mp4&#8243;][\/vc_column][\/vc_row][vc_row][vc_column width=&#8221;1\/3&#8243;][vc_single_image image=&#8221;13928&#8243; img_size=&#8221;full&#8221; onclick=&#8221;link_image&#8221; css_animation=&#8221;fadeInLeft&#8221;][\/vc_column][vc_column width=&#8221;1\/3&#8243;][vc_single_image image=&#8221;14310&#8243; img_size=&#8221;full&#8221; onclick=&#8221;custom_link&#8221; css_animation=&#8221;fadeInDown&#8221; link=&#8221;https:\/\/www.feno.unam.mx\/wp-content\/uploads\/2025\/04\/RolasdeGenera.jpeg&#8221;][\/vc_column][vc_column width=&#8221;1\/3&#8243;][vc_single_image image=&#8221;13929&#8243; img_size=&#8221;full&#8221; onclick=&#8221;link_image&#8221; css_animation=&#8221;fadeInRight&#8221;][\/vc_column][\/vc_row][vc_row][vc_column][vc_btn title=&#8221;CALENDARIO CONMEMORACIONES ESPECIALES CIGU 2025&#8243; color=&#8221;primary&#8221; align=&#8221;center&#8221; css_animation=&#8221;fadeInDown&#8221; link=&#8221;url:https%3A%2F%2Fwww.feno.unam.mx%2Fwp-content%2Fuploads%2F2025%2F02%2FcalendariosGENERO.pdf||target:%20_blank|&#8221;][vc_separator][vc_empty_space][\/vc_column][\/vc_row][vc_row][vc_column][vc_single_image image=&#8221;12715&#8243; img_size=&#8221;full&#8221; alignment=&#8221;center&#8221;][\/vc_column][\/vc_row][vc_row][vc_column width=&#8221;1\/3&#8243;][vc_btn title=&#8221;1. Cuando forma parte de la comunidad FENO&#8221; color=&#8221;primary&#8221; align=&#8221;center&#8221; css_animation=&#8221;bounceInLeft&#8221; button_block=&#8221;true&#8221; link=&#8221;url:https%3A%2F%2Fwww.feno.unam.mx%2Fwp-content%2Fuploads%2F2024%2F08%2F1-formepartedelacomunidad.pdf||target:%20_blank|&#8221;][\/vc_column][vc_column width=&#8221;1\/3&#8243;][vc_btn title=&#8221;2. Cuando no forma parte de la comunidad FENO&#8221; color=&#8221;warning&#8221; align=&#8221;center&#8221; css_animation=&#8221;bounceInDown&#8221; button_block=&#8221;true&#8221; link=&#8221;url:https%3A%2F%2Fwww.feno.unam.mx%2Fwp-content%2Fuploads%2F2024%2F08%2F2-nocomunidadfeno.pdf||target:%20_blank|&#8221;][\/vc_column][vc_column width=&#8221;1\/3&#8243;][vc_btn title=&#8221;3. Identifica si estas siendo violentad@&#8221; color=&#8221;violet&#8221; align=&#8221;center&#8221; css_animation=&#8221;bounceInRight&#8221; button_block=&#8221;true&#8221; link=&#8221;url:https%3A%2F%2Fwww.feno.unam.mx%2Fwp-content%2Fuploads%2F2024%2F08%2F3-tripticoidentifica.pdf||target:%20_blank|&#8221;][\/vc_column][\/vc_row][vc_row][vc_column][vc_separator][vc_btn title=&#8221;Conoce: La Defensor\u00eda, \u00a1tu mejor amiga!&#8221; color=&#8221;primary&#8221; size=&#8221;lg&#8221; align=&#8221;center&#8221; css_animation=&#8221;fadeInUp&#8221; button_block=&#8221;true&#8221; link=&#8221;url:https%3A%2F%2Fwww.feno.unam.mx%2Findex.php%2Fla-defensoria-tu-mejor-amiga%2F|||&#8221;][\/vc_column][\/vc_row][vc_row][vc_column][vc_separator border_width=&#8221;2&#8243;][vc_single_image image=&#8221;12717&#8243; img_size=&#8221;full&#8221; alignment=&#8221;center&#8221; css_animation=&#8221;flipInY&#8221;][\/vc_column][\/vc_row][vc_row][vc_column width=&#8221;1\/6&#8243;][vc_btn title=&#8221;COMISI\u00d3N&#8221; style=&#8221;3d&#8221; shape=&#8221;square&#8221; color=&#8221;white&#8221; i_icon_fontawesome=&#8221;fa fa-arrow-down&#8221; add_icon=&#8221;true&#8221; el_class=&#8221;hvr-float-shadow&#8221; link=&#8221;url:https%3A%2F%2Fweb.eneo.unam.mx%2Findex.php%2Figualdad%2Fcinig%2F|title:CInIG||&#8221;][\/vc_column][vc_column width=&#8221;1\/6&#8243;][vc_btn title=&#8221;INTEGRANTES&#8221; style=&#8221;3d&#8221; shape=&#8221;square&#8221; color=&#8221;white&#8221; i_icon_fontawesome=&#8221;fa fa-arrow-down&#8221; add_icon=&#8221;true&#8221; el_class=&#8221;hvr-float-shadow&#8221; link=&#8221;url:https%3A%2F%2Fweb.eneo.unam.mx%2Findex.php%2Figualdad%2Fintegrantes%2F|title:Integrantes||&#8221;][\/vc_column][vc_column width=&#8221;1\/6&#8243;][vc_btn title=&#8221;NORMATIVIDAD&#8221; style=&#8221;3d&#8221; shape=&#8221;square&#8221; color=&#8221;white&#8221; i_icon_fontawesome=&#8221;fa fa-arrow-down&#8221; add_icon=&#8221;true&#8221; el_class=&#8221;hvr-float-shadow&#8221; link=&#8221;url:https%3A%2F%2Fweb.eneo.unam.mx%2Findex.php%2Figualdad%2Fnormatividad%2F|title:Normatividad||&#8221;][\/vc_column][vc_column width=&#8221;1\/6&#8243;][vc_btn title=&#8221;INFOGRAF\u00cdA&#8221; style=&#8221;3d&#8221; shape=&#8221;square&#8221; color=&#8221;white&#8221; i_icon_fontawesome=&#8221;fa fa-arrow-down&#8221; add_icon=&#8221;true&#8221; el_class=&#8221;hvr-float-shadow&#8221; link=&#8221;url:https%3A%2F%2Fweb.eneo.unam.mx%2Findex.php%2Figualdad%2Finfografias%2F|title:Infograf%C3%ADas||&#8221;][\/vc_column][vc_column width=&#8221;1\/6&#8243;][vc_btn title=&#8221;ENLACES&#8221; style=&#8221;3d&#8221; shape=&#8221;square&#8221; color=&#8221;white&#8221; i_icon_fontawesome=&#8221;fa fa-arrow-down&#8221; add_icon=&#8221;true&#8221; el_class=&#8221;hvr-float-shadow&#8221; link=&#8221;url:https%3A%2F%2Fweb.eneo.unam.mx%2Findex.php%2Figualdad%2Fenlaces%2F|title:Enlaces||&#8221;][\/vc_column][vc_column width=&#8221;1\/6&#8243;][vc_btn title=&#8221;C\u00d3MO QUEJARME&#8221; style=&#8221;3d&#8221; shape=&#8221;square&#8221; color=&#8221;white&#8221; i_icon_fontawesome=&#8221;fa fa-arrow-down&#8221; add_icon=&#8221;true&#8221; el_class=&#8221;hvr-float-shadow&#8221; link=&#8221;url:https%3A%2F%2Fweb.eneo.unam.mx%2Findex.php%2Figualdad%2Fquejas%2F|title:quejas||&#8221;][\/vc_column][\/vc_row][vc_row][vc_column][vc_empty_space height=&#8221;100px&#8221;][vc_single_image image=&#8221;16038&#8243; img_size=&#8221;full&#8221; alignment=&#8221;center&#8221; onclick=&#8221;custom_link&#8221; img_link_target=&#8221;_blank&#8221; css_animation=&#8221;bounceInUp&#8221; link=&#8221;https:\/\/coordinaciongenero.unam.mx\/la-boletina\/&#8221;][vc_single_image image=&#8221;11124&#8243; img_size=&#8221;full&#8221; alignment=&#8221;center&#8221; onclick=&#8221;custom_link&#8221; img_link_target=&#8221;_blank&#8221; css_animation=&#8221;bounceInUp&#8221; link=&#8221;https:\/\/www.feno.unam.mx\/wp-content\/uploads\/2023\/11\/declaraviolenciadegenero.pdf&#8221;][vc_single_image image=&#8221;9819&#8243; img_size=&#8221;full&#8221; alignment=&#8221;center&#8221; onclick=&#8221;custom_link&#8221; img_link_target=&#8221;_blank&#8221; css_animation=&#8221;bounceInUp&#8221; link=&#8221;https:\/\/www.feno.unam.mx\/wp-content\/uploads\/2023\/08\/info-programa-POC.pdf&#8221;][\/vc_column][\/vc_row][vc_row][vc_column][vc_empty_space height=&#8221;100px&#8221;][vc_row_inner][vc_column_inner][vc_images_carousel images=&#8221;5005,7387,7372,3780,3779,7381,3781,3782,7383,7377,7380,8057,8058&#8243; img_size=&#8221;full&#8221; onclick=&#8221;custom_link&#8221; custom_links_target=&#8221;_blank&#8221; speed=&#8221;1000&#8243; slides_per_view=&#8221;3&#8243; autoplay=&#8221;yes&#8221; wrap=&#8221;yes&#8221; custom_links=&#8221;#E-8_aHR0cHMlM0ElMkYlMkZjdXJzb2dlbmVyby51bmFtLm14JTJGJTJDaHR0cHMlM0ElMkYlMkZ3ZWIuZW5lby51bmFtLm14JTJGd3AtY29udGVudCUyRnVwbG9hZHMlMkYyMDIxJTJGMTIlMkZEZWNsYXJhdG9yaWEtZGUtY2Vyby10b2xlcmFuY2lhLUVORU8ucGRmJTJDaHR0cHMlM0ElMkYlMkZ3ZWIuZW5lby51bmFtLm14JTJGd3AtY29udGVudCUyRnVwbG9hZHMlMkYyMDIyJTJGMDglMkZJR1VBTERBRGdlbmVyb0xHLmpwZyUyQ2h0dHBzJTNBJTJGJTJGd2ViLmVuZW8udW5hbS5teCUyRndwLWNvbnRlbnQlMkZ1cGxvYWRzJTJGMjAyMSUyRjA5JTJGY29uc2VudGltaWVudG8tMDAxLmpwZyUyQ2h0dHBzJTNBJTJGJTJGd2ViLmVuZW8udW5hbS5teCUyRndwLWNvbnRlbnQlMkZ1cGxvYWRzJTJGMjAyMSUyRjA5JTJGQ29taXNpb24ucGRmJTJDaHR0cHMlM0ElMkYlMkZjb29yZGluYWNpb25nZW5lcm8udW5hbS5teCUyRmF2YWRhX3BvcnRmb2xpbyUyRmhlcnJhbWllbnRhcy1wYXJhLXVuYS1kb2NlbmNpYS1pZ3VhbGl0YXJpYSUyRiUyQ2h0dHBzJTNBJTJGJTJGd3d3LmRlZmVuc29yaWEudW5hbS5teCUyRiUyQ2h0dHBzJTNBJTJGJTJGd3d3LmRlZmVuc29yaWEudW5hbS5teCUyRndlYiUyRnJ1dGEtcXVlamEtdmlvbGVuY2lhLWdlbmVybyUyQ2h0dHBzJTNBJTJGJTJGZmFkLnVuYW0ubXglMkZkZWZlbnNvcmlhLXVuaWRhZC1zdXIlMkYlMkNodHRwcyUzQSUyRiUyRmNvb3JkaW5hY2lvbmdlbmVyby51bmFtLm14JTJGYXZhZGFfcG9ydGZvbGlvJTJGcHJldmVuY2lvbi1kZS1sYS12aW9sZW5jaWEtY29udHJhLWxhcy1wZXJzb25hcy1sZ2J0dHRpcSUyRiUzRnBvcnRmb2xpb0NhdHMlM0QxNzElMjMlMkNodHRwcyUzQSUyRiUyRnd3dy5kZWZlbnNvcmlhLnVuYW0ubXglMkYlMkNodHRwcyUzQSUyRiUyRndlYi5lbmVvLnVuYW0ubXglMkZ3cC1jb250ZW50JTJGdXBsb2FkcyUyRjIwMjIlMkYxMSUyRjI1LU5vdi4tZWxpbWluYWNpb24tZGUtbGEtdmlvbGVuY2lhLnBuZyUyQ2h0dHBzJTNBJTJGJTJGd2ViLmVuZW8udW5hbS5teCUyRndwLWNvbnRlbnQlMkZ1cGxvYWRzJTJGMjAyMiUyRjExJTJGRGlhLW5hcmFuamEucG5nJTJD&#8221;][\/vc_column_inner][\/vc_row_inner][vc_empty_space][vc_single_image image=&#8221;8120&#8243; img_size=&#8221;full&#8221; alignment=&#8221;center&#8221; onclick=&#8221;custom_link&#8221; img_link_target=&#8221;_blank&#8221; link=&#8221;https:\/\/web.eneo.unam.mx\/wp-content\/uploads\/2021\/12\/Declaratoria-de-cero-tolerancia-ENEO.pdf&#8221;][vc_single_image image=&#8221;8023&#8243; img_size=&#8221;full&#8221; onclick=&#8221;custom_link&#8221; img_link_target=&#8221;_blank&#8221; link=&#8221;https:\/\/web.eneo.unam.mx\/wp-content\/uploads\/2022\/11\/221117-suplemento-protocolo-para-atencion-integral-de-violencia-por-razones-de-genero.pdf&#8221;][vc_single_image image=&#8221;8103&#8243; img_size=&#8221;full&#8221; onclick=&#8221;custom_link&#8221; img_link_target=&#8221;_blank&#8221; link=&#8221;https:\/\/web.eneo.unam.mx\/wp-content\/uploads\/2022\/11\/2-Resumen-Protocolo-para-la-aten-viol-gen.pdf&#8221;][vc_single_image image=&#8221;8108&#8243; img_size=&#8221;full&#8221; onclick=&#8221;custom_link&#8221; img_link_target=&#8221;_blank&#8221; link=&#8221;https:\/\/web.eneo.unam.mx\/wp-content\/uploads\/2022\/11\/5Punteo-Acciones-UNAM.pdf&#8221;][vc_empty_space][vc_single_image image=&#8221;8112&#8243; img_size=&#8221;full&#8221; alignment=&#8221;center&#8221; onclick=&#8221;custom_link&#8221; img_link_target=&#8221;_blank&#8221; css_animation=&#8221;flipInX&#8221; link=&#8221;https:\/\/web.eneo.unam.mx\/wp-content\/uploads\/2022\/11\/6La-Boletina-25N.pdf&#8221;][vc_empty_space][\/vc_column][\/vc_row][vc_row][vc_column][vc_column_text]<\/p>\n<h3>Infograf\u00edas<\/h3>\n<p>[\/vc_column_text][\/vc_column][\/vc_row][vc_row][vc_column width=&#8221;1\/3&#8243;][vc_single_image image=&#8221;8086&#8243; img_size=&#8221;full&#8221; alignment=&#8221;center&#8221; onclick=&#8221;custom_link&#8221; img_link_target=&#8221;_blank&#8221; css_animation=&#8221;fadeInUpBig&#8221; link=&#8221;https:\/\/web.eneo.unam.mx\/wp-content\/uploads\/2022\/11\/scn1.pdf&#8221;][\/vc_column][vc_column width=&#8221;1\/3&#8243;][vc_single_image image=&#8221;8089&#8243; img_size=&#8221;full&#8221; alignment=&#8221;center&#8221; onclick=&#8221;custom_link&#8221; img_link_target=&#8221;_blank&#8221; css_animation=&#8221;fadeInUpBig&#8221; link=&#8221;https:\/\/web.eneo.unam.mx\/wp-content\/uploads\/2022\/11\/scn2-1.pdf&#8221;][\/vc_column][vc_column width=&#8221;1\/3&#8243;][vc_single_image image=&#8221;8091&#8243; img_size=&#8221;full&#8221; alignment=&#8221;center&#8221; onclick=&#8221;custom_link&#8221; img_link_target=&#8221;_blank&#8221; css_animation=&#8221;fadeInUpBig&#8221; link=&#8221;https:\/\/web.eneo.unam.mx\/wp-content\/uploads\/2022\/11\/scn3.pdf&#8221;][\/vc_column][\/vc_row][vc_row][vc_column width=&#8221;1\/3&#8243;][vc_single_image image=&#8221;8093&#8243; img_size=&#8221;full&#8221; alignment=&#8221;center&#8221; onclick=&#8221;custom_link&#8221; img_link_target=&#8221;_blank&#8221; css_animation=&#8221;fadeInUpBig&#8221; link=&#8221;https:\/\/web.eneo.unam.mx\/wp-content\/uploads\/2022\/11\/scn4.pdf&#8221;][\/vc_column][vc_column width=&#8221;1\/3&#8243;][vc_single_image image=&#8221;8095&#8243; img_size=&#8221;full&#8221; alignment=&#8221;center&#8221; onclick=&#8221;custom_link&#8221; img_link_target=&#8221;_blank&#8221; css_animation=&#8221;fadeInUpBig&#8221; link=&#8221;https:\/\/web.eneo.unam.mx\/wp-content\/uploads\/2022\/11\/scn5.pdf&#8221;][\/vc_column][vc_column width=&#8221;1\/3&#8243;][\/vc_column][\/vc_row][\/vc_section][vc_row][vc_column][vc_column_text]<\/p>\n<h3 style=\"text-align: center;\">Comunicado CIGU UNAM 31 DE MARZO 2022<\/h3>\n<p>[\/vc_column_text][\/vc_column][\/vc_row][vc_row][vc_column width=&#8221;1\/2&#8243;][vc_single_image image=&#8221;6343&#8243; img_size=&#8221;full&#8221; alignment=&#8221;center&#8221; onclick=&#8221;custom_link&#8221; img_link_target=&#8221;_blank&#8221; css_animation=&#8221;bounceIn&#8221; link=&#8221;https:\/\/web.eneo.unam.mx\/wp-content\/uploads\/2022\/03\/igualdadegenero.pdf&#8221;][\/vc_column][vc_column width=&#8221;1\/2&#8243;][vc_single_image image=&#8221;6342&#8243; img_size=&#8221;full&#8221; alignment=&#8221;center&#8221; onclick=&#8221;custom_link&#8221; img_link_target=&#8221;_blank&#8221; css_animation=&#8221;bounceIn&#8221; link=&#8221;https:\/\/web.eneo.unam.mx\/wp-content\/uploads\/2022\/03\/igualdadegenero.pdf&#8221;][\/vc_column][\/vc_row][vc_row][vc_column][vc_column_text]La Comisi\u00f3n Interna de Igualdad de G\u00e9nero (CInIG) de la Facultad de Enfermer\u00eda y Obstetricia (FENO), que es un \u00f3rgano auxiliar de la Entidad Acad\u00e9mica cuyo objetivo, junto con la coordinaci\u00f3n de igualdad de g\u00e9nero (CIGU) DE LA UNAM, es impulsar la implementaci\u00f3n de la pol\u00edtica institucional en materia de igualdad de g\u00e9nero de la Universidad y prevenir cualquier tipo de discriminaci\u00f3n y violencia por razones de g\u00e9nero, de conformidad con el Acuerdo por el que se Establecen Pol\u00edticas Institucionales para la Prevenci\u00f3n, Atenci\u00f3n, Sanci\u00f3n y Erradicaci\u00f3n de Casos de Violencia de G\u00e9nero en la Universidad Nacional Aut\u00f3noma de M\u00e9xico y el Acuerdo por el que se crea la Coordinaci\u00f3n para la Igualdad de G\u00e9nero para la UNAM con fundamento en los art\u00edculos 1 y 9 de la Ley Org\u00e1nica y 34 fracciones IX y X de Estatuto general de la UNAM, hace de su conocimiento la informaci\u00f3n relativa a la atenci\u00f3n de quejas y denuncias por violencia de g\u00e9nero.[\/vc_column_text][vc_empty_space][\/vc_column][\/vc_row][vc_row][vc_column][vc_empty_space][\/vc_column][\/vc_row][vc_row css=&#8221;.vc_custom_1632251418816{background-color: #e1b7e5 !important;}&#8221;][vc_column width=&#8221;1\/6&#8243;][\/vc_column][vc_column width=&#8221;2\/3&#8243;][vc_video link=&#8221;https:\/\/youtu.be\/yYwkZt99O14&#8243;][\/vc_column][vc_column width=&#8221;1\/6&#8243;][\/vc_column][\/vc_row][vc_row][vc_column][vc_column_text]<\/p>\n<h4>Recursos<\/h4>\n<p>[\/vc_column_text][\/vc_column][\/vc_row][vc_row][vc_column width=&#8221;1\/4&#8243;][vc_single_image image=&#8221;7437&#8243; img_size=&#8221;full&#8221; alignment=&#8221;center&#8221; onclick=&#8221;custom_link&#8221; img_link_target=&#8221;_blank&#8221; link=&#8221;https:\/\/coordinaciongenero.unam.mx\/recursos\/diversidades-y-disidencias\/&#8221;][\/vc_column][vc_column width=&#8221;1\/4&#8243;][vc_single_image image=&#8221;7435&#8243; img_size=&#8221;full&#8221; alignment=&#8221;center&#8221; onclick=&#8221;custom_link&#8221; img_link_target=&#8221;_blank&#8221; link=&#8221;https:\/\/coordinaciongenero.unam.mx\/recursos\/feminismos\/&#8221;][\/vc_column][vc_column width=&#8221;1\/4&#8243;][vc_single_image image=&#8221;7430&#8243; img_size=&#8221;full&#8221; alignment=&#8221;center&#8221; onclick=&#8221;custom_link&#8221; img_link_target=&#8221;_blank&#8221; link=&#8221;https:\/\/coordinaciongenero.unam.mx\/recursos\/masculinidades\/&#8221;][\/vc_column][vc_column width=&#8221;1\/4&#8243;][vc_single_image image=&#8221;7431&#8243; img_size=&#8221;full&#8221; alignment=&#8221;center&#8221; onclick=&#8221;custom_link&#8221; img_link_target=&#8221;_blank&#8221; link=&#8221;https:\/\/coordinaciongenero.unam.mx\/recursos\/tipos-de-violencia-de-genero\/&#8221;][\/vc_column][\/vc_row][vc_row][vc_column][vc_single_image image=&#8221;7393&#8243; img_size=&#8221;full&#8221; alignment=&#8221;center&#8221; onclick=&#8221;custom_link&#8221; css_animation=&#8221;flipInY&#8221; link=&#8221;https:\/\/coordinaciongenero.unam.mx\/avada_portfolio\/prevencion-de-la-violencia-contra-las-personas-lgbtttiq\/?portfolioCats=171#&#8221;][\/vc_column][\/vc_row]<\/p>\n","protected":false},"excerpt":{"rendered":"<p>[vc_section][vc_row][vc_column width=&#8221;1\/3&#8243;][vc_single_image image=&#8221;16652&#8243; img_size=&#8221;full&#8221; onclick=&#8221;custom_link&#8221; img_link_target=&#8221;_blank&#8221; css_animation=&#8221;fadeInDown&#8221; link=&#8221;https:\/\/www.feno.unam.mx\/wp-content\/uploads\/2026\/03\/leyes-para-todas-las-personas.pdf&#8221;][\/vc_column][vc_column width=&#8221;1\/3&#8243;][\/vc_column][vc_column width=&#8221;1\/3&#8243;][vc_single_image image=&#8221;16331&#8243; img_size=&#8221;full&#8221; onclick=&#8221;custom_link&#8221; img_link_target=&#8221;_blank&#8221; css_animation=&#8221;fadeInDown&#8221; link=&#8221;https:\/\/www.feno.unam.mx\/wp-content\/uploads\/2026\/01\/degenero31I2026.jpg&#8221;][\/vc_column][\/vc_row][vc_row][vc_column width=&#8221;1\/3&#8243;][vc_single_image image=&#8221;14555&#8243; img_size=&#8221;full&#8221; onclick=&#8221;custom_link&#8221; img_link_target=&#8221;_blank&#8221; css_animation=&#8221;fadeInLeft&#8221; link=&#8221;https:\/\/www.feno.unam.mx\/wp-content\/uploads\/2025\/06\/historiasgay.png&#8221;][\/vc_column][vc_column width=&#8221;1\/3&#8243;][vc_single_image image=&#8221;14896&#8243; &hellip; <\/p>\n","protected":false},"author":1,"featured_media":0,"parent":0,"menu_order":0,"comment_status":"closed","ping_status":"closed","template":"","meta":{"footnotes":""},"class_list":["post-3739","page","type-page","status-publish","hentry","latest_post"],"aioseo_notices":[],"publishpress_future_action":{"enabled":false,"date":"2026-04-21 22:53:20","action":"change-status","newStatus":"draft","terms":[],"taxonomy":"","extraData":[]},"publishpress_future_workflow_manual_trigger":{"enabledWorkflows":[]},"_links":{"self":[{"href":"https:\/\/www.feno.unam.mx\/index.php\/wp-json\/wp\/v2\/pages\/3739","targetHints":{"allow":["GET"]}}],"collection":[{"href":"https:\/\/www.feno.unam.mx\/index.php\/wp-json\/wp\/v2\/pages"}],"about":[{"href":"https:\/\/www.feno.unam.mx\/index.php\/wp-json\/wp\/v2\/types\/page"}],"author":[{"embeddable":true,"href":"https:\/\/www.feno.unam.mx\/index.php\/wp-json\/wp\/v2\/users\/1"}],"replies":[{"embeddable":true,"href":"https:\/\/www.feno.unam.mx\/index.php\/wp-json\/wp\/v2\/comments?post=3739"}],"version-history":[{"count":93,"href":"https:\/\/www.feno.unam.mx\/index.php\/wp-json\/wp\/v2\/pages\/3739\/revisions"}],"predecessor-version":[{"id":16653,"href":"https:\/\/www.feno.unam.mx\/index.php\/wp-json\/wp\/v2\/pages\/3739\/revisions\/16653"}],"wp:attachment":[{"href":"https:\/\/www.feno.unam.mx\/index.php\/wp-json\/wp\/v2\/media?parent=3739"}],"curies":[{"name":"wp","href":"https:\/\/api.w.org\/{rel}","templated":true}]}}