{"id":3718,"date":"2021-09-21T04:44:21","date_gmt":"2021-09-21T04:44:21","guid":{"rendered":"https:\/\/web.eneo.unam.mx\/?page_id=3718"},"modified":"2024-07-24T18:04:35","modified_gmt":"2024-07-24T18:04:35","slug":"oms-eneo","status":"publish","type":"page","link":"https:\/\/www.feno.unam.mx\/index.php\/oms-eneo\/","title":{"rendered":"OMS-FENO"},"content":{"rendered":"<p>[vc_section][vc_row][vc_column][vc_column_text]La <strong>FENO<\/strong> es <strong>centro colaborador de la Organizaci\u00f3n Mundial de la Salud (OMS)<\/strong> para el desarrollo de la enfermer\u00eda profesional. Es uno de los cinco centros de este tipo en Am\u00e9rica latina y \u00fanico en M\u00e9xico.[\/vc_column_text][\/vc_column][\/vc_row][vc_row][vc_column][vc_single_image image=&#8221;3722&#8243; img_size=&#8221;full&#8221; alignment=&#8221;center&#8221;][\/vc_column][\/vc_row][\/vc_section][vc_row][vc_column][vc_column_text]<\/p>\n<div align=\"center\">\n<hr align=\"center\" size=\"2\" \/>\n<\/div>\n<p><em>Publicaci\u00f3n 2024, Julio 24<\/em><\/p>\n<p><strong>Visite la p\u00e1gina de la OPS\/OMS dedicada a la Enfermer\u00eda:<\/strong><strong>\u00a0<\/strong><strong><u><a id=\"m_-8091234908581081273m_5130955081055348503OWAb969420f-0acd-188c-cc36-c0450a91f1a1\" href=\"https:\/\/www.paho.org\/es\/temas\/enfermeria\" target=\"_blank\" rel=\"noopener\" data-saferedirecturl=\"https:\/\/www.google.com\/url?q=https:\/\/www.paho.org\/es\/temas\/enfermeria&amp;source=gmail&amp;ust=1721925188936000&amp;usg=AOvVaw3YKV2iN_Shuokpe52-6vYP\">https:\/\/www.paho.org\/es\/temas\/enfermeria<\/a><\/u><\/strong><\/p>\n<p><strong>La OPS analiza el papel de las enfermeras y los enfermeros en la salud de las y los adolescentes<\/strong><\/p>\n<p>La Organizaci\u00f3n Panamericana de la Salud (OPS), en colaboraci\u00f3n con Global Affairs Canada (GAC), llev\u00f3 a cabo una investigaci\u00f3n con el objetivo de identificar y analizar el papel de las enfermeras y los enfermeros en el desarrollo e implementaci\u00f3n de pol\u00edticas p\u00fablicas y en la prestaci\u00f3n de servicios de salud a adolescentes en Colombia, Ecuador, Honduras y Per\u00fa.<\/p>\n<p><u><a id=\"m_-8091234908581081273m_5130955081055348503OWA270a96a7-81a7-abb2-0af6-a861e8f13d6e\" href=\"https:\/\/www.paho.org\/es\/noticias\/10-7-2024-ops-analiza-papel-enfermeras-enfermeros-salud-adolescentes\" target=\"_blank\" rel=\"noopener\" data-saferedirecturl=\"https:\/\/www.google.com\/url?q=https:\/\/www.paho.org\/es\/noticias\/10-7-2024-ops-analiza-papel-enfermeras-enfermeros-salud-adolescentes&amp;source=gmail&amp;ust=1721925188936000&amp;usg=AOvVaw1X0Eo7beCeFoJNwoPGkNpc\">https:\/\/www.paho.org\/es\/noticias\/10-7-2024-ops-analiza-papel-enfermeras-enfermeros-salud-adolescentes<\/a><\/u><\/p>\n<p><strong>La OPS lanza una p\u00e1gina sobre los t\u00e9cnicos de salud<\/strong><\/p>\n<p>La p\u00e1gina destaca la importancia del trabajo de los t\u00e9cnicos de salud en la atenci\u00f3n a la salud de las poblaciones y contribuye a dar visibilidad y ampliar las inversiones en medidas, estrategias y pol\u00edticas destinadas a la formaci\u00f3n, la profesionalizaci\u00f3n y la garant\u00eda de un trabajo digno para los t\u00e9cnicos de salud.<\/p>\n<p><u><a id=\"m_-8091234908581081273m_5130955081055348503OWA43bcfe2f-2716-a1fc-cc54-9f51c7330f20\" href=\"https:\/\/www.paho.org\/es\/temas\/tecnicos-salud\" target=\"_blank\" rel=\"noopener\" data-saferedirecturl=\"https:\/\/www.google.com\/url?q=https:\/\/www.paho.org\/es\/temas\/tecnicos-salud&amp;source=gmail&amp;ust=1721925188936000&amp;usg=AOvVaw3EcExWXg0lmQGxAWueZWT7\">https:\/\/www.paho.org\/es\/temas\/tecnicos-salud<\/a><\/u><\/p>\n<p><strong>Curso virtual: Metodolog\u00eda cient\u00edfica y estrategias de divulgaci\u00f3n del conocimiento para enfermeras y enfermeros<\/strong><\/p>\n<p>Este curso brinda oportunidades para desarrollar competencias relacionadas con: La participaci\u00f3n en equipos y proyectos de investigaci\u00f3n cient\u00edfica; la evaluaci\u00f3n de datos e informaci\u00f3n de una variedad de fuentes; la producci\u00f3n y divulgaci\u00f3n de informaci\u00f3n cient\u00edfica.<\/p>\n<p>Informaci\u00f3n y registro:\u00a0<u><a id=\"m_-8091234908581081273m_5130955081055348503OWA165c601f-23ec-25e5-d877-e1bbb730047c\" href=\"https:\/\/campus.paho.org\/es\/curso\/metodologia-cientifica-y-estrategias-de-divulgacion-del-conocimiento-para-enfermeras-y\" target=\"_blank\" rel=\"noopener\" data-saferedirecturl=\"https:\/\/www.google.com\/url?q=https:\/\/campus.paho.org\/es\/curso\/metodologia-cientifica-y-estrategias-de-divulgacion-del-conocimiento-para-enfermeras-y&amp;source=gmail&amp;ust=1721925188936000&amp;usg=AOvVaw3fpSCocgcZu2l-CykEQRxZ\">https:\/\/campus.paho.org\/es\/curso\/metodologia-cientifica-y-estrategias-de-divulgacion-del-conocimiento-para-enfermeras-y<\/a><\/u><\/p>\n<p><strong>La formaci\u00f3n de una nueva alianza refuerza el firme compromiso del CIE con los estudiantes y las enfermeras que inician su carrera profesional<\/strong><\/p>\n<p>La Junta Directiva del Consejo Internacional de Enfermeras ha aprobado la formaci\u00f3n de un nuevo \u00f3rgano innovador del CIE que representa a las enfermeras estudiantes y a las que inician su carrera profesional.<\/p>\n<p><u><a id=\"m_-8091234908581081273m_5130955081055348503OWA2ab87e94-3975-111a-0a70-61b31ec2fbf6\" href=\"https:\/\/www.icn.ch\/es\/noticias\/la-formacion-de-una-nueva-alianza-refuerza-el-firme-compromiso-del-cie-con-los-estudiantes\" target=\"_blank\" rel=\"noopener\" data-saferedirecturl=\"https:\/\/www.google.com\/url?q=https:\/\/www.icn.ch\/es\/noticias\/la-formacion-de-una-nueva-alianza-refuerza-el-firme-compromiso-del-cie-con-los-estudiantes&amp;source=gmail&amp;ust=1721925188936000&amp;usg=AOvVaw38ZtSiliUJGExRy3K4pwoV\">https:\/\/www.icn.ch\/es\/noticias\/la-formacion-de-una-nueva-alianza-refuerza-el-firme-compromiso-del-cie-con-los-estudiantes<\/a><\/u><\/p>\n<p><strong>VII Congreso Internacional de Enfermer\u00eda: Retos del Cuidado Frente a la Enfermedad Cr\u00f3nica<\/strong><\/p>\n<p>21 al 23 de Agosto de 2024, Universidad Cooperativa de Colombia, Bucaramanga<\/p>\n<p>Informaci\u00f3n:\u00a0<u><a id=\"m_-8091234908581081273m_5130955081055348503OWA63b61c5b-5ac0-6d8f-8ee6-cda3461b1671\" href=\"mailto:congreso.enfermeria.buc@campusucc.edu.co\" target=\"_blank\" rel=\"noopener\">congreso.enfermeria.buc@campusucc.edu.co<\/a><\/u><\/p>\n<p>Preinscripci\u00f3n al evento:\u00a0<u><a id=\"m_-8091234908581081273m_5130955081055348503OWA386a0503-ad69-7e55-953e-6b0be33bc234\" href=\"https:\/\/forms.office.com\/r\/c6pTSkcAYZ\" target=\"_blank\" rel=\"noopener\" data-saferedirecturl=\"https:\/\/www.google.com\/url?q=https:\/\/forms.office.com\/r\/c6pTSkcAYZ&amp;source=gmail&amp;ust=1721925188936000&amp;usg=AOvVaw3XTtQJmUONF0hjK-QymjzM\">https:\/\/forms.office.com\/r\/c6pTSkcAYZ<\/a><\/u><\/p>\n<hr \/>\n<p>[\/vc_column_text][\/vc_column][\/vc_row][vc_row][vc_column][vc_single_image image=&#8221;3723&#8243; img_size=&#8221;full&#8221; onclick=&#8221;custom_link&#8221; el_class=&#8221;hvr-float-shadow&#8221; link=&#8221;https:\/\/web.eneo.unam.mx\/wp-content\/uploads\/2021\/09\/080921-Annual-Report-WHO-Network-of-Collaborating-centers-2021.pdf&#8221;][vc_column_text]Colaboradores de la OMS para Enfermer\u00eda y Parter\u00eda es un grupo dedicado de instituciones, centros acad\u00e9micos e individuos que trabajan juntos para construir un mundo m\u00e1s saludable. Adem\u00e1s de trabajar con la Organizaci\u00f3n Mundial de la Salud.<\/p>\n<p><a href=\"https:\/\/web.eneo.unam.mx\/wp-content\/uploads\/2021\/09\/080921-Annual-Report-WHO-Network-of-Collaborating-centers-2021.pdf\" target=\"_blank\" rel=\"noopener\">Descarga el Reporte Anual 2021<\/a>[\/vc_column_text][\/vc_column][\/vc_row][vc_row][vc_column][vc_empty_space][\/vc_column][\/vc_row][vc_row][vc_column][vc_custom_heading text=&#8221;Materiales de inter\u00e9s&#8221; font_container=&#8221;tag:h2|text_align:center|color:%23000d59&#8243; google_fonts=&#8221;font_family:Roboto%3A100%2C100italic%2C300%2C300italic%2Cregular%2Citalic%2C500%2C500italic%2C700%2C700italic%2C900%2C900italic|font_style:400%20regular%3A400%3Anormal&#8221;][\/vc_column][\/vc_row][vc_row][vc_column width=&#8221;1\/3&#8243;][vc_single_image image=&#8221;3727&#8243; img_size=&#8221;large&#8221; alignment=&#8221;center&#8221; style=&#8221;vc_box_border&#8221; onclick=&#8221;custom_link&#8221; link=&#8221;https:\/\/web.eneo.unam.mx\/wp-content\/uploads\/2021\/09\/Educating-nurse-for-the-future.pdf&#8221; el_class=&#8221;hvr-float-shadow&#8221;][vc_column_text]<span style=\"color: #000080;\"><strong>The Future of Nursing 2020-2030: Charting a Path to Achieve Health Equity (2021)<\/strong><\/span><br \/>\n<strong><span style=\"color: #ffcc00;\">Cap\u00edtulo: Educating Nurses for the Future<\/span><\/strong><br \/>\n<a href=\"https:\/\/web.eneo.unam.mx\/wp-content\/uploads\/2021\/09\/Educating-nurse-for-the-future.pdf\" target=\"_blank\" rel=\"noopener\">Descargar el archivo<\/a>[\/vc_column_text][\/vc_column][vc_column width=&#8221;1\/3&#8243;][vc_single_image image=&#8221;3730&#8243; img_size=&#8221;large&#8221; alignment=&#8221;center&#8221; style=&#8221;vc_box_border&#8221; onclick=&#8221;custom_link&#8221; link=&#8221;https:\/\/web.eneo.unam.mx\/wp-content\/uploads\/2021\/09\/Situacion-de-la-enfermeria-en-el-mundo-2020.pdf&#8221; el_class=&#8221;hvr-float-shadow&#8221;][vc_column_text]<span style=\"color: #000080;\"><strong>Situaci\u00f3n de la Enfermer\u00eda en el Mundo 2020: invertir en educaci\u00f3n, empleo y liderazgo<\/strong><\/span><br \/>\nEste libro llega en un momento en que el mundo es testigo de compromisos pol\u00edticos sin precedentes hacia la cobertura s anitaria universal. Al mismo tiempo, el actual brote de COVID-19 y los desplazamientos masivos de poblaci\u00f3n a causa de conflictos ponen a prueba nuestra preparaci\u00f3n ante emergencias y capacidad de respuesta.<\/p>\n<p><a href=\"https:\/\/web.eneo.unam.mx\/wp-content\/uploads\/2021\/09\/Situacion-de-la-enfermeria-en-el-mundo-2020.pdf\" target=\"_blank\" rel=\"noopener\">Descargar el archivo<\/a>[\/vc_column_text][\/vc_column][vc_column width=&#8221;1\/3&#8243;][vc_single_image image=&#8221;3729&#8243; img_size=&#8221;large&#8221; alignment=&#8221;center&#8221; style=&#8221;vc_box_border&#8221; onclick=&#8221;custom_link&#8221; link=&#8221;https:\/\/web.eneo.unam.mx\/wp-content\/uploads\/2021\/09\/infografia-enfermeria-2021.pdf&#8221; el_class=&#8221;hvr-float-shadow&#8221;][vc_column_text]<span style=\"color: #000080;\"><strong>La situaci\u00f3n de la Enfermer\u00eda en la Regi\u00f3n de las Am\u00e9ricas<\/strong><\/span><br \/>\n<a href=\"https:\/\/web.eneo.unam.mx\/wp-content\/uploads\/2021\/09\/infografia-enfermeria-2021.pdf\" target=\"_blank\" rel=\"noopener\">Descargar el archivo<\/a>[\/vc_column_text][\/vc_column][\/vc_row][vc_row][vc_column][vc_empty_space][\/vc_column][\/vc_row][vc_row][vc_column][vc_video link=&#8221;https:\/\/www.youtube.com\/watch?v=Xr3qTTokEEI&#8221; title=&#8221;Video message from Dr. Tedros for International Nurses Day 2021&#8243;][vc_column_text]El D\u00eda Internacional de las Enfermeras se celebra en todo el mundo el 12 de mayo para conmemorar el aniversario del nacimiento de Florence Nightingale. El tema para el 2021 es Enfermeras: una voz para liderar: una visi\u00f3n para la atenci\u00f3n m\u00e9dica futura.[\/vc_column_text][vc_empty_space][\/vc_column][\/vc_row][vc_row][vc_column][vc_video link=&#8221;https:\/\/www.youtube.com\/watch?v=T8nI79_cj1Y&#8221; title=&#8221;Video message from Elizabeth Iro, WHO chief Nursing Officer for International Nurses Day 2021.&#8221;][vc_column_text]El D\u00eda Internacional de las Enfermeras se celebra en todo el mundo el 12 de mayo para conmemorar el aniversario del nacimiento de Florence Nightingale. El tema para el 2021 es Enfermeras: una voz para liderar: una visi\u00f3n para la atenci\u00f3n m\u00e9dica futura.[\/vc_column_text][vc_empty_space][\/vc_column][\/vc_row][vc_row][vc_column][vc_video link=&#8221;https:\/\/www.youtube.com\/watch?v=ThuCFWiJdiY&#8221; title=&#8221;\u201cWhy I became a nurse?\u201d, Elizabeth Iro, WHO Chief Nursing Officer&#8221;][vc_column_text]Para conmemorar el D\u00eda Internacional de las Enfermeras el 12 de mayo, Elizabeth Iro, directora de enfermer\u00eda de la OMS, nos explica su viaje para convertirse en enfermera y lo que significa ser enfermera.[\/vc_column_text][\/vc_column][\/vc_row]<\/p>\n","protected":false},"excerpt":{"rendered":"<p>[vc_section][vc_row][vc_column][vc_column_text]La FENO es centro colaborador de la Organizaci\u00f3n Mundial de la Salud (OMS) para el desarrollo de la enfermer\u00eda profesional. Es uno de los cinco &hellip; <\/p>\n","protected":false},"author":1,"featured_media":0,"parent":0,"menu_order":0,"comment_status":"closed","ping_status":"closed","template":"","meta":{"footnotes":""},"class_list":["post-3718","page","type-page","status-publish","hentry","latest_post"],"aioseo_notices":[],"publishpress_future_action":{"enabled":false,"date":"2026-04-22 03:14:19","action":"change-status","newStatus":"draft","terms":[],"taxonomy":"","extraData":[]},"publishpress_future_workflow_manual_trigger":{"enabledWorkflows":[]},"_links":{"self":[{"href":"https:\/\/www.feno.unam.mx\/index.php\/wp-json\/wp\/v2\/pages\/3718","targetHints":{"allow":["GET"]}}],"collection":[{"href":"https:\/\/www.feno.unam.mx\/index.php\/wp-json\/wp\/v2\/pages"}],"about":[{"href":"https:\/\/www.feno.unam.mx\/index.php\/wp-json\/wp\/v2\/types\/page"}],"author":[{"embeddable":true,"href":"https:\/\/www.feno.unam.mx\/index.php\/wp-json\/wp\/v2\/users\/1"}],"replies":[{"embeddable":true,"href":"https:\/\/www.feno.unam.mx\/index.php\/wp-json\/wp\/v2\/comments?post=3718"}],"version-history":[{"count":13,"href":"https:\/\/www.feno.unam.mx\/index.php\/wp-json\/wp\/v2\/pages\/3718\/revisions"}],"predecessor-version":[{"id":12557,"href":"https:\/\/www.feno.unam.mx\/index.php\/wp-json\/wp\/v2\/pages\/3718\/revisions\/12557"}],"wp:attachment":[{"href":"https:\/\/www.feno.unam.mx\/index.php\/wp-json\/wp\/v2\/media?parent=3718"}],"curies":[{"name":"wp","href":"https:\/\/api.w.org\/{rel}","templated":true}]}}