{"id":2720,"date":"2021-09-17T00:24:39","date_gmt":"2021-09-17T00:24:39","guid":{"rendered":"https:\/\/web.eneo.unam.mx\/?page_id=2720"},"modified":"2021-12-01T20:52:30","modified_gmt":"2021-12-01T20:52:30","slug":"fototeca","status":"publish","type":"page","link":"https:\/\/www.feno.unam.mx\/index.php\/fototeca\/","title":{"rendered":"Fototeca"},"content":{"rendered":"<p>[vc_section][vc_row][vc_column][\/vc_column][\/vc_row][vc_row][vc_column][vc_empty_space][\/vc_column][\/vc_row][vc_row][vc_column][vc_empty_space][\/vc_column][\/vc_row][\/vc_section][vc_row][vc_column][vc_custom_heading text=&#8221;2020&#8243; font_container=&#8221;tag:h2|text_align:center&#8221; google_fonts=&#8221;font_family:Roboto%3A100%2C100italic%2C300%2C300italic%2Cregular%2Citalic%2C500%2C500italic%2C700%2C700italic%2C900%2C900italic|font_style:400%20regular%3A400%3Anormal&#8221;][\/vc_column][\/vc_row][vc_row][vc_column][vc_tta_accordion c_icon=&#8221;chevron&#8221; active_section=&#8221;non-existing number&#8221; collapsible_all=&#8221;true&#8221;][vc_tta_section title=&#8221;D\u00eda del enfermero y la enfermera 2020. Oaxtepec Morelos.&#8221; tab_id=&#8221;1631944806000-279089be-fccc&#8221;][vc_masonry_media_grid element_width=&#8221;3&#8243; grid_id=&#8221;vc_gid:1638391943379-94cf4c95-18e8-0&#8243; include=&#8221;3088,3087,3086,3085,3084,3083,3082,3081,3080,3079,3078,3077,3076,3075,3074,3073,3072,3071,3070,3069,3068,3067,3066,3065,3064,3063,3062,3061,3060,3059,3058,3057,3056,3055,3054,3053,3052,3051,3050,3049&#8243;][\/vc_tta_section][\/vc_tta_accordion][vc_empty_space][\/vc_column][\/vc_row][vc_row][vc_column][vc_tta_accordion c_icon=&#8221;chevron&#8221; active_section=&#8221;non-existing number&#8221; collapsible_all=&#8221;true&#8221;][vc_tta_section title=&#8221;Reuni\u00f3n ENEO &#8211; Escuela de Salud P\u00fablica de la Universidad de Harvard&#8221; tab_id=&#8221;1631945274595-022e3258-867f&#8221;][vc_column_text]<\/p>\n<p style=\"text-align: left; font-size: 18px; font-family: Roboto;\">Curso especial de Maestr\u00eda sobre el Sistema de Salud Mexicano<\/p>\n<p>[\/vc_column_text][vc_masonry_media_grid element_width=&#8221;3&#8243; grid_id=&#8221;vc_gid:1638391943380-6508484b-cf42-6&#8243; include=&#8221;3090,3091,3092,3093&#8243;][\/vc_tta_section][\/vc_tta_accordion][vc_empty_space][\/vc_column][\/vc_row][vc_row][vc_column][vc_tta_accordion c_icon=&#8221;chevron&#8221; active_section=&#8221;non-existing number&#8221; collapsible_all=&#8221;true&#8221;][vc_tta_section title=&#8221;ENEO &#8211; DGIRE &#8211; Escuelas Incorporadas&#8221; tab_id=&#8221;1632017066894-32c93868-2598&#8243;][vc_column_text]<\/p>\n<p style=\"text-align: left; font-size: 18px; font-family: Roboto;\">El 23 de enero de 2020, en la sala de juntas del Honorable Consejo T\u00e9cnico de la ENEO, se efectu\u00f3 la reuni\u00f3n entre la doctora Manola Giral de Lozano, titular de la DGIRE \u2013 UNAM, la maestra Rosa Amarilis Z\u00e1rate Grajales, directora de la ENEO y sus correspondientes equipos de trabajo, para concertar las bases para transitar del plan de estudios de la Licenciatura en Enfermer\u00eda y Obstetricia al de la Licenciatura en Enfermer\u00eda por parte de las siguientes escuelas incorporadas:<\/p>\n<p style=\"text-align: left; font-size: 18px; font-family: Roboto;\">Instituto Nacional de Cardiolog\u00eda &#8211; Ignacio Ch\u00e1vez<\/p>\n<p style=\"text-align: left; font-size: 18px; font-family: Roboto;\">Instituto Nacional de Enfermedades Respiratorias\u00a0 &#8211; Ismael Cos\u00edo Villegas<\/p>\n<p style=\"text-align: left; font-size: 18px; font-family: Roboto;\">Escuela de Enfermer\u00eda de la Secretar\u00eda de Salud de la Ciudad de M\u00e9xico<\/p>\n<p style=\"text-align: left; font-size: 18px; font-family: Roboto;\">Escuela de Enfermer\u00eda del Centro M\u00e9dico Nacional Siglo XXI<\/p>\n<p style=\"text-align: left; font-size: 18px; font-family: Roboto;\">Mismas que ofertar\u00e1n, a partir del mes de agosto 2020, la Licenciatura en Enfermer\u00eda.<\/p>\n<p>[\/vc_column_text][vc_masonry_media_grid element_width=&#8221;3&#8243; grid_id=&#8221;vc_gid:1638391943381-41791e86-6e6a-4&#8243; include=&#8221;3035,3034,3033,3032,3031,3030,3029,3028&#8243;][vc_masonry_media_grid grid_id=&#8221;vc_gid:1638391943381-add13255-c0aa-9&#8243; include=&#8221;3025,3026,3027&#8243;][\/vc_tta_section][\/vc_tta_accordion][vc_empty_space][\/vc_column][\/vc_row][vc_section][vc_row][vc_column][vc_custom_heading text=&#8221;2019&#8243; font_container=&#8221;tag:h2|text_align:center&#8221; google_fonts=&#8221;font_family:Roboto%3A100%2C100italic%2C300%2C300italic%2Cregular%2Citalic%2C500%2C500italic%2C700%2C700italic%2C900%2C900italic|font_style:400%20regular%3A400%3Anormal&#8221;][vc_tta_accordion c_icon=&#8221;chevron&#8221; active_section=&#8221;non-existing number&#8221; collapsible_all=&#8221;true&#8221;][vc_tta_section title=&#8221;Equipo de hockey sobre pasto de la ENEO, ganador del primer lugar en los juegos universitarios&#8221; tab_id=&#8221;1631945286430-bf34e514-73c0&#8243;][vc_column_text]Equipo de hockey sobre pasto de la ENEO, ganador del primer lugar en los Juegos Universitarios<\/p>\n<p style=\"text-align: justify; font-size: 18px; font-family: Roboto;\">Francisco Blas Valencia Castillo<\/p>\n<p style=\"text-align: justify; font-size: 18px; font-family: Roboto;\">Integrado por los alumnos del primer semestre de la Licenciatura en Enfermer\u00eda Sebasti\u00e1n Garay Hern\u00e1ndez, Cristian Miguel Almaz\u00e1n Rocha, Mario Monroy L\u00f3pez, Kevin Alexander Rodr\u00edguez Jacobo y Leonardo Hern\u00e1ndez Dom\u00ednguez, nuestro equipo de hockey sobre pasto obtuvo el Primer Lugar en los Juegos Universitarios.<\/p>\n<p style=\"text-align: justify; font-size: 18px; font-family: Roboto;\">Despu\u00e9s de numerosas pr\u00e1cticas y juegos preparatorios, el s\u00e1bado 23 de noviembre, en el Deportivo Alfredo Harp Hel\u00fa de Ciudad Universitaria, ganaron sus tres partidos. Se impusieron al equipo de la Facultad de Ciencias, a un seleccionado de C. U. y a otro integrado por alumnos de las FES.<\/p>\n<p style=\"text-align: left; font-size: 18px; font-family: Roboto;\">Los cinco integrantes de este equipo triunfador, reci\u00e9n se conocieron en el grupo 1103, del turno matutino. Kevin Alexander, capit\u00e1n del equipo, cuenta que \u00e9l y Sebasti\u00e1n ya hab\u00edan participado en torneos de este deporte, por lo que convocaron a sus compa\u00f1eros a formar un equipo, lo cual se logr\u00f3 en septiembre de este a\u00f1o.<\/p>\n<p style=\"text-align: justify; font-size: 18px; font-family: Roboto;\">Despu\u00e9s de su triunfo, los alumnos han recibido invitaciones para formar parte del equipo representativo de la UNAM, as\u00ed como a participar en una olimpiada nacional, en la Universiada y, por supuesto, en los pr\u00f3ximos Juegos Universitarios.<\/p>\n<p style=\"text-align: justify; font-size: 18px; font-family: Roboto;\">Aseguran que practicar este deporte los beneficia como alumnos de enfermer\u00eda, ya que les ayuda a preservar su salud y a fortalecer su salud f\u00edsica y mental, por lo que invitan al resto de los alumnos a practicar este deporte o alguna otra disciplina deportiva. Adem\u00e1s, agregan, el deporte tambi\u00e9n sirve para convivir, aprender a trabajar en equipo, divertirse y desestresarse.<\/p>\n<p style=\"text-align: left; font-size: 18px; font-family: Roboto;\">\u00a1ENHORABUENA, CAMPEONES!<\/p>\n<p>[\/vc_column_text][vc_masonry_media_grid element_width=&#8221;2&#8243; grid_id=&#8221;vc_gid:1638391943382-a2a3532d-bd31-7&#8243; include=&#8221;3126,3125,3124,3123,3122,3121&#8243;][\/vc_tta_section][\/vc_tta_accordion][vc_empty_space][vc_tta_accordion c_icon=&#8221;chevron&#8221; active_section=&#8221;non-existing number&#8221; collapsible_all=&#8221;true&#8221;][vc_tta_section title=&#8221;8va. Jornada alto a las \u00falceras por presi\u00f3n M\u00e9xico&#8221; tab_id=&#8221;1632020264569-c8aba0e3-1f17&#8243;][vc_column_text]<\/p>\n<p style=\"text-align: left; font-size: 18px; font-family: Roboto;\">21 de noviembre de 2019<\/p>\n<p>[\/vc_column_text][vc_masonry_media_grid element_width=&#8221;3&#8243; grid_id=&#8221;vc_gid:1638391943382-21e013cc-195a-7&#8243; include=&#8221;3128,3129,3130,3131,3132,3133,3134,3135,3136,3137,3138,3139,3140&#8243;][\/vc_tta_section][\/vc_tta_accordion][vc_empty_space][vc_tta_accordion c_icon=&#8221;chevron&#8221; active_section=&#8221;non-existing number&#8221; collapsible_all=&#8221;true&#8221;][vc_tta_section title=&#8221;Premio al servicio social &#8220;Dr. Gustavo Baz Prada&#8220;&#8221; tab_id=&#8221;1632020263065-a0588433-0b0d&#8221;][vc_column_text]<\/p>\n<p style=\"text-align: left; font-size: 18px; font-family: Roboto;\">14 de noviembre de 2019<\/p>\n<p>[\/vc_column_text][vc_masonry_media_grid element_width=&#8221;3&#8243; grid_id=&#8221;vc_gid:1638391943382-c957bb7d-dbf3-9&#8243; include=&#8221;3148,3147,3146,3145,3144,3143,3142&#8243;][\/vc_tta_section][\/vc_tta_accordion][vc_empty_space][vc_tta_accordion c_icon=&#8221;chevron&#8221; active_section=&#8221;non-existing number&#8221; collapsible_all=&#8221;true&#8221;][vc_tta_section title=&#8221;Reuni\u00f3n Nacional de Educaci\u00f3n en Enfermer\u00eda&#8221; tab_id=&#8221;1632020261469-c46e56e9-7319&#8243;][vc_column_text]11 de noviembre de 2019[\/vc_column_text][vc_masonry_media_grid element_width=&#8221;3&#8243; grid_id=&#8221;vc_gid:1638391943383-6d84d5dc-9954-6&#8243; include=&#8221;3153,3152,3151,3150&#8243;][\/vc_tta_section][\/vc_tta_accordion][vc_empty_space][vc_tta_accordion c_icon=&#8221;chevron&#8221; active_section=&#8221;non-existing number&#8221; collapsible_all=&#8221;true&#8221;][vc_tta_section title=&#8221;Taller para el Dise\u00f1o del Plan de Educaci\u00f3n Interprofesional M\u00e9xico&#8221; tab_id=&#8221;1632020262207-9b4f49e9-b0d0&#8243;][vc_column_text]<\/p>\n<p style=\"text-align: left; font-size: 18px; font-family: Roboto;\">30 de octubre de 2019.<br \/>\nObjetivo: Los participantes al curso-taller comprender\u00e1n la importancia de la elaboraci\u00f3n del Plan para implementar la Educaci\u00f3n interprofesional como estrategia para la Salud Universal y su integraci\u00f3n al nuevo modelo de APSII-M\u00e9xico.<\/p>\n<p>[\/vc_column_text][vc_masonry_media_grid element_width=&#8221;3&#8243; grid_id=&#8221;vc_gid:1638391943383-6b70ad8f-03e9-0&#8243; include=&#8221;3176,3175,3174,3173,3172,3171,3170,3169,3168,3167,3166,3165,3164,3163,3162,3161,3160,3159,3158,3157,3156,3155&#8243;][\/vc_tta_section][\/vc_tta_accordion][vc_empty_space][vc_tta_accordion c_icon=&#8221;chevron&#8221; active_section=&#8221;non-existing number&#8221; collapsible_all=&#8221;true&#8221;][vc_tta_section title=&#8221;Ceremonia de entrega de t\u00edtulos EPAC&#8221; tab_id=&#8221;1632020260468-a684d42f-8537&#8243;][vc_column_text]<\/p>\n<p style=\"text-align: left; font-size: 18px; font-family: Roboto;\">El 26 de octubre de 2019 se efectu\u00f3 la ceremonia de entrega de t\u00edtulos, EPAC<\/p>\n<p>[\/vc_column_text][vc_masonry_media_grid element_width=&#8221;3&#8243; grid_id=&#8221;vc_gid:1638391943384-764fc7b2-542d-10&#8243; include=&#8221;3210,3209,3208,3207,3206,3205,3204,3203,3202,3201,3200,3199,3197,3196,3195,3194,3192,3191,3190,3189,3188,3186,3185,3184,3183,3182,3181,3180,3179&#8243;][vc_masonry_media_grid grid_id=&#8221;vc_gid:1638391943384-6f5887d9-d362-9&#8243; include=&#8221;3198,3193,3187&#8243;][\/vc_tta_section][\/vc_tta_accordion][vc_empty_space][vc_tta_accordion c_icon=&#8221;chevron&#8221; active_section=&#8221;non-existing number&#8221; collapsible_all=&#8221;true&#8221;][vc_tta_section title=&#8221;7ma. Fiesta de las Ciencias y Humanidades 2019&#8243; tab_id=&#8221;1632020211533-dc4fb9e3-c21e&#8221;][vc_column_text]<\/p>\n<p style=\"text-align: left; font-size: 18px; font-family: Roboto;\">Participaci\u00f3n de la ENEO en la 7ma. Fiesta de las Ciencias y Humanidades 2019<\/p>\n<p>[\/vc_column_text][vc_masonry_media_grid element_width=&#8221;3&#8243; grid_id=&#8221;vc_gid:1638391943384-ae5a62bb-1f8c-3&#8243; include=&#8221;3096,3097,3098,3099,3100,3101,3110,3108,3107,3106,3104,3117,3116,3115,3114,3113,3112,3111&#8243;][vc_masonry_media_grid element_width=&#8221;3&#8243; grid_id=&#8221;vc_gid:1638391943385-0a0a13f8-ff22-7&#8243; include=&#8221;3109,3105,3103,3102&#8243;][\/vc_tta_section][\/vc_tta_accordion][vc_empty_space][vc_tta_accordion c_icon=&#8221;chevron&#8221; active_section=&#8221;non-existing number&#8221; collapsible_all=&#8221;true&#8221;][vc_tta_section title=&#8221;Conferencia magistral &#8220;Adicciones y salud mental&#8220;, por Mar\u00eda Elena Medina-Mora Icaza&#8221; tab_id=&#8221;1632020210340-bdcbc3c8-b9b8&#8243;][vc_column_text]<\/p>\n<p style=\"text-align: left; font-size: 18px; font-family: Roboto;\">21 de octubre de 2019. Conferencia magistral &#8220;Adicciones y salud mental&#8221;, por Mar\u00eda Elena Medina-Mora Icaza, doctora honoris causa por la UNAM.<\/p>\n<p>[\/vc_column_text][vc_masonry_media_grid element_width=&#8221;3&#8243; grid_id=&#8221;vc_gid:1638391943385-08e22b02-4166-9&#8243; include=&#8221;3225,3223,3222,3221,3220,3219,3218,3217,3216,3214,3213,3212&#8243;][vc_masonry_media_grid grid_id=&#8221;vc_gid:1638391943385-29cfc21d-4788-9&#8243; include=&#8221;3226,3224,3215&#8243;][\/vc_tta_section][\/vc_tta_accordion][vc_empty_space][vc_tta_accordion c_icon=&#8221;chevron&#8221; active_section=&#8221;non-existing number&#8221; collapsible_all=&#8221;true&#8221;][vc_tta_section title=&#8221;Reuni\u00f3n de Centros Colaboradores de la Regi\u00f3n de las Am\u00e9ricas de la Universidad de Pensilvania&#8221; tab_id=&#8221;1632020210935-f567523b-b4c4&#8243;][vc_column_text]<\/p>\n<p style=\"text-align: left; font-size: 18px; font-family: Roboto;\">10 de octubre de 2019. La directora de la ENEO, MTRA. ROSA AMARILIS Z\u00c1RATE GRAJALES, en la Reuni\u00f3n de Centros Colaboradores de la Regi\u00f3n de las Am\u00e9ricas de la Universidad de Pensilvania. Escuela de Enfermer\u00eda, la n\u00famero uno en el ranking mundial.<\/p>\n<p>[\/vc_column_text][vc_masonry_media_grid element_width=&#8221;3&#8243; grid_id=&#8221;vc_gid:1638391943386-70e2f9df-8f90-6&#8243; include=&#8221;3231,3232,3233,3230,3234,3229,3235,3236&#8243;][\/vc_tta_section][\/vc_tta_accordion][vc_empty_space][vc_tta_accordion c_icon=&#8221;chevron&#8221; active_section=&#8221;non-existing number&#8221; collapsible_all=&#8221;true&#8221;][vc_tta_section title=&#8221;XV Conferencia Iberoamericana de Educaci\u00f3n en Enfermer\u00eda. ALADEFE. Panam\u00e1 2019&#8243; tab_id=&#8221;1632020209642-08a8ec0d-b997&#8243;][vc_column_text]Inauguraci\u00f3n de la &#8220;XIII Reuni\u00f3n de redes internacionales de Enfermer\u00eda&#8221;<\/p>\n<p style=\"text-align: left; font-size: 18px; font-family: Roboto;\">A cargo de la Dra. Laura Mor\u00e1n, Jefa Divisi\u00f3n de Estudios de Posgrado e Investigaci\u00f3n ENEO. Presidenta de la ALADEFE<\/p>\n<p>[\/vc_column_text][vc_masonry_media_grid element_width=&#8221;3&#8243; grid_id=&#8221;vc_gid:1638391943386-468e3d30-a9f2-8&#8243; include=&#8221;3249,3248,3247,3246&#8243;][vc_column_text]Mtra. Rosa Z\u00e1rate en la ponencia &#8220;Red internacional de Enfermer\u00eda y seguridad de los pacientes&#8221;[\/vc_column_text][vc_masonry_media_grid element_width=&#8221;3&#8243; grid_id=&#8221;vc_gid:1638391943386-cf9ccbf3-c60e-3&#8243; include=&#8221;3239,3238,3240,3241,3242&#8243;][vc_column_text]Comit\u00e9 ejecutivo ALADEFE 2019-2021[\/vc_column_text][vc_masonry_media_grid element_width=&#8221;3&#8243; grid_id=&#8221;vc_gid:1638391943387-cb387a01-635b-8&#8243; include=&#8221;3245,3244,3243&#8243;][\/vc_tta_section][\/vc_tta_accordion][vc_empty_space][vc_tta_accordion c_icon=&#8221;chevron&#8221; active_section=&#8221;non-existing number&#8221; collapsible_all=&#8221;true&#8221;][vc_tta_section title=&#8221;Inauguraci\u00f3n gimnasio al aire libre&#8221; tab_id=&#8221;1632020208801-d2a91ddf-2e90&#8243;][vc_column_text]<\/p>\n<p style=\"text-align: left; font-size: 18px; font-family: Roboto;\">13 de septiembre de 2019. Inauguraci\u00f3n gimnasio al aire libre<\/p>\n<p>[\/vc_column_text][vc_masonry_media_grid element_width=&#8221;3&#8243; grid_id=&#8221;vc_gid:1638391943387-9f0c0ddd-8ca0-10&#8243; include=&#8221;3252,3253,3255,3257,3258,3259,3261,3262&#8243;][vc_masonry_media_grid grid_id=&#8221;vc_gid:1638391943387-ea6f4d3a-37f2-5&#8243; include=&#8221;3256,3260,3254&#8243;][\/vc_tta_section][\/vc_tta_accordion][vc_empty_space][vc_tta_accordion c_icon=&#8221;chevron&#8221; active_section=&#8221;non-existing number&#8221; collapsible_all=&#8221;true&#8221;][vc_tta_section title=&#8221;Conferencia de la poeta Carmen Nozal&#8221; tab_id=&#8221;1632020186115-a807ffb5-a639&#8243;][vc_masonry_media_grid element_width=&#8221;3&#8243; grid_id=&#8221;vc_gid:1638391943388-6c7c25b8-f9fe-3&#8243; include=&#8221;3264,3265,3266,3267,3268,3269,3270,3271,3272,3273,3274&#8243;][\/vc_tta_section][\/vc_tta_accordion][vc_empty_space][vc_tta_accordion c_icon=&#8221;chevron&#8221; active_section=&#8221;non-existing number&#8221; collapsible_all=&#8221;true&#8221;][vc_tta_section title=&#8221;Verbena fiestas patrias&#8221; tab_id=&#8221;1632020177283-375d864e-56cf&#8221;][vc_masonry_media_grid element_width=&#8221;3&#8243; grid_id=&#8221;vc_gid:1638391943388-c16945ee-3ad2-1&#8243; include=&#8221;3285,3284,3282,3281,3280,3279,3277,3276,3275&#8243;][vc_masonry_media_grid grid_id=&#8221;vc_gid:1638391943388-0df47376-61f7-8&#8243; include=&#8221;3283,3278&#8243;][\/vc_tta_section][\/vc_tta_accordion][vc_empty_space][\/vc_column][\/vc_row][\/vc_section]<\/p>\n","protected":false},"excerpt":{"rendered":"<p>[vc_section][vc_row][vc_column][\/vc_column][\/vc_row][vc_row][vc_column][vc_empty_space][\/vc_column][\/vc_row][vc_row][vc_column][vc_empty_space][\/vc_column][\/vc_row][\/vc_section][vc_row][vc_column][vc_custom_heading text=&#8221;2020&#8243; font_container=&#8221;tag:h2|text_align:center&#8221; google_fonts=&#8221;font_family:Roboto%3A100%2C100italic%2C300%2C300italic%2Cregular%2Citalic%2C500%2C500italic%2C700%2C700italic%2C900%2C900italic|font_style:400%20regular%3A400%3Anormal&#8221;][\/vc_column][\/vc_row][vc_row][vc_column][vc_tta_accordion c_icon=&#8221;chevron&#8221; active_section=&#8221;non-existing number&#8221; collapsible_all=&#8221;true&#8221;][vc_tta_section title=&#8221;D\u00eda del enfermero y la enfermera 2020. Oaxtepec Morelos.&#8221; tab_id=&#8221;1631944806000-279089be-fccc&#8221;][vc_masonry_media_grid element_width=&#8221;3&#8243; grid_id=&#8221;vc_gid:1638391943379-94cf4c95-18e8-0&#8243; include=&#8221;3088,3087,3086,3085,3084,3083,3082,3081,3080,3079,3078,3077,3076,3075,3074,3073,3072,3071,3070,3069,3068,3067,3066,3065,3064,3063,3062,3061,3060,3059,3058,3057,3056,3055,3054,3053,3052,3051,3050,3049&#8243;][\/vc_tta_section][\/vc_tta_accordion][vc_empty_space][\/vc_column][\/vc_row][vc_row][vc_column][vc_tta_accordion c_icon=&#8221;chevron&#8221; active_section=&#8221;non-existing number&#8221; collapsible_all=&#8221;true&#8221;][vc_tta_section &hellip; <\/p>\n","protected":false},"author":1,"featured_media":0,"parent":0,"menu_order":0,"comment_status":"closed","ping_status":"closed","template":"","meta":{"footnotes":""},"class_list":["post-2720","page","type-page","status-publish","hentry","latest_post"],"aioseo_notices":[],"publishpress_future_action":{"enabled":false,"date":"2026-05-15 07:34:31","action":"change-status","newStatus":"draft","terms":[],"taxonomy":"","extraData":[]},"publishpress_future_workflow_manual_trigger":{"enabledWorkflows":[]},"_links":{"self":[{"href":"https:\/\/www.feno.unam.mx\/index.php\/wp-json\/wp\/v2\/pages\/2720","targetHints":{"allow":["GET"]}}],"collection":[{"href":"https:\/\/www.feno.unam.mx\/index.php\/wp-json\/wp\/v2\/pages"}],"about":[{"href":"https:\/\/www.feno.unam.mx\/index.php\/wp-json\/wp\/v2\/types\/page"}],"author":[{"embeddable":true,"href":"https:\/\/www.feno.unam.mx\/index.php\/wp-json\/wp\/v2\/users\/1"}],"replies":[{"embeddable":true,"href":"https:\/\/www.feno.unam.mx\/index.php\/wp-json\/wp\/v2\/comments?post=2720"}],"version-history":[{"count":45,"href":"https:\/\/www.feno.unam.mx\/index.php\/wp-json\/wp\/v2\/pages\/2720\/revisions"}],"predecessor-version":[{"id":5657,"href":"https:\/\/www.feno.unam.mx\/index.php\/wp-json\/wp\/v2\/pages\/2720\/revisions\/5657"}],"wp:attachment":[{"href":"https:\/\/www.feno.unam.mx\/index.php\/wp-json\/wp\/v2\/media?parent=2720"}],"curies":[{"name":"wp","href":"https:\/\/api.w.org\/{rel}","templated":true}]}}