{"id":2641,"date":"2021-09-16T07:16:15","date_gmt":"2021-09-16T07:16:15","guid":{"rendered":"https:\/\/web.eneo.unam.mx\/?page_id=2641"},"modified":"2025-03-20T20:19:01","modified_gmt":"2025-03-20T20:19:01","slug":"cuec-fototeca","status":"publish","type":"page","link":"https:\/\/www.feno.unam.mx\/index.php\/cuec-fototeca\/","title":{"rendered":"CUEC fototeca"},"content":{"rendered":"<p>[vc_section full_height=&#8221;yes&#8221;][vc_row][vc_column][vc_row_inner][vc_column_inner][\/vc_column_inner][\/vc_row_inner][vc_empty_space height=&#8221;50px&#8221;][\/vc_column][\/vc_row][vc_row full_width=&#8221;stretch_row&#8221;][vc_column][vc_custom_heading text=&#8221;Centro Universitario de Enfermer\u00eda Comunitaria&#8221; font_container=&#8221;tag:h2|text_align:center|color:%2318c0cc&#8221; google_fonts=&#8221;font_family:Roboto%3A100%2C100italic%2C300%2C300italic%2Cregular%2Citalic%2C500%2C500italic%2C700%2C700italic%2C900%2C900italic|font_style:500%20bold%20regular%3A500%3Anormal&#8221; css_animation=&#8221;fadeInDown&#8221;][vc_empty_space height=&#8221;50px&#8221;][vc_row_inner content_placement=&#8221;bottom&#8221;][vc_column_inner width=&#8221;1\/6&#8243;][vc_single_image image=&#8221;2474&#8243; img_size=&#8221;medium&#8221; onclick=&#8221;custom_link&#8221; css_animation=&#8221;fadeInDown&#8221; el_class=&#8221;hvr-float-shadow&#8221; link=&#8221;https:\/\/feno.unam.mx\/index.php\/cuec\/cuec-antecedentes\/&#8221;][\/vc_column_inner][vc_column_inner width=&#8221;1\/6&#8243;][vc_single_image image=&#8221;2604&#8243; img_size=&#8221;medium&#8221; onclick=&#8221;custom_link&#8221; css_animation=&#8221;fadeInDown&#8221; el_class=&#8221;hvr-float-shadow&#8221; link=&#8221;https:\/\/feno.unam.mx\/index.php\/cuec-mision\/&#8221;][\/vc_column_inner][vc_column_inner width=&#8221;1\/6&#8243;][vc_single_image image=&#8221;2605&#8243; img_size=&#8221;medium&#8221; onclick=&#8221;custom_link&#8221; css_animation=&#8221;fadeInDown&#8221; el_class=&#8221;hvr-float-shadow&#8221; link=&#8221;https:\/\/feno.unam.mx\/index.php\/cuec-servicios\/&#8221;][\/vc_column_inner][vc_column_inner width=&#8221;1\/6&#8243;][vc_single_image image=&#8221;2603&#8243; img_size=&#8221;medium&#8221; onclick=&#8221;custom_link&#8221; css_animation=&#8221;fadeInDown&#8221; el_class=&#8221;hvr-float-shadow&#8221; link=&#8221;https:\/\/feno.unam.mx\/index.php\/cuec-escenarios\/&#8221;][\/vc_column_inner][vc_column_inner width=&#8221;1\/6&#8243;][vc_single_image image=&#8221;2606&#8243; img_size=&#8221;medium&#8221; onclick=&#8221;custom_link&#8221; css_animation=&#8221;fadeInDown&#8221; el_class=&#8221;hvr-float-shadow&#8221; link=&#8221;https:\/\/feno.unam.mx\/index.php\/cuec-ubicacion\/&#8221;][\/vc_column_inner][vc_column_inner width=&#8221;1\/6&#8243;][vc_single_image image=&#8221;5418&#8243; img_size=&#8221;medium&#8221; onclick=&#8221;custom_link&#8221; css_animation=&#8221;fadeInDown&#8221; el_class=&#8221;hvr-float-shadow&#8221; link=&#8221;https:\/\/feno.unam.mx\/index.php\/cuec-fototeca\/&#8221;][\/vc_column_inner][\/vc_row_inner][vc_empty_space height=&#8221;30px&#8221;][\/vc_column][\/vc_row][vc_row][vc_column][vc_empty_space][vc_tta_accordion color=&#8221;blue&#8221; c_align=&#8221;center&#8221; active_section=&#8221;non-existing number&#8221; collapsible_all=&#8221;true&#8221;][vc_tta_section title=&#8221;CUEC y Covid -19&#8243; tab_id=&#8221;1637812549468-4820efa8-20d7&#8243;][vc_masonry_media_grid grid_id=&#8221;vc_gid:1742505436521-f6aa1fb9-9261-3&#8243; include=&#8221;14117,14118,14119,14120,14121,14122,14123&#8243;][\/vc_tta_section][\/vc_tta_accordion][\/vc_column][\/vc_row][\/vc_section][vc_row][vc_column][vc_empty_space][vc_tta_accordion color=&#8221;blue&#8221; c_align=&#8221;center&#8221; active_section=&#8221;non-existing number&#8221; collapsible_all=&#8221;true&#8221;][vc_tta_section title=&#8221;Promoci\u00f3n de pasantes CUEC&#8221; tab_id=&#8221;1637812915567-e5e0c588-8675&#8243;][vc_masonry_media_grid element_width=&#8221;3&#8243; grid_id=&#8221;vc_gid:1742505436522-1839995d-d510-10&#8243; include=&#8221;5422,5423,5424,5425&#8243;][\/vc_tta_section][\/vc_tta_accordion][\/vc_column][\/vc_row][vc_row][vc_column][vc_empty_space][vc_tta_accordion color=&#8221;blue&#8221; c_align=&#8221;center&#8221; active_section=&#8221;non-existing number&#8221; collapsible_all=&#8221;true&#8221;][vc_tta_section title=&#8221;Programa envejecimiento saludable&#8221; tab_id=&#8221;1637817473999-065c7a1a-4b9f&#8221;][vc_masonry_media_grid element_width=&#8221;3&#8243; grid_id=&#8221;vc_gid:1742505436522-feb65e21-abbe-9&#8243; include=&#8221;5426,5427,5428,5429,5430,5431,5432&#8243;][\/vc_tta_section][\/vc_tta_accordion][vc_empty_space][vc_tta_accordion color=&#8221;blue&#8221; c_align=&#8221;center&#8221; active_section=&#8221;non-existing number&#8221; collapsible_all=&#8221;true&#8221;][vc_tta_section title=&#8221;Programa estimulaci\u00f3n oportuna&#8221; tab_id=&#8221;1637818003329-cc8070f7-a38b&#8221;][vc_masonry_media_grid element_width=&#8221;2&#8243; grid_id=&#8221;vc_gid:1742505436523-8c86f79b-9701-8&#8243; include=&#8221;5433,5434,5435,5436,5437&#8243;][\/vc_tta_section][\/vc_tta_accordion][vc_empty_space][vc_tta_accordion color=&#8221;blue&#8221; c_align=&#8221;center&#8221; active_section=&#8221;non-existing number&#8221; collapsible_all=&#8221;true&#8221;][vc_tta_section title=&#8221;Pr\u00e1cticas de Pregrado&#8221; tab_id=&#8221;1637818216261-a4d286c4-172f&#8221;][vc_masonry_media_grid element_width=&#8221;3&#8243; grid_id=&#8221;vc_gid:1742505436523-2e78256e-770f-8&#8243; include=&#8221;5439,5440,5441,5442,5443,5444,5445&#8243;][\/vc_tta_section][\/vc_tta_accordion][\/vc_column][\/vc_row][vc_row][vc_column][vc_empty_space][vc_tta_accordion color=&#8221;blue&#8221; c_align=&#8221;center&#8221; active_section=&#8221;non-existing number&#8221; collapsible_all=&#8221;true&#8221;][vc_tta_section title=&#8221;Enlace Centros de Salud&#8221; tab_id=&#8221;1637818679844-4ee4ab5a-b2a7&#8243;][vc_masonry_media_grid grid_id=&#8221;vc_gid:1742505436524-393ed39a-90a3-1&#8243; include=&#8221;5447,5448,5449&#8243;][\/vc_tta_section][\/vc_tta_accordion][\/vc_column][\/vc_row][vc_row][vc_column][vc_empty_space][vc_tta_accordion color=&#8221;blue&#8221; c_align=&#8221;center&#8221; active_section=&#8221;non-existing number&#8221; collapsible_all=&#8221;true&#8221;][vc_tta_section title=&#8221;Ferias de Salud y atenci\u00f3n en espacios sociales&#8221; tab_id=&#8221;1637818980785-3397b240-191c&#8221;][vc_masonry_media_grid grid_id=&#8221;vc_gid:1742505436524-08d19b9f-5460-4&#8243; include=&#8221;5451,5452,5453,5454,5455,5456,5457,5458,5459&#8243;][\/vc_tta_section][\/vc_tta_accordion][\/vc_column][\/vc_row][vc_row][vc_column][vc_empty_space][vc_tta_accordion color=&#8221;blue&#8221; c_align=&#8221;center&#8221; active_section=&#8221;non-existing number&#8221; collapsible_all=&#8221;true&#8221;][vc_tta_section title=&#8221;Pr\u00e1cticas comunitarias de otras escuelas&#8221; tab_id=&#8221;1637819545897-29b3eee6-b473&#8243;][vc_masonry_media_grid element_width=&#8221;6&#8243; grid_id=&#8221;vc_gid:1742505436526-ba594489-1d1a-6&#8243; include=&#8221;5461,5462&#8243;][\/vc_tta_section][\/vc_tta_accordion][\/vc_column][\/vc_row][vc_row][vc_column][vc_empty_space][vc_tta_accordion color=&#8221;blue&#8221; c_align=&#8221;center&#8221; active_section=&#8221;non-existing number&#8221; collapsible_all=&#8221;true&#8221;][vc_tta_section title=&#8221;Actividades comunitarias del Programa \u00danico de Especializaci\u00f3n en Enfermer\u00eda&#8221; tab_id=&#8221;1637819935023-b7b0cf04-02dc&#8221;][vc_masonry_media_grid element_width=&#8221;12&#8243; grid_id=&#8221;vc_gid:1742505436526-f40f5f2b-ea47-3&#8243; include=&#8221;5464&#8243;][\/vc_tta_section][\/vc_tta_accordion][\/vc_column][\/vc_row][vc_row][vc_column][vc_empty_space][vc_tta_accordion color=&#8221;blue&#8221; c_align=&#8221;center&#8221; active_section=&#8221;non-existing number&#8221; collapsible_all=&#8221;true&#8221;][vc_tta_section title=&#8221;Pausa para la salud (CUEC)&#8221; tab_id=&#8221;1637820077167-2c74c54d-2d77&#8243;][vc_masonry_media_grid element_width=&#8221;6&#8243; grid_id=&#8221;vc_gid:1742505436527-60f5cb3f-3f91-6&#8243; include=&#8221;5474,5475&#8243;][\/vc_tta_section][\/vc_tta_accordion][\/vc_column][\/vc_row][vc_row][vc_column][vc_empty_space][vc_tta_accordion color=&#8221;blue&#8221; c_align=&#8221;center&#8221; active_section=&#8221;non-existing number&#8221; collapsible_all=&#8221;true&#8221;][vc_tta_section title=&#8221;Casa del Adulto Mayor Tulyehualco&#8221; tab_id=&#8221;1637820270642-3a6e8e79-148d&#8221;][vc_masonry_media_grid grid_id=&#8221;vc_gid:1742505436527-07f3d606-18dc-4&#8243; include=&#8221;5465,5466,5467,5468,5469,5470,5471,5472,5473&#8243;][\/vc_tta_section][\/vc_tta_accordion][\/vc_column][\/vc_row][vc_row][vc_column][vc_empty_space height=&#8221;100px&#8221;][vc_single_image image=&#8221;2629&#8243; img_size=&#8221;1300&#215;300&#8243; alignment=&#8221;center&#8221;][\/vc_column][\/vc_row]<\/p>\n","protected":false},"excerpt":{"rendered":"<p>[vc_section full_height=&#8221;yes&#8221;][vc_row][vc_column][vc_row_inner][vc_column_inner][\/vc_column_inner][\/vc_row_inner][vc_empty_space height=&#8221;50px&#8221;][\/vc_column][\/vc_row][vc_row full_width=&#8221;stretch_row&#8221;][vc_column][vc_custom_heading text=&#8221;Centro Universitario de Enfermer\u00eda Comunitaria&#8221; font_container=&#8221;tag:h2|text_align:center|color:%2318c0cc&#8221; google_fonts=&#8221;font_family:Roboto%3A100%2C100italic%2C300%2C300italic%2Cregular%2Citalic%2C500%2C500italic%2C700%2C700italic%2C900%2C900italic|font_style:500%20bold%20regular%3A500%3Anormal&#8221; css_animation=&#8221;fadeInDown&#8221;][vc_empty_space height=&#8221;50px&#8221;][vc_row_inner content_placement=&#8221;bottom&#8221;][vc_column_inner width=&#8221;1\/6&#8243;][vc_single_image image=&#8221;2474&#8243; img_size=&#8221;medium&#8221; onclick=&#8221;custom_link&#8221; css_animation=&#8221;fadeInDown&#8221; el_class=&#8221;hvr-float-shadow&#8221; link=&#8221;https:\/\/feno.unam.mx\/index.php\/cuec\/cuec-antecedentes\/&#8221;][\/vc_column_inner][vc_column_inner width=&#8221;1\/6&#8243;][vc_single_image image=&#8221;2604&#8243; img_size=&#8221;medium&#8221; onclick=&#8221;custom_link&#8221; &hellip; <\/p>\n","protected":false},"author":1,"featured_media":0,"parent":0,"menu_order":0,"comment_status":"closed","ping_status":"closed","template":"","meta":{"footnotes":""},"class_list":["post-2641","page","type-page","status-publish","hentry","latest_post"],"aioseo_notices":[],"publishpress_future_action":{"enabled":false,"date":"2026-05-15 21:58:28","action":"change-status","newStatus":"draft","terms":[],"taxonomy":"","extraData":[]},"publishpress_future_workflow_manual_trigger":{"enabledWorkflows":[]},"_links":{"self":[{"href":"https:\/\/www.feno.unam.mx\/index.php\/wp-json\/wp\/v2\/pages\/2641","targetHints":{"allow":["GET"]}}],"collection":[{"href":"https:\/\/www.feno.unam.mx\/index.php\/wp-json\/wp\/v2\/pages"}],"about":[{"href":"https:\/\/www.feno.unam.mx\/index.php\/wp-json\/wp\/v2\/types\/page"}],"author":[{"embeddable":true,"href":"https:\/\/www.feno.unam.mx\/index.php\/wp-json\/wp\/v2\/users\/1"}],"replies":[{"embeddable":true,"href":"https:\/\/www.feno.unam.mx\/index.php\/wp-json\/wp\/v2\/comments?post=2641"}],"version-history":[{"count":24,"href":"https:\/\/www.feno.unam.mx\/index.php\/wp-json\/wp\/v2\/pages\/2641\/revisions"}],"predecessor-version":[{"id":14138,"href":"https:\/\/www.feno.unam.mx\/index.php\/wp-json\/wp\/v2\/pages\/2641\/revisions\/14138"}],"wp:attachment":[{"href":"https:\/\/www.feno.unam.mx\/index.php\/wp-json\/wp\/v2\/media?parent=2641"}],"curies":[{"name":"wp","href":"https:\/\/api.w.org\/{rel}","templated":true}]}}