{"id":2635,"date":"2021-09-16T07:12:21","date_gmt":"2021-09-16T07:12:21","guid":{"rendered":"https:\/\/web.eneo.unam.mx\/?page_id=2635"},"modified":"2025-03-20T20:04:12","modified_gmt":"2025-03-20T20:04:12","slug":"cuec-escenarios","status":"publish","type":"page","link":"https:\/\/www.feno.unam.mx\/index.php\/cuec-escenarios\/","title":{"rendered":"CUEC Escenarios"},"content":{"rendered":"<p>[vc_section full_height=&#8221;yes&#8221;][vc_row][vc_column][vc_row_inner][vc_column_inner][vc_images_carousel images=&#8221;5314,5315,5316,5317&#8243; img_size=&#8221;full&#8221; speed=&#8221;1500&#8243; autoplay=&#8221;yes&#8221; wrap=&#8221;yes&#8221;][\/vc_column_inner][\/vc_row_inner][vc_empty_space height=&#8221;50px&#8221;][\/vc_column][\/vc_row][vc_row full_width=&#8221;stretch_row&#8221;][vc_column][vc_custom_heading text=&#8221;Centro Universitario de Enfermer\u00eda Comunitaria&#8221; font_container=&#8221;tag:h2|text_align:center|color:%2318c0cc&#8221; google_fonts=&#8221;font_family:Roboto%3A100%2C100italic%2C300%2C300italic%2Cregular%2Citalic%2C500%2C500italic%2C700%2C700italic%2C900%2C900italic|font_style:500%20bold%20regular%3A500%3Anormal&#8221; css_animation=&#8221;fadeInDown&#8221;][vc_empty_space height=&#8221;50px&#8221;][vc_row_inner content_placement=&#8221;bottom&#8221;][vc_column_inner width=&#8221;1\/6&#8243;][vc_single_image image=&#8221;2474&#8243; img_size=&#8221;medium&#8221; onclick=&#8221;custom_link&#8221; css_animation=&#8221;fadeInDown&#8221; el_class=&#8221;hvr-float-shadow&#8221; link=&#8221;https:\/\/feno.unam.mx\/index.php\/cuec\/cuec-antecedentes\/&#8221;][\/vc_column_inner][vc_column_inner width=&#8221;1\/6&#8243;][vc_single_image image=&#8221;2604&#8243; img_size=&#8221;medium&#8221; onclick=&#8221;custom_link&#8221; css_animation=&#8221;fadeInDown&#8221; el_class=&#8221;hvr-float-shadow&#8221; link=&#8221;https:\/\/feno.unam.mx\/index.php\/cuec-mision\/&#8221;][\/vc_column_inner][vc_column_inner width=&#8221;1\/6&#8243;][vc_single_image image=&#8221;2605&#8243; img_size=&#8221;medium&#8221; onclick=&#8221;custom_link&#8221; css_animation=&#8221;fadeInDown&#8221; el_class=&#8221;hvr-float-shadow&#8221; link=&#8221;https:\/\/feno.unam.mx\/index.php\/cuec-servicios\/&#8221;][\/vc_column_inner][vc_column_inner width=&#8221;1\/6&#8243;][vc_single_image image=&#8221;2603&#8243; img_size=&#8221;medium&#8221; onclick=&#8221;custom_link&#8221; css_animation=&#8221;fadeInDown&#8221; el_class=&#8221;hvr-float-shadow&#8221; link=&#8221;https:\/\/feno.unam.mx\/index.php\/cuec-escenarios\/&#8221;][\/vc_column_inner][vc_column_inner width=&#8221;1\/6&#8243;][vc_single_image image=&#8221;2606&#8243; img_size=&#8221;medium&#8221; onclick=&#8221;custom_link&#8221; css_animation=&#8221;fadeInDown&#8221; el_class=&#8221;hvr-float-shadow&#8221; link=&#8221;https:\/\/feno.unam.mx\/index.php\/cuec-ubicacion\/&#8221;][\/vc_column_inner][vc_column_inner width=&#8221;1\/6&#8243;][vc_single_image image=&#8221;5418&#8243; img_size=&#8221;medium&#8221; onclick=&#8221;custom_link&#8221; css_animation=&#8221;fadeInDown&#8221; el_class=&#8221;hvr-float-shadow&#8221; link=&#8221;https:\/\/feno.unam.mx\/index.php\/cuec-fototeca\/&#8221;][\/vc_column_inner][\/vc_row_inner][vc_empty_space height=&#8221;60px&#8221;][\/vc_column][\/vc_row][\/vc_section][vc_row][vc_column][vc_column_text]Los servicios ofrecidos por las personas prestadoras de servicio social bajo la supervisi\u00f3n de las tutoras acad\u00e9micas cl\u00ednicas-comunitarias, se realizan en diferentes escenarios:<\/p>\n<ul>\n<li>Consultorios del Centro.<\/li>\n<li>Espacios individuales, familiares, laborales, escolares y comunitarios de la poblaci\u00f3n.<\/li>\n<\/ul>\n<p>Estos escenarios tambi\u00e9n permiten el desarrollo de pr\u00e1cticas comunitarias de estudiantes de pregrado y posgrado de la FENO y otras escuelas y de residencias de las especialidades de Enfermer\u00eda[\/vc_column_text][vc_empty_space][vc_single_image image=&#8221;2629&#8243; img_size=&#8221;1300&#215;300&#8243; alignment=&#8221;center&#8221;][\/vc_column][\/vc_row]<\/p>\n","protected":false},"excerpt":{"rendered":"<p>[vc_section full_height=&#8221;yes&#8221;][vc_row][vc_column][vc_row_inner][vc_column_inner][vc_images_carousel images=&#8221;5314,5315,5316,5317&#8243; img_size=&#8221;full&#8221; speed=&#8221;1500&#8243; autoplay=&#8221;yes&#8221; wrap=&#8221;yes&#8221;][\/vc_column_inner][\/vc_row_inner][vc_empty_space height=&#8221;50px&#8221;][\/vc_column][\/vc_row][vc_row full_width=&#8221;stretch_row&#8221;][vc_column][vc_custom_heading text=&#8221;Centro Universitario de Enfermer\u00eda Comunitaria&#8221; font_container=&#8221;tag:h2|text_align:center|color:%2318c0cc&#8221; google_fonts=&#8221;font_family:Roboto%3A100%2C100italic%2C300%2C300italic%2Cregular%2Citalic%2C500%2C500italic%2C700%2C700italic%2C900%2C900italic|font_style:500%20bold%20regular%3A500%3Anormal&#8221; css_animation=&#8221;fadeInDown&#8221;][vc_empty_space height=&#8221;50px&#8221;][vc_row_inner content_placement=&#8221;bottom&#8221;][vc_column_inner width=&#8221;1\/6&#8243;][vc_single_image image=&#8221;2474&#8243; img_size=&#8221;medium&#8221; onclick=&#8221;custom_link&#8221; css_animation=&#8221;fadeInDown&#8221; el_class=&#8221;hvr-float-shadow&#8221; &hellip; <\/p>\n","protected":false},"author":1,"featured_media":0,"parent":0,"menu_order":0,"comment_status":"closed","ping_status":"closed","template":"","meta":{"footnotes":""},"class_list":["post-2635","page","type-page","status-publish","hentry","latest_post"],"aioseo_notices":[],"publishpress_future_action":{"enabled":false,"date":"2026-05-17 16:48:04","action":"change-status","newStatus":"draft","terms":[],"taxonomy":"","extraData":[]},"publishpress_future_workflow_manual_trigger":{"enabledWorkflows":[]},"_links":{"self":[{"href":"https:\/\/www.feno.unam.mx\/index.php\/wp-json\/wp\/v2\/pages\/2635","targetHints":{"allow":["GET"]}}],"collection":[{"href":"https:\/\/www.feno.unam.mx\/index.php\/wp-json\/wp\/v2\/pages"}],"about":[{"href":"https:\/\/www.feno.unam.mx\/index.php\/wp-json\/wp\/v2\/types\/page"}],"author":[{"embeddable":true,"href":"https:\/\/www.feno.unam.mx\/index.php\/wp-json\/wp\/v2\/users\/1"}],"replies":[{"embeddable":true,"href":"https:\/\/www.feno.unam.mx\/index.php\/wp-json\/wp\/v2\/comments?post=2635"}],"version-history":[{"count":12,"href":"https:\/\/www.feno.unam.mx\/index.php\/wp-json\/wp\/v2\/pages\/2635\/revisions"}],"predecessor-version":[{"id":14136,"href":"https:\/\/www.feno.unam.mx\/index.php\/wp-json\/wp\/v2\/pages\/2635\/revisions\/14136"}],"wp:attachment":[{"href":"https:\/\/www.feno.unam.mx\/index.php\/wp-json\/wp\/v2\/media?parent=2635"}],"curies":[{"name":"wp","href":"https:\/\/api.w.org\/{rel}","templated":true}]}}