{"id":2634,"date":"2021-09-16T07:12:18","date_gmt":"2021-09-16T07:12:18","guid":{"rendered":"https:\/\/web.eneo.unam.mx\/?page_id=2634"},"modified":"2025-03-20T20:02:16","modified_gmt":"2025-03-20T20:02:16","slug":"cuec-servicios","status":"publish","type":"page","link":"https:\/\/www.feno.unam.mx\/index.php\/cuec-servicios\/","title":{"rendered":"CUEC Servicios"},"content":{"rendered":"<p>[vc_section full_height=&#8221;yes&#8221;][vc_row][vc_column][vc_row_inner][vc_column_inner][\/vc_column_inner][\/vc_row_inner][vc_empty_space height=&#8221;50px&#8221;][\/vc_column][\/vc_row][vc_row full_width=&#8221;stretch_row&#8221;][vc_column][vc_custom_heading text=&#8221;Centro Universitario de Enfermer\u00eda Comunitaria&#8221; font_container=&#8221;tag:h2|text_align:center|color:%2318c0cc&#8221; google_fonts=&#8221;font_family:Roboto%3A100%2C100italic%2C300%2C300italic%2Cregular%2Citalic%2C500%2C500italic%2C700%2C700italic%2C900%2C900italic|font_style:500%20bold%20regular%3A500%3Anormal&#8221; css_animation=&#8221;fadeInDown&#8221;][vc_empty_space height=&#8221;50px&#8221;][vc_row_inner content_placement=&#8221;bottom&#8221;][vc_column_inner width=&#8221;1\/6&#8243;][vc_single_image image=&#8221;2474&#8243; img_size=&#8221;medium&#8221; onclick=&#8221;custom_link&#8221; css_animation=&#8221;fadeInDown&#8221; el_class=&#8221;hvr-float-shadow&#8221; link=&#8221;https:\/\/feno.unam.mx\/index.php\/cuec\/cuec-antecedentes\/&#8221;][\/vc_column_inner][vc_column_inner width=&#8221;1\/6&#8243;][vc_single_image image=&#8221;2604&#8243; img_size=&#8221;medium&#8221; onclick=&#8221;custom_link&#8221; css_animation=&#8221;fadeInDown&#8221; el_class=&#8221;hvr-float-shadow&#8221; link=&#8221;https:\/\/feno.unam.mx\/index.php\/cuec-mision\/&#8221;][\/vc_column_inner][vc_column_inner width=&#8221;1\/6&#8243;][vc_single_image image=&#8221;2605&#8243; img_size=&#8221;medium&#8221; onclick=&#8221;custom_link&#8221; css_animation=&#8221;fadeInDown&#8221; el_class=&#8221;hvr-float-shadow&#8221; link=&#8221;https:\/\/feno.unam.mx\/index.php\/cuec-servicios\/&#8221;][\/vc_column_inner][vc_column_inner width=&#8221;1\/6&#8243;][vc_single_image image=&#8221;2603&#8243; img_size=&#8221;medium&#8221; onclick=&#8221;custom_link&#8221; css_animation=&#8221;fadeInDown&#8221; el_class=&#8221;hvr-float-shadow&#8221; link=&#8221;https:\/\/feno.unam.mx\/index.php\/cuec-escenarios\/&#8221;][\/vc_column_inner][vc_column_inner width=&#8221;1\/6&#8243;][vc_single_image image=&#8221;2606&#8243; img_size=&#8221;medium&#8221; onclick=&#8221;custom_link&#8221; css_animation=&#8221;fadeInDown&#8221; el_class=&#8221;hvr-float-shadow&#8221; link=&#8221;https:\/\/feno.unam.mx\/index.php\/cuec-ubicacion\/&#8221;][\/vc_column_inner][vc_column_inner width=&#8221;1\/6&#8243;][vc_single_image image=&#8221;5418&#8243; img_size=&#8221;medium&#8221; onclick=&#8221;custom_link&#8221; css_animation=&#8221;fadeInDown&#8221; el_class=&#8221;hvr-float-shadow&#8221; link=&#8221;https:\/\/feno.unam.mx\/index.php\/cuec-fototeca\/&#8221;][\/vc_column_inner][\/vc_row_inner][vc_empty_space height=&#8221;30px&#8221;][\/vc_column][\/vc_row][\/vc_section][vc_row][vc_column][vc_column_text]Los servicios se desarrollan desde la estrategia de Atenci\u00f3n Primaria de Salud, con un enfoque en derechos humanos, g\u00e9nero, interculturalidad, salud comunitaria y colaboraci\u00f3n interprofesional. De manera transversal, en todos los servicios se realiza consultor\u00eda de enfermer\u00eda, educaci\u00f3n para la salud, prevenci\u00f3n de enfermedades y contamos con un sistema de referencia y contrareferencia interna y externa. <u>Sin ning\u00fan costo para la comunidad. <\/u><\/p>\n<ol>\n<li><strong>Acompa\u00f1amiento al proceso de envejecimiento y Cuidado en el Hogar<\/strong><\/li>\n<\/ol>\n<ul>\n<li>Vigilancia y control de riesgos y da\u00f1os de las Persona Adulta Mayor (PAM), familia y comunidad.<\/li>\n<li>Valoraci\u00f3n cl\u00ednica integral del adulto mayor y familia.<\/li>\n<li>Cuidado integral y contextualizado<\/li>\n<li>Seguimiento, monitoreo y evaluaci\u00f3n de la condici\u00f3n cl\u00ednica individual y familiar.<\/li>\n<li>Visitas domiciliarias orientadas al trabajo con la persona adulta mayor y su familia.<\/li>\n<li>Talleres y conversatorios.<\/li>\n<li>Grupos reflexivos con adultos mayores por Psicolog\u00eda.<\/li>\n<\/ul>\n<ol start=\"2\">\n<li><strong>Servicios a la primera infancia: estimulaci\u00f3n oportuna y pl\u00e1ticas a madres, padres y\/o cuidadores de los ni\u00f1os y ni\u00f1as de la comunidad<\/strong><\/li>\n<\/ol>\n<ul>\n<li>Valoraci\u00f3n integral al infante y cuidadores primarios.<\/li>\n<li>Talleres de estimulaci\u00f3n oportuna centrada en el \u00e1rea motora, cognitiva, lenguaje y psicosocial.<\/li>\n<li>Aplicaci\u00f3n de Pruebas de Evaluaci\u00f3n del Desarrollo Infantil (EDI)<\/li>\n<li>Capacitaciones dirigidas a madres, padres y cuidadores primarios, basadas en las necesidades espec\u00edficas de la primera infancia y de quienes brindan su cuidado.<\/li>\n<\/ul>\n<ol start=\"3\">\n<li><strong>Prestaci\u00f3n de servicios de atenci\u00f3n y cuidado intramuro.<\/strong><\/li>\n<\/ol>\n<ul>\n<li>Consultor\u00eda y consejer\u00eda de Enfermer\u00eda<\/li>\n<li>Seguimiento y control de Enfermedades Cr\u00f3nicas No Transmisibles (Hipertensi\u00f3n arterial, Diabetes mellitus tipo II )<\/li>\n<li>Cuidados espec\u00edficos de enfermer\u00eda, como curaci\u00f3n de heridas (pie diab\u00e9tico), ministraci\u00f3n de medicamentos, suturas, escucha activa, entre otros.<\/li>\n<li>Expedici\u00f3n de certificados de salud al ni\u00f1o\/a, adolescente y personas adultas.<\/li>\n<li>Pruebas inmunol\u00f3gicas de embarazo en orina<\/li>\n<li>Atenci\u00f3n de primer contacto y primeros auxilios en salud laboral y escolar, a trav\u00e9s de llamadas telef\u00f3nicas o visitas a los escenarios de atenci\u00f3n.<\/li>\n<\/ul>\n<ol start=\"4\">\n<li><strong>Servicios de Salud sexual y reproductiva<\/strong><\/li>\n<\/ol>\n<p>Brindamos informaci\u00f3n personalizada y contextualizada de acuerdo a las caracter\u00edsticas cl\u00ednicas, sociales y culturales de la poblaci\u00f3n, en:<\/p>\n<ul>\n<li>Planificaci\u00f3n familiar<\/li>\n<li>M\u00e9todos anticonceptivos<\/li>\n<li>Prevenci\u00f3n de Enfermedades de Transmisi\u00f3n Sexual (ETS) y Embarazos No Deseados:<\/li>\n<li>Consejer\u00eda para adolescentes y j\u00f3venes sobre pubertad, sexualidad y salud reproductiva.<\/li>\n<li>Asesor\u00eda en salud menstrual.<\/li>\n<li>Detecci\u00f3n de C\u00e1ncer Cervicouterino y Mamario.<\/li>\n<\/ul>\n<p><strong>A nivel comunidad:<\/strong><\/p>\n<p>Se realizan <strong>acciones de promoci\u00f3n de la salud<\/strong> como ferias en colaboraci\u00f3n con actores claves de la comunidad y otras actividades en Espacios sociales, puntos clave que se han determinado en el territorio.<\/p>\n<p><strong>A nivel formaci\u00f3n: <\/strong><\/p>\n<p>La educaci\u00f3n continua es un componente de formaci\u00f3n fundamental y transversal, se promueven sesiones te\u00f3ricas-pr\u00e1cticas partiendo de las necesidades de salud, enfermedad de las personas, familias y comunidades. Nos basamos en una metodolog\u00eda de Aprendizaje Basado en\/con la Comunidad (ABC).[\/vc_column_text][vc_empty_space][vc_single_image image=&#8221;2629&#8243; img_size=&#8221;1300&#215;300&#8243; alignment=&#8221;center&#8221;][\/vc_column][\/vc_row]<\/p>\n","protected":false},"excerpt":{"rendered":"<p>[vc_section full_height=&#8221;yes&#8221;][vc_row][vc_column][vc_row_inner][vc_column_inner][\/vc_column_inner][\/vc_row_inner][vc_empty_space height=&#8221;50px&#8221;][\/vc_column][\/vc_row][vc_row full_width=&#8221;stretch_row&#8221;][vc_column][vc_custom_heading text=&#8221;Centro Universitario de Enfermer\u00eda Comunitaria&#8221; font_container=&#8221;tag:h2|text_align:center|color:%2318c0cc&#8221; google_fonts=&#8221;font_family:Roboto%3A100%2C100italic%2C300%2C300italic%2Cregular%2Citalic%2C500%2C500italic%2C700%2C700italic%2C900%2C900italic|font_style:500%20bold%20regular%3A500%3Anormal&#8221; css_animation=&#8221;fadeInDown&#8221;][vc_empty_space height=&#8221;50px&#8221;][vc_row_inner content_placement=&#8221;bottom&#8221;][vc_column_inner width=&#8221;1\/6&#8243;][vc_single_image image=&#8221;2474&#8243; img_size=&#8221;medium&#8221; onclick=&#8221;custom_link&#8221; css_animation=&#8221;fadeInDown&#8221; el_class=&#8221;hvr-float-shadow&#8221; link=&#8221;https:\/\/feno.unam.mx\/index.php\/cuec\/cuec-antecedentes\/&#8221;][\/vc_column_inner][vc_column_inner width=&#8221;1\/6&#8243;][vc_single_image image=&#8221;2604&#8243; img_size=&#8221;medium&#8221; onclick=&#8221;custom_link&#8221; &hellip; <\/p>\n","protected":false},"author":1,"featured_media":0,"parent":0,"menu_order":0,"comment_status":"closed","ping_status":"closed","template":"","meta":{"footnotes":""},"class_list":["post-2634","page","type-page","status-publish","hentry","latest_post"],"aioseo_notices":[],"publishpress_future_action":{"enabled":false,"date":"2026-05-17 16:40:42","action":"change-status","newStatus":"draft","terms":[],"taxonomy":"","extraData":[]},"publishpress_future_workflow_manual_trigger":{"enabledWorkflows":[]},"_links":{"self":[{"href":"https:\/\/www.feno.unam.mx\/index.php\/wp-json\/wp\/v2\/pages\/2634","targetHints":{"allow":["GET"]}}],"collection":[{"href":"https:\/\/www.feno.unam.mx\/index.php\/wp-json\/wp\/v2\/pages"}],"about":[{"href":"https:\/\/www.feno.unam.mx\/index.php\/wp-json\/wp\/v2\/types\/page"}],"author":[{"embeddable":true,"href":"https:\/\/www.feno.unam.mx\/index.php\/wp-json\/wp\/v2\/users\/1"}],"replies":[{"embeddable":true,"href":"https:\/\/www.feno.unam.mx\/index.php\/wp-json\/wp\/v2\/comments?post=2634"}],"version-history":[{"count":11,"href":"https:\/\/www.feno.unam.mx\/index.php\/wp-json\/wp\/v2\/pages\/2634\/revisions"}],"predecessor-version":[{"id":14135,"href":"https:\/\/www.feno.unam.mx\/index.php\/wp-json\/wp\/v2\/pages\/2634\/revisions\/14135"}],"wp:attachment":[{"href":"https:\/\/www.feno.unam.mx\/index.php\/wp-json\/wp\/v2\/media?parent=2634"}],"curies":[{"name":"wp","href":"https:\/\/api.w.org\/{rel}","templated":true}]}}