{"id":2633,"date":"2021-09-16T07:12:12","date_gmt":"2021-09-16T07:12:12","guid":{"rendered":"https:\/\/web.eneo.unam.mx\/?page_id=2633"},"modified":"2025-03-20T20:00:53","modified_gmt":"2025-03-20T20:00:53","slug":"cuec-mision","status":"publish","type":"page","link":"https:\/\/www.feno.unam.mx\/index.php\/cuec-mision\/","title":{"rendered":"CUEC Misi\u00f3n"},"content":{"rendered":"<p>[vc_section full_height=&#8221;yes&#8221;][vc_row][vc_column][vc_row_inner][vc_column_inner][vc_images_carousel images=&#8221;5306,5305,5308,2624,2627&#8243; img_size=&#8221;full&#8221; speed=&#8221;1500&#8243; autoplay=&#8221;yes&#8221; wrap=&#8221;yes&#8221;][\/vc_column_inner][\/vc_row_inner][vc_empty_space height=&#8221;50px&#8221;][\/vc_column][\/vc_row][vc_row full_width=&#8221;stretch_row&#8221;][vc_column][vc_custom_heading text=&#8221;Centro Universitario de Enfermer\u00eda Comunitaria&#8221; font_container=&#8221;tag:h2|text_align:center|color:%2318c0cc&#8221; google_fonts=&#8221;font_family:Roboto%3A100%2C100italic%2C300%2C300italic%2Cregular%2Citalic%2C500%2C500italic%2C700%2C700italic%2C900%2C900italic|font_style:500%20bold%20regular%3A500%3Anormal&#8221; css_animation=&#8221;fadeInDown&#8221;][vc_empty_space height=&#8221;50px&#8221;][vc_row_inner content_placement=&#8221;bottom&#8221;][vc_column_inner width=&#8221;1\/6&#8243;][vc_single_image image=&#8221;2474&#8243; img_size=&#8221;medium&#8221; onclick=&#8221;custom_link&#8221; css_animation=&#8221;fadeInDown&#8221; el_class=&#8221;hvr-float-shadow&#8221; link=&#8221;https:\/\/feno.unam.mx\/index.php\/cuec\/cuec-antecedentes\/&#8221;][\/vc_column_inner][vc_column_inner width=&#8221;1\/6&#8243;][vc_single_image image=&#8221;2604&#8243; img_size=&#8221;medium&#8221; onclick=&#8221;custom_link&#8221; css_animation=&#8221;fadeInDown&#8221; el_class=&#8221;hvr-float-shadow&#8221; link=&#8221;https:\/\/feno.unam.mx\/index.php\/cuec-mision\/&#8221;][\/vc_column_inner][vc_column_inner width=&#8221;1\/6&#8243;][vc_single_image image=&#8221;2605&#8243; img_size=&#8221;medium&#8221; onclick=&#8221;custom_link&#8221; css_animation=&#8221;fadeInDown&#8221; el_class=&#8221;hvr-float-shadow&#8221; link=&#8221;https:\/\/feno.unam.mx\/index.php\/cuec-servicios\/&#8221;][\/vc_column_inner][vc_column_inner width=&#8221;1\/6&#8243;][vc_single_image image=&#8221;2603&#8243; img_size=&#8221;medium&#8221; onclick=&#8221;custom_link&#8221; css_animation=&#8221;fadeInDown&#8221; el_class=&#8221;hvr-float-shadow&#8221; link=&#8221;https:\/\/feno.unam.mx\/index.php\/cuec-escenarios\/&#8221;][\/vc_column_inner][vc_column_inner width=&#8221;1\/6&#8243;][vc_single_image image=&#8221;2606&#8243; img_size=&#8221;medium&#8221; onclick=&#8221;custom_link&#8221; css_animation=&#8221;fadeInDown&#8221; el_class=&#8221;hvr-float-shadow&#8221; link=&#8221;https:\/\/feno.unam.mx\/index.php\/cuec-ubicacion\/&#8221;][\/vc_column_inner][vc_column_inner width=&#8221;1\/6&#8243;][vc_single_image image=&#8221;5418&#8243; img_size=&#8221;medium&#8221; onclick=&#8221;custom_link&#8221; css_animation=&#8221;fadeInDown&#8221; el_class=&#8221;hvr-float-shadow&#8221; link=&#8221;https:\/\/feno.unam.mx\/index.php\/cuec-fototeca\/&#8221;][\/vc_column_inner][\/vc_row_inner][vc_empty_space height=&#8221;30px&#8221;][\/vc_column][\/vc_row][\/vc_section][vc_row][vc_column][vc_column_text]<\/p>\n<h3>Misi\u00f3n<\/h3>\n<p>Consolidar las bases te\u00f3rico-pr\u00e1cticas y metodol\u00f3gicas en la formaci\u00f3n de Enfermer\u00eda Comunitaria con enfoque de Atenci\u00f3n Primaria de Salud (APS) del alumnado de pregrado, posgrado y prestadores de servicio social, a trav\u00e9s de un sistema de ense\u00f1anza in situ de pr\u00e1cticas obligatorias y servicio social interprofesional con \u00e9nfasis en programas de extensi\u00f3n solidaria a grupos prioritarios; orientados a contribuir a un ejercicio profesional eficiente, efectivo, responsable y comprometido con la salud comunitaria.[\/vc_column_text][vc_empty_space][vc_column_text]<\/p>\n<h3>Visi\u00f3n<\/h3>\n<p style=\"text-align: justify; font-size: 18px; font-family: Roboto;\">Ser un Centro universitario l\u00edder e innovador de un modelo de formaci\u00f3n y ense\u00f1anza en la Enfermer\u00eda Comunitaria con enfoque de Atenci\u00f3n Primaria a la Salud y Educaci\u00f3n interprofesional con reconocimiento nacional e internacional. Caracterizado por formar talentos humanos con compromiso y responsabilidad social generando proyectos de investigaci\u00f3n que transformen las pr\u00e1cticas y el cuidado de la salud comunitaria<\/p>\n<p>[\/vc_column_text][vc_empty_space][vc_column_text]<\/p>\n<h3>Objetivo general<\/h3>\n<p style=\"text-align: justify; font-size: 18px; font-family: Roboto;\">Formar profesionales de la salud con alto compromiso y responsabilidad social, a trav\u00e9s de un modelo de ense\u00f1anza in situ de la Enfermer\u00eda Comunitaria con enfoque de Atenci\u00f3n Primaria de Salud y colaboraci\u00f3n interprofesional<\/p>\n<p>[\/vc_column_text][vc_empty_space][vc_column_text]<\/p>\n<h3>Objetivos espec\u00edficos<\/h3>\n<ul>\n<li style=\"text-align: left; font-size: 18px; font-family: Roboto;\">Consolidar las bases te\u00f3ricas y pr\u00e1cticas de la formaci\u00f3n de Enfermer\u00eda Comunitaria con enfoque de Atenci\u00f3n Primaria a la Salud y colaboraci\u00f3n interprofesional.<\/li>\n<li style=\"text-align: left; font-size: 18px; font-family: Roboto;\">Impulsar el Rol Ampliado de Enfermer\u00eda en el \u00e1mbito comunitario a las, los y les prestadores de servicio social.<\/li>\n<li style=\"text-align: left; font-size: 18px; font-family: Roboto;\">Prestar servicios a la poblaci\u00f3n objetivo, de acuerdo a los programas de extensi\u00f3n solidaria previamente definidos con base a las necesidades y contexto social y cultural de la comunidad.<\/li>\n<li style=\"text-align: left; font-size: 18px; font-family: Roboto;\">Impulsar proyectos de investigaci\u00f3n en \u00e9l \u00e1rea de la Salud Comunitaria con enfoque de APS y colaboraci\u00f3n interprofesional.<\/li>\n<\/ul>\n<p>[\/vc_column_text][vc_empty_space][\/vc_column][\/vc_row][vc_row][vc_column][vc_empty_space][vc_single_image image=&#8221;2629&#8243; img_size=&#8221;1300&#215;300&#8243; alignment=&#8221;center&#8221;][\/vc_column][\/vc_row]<\/p>\n","protected":false},"excerpt":{"rendered":"<p>[vc_section full_height=&#8221;yes&#8221;][vc_row][vc_column][vc_row_inner][vc_column_inner][vc_images_carousel images=&#8221;5306,5305,5308,2624,2627&#8243; img_size=&#8221;full&#8221; speed=&#8221;1500&#8243; autoplay=&#8221;yes&#8221; wrap=&#8221;yes&#8221;][\/vc_column_inner][\/vc_row_inner][vc_empty_space height=&#8221;50px&#8221;][\/vc_column][\/vc_row][vc_row full_width=&#8221;stretch_row&#8221;][vc_column][vc_custom_heading text=&#8221;Centro Universitario de Enfermer\u00eda Comunitaria&#8221; font_container=&#8221;tag:h2|text_align:center|color:%2318c0cc&#8221; google_fonts=&#8221;font_family:Roboto%3A100%2C100italic%2C300%2C300italic%2Cregular%2Citalic%2C500%2C500italic%2C700%2C700italic%2C900%2C900italic|font_style:500%20bold%20regular%3A500%3Anormal&#8221; css_animation=&#8221;fadeInDown&#8221;][vc_empty_space height=&#8221;50px&#8221;][vc_row_inner content_placement=&#8221;bottom&#8221;][vc_column_inner width=&#8221;1\/6&#8243;][vc_single_image image=&#8221;2474&#8243; img_size=&#8221;medium&#8221; onclick=&#8221;custom_link&#8221; css_animation=&#8221;fadeInDown&#8221; el_class=&#8221;hvr-float-shadow&#8221; &hellip; <\/p>\n","protected":false},"author":1,"featured_media":0,"parent":0,"menu_order":0,"comment_status":"closed","ping_status":"closed","template":"","meta":{"footnotes":""},"class_list":["post-2633","page","type-page","status-publish","hentry","latest_post"],"aioseo_notices":[],"publishpress_future_action":{"enabled":false,"date":"2026-05-16 16:30:04","action":"change-status","newStatus":"draft","terms":[],"taxonomy":"","extraData":[]},"publishpress_future_workflow_manual_trigger":{"enabledWorkflows":[]},"_links":{"self":[{"href":"https:\/\/www.feno.unam.mx\/index.php\/wp-json\/wp\/v2\/pages\/2633","targetHints":{"allow":["GET"]}}],"collection":[{"href":"https:\/\/www.feno.unam.mx\/index.php\/wp-json\/wp\/v2\/pages"}],"about":[{"href":"https:\/\/www.feno.unam.mx\/index.php\/wp-json\/wp\/v2\/types\/page"}],"author":[{"embeddable":true,"href":"https:\/\/www.feno.unam.mx\/index.php\/wp-json\/wp\/v2\/users\/1"}],"replies":[{"embeddable":true,"href":"https:\/\/www.feno.unam.mx\/index.php\/wp-json\/wp\/v2\/comments?post=2633"}],"version-history":[{"count":12,"href":"https:\/\/www.feno.unam.mx\/index.php\/wp-json\/wp\/v2\/pages\/2633\/revisions"}],"predecessor-version":[{"id":14133,"href":"https:\/\/www.feno.unam.mx\/index.php\/wp-json\/wp\/v2\/pages\/2633\/revisions\/14133"}],"wp:attachment":[{"href":"https:\/\/www.feno.unam.mx\/index.php\/wp-json\/wp\/v2\/media?parent=2633"}],"curies":[{"name":"wp","href":"https:\/\/api.w.org\/{rel}","templated":true}]}}