{"id":2600,"date":"2021-09-16T05:36:23","date_gmt":"2021-09-16T05:36:23","guid":{"rendered":"https:\/\/web.eneo.unam.mx\/?page_id=2600"},"modified":"2025-03-20T19:49:11","modified_gmt":"2025-03-20T19:49:11","slug":"cuec","status":"publish","type":"page","link":"https:\/\/www.feno.unam.mx\/index.php\/cuec\/","title":{"rendered":"CUEC"},"content":{"rendered":"<p>[vc_section full_height=&#8221;yes&#8221;][vc_row][vc_column][vc_row_inner][vc_column_inner][\/vc_column_inner][\/vc_row_inner][vc_empty_space height=&#8221;50px&#8221;][\/vc_column][\/vc_row][vc_row full_width=&#8221;stretch_row&#8221;][vc_column][vc_custom_heading text=&#8221;Centro Universitario de Enfermer\u00eda Comunitaria&#8221; font_container=&#8221;tag:h2|text_align:center|color:%2318c0cc&#8221; google_fonts=&#8221;font_family:Roboto%3A100%2C100italic%2C300%2C300italic%2Cregular%2Citalic%2C500%2C500italic%2C700%2C700italic%2C900%2C900italic|font_style:500%20bold%20regular%3A500%3Anormal&#8221; css_animation=&#8221;fadeInDown&#8221;][vc_empty_space height=&#8221;50px&#8221;][vc_row_inner content_placement=&#8221;bottom&#8221;][vc_column_inner width=&#8221;1\/6&#8243;][vc_single_image image=&#8221;2474&#8243; img_size=&#8221;medium&#8221; onclick=&#8221;custom_link&#8221; css_animation=&#8221;fadeInDown&#8221; el_class=&#8221;hvr-float-shadow&#8221; link=&#8221;https:\/\/web.eneo.unam.mx\/index.php\/cuec\/cuec-antecedentes\/&#8221;][\/vc_column_inner][vc_column_inner width=&#8221;1\/6&#8243;][vc_single_image image=&#8221;2604&#8243; img_size=&#8221;medium&#8221; onclick=&#8221;custom_link&#8221; css_animation=&#8221;fadeInDown&#8221; el_class=&#8221;hvr-float-shadow&#8221; link=&#8221;https:\/\/web.eneo.unam.mx\/index.php\/cuec-mision\/&#8221;][\/vc_column_inner][vc_column_inner width=&#8221;1\/6&#8243;][vc_single_image image=&#8221;2605&#8243; img_size=&#8221;medium&#8221; onclick=&#8221;custom_link&#8221; css_animation=&#8221;fadeInDown&#8221; el_class=&#8221;hvr-float-shadow&#8221; link=&#8221;https:\/\/web.eneo.unam.mx\/index.php\/cuec-servicios\/&#8221;][\/vc_column_inner][vc_column_inner width=&#8221;1\/6&#8243;][vc_single_image image=&#8221;2603&#8243; img_size=&#8221;medium&#8221; onclick=&#8221;custom_link&#8221; css_animation=&#8221;fadeInDown&#8221; el_class=&#8221;hvr-float-shadow&#8221; link=&#8221;https:\/\/web.eneo.unam.mx\/index.php\/cuec-escenarios\/&#8221;][\/vc_column_inner][vc_column_inner width=&#8221;1\/6&#8243;][vc_single_image image=&#8221;2606&#8243; img_size=&#8221;medium&#8221; onclick=&#8221;custom_link&#8221; css_animation=&#8221;fadeInDown&#8221; el_class=&#8221;hvr-float-shadow&#8221; link=&#8221;https:\/\/web.eneo.unam.mx\/index.php\/cuec-ubicacion\/&#8221;][\/vc_column_inner][vc_column_inner width=&#8221;1\/6&#8243;][vc_single_image image=&#8221;5418&#8243; img_size=&#8221;medium&#8221; onclick=&#8221;custom_link&#8221; css_animation=&#8221;fadeInDown&#8221; el_class=&#8221;hvr-float-shadow&#8221; link=&#8221;https:\/\/www.feno.unam.mx\/index.php\/cuec-fototeca\/&#8221;][\/vc_column_inner][\/vc_row_inner][vc_empty_space height=&#8221;30px&#8221;][\/vc_column][\/vc_row][\/vc_section][vc_row][vc_column][vc_column_text]El Centro Universitario de Enfermer\u00eda Comunitaria (CUEC) de la UNAM es un espacio de formaci\u00f3n para estudiantes y prestadores de servicio social en enfermer\u00eda, centrado en la Atenci\u00f3n Primaria de la Salud (APS) con un enfoque interprofesional. A trav\u00e9s del Programa de Servicio Social Multiprofesional de Abordaje Integral en Salud Comunitaria, el CUEC integra la colaboraci\u00f3n de enfermer\u00eda con otras licenciaturas de la salud, como Medicina, Psicolog\u00eda, Trabajo Social, y Medicina Veterinaria y Zootecnia. El CUEC desarrolla competencias te\u00f3ricas y pr\u00e1cticas del alumnado, promoviendo atenci\u00f3n integral y equitativa en contextos sociales y culturales espec\u00edficos, como San Luis Tlaxialtemalco en Xochimilco. Su prop\u00f3sito es formar perfiles profesionales que ampl\u00eden el rol de la enfermer\u00eda comunitaria y promuevan un ejercicio eficiente y comprometido con el bienestar comunitario, en colaboraci\u00f3n interprofesional.[\/vc_column_text][vc_empty_space][vc_single_image image=&#8221;7057&#8243; img_size=&#8221;full&#8221; alignment=&#8221;center&#8221; onclick=&#8221;custom_link&#8221; img_link_target=&#8221;_blank&#8221; link=&#8221;https:\/\/web.eneo.unam.mx\/wp-content\/uploads\/2022\/07\/CUEC-2022.mp4&#8243;][vc_empty_space][vc_single_image image=&#8221;2629&#8243; img_size=&#8221;1300&#215;300&#8243; alignment=&#8221;center&#8221;][vc_row_inner][vc_column_inner][\/vc_column_inner][\/vc_row_inner][\/vc_column][\/vc_row]<\/p>\n","protected":false},"excerpt":{"rendered":"<p>[vc_section full_height=&#8221;yes&#8221;][vc_row][vc_column][vc_row_inner][vc_column_inner][\/vc_column_inner][\/vc_row_inner][vc_empty_space height=&#8221;50px&#8221;][\/vc_column][\/vc_row][vc_row full_width=&#8221;stretch_row&#8221;][vc_column][vc_custom_heading text=&#8221;Centro Universitario de Enfermer\u00eda Comunitaria&#8221; font_container=&#8221;tag:h2|text_align:center|color:%2318c0cc&#8221; google_fonts=&#8221;font_family:Roboto%3A100%2C100italic%2C300%2C300italic%2Cregular%2Citalic%2C500%2C500italic%2C700%2C700italic%2C900%2C900italic|font_style:500%20bold%20regular%3A500%3Anormal&#8221; css_animation=&#8221;fadeInDown&#8221;][vc_empty_space height=&#8221;50px&#8221;][vc_row_inner content_placement=&#8221;bottom&#8221;][vc_column_inner width=&#8221;1\/6&#8243;][vc_single_image image=&#8221;2474&#8243; img_size=&#8221;medium&#8221; onclick=&#8221;custom_link&#8221; css_animation=&#8221;fadeInDown&#8221; el_class=&#8221;hvr-float-shadow&#8221; link=&#8221;https:\/\/web.eneo.unam.mx\/index.php\/cuec\/cuec-antecedentes\/&#8221;][\/vc_column_inner][vc_column_inner width=&#8221;1\/6&#8243;][vc_single_image image=&#8221;2604&#8243; img_size=&#8221;medium&#8221; onclick=&#8221;custom_link&#8221; &hellip; <\/p>\n","protected":false},"author":1,"featured_media":0,"parent":0,"menu_order":0,"comment_status":"closed","ping_status":"closed","template":"","meta":{"footnotes":""},"class_list":["post-2600","page","type-page","status-publish","hentry","latest_post"],"aioseo_notices":[],"publishpress_future_action":{"enabled":false,"date":"2026-05-16 18:12:53","action":"change-status","newStatus":"draft","terms":[],"taxonomy":"","extraData":[]},"publishpress_future_workflow_manual_trigger":{"enabledWorkflows":[]},"_links":{"self":[{"href":"https:\/\/www.feno.unam.mx\/index.php\/wp-json\/wp\/v2\/pages\/2600","targetHints":{"allow":["GET"]}}],"collection":[{"href":"https:\/\/www.feno.unam.mx\/index.php\/wp-json\/wp\/v2\/pages"}],"about":[{"href":"https:\/\/www.feno.unam.mx\/index.php\/wp-json\/wp\/v2\/types\/page"}],"author":[{"embeddable":true,"href":"https:\/\/www.feno.unam.mx\/index.php\/wp-json\/wp\/v2\/users\/1"}],"replies":[{"embeddable":true,"href":"https:\/\/www.feno.unam.mx\/index.php\/wp-json\/wp\/v2\/comments?post=2600"}],"version-history":[{"count":31,"href":"https:\/\/www.feno.unam.mx\/index.php\/wp-json\/wp\/v2\/pages\/2600\/revisions"}],"predecessor-version":[{"id":14130,"href":"https:\/\/www.feno.unam.mx\/index.php\/wp-json\/wp\/v2\/pages\/2600\/revisions\/14130"}],"wp:attachment":[{"href":"https:\/\/www.feno.unam.mx\/index.php\/wp-json\/wp\/v2\/media?parent=2600"}],"curies":[{"name":"wp","href":"https:\/\/api.w.org\/{rel}","templated":true}]}}