{"id":2391,"date":"2021-09-14T19:48:10","date_gmt":"2021-09-14T19:48:10","guid":{"rendered":"https:\/\/web.eneo.unam.mx\/?page_id=2391"},"modified":"2021-11-30T06:31:49","modified_gmt":"2021-11-30T06:31:49","slug":"productividad-2013","status":"publish","type":"page","link":"https:\/\/www.feno.unam.mx\/index.php\/investigacion\/productividad-2013\/","title":{"rendered":"Productividad 2013"},"content":{"rendered":"<p>[vc_section][vc_row][vc_column][\/vc_column][\/vc_row][vc_row][vc_column][vc_empty_space height=&#8221;20px&#8221;][\/vc_column][\/vc_row][vc_row content_placement=&#8221;bottom&#8221;][vc_column width=&#8221;1\/6&#8243;][vc_btn title=&#8221;INICIO&#8221; style=&#8221;3d&#8221; shape=&#8221;square&#8221; color=&#8221;white&#8221; align=&#8221;center&#8221; i_icon_fontawesome=&#8221;fa fa-arrow-down&#8221; add_icon=&#8221;true&#8221; el_class=&#8221;hvr-float-shadow&#8221; link=&#8221;url:https%3A%2F%2Fweb.eneo.unam.mx%2Findex.php%2Finvestigacion%2F|title:Inicio||&#8221;][\/vc_column][vc_column width=&#8221;1\/6&#8243;][vc_btn title=&#8221;COMIT\u00c9&#8221; style=&#8221;3d&#8221; shape=&#8221;square&#8221; color=&#8221;white&#8221; align=&#8221;center&#8221; i_icon_fontawesome=&#8221;fa fa-arrow-down&#8221; button_block=&#8221;true&#8221; add_icon=&#8221;true&#8221; link=&#8221;url:https%3A%2F%2Fweb.eneo.unam.mx%2Findex.php%2Finvestigacion%2Fcomite%2F|||&#8221; el_class=&#8221;hvr-float-shadow&#8221;][\/vc_column][vc_column width=&#8221;1\/6&#8243;][vc_btn title=&#8221;ORGANIZACI\u00d3N&#8221; style=&#8221;3d&#8221; shape=&#8221;square&#8221; color=&#8221;white&#8221; align=&#8221;center&#8221; i_icon_fontawesome=&#8221;fa fa-arrow-down&#8221; add_icon=&#8221;true&#8221; el_class=&#8221;hvr-float-shadow&#8221; link=&#8221;url:https%3A%2F%2Fweb.eneo.unam.mx%2Findex.php%2Finvestigacion%2Forganizacion%2F|||&#8221;][\/vc_column][vc_column width=&#8221;1\/6&#8243;][vc_btn title=&#8221;RED DE INVESTIGACI\u00d3N&#8221; style=&#8221;3d&#8221; shape=&#8221;square&#8221; color=&#8221;white&#8221; align=&#8221;center&#8221; i_icon_fontawesome=&#8221;fa fa-arrow-down&#8221; add_icon=&#8221;true&#8221; el_class=&#8221;hvr-float-shadow&#8221; link=&#8221;url:https%3A%2F%2Fweb.eneo.unam.mx%2Findex.php%2Finvestigacion%2Fred-inv|||&#8221;][\/vc_column][vc_column width=&#8221;1\/6&#8243;][vc_btn title=&#8221;PROYECTOS&#8221; style=&#8221;3d&#8221; shape=&#8221;square&#8221; color=&#8221;white&#8221; align=&#8221;center&#8221; i_icon_fontawesome=&#8221;fa fa-arrow-down&#8221; add_icon=&#8221;true&#8221; el_class=&#8221;hvr-float-shadow&#8221; link=&#8221;url:https%3A%2F%2Fweb.eneo.unam.mx%2Findex.php%2Finvestigacion%2Fproyectos%2F|||&#8221;][\/vc_column][vc_column width=&#8221;1\/6&#8243;][vc_btn title=&#8221;PUBLICACIONES&#8221; style=&#8221;3d&#8221; shape=&#8221;square&#8221; color=&#8221;white&#8221; align=&#8221;center&#8221; i_icon_fontawesome=&#8221;fa fa-arrow-down&#8221; add_icon=&#8221;true&#8221; el_class=&#8221;hvr-float-shadow&#8221; link=&#8221;url:https%3A%2F%2Fweb.eneo.unam.mx%2Findex.php%2Finvestigacion%2Fpublicaciones|||&#8221;][\/vc_column][\/vc_row][\/vc_section][vc_row][vc_column][vc_empty_space height=&#8221;60px&#8221;][\/vc_column][\/vc_row][vc_row][vc_column][vc_column_text]<\/p>\n<h4>Publicaciones<\/h4>\n<p class=\"p1\">Relaci\u00f3n de publicaciones de profesores de tiempo completo y t\u00e9cnicos acad\u00e9micos de la Escuela Nacional de Enfermer\u00eda y Obstetricia. Conoce las publicaciones de nuestros acad\u00e9micos<\/p>\n<p>[\/vc_column_text][vc_empty_space][\/vc_column][\/vc_row][vc_row][vc_column width=&#8221;1\/4&#8243;][vc_single_image image=&#8221;2426&#8243; img_size=&#8221;medium&#8221; style=&#8221;vc_box_shadow&#8221; onclick=&#8221;custom_link&#8221; el_class=&#8221;hvr-grow-shadow&#8221; link=&#8221;https:\/\/web.eneo.unam.mx\/index.php\/investigacion\/productividad-2017\/&#8221;][\/vc_column][vc_column width=&#8221;1\/4&#8243;][vc_single_image image=&#8221;2425&#8243; img_size=&#8221;medium&#8221; style=&#8221;vc_box_shadow&#8221; onclick=&#8221;custom_link&#8221; el_class=&#8221;hvr-grow-shadow&#8221; link=&#8221;https:\/\/web.eneo.unam.mx\/index.php\/investigacion\/productividad-2016\/&#8221;][\/vc_column][vc_column width=&#8221;1\/4&#8243;][vc_single_image image=&#8221;2424&#8243; img_size=&#8221;medium&#8221; style=&#8221;vc_box_shadow&#8221; onclick=&#8221;custom_link&#8221; el_class=&#8221;hvr-grow-shadow&#8221; link=&#8221;https:\/\/web.eneo.unam.mx\/index.php\/investigacion\/productividad-2015\/&#8221;][\/vc_column][vc_column width=&#8221;1\/4&#8243;][vc_single_image image=&#8221;2423&#8243; img_size=&#8221;medium&#8221; style=&#8221;vc_box_shadow&#8221; onclick=&#8221;custom_link&#8221; el_class=&#8221;hvr-grow-shadow&#8221; link=&#8221;https:\/\/web.eneo.unam.mx\/index.php\/investigacion\/productividad-2014\/&#8221;][\/vc_column][\/vc_row][vc_row][vc_column][vc_empty_space][\/vc_column][\/vc_row][vc_row][vc_column][vc_row_inner][vc_column_inner][vc_single_image image=&#8221;2422&#8243; img_size=&#8221;medium&#8221; alignment=&#8221;center&#8221;][\/vc_column_inner][\/vc_row_inner][vc_row_inner][vc_column_inner][vc_column_text]1. Garc\u00eda Cardona M, Z\u00e1rate Grajales R A, Matus Miranda R, Balseiro Almario C L, Balan Gleaves C. Opini\u00f3n de los empleadores respecto al desempe\u00f1o de los egresados del Plan \u00danico de Especializaci\u00f3n de Enfermer\u00eda de la ENEO. Revista Enfermer\u00eda Universitaria 2013; 10(1):14-20.<\/p>\n<p>&nbsp;<\/p>\n<p>2. Garc\u00eda Albarr\u00e1n MA Sosa Rosas MP. Desarrollo del conocimiento curricular en la implantaci\u00f3n de modelos de cuidado y su objetivaci\u00f3n en las instituciones de salud. Recorte metodol\u00f3gico para una evaluaci\u00f3n. Rev Paraninfo Digital, 2013; 19. Disponible en: <a href=\"http:\/\/www.index-f.com\/para\/n19\/211d.php\">http:\/\/www.index-f.com\/para\/n19\/211d.php<\/a><\/p>\n<p>&nbsp;<\/p>\n<p>3. M\u00fcggenburg Rodr\u00edguez Vigil M C. Los Estudios de Doctorado como motor del desarrollo de Enfermer\u00eda. Revista Enfermer\u00eda Universitaria 2013; 10(4):113. Disponible en: <a href=\"http:\/\/scielo.unam.mx\/pdf\/eu\/v10n4\/v10n4a1.pdf\">http:\/\/scielo.unam.mx\/pdf\/eu\/v10n4\/v10n4a1.pdf<\/a><\/p>\n<p>&nbsp;<\/p>\n<p>4. Garc\u00eda Pi\u00f1a MA. Experiencia de salud en la Habana, Cuba. Bolet\u00edn Acontecer Acad\u00e9mico. 2013; 11 (46): 14. Disponible en: <a href=\"http:\/\/www.eneo.unam.mx\/publicaciones\/nuevaetapa\/GacetaENEO-UNAMnoviembre2013.pdf\">http:\/\/www.eneo.unam.mx\/publicaciones\/nuevaetapa\/GacetaENEO-UNAMnoviembre2013.pdf<\/a><\/p>\n<p>&nbsp;<\/p>\n<p>5. Hidalgo Rivera JL, C\u00e1rdenas Jim\u00e9nez M, Rodr\u00edguez Jim\u00e9nez S. El tutor cl\u00ednico. Una mirada de los estudiantes de licenciatura en Enfermer\u00eda y Obstetricia. Revista Enfermer\u00eda Universitaria. 2013; 10(3):92-97. Disponible en: <a href=\"http:\/\/www.revistas.unam.mx\/index.php\/reu\/article\/view\/44822\/40646\">http:\/\/www.revistas.unam.mx\/index.php\/reu\/article\/view\/44822\/40646<\/a><\/p>\n<p>&nbsp;<\/p>\n<p>6. Ponce G\u00f3mez G, Carmona M, Bernal Becerril ML. Gerencia del cuidado: una experiencia de enfermer\u00eda en una instituci\u00f3n de tercer nivel de atenci\u00f3n del DF. Revista de Enfermer\u00eda Neurol\u00f3gica. 2013; 2 (12): 74-78. Disponible en: <a href=\"http:\/\/www.medigraphic.com\/pdfs\/enfneu\/ene-2013\/ene132d.pdf\">http:\/\/www.medigraphic.com\/pdfs\/enfneu\/ene-2013\/ene132d.pdf<\/a><\/p>\n<p>&nbsp;<\/p>\n<p>7. Garc\u00eda Cardona M, Zarate Grajales RA, Matus Miranda R, Balseiro Almario CL, Bal\u00e1n Gleaves C. Opini\u00f3n de los empleadores respecto al desempe\u00f1o de los egresados del plan \u00fanico de especializaci\u00f3n. Revista Enfermer\u00eda Universitaria. 2013; 10(1):14-20. Disponible en: <a href=\"http:\/\/www.revistas.unam.mx\/index.php\/reu\/article\/view\/42094\/38202\">http:\/\/www.revistas.unam.mx\/index.php\/reu\/article\/view\/42094\/38202<\/a><\/p>\n<p>&nbsp;<\/p>\n<p>8. Ortega R\u00edos MG, Balseiro Almario CL, Sacrist\u00e1n Ruiz F, Ponce G\u00f3mez G, Hern\u00e1ndez Rosas S. An\u00e1lisis de la productividad cient\u00edfica de la Revista Enfermer\u00eda Universitaria de la Escuela Nacional de Enfermer\u00eda y Obstetricia (ENEO) de 2007-2001: N\u00famero de art\u00edculos publicados. Revista de Enfermer\u00eda Neurol\u00f3gica. 2013; 12 (3): 153-158. Disponible en: <a href=\"http:\/\/www.medigraphic.com\/pdfs\/enfneu\/ene-2013\/ene133h.pdf\">http:\/\/www.medigraphic.com\/pdfs\/enfneu\/ene-2013\/ene133h.pdf<\/a><\/p>\n<p>&nbsp;<\/p>\n<p>9. Hern\u00e1ndez Falc\u00f3n J, Alba Leonel A. Filosof\u00eda, cronicidad y calidad de vida. Revista de Enfermer\u00eda Neurol\u00f3gica. 2013; 12 (1): 48-52.<br \/>\nDisponible en: <a href=\"http:\/\/www.medigraphic.com\/pdfs\/enfneu\/ene-2013\/ene131i.pdf\">http:\/\/www.medigraphic.com\/pdfs\/enfneu\/ene-2013\/ene131i.pdf<\/a><\/p>\n<p>&nbsp;<\/p>\n<p>10. Jim\u00e9nez Mendoza A, Rodr\u00edguez Antinori A. Imaginario profesional: sue\u00f1os y realidades en enfermer\u00eda. Revista de Enfermer\u00eda Neurol\u00f3gica. 2013; 12 (2): 102-108. Disponible en: <a href=\"http:\/\/www.medigraphic.com\/pdfs\/enfneu\/ene-2013\/ene132i.pdf\">http:\/\/www.medigraphic.com\/pdfs\/enfneu\/ene-2013\/ene132i.pdf<\/a><\/p>\n<p>&nbsp;<\/p>\n<p>11. P\u00e9rez Zumano SE, Sandoval Alonso L, Jim\u00e9nez Trujano L. UNAMos esfuerzos en la lucha contra el c\u00e1ncer de mama. Bolet\u00edn Acontecer Acad\u00e9mico. 2013; 11 (46): 6-9. Disponible en: <a href=\"http:\/\/www.eneo.unam.mx\/publicaciones\/nuevaetapa\/GacetaENEO-UNAMnoviembre2013.pdf\">http:\/\/www.eneo.unam.mx\/publicaciones\/nuevaetapa\/GacetaENEO-UNAMnoviembre2013.pdf<\/a><\/p>\n<p>&nbsp;<\/p>\n<p>12. Moreno Le\u00f3n Z. Unidad 1 Escenarios de la enfermer\u00eda pedi\u00e1trica. En: Valverde Molina I, Mendoza Caballero A, Peralta Reyes IC. Enfermer\u00eda pedi\u00e1trica. 1ra ed. M\u00e9xico: Manual Moderno; 2014. p 1-3 Disponible en: <a href=\"https:\/\/books.google.com.mx\/books?id=fPfFDgAAQBAJ&amp;printsec=frontcover#v=onepage&amp;q&amp;f=false\">https:\/\/books.google.com.mx\/books?id=fPfFDgAAQBAJ&amp;printsec=frontcover#v=onepage&amp;q&amp;f=false<\/a><\/p>\n<p>&nbsp;<\/p>\n<p>13. Cancino Morales KL, Balc\u00e1zar Mart\u00ednez V, Matus Miranda R. Intervenciones de enfermer\u00eda en una persona con Guillain \u2013Barr\u00e9 tipo AMAN, bajo teor\u00eda de Dorothea Orem. Revista de Enfermer\u00eda Universitaria. 2013; 10(1):27-32. Disponible en: <a href=\"http:\/\/www.revistas.unam.mx\/index.php\/reu\/article\/view\/42556\/38664\">http:\/\/www.revistas.unam.mx\/index.php\/reu\/article\/view\/42556\/38664<\/a><\/p>\n<p>&nbsp;<\/p>\n<p>14. Gonz\u00e1lez Ram\u00edrez P. Pr\u00f3logo. En: Valverde Molina I, Mendoza Caballero A, Peralta Reyes IC. Enfermer\u00eda pedi\u00e1trica. 1ra ed. M\u00e9xico: Manual Moderno; 2014. p VII. Descarga directa: Aqu\u00ed<\/p>\n<p>&nbsp;<\/p>\n<p>15. Coronel Chac\u00f3n MAA, Carmona Mej\u00eda B, Ponce G\u00f3mez G. Deterioro cognitivo en ancianos diab\u00e9ticos hospitalizados en medicina interna en un hospital de segundo nivel de atenci\u00f3n en M\u00e9xico, Distrito Federal. Revista de Enfermer\u00eda Neurol\u00f3gica. 2013; 12(1):5-9. Disponible en: <a href=\"http:\/\/www.medigraphic.com\/pdfs\/enfneu\/ene-2013\/ene131b.pdf\">http:\/\/www.medigraphic.com\/pdfs\/enfneu\/ene-2013\/ene131b.pdf<\/a><\/p>\n<p>&nbsp;<\/p>\n<p>16. Ponce G\u00f3mez G, Victoria Mor\u00ed FML. Lo cotidiano del adulto con c\u00e1ncer de colon. Revista de Enfermer\u00eda Neurol\u00f3gica. 2013; 12(3):134-140. Disponible en: <a href=\"http:\/\/www.medigraphic.com\/pdfs\/enfneu\/ene-2013\/ene133e.pdf\">http:\/\/www.medigraphic.com\/pdfs\/enfneu\/ene-2013\/ene133e.pdf<\/a><\/p>\n<p>&nbsp;<\/p>\n<p>17. Pi\u00f1a Jim\u00e9nez I. Proceso de iniciaci\u00f3n de los alumnos de enfermer\u00eda, en la formaci\u00f3n de competencias obst\u00e9tricas. Revista Enfermer\u00eda Universitaria. 2013; 10(3):75-83. Disponible en: <a href=\"http:\/\/www.revistas.unam.mx\/index.php\/reu\/article\/view\/44818\/40423\">http:\/\/www.revistas.unam.mx\/index.php\/reu\/article\/view\/44818\/40423<\/a><\/p>\n<p>&nbsp;<\/p>\n<p>18. Pi\u00f1a Jim\u00e9nez I. Participaci\u00f3n de resultados de investigaci\u00f3n y formaci\u00f3n en enfermer\u00eda, en el Congreso Internacional de Educaci\u00f3n: Curr\u00edculum. Bolet\u00edn electr\u00f3nico. 2013; 2 (23):4. Disponible en: <a href=\"http:\/\/www.eneo.unam.mx\/publicaciones\/boletinelectronico\/ENEO-BoletinElectronicoOctubre2013.pdf\">http:\/\/www.eneo.unam.mx\/publicaciones\/boletinelectronico\/ENEO-BoletinElectronicoOctubre2013.pdf<\/a><\/p>\n<p>&nbsp;<\/p>\n<p>19. P\u00e9rez Cabrera I. ENEO, un logro m\u00e1s: Divisi\u00f3n de posgrado por fin en Ciudad Universitaria UNAM. Revista de Enfermer\u00eda Universitaria. 2013; 10(2):33-35. Disponible en: <a href=\"http:\/\/www.revistas.unam.mx\/index.php\/reu\/article\/view\/42098\/38701\">http:\/\/www.revistas.unam.mx\/index.php\/reu\/article\/view\/42098\/38701<\/a><\/p>\n<p>&nbsp;<\/p>\n<p>20. Zarza Arizmendi MD, Salcedo \u00c1lvarez RA, Z\u00e1rate Grajales RA. El papel de las escuelas de enfermer\u00eda en la seguridad del paciente. En P\u00e9rez Castro y V\u00e1zquez JA. Seguridad del paciente al alcance de todos. 1ed. M\u00e9xico: Alfil, 2013. p 437-447. Disponible <a href=\"http:\/\/cvoed.imss.gob.mx\/COED\/home\/normativos\/DPM\/archivos\/coleccionmedicinadeexcelencia\/20%20Seguridad%20del%20paciente%20al%20alcance%20de%20todos-Interiores.pdf\">http:\/\/cvoed.imss.gob.mx\/COED\/home\/normativos\/DPM\/archivos\/coleccionmedicinadeexcelencia\/20%20Seguridad%20del%20paciente%20al%20alcance%20de%20todos-Interiores.pdf<\/a><\/p>\n<p>&nbsp;<\/p>\n<p>21. Z\u00e1rate Grajales RA, Castrill\u00f3n Agudelo C. La investigaci\u00f3n en la Escuela Nacional de Enfermer\u00eda y Obstetricia ENEO-UNAM. M\u00e9xico. Revista Iberoamericana de Educaci\u00f3n e Investigaci\u00f3n en Enfermer\u00eda. 2013; 3(4): 53-60. Disponible en: <a href=\"http:\/\/www.enfermeria21.com\/revistas\/aladefe\/articulo\/91\/\">http:\/\/www.enfermeria21.com\/revistas\/aladefe\/articulo\/91\/<\/a><\/p>\n<p>&nbsp;<\/p>\n<p>22. Z\u00e1rate Grajales RA, Zarza Arizmendi MD. Taller para el desarrollo y fortalecimiento de la investigaci\u00f3n en la ENEO. Bolet\u00edn Acontecer Acad\u00e9mico. 2013; 11 (44): 17-20. Disponible en: <a href=\"http:\/\/www.eneo.unam.mx\/publicaciones\/nuevaetapa\/GacetaENEO-UNAMjunio2013.pdf\">http:\/\/www.eneo.unam.mx\/publicaciones\/nuevaetapa\/GacetaENEO-UNAMjunio2013.pdf<\/a><\/p>\n<p>&nbsp;<\/p>\n<p>23. Z\u00e1rate Grajales RA, Fern\u00e1ndez Garc\u00eda V. El comit\u00e9 de investigaci\u00f3n en la ENEO define sus principios \u00e9ticos para la actividad de investigaci\u00f3n. Bolet\u00edn Acontecer Acad\u00e9mico. 2013; 11 (44): 21. Disponible en: <a href=\"http:\/\/www.eneo.unam.mx\/publicaciones\/nuevaetapa\/GacetaENEO-UNAMjunio2013.pdf\">http:\/\/www.eneo.unam.mx\/publicaciones\/nuevaetapa\/GacetaENEO-UNAMjunio2013.pdf<\/a><\/p>\n<p>&nbsp;<\/p>\n<p>24. Sosa Rosas MP, Luna Victoria MLV. La corporalidad de la persona con c\u00e1ncer. Revista CONAMED. 2013; 18 (3): 17-22. Disponible en: <a href=\"http:\/\/www.dgdi-conamed.salud.gob.mx\/ojs-conamed\/index.php\/revconamed\/article\/view\/131\/155\">http:\/\/www.dgdi-conamed.salud.gob.mx\/ojs-conamed\/index.php\/revconamed\/article\/view\/131\/155<\/a><\/p>\n<p>&nbsp;<\/p>\n<p>25. Salcedo \u00c1lvarez RA, Huerta Gonz\u00e1lez S, Bustamante Edqu\u00e9n S. Enfermer\u00eda: la n\u00e9mesis de la ciencia y la filosof\u00eda del cuidado. Revista de Enfermer\u00eda Neurol\u00f3gica. 2013 12 (2): 98-101. Disponible en: <a href=\"http:\/\/www.medigraphic.com\/pdfs\/enfneu\/ene-2013\/ene132h.pdf\">http:\/\/www.medigraphic.com\/pdfs\/enfneu\/ene-2013\/ene132h.pdf<\/a><\/p>\n<p>&nbsp;<\/p>\n<p>26. M\u00fcggenburg Rodr\u00edguez Vigil M C. Los Estudios de Doctorado como motor del desarrollo de Enfermer\u00eda. Revista Enfermer\u00eda Universitaria 2013; 10(4):113. Disponible en: <a href=\"http:\/\/scielo.unam.mx\/pdf\/eu\/v10n4\/v10n4a1.pdf\">http:\/\/scielo.unam.mx\/pdf\/eu\/v10n4\/v10n4a1.pdf<\/a><\/p>\n<p>&nbsp;<\/p>\n<p>27. Garc\u00eda Albarr\u00e1n MA Sosa Rosas MP. Desarrollo del conocimiento curricular en la implantaci\u00f3n de modelos de cuidado y su objetivaci\u00f3n en las instituciones de salud. Recorte metodol\u00f3gico para una evaluaci\u00f3n. Revista Paraninfo Digital, 2013; 19. Disponible en: <a href=\"http:\/\/www.index-f.com\/para\/n19\/211d.php\">http:\/\/www.index-f.com\/para\/n19\/211d.php<\/a>[\/vc_column_text][\/vc_column_inner][\/vc_row_inner][\/vc_column][\/vc_row]<\/p>\n","protected":false},"excerpt":{"rendered":"<p>[vc_section][vc_row][vc_column][\/vc_column][\/vc_row][vc_row][vc_column][vc_empty_space height=&#8221;20px&#8221;][\/vc_column][\/vc_row][vc_row content_placement=&#8221;bottom&#8221;][vc_column width=&#8221;1\/6&#8243;][vc_btn title=&#8221;INICIO&#8221; style=&#8221;3d&#8221; shape=&#8221;square&#8221; color=&#8221;white&#8221; align=&#8221;center&#8221; i_icon_fontawesome=&#8221;fa fa-arrow-down&#8221; add_icon=&#8221;true&#8221; el_class=&#8221;hvr-float-shadow&#8221; link=&#8221;url:https%3A%2F%2Fweb.eneo.unam.mx%2Findex.php%2Finvestigacion%2F|title:Inicio||&#8221;][\/vc_column][vc_column width=&#8221;1\/6&#8243;][vc_btn title=&#8221;COMIT\u00c9&#8221; style=&#8221;3d&#8221; shape=&#8221;square&#8221; color=&#8221;white&#8221; align=&#8221;center&#8221; i_icon_fontawesome=&#8221;fa fa-arrow-down&#8221; button_block=&#8221;true&#8221; add_icon=&#8221;true&#8221; link=&#8221;url:https%3A%2F%2Fweb.eneo.unam.mx%2Findex.php%2Finvestigacion%2Fcomite%2F|||&#8221; &hellip; <\/p>\n","protected":false},"author":1,"featured_media":0,"parent":2210,"menu_order":0,"comment_status":"closed","ping_status":"closed","template":"","meta":{"footnotes":""},"class_list":["post-2391","page","type-page","status-publish","hentry","latest_post"],"aioseo_notices":[],"publishpress_future_action":{"enabled":false,"date":"2026-05-23 04:09:18","action":"change-status","newStatus":"draft","terms":[],"taxonomy":"","extraData":[]},"publishpress_future_workflow_manual_trigger":{"enabledWorkflows":[]},"_links":{"self":[{"href":"https:\/\/www.feno.unam.mx\/index.php\/wp-json\/wp\/v2\/pages\/2391","targetHints":{"allow":["GET"]}}],"collection":[{"href":"https:\/\/www.feno.unam.mx\/index.php\/wp-json\/wp\/v2\/pages"}],"about":[{"href":"https:\/\/www.feno.unam.mx\/index.php\/wp-json\/wp\/v2\/types\/page"}],"author":[{"embeddable":true,"href":"https:\/\/www.feno.unam.mx\/index.php\/wp-json\/wp\/v2\/users\/1"}],"replies":[{"embeddable":true,"href":"https:\/\/www.feno.unam.mx\/index.php\/wp-json\/wp\/v2\/comments?post=2391"}],"version-history":[{"count":21,"href":"https:\/\/www.feno.unam.mx\/index.php\/wp-json\/wp\/v2\/pages\/2391\/revisions"}],"predecessor-version":[{"id":5585,"href":"https:\/\/www.feno.unam.mx\/index.php\/wp-json\/wp\/v2\/pages\/2391\/revisions\/5585"}],"up":[{"embeddable":true,"href":"https:\/\/www.feno.unam.mx\/index.php\/wp-json\/wp\/v2\/pages\/2210"}],"wp:attachment":[{"href":"https:\/\/www.feno.unam.mx\/index.php\/wp-json\/wp\/v2\/media?parent=2391"}],"curies":[{"name":"wp","href":"https:\/\/api.w.org\/{rel}","templated":true}]}}