{"id":2344,"date":"2021-09-14T06:51:47","date_gmt":"2021-09-14T06:51:47","guid":{"rendered":"https:\/\/web.eneo.unam.mx\/?page_id=2344"},"modified":"2023-04-21T17:50:35","modified_gmt":"2023-04-21T17:50:35","slug":"interinstitucionales","status":"publish","type":"page","link":"https:\/\/www.feno.unam.mx\/index.php\/investigacion\/interinstitucionales\/","title":{"rendered":"Proyectos interinstitucionales"},"content":{"rendered":"<p>[vc_section][vc_row][vc_column][\/vc_column][\/vc_row][vc_row][vc_column][vc_empty_space height=&#8221;20px&#8221;][\/vc_column][\/vc_row][vc_row][vc_column width=&#8221;1\/6&#8243;][vc_btn title=&#8221;INICIO&#8221; style=&#8221;3d&#8221; shape=&#8221;square&#8221; color=&#8221;white&#8221; align=&#8221;center&#8221; i_icon_fontawesome=&#8221;fa fa-arrow-down&#8221; add_icon=&#8221;true&#8221; el_class=&#8221;hvr-float-shadow&#8221; link=&#8221;url:https%3A%2F%2Fweb.eneo.unam.mx%2Findex.php%2Finvestigacion%2F|title:Inicio||&#8221;][\/vc_column][vc_column width=&#8221;1\/6&#8243;][vc_btn title=&#8221;ORGANIZACI\u00d3N&#8221; style=&#8221;3d&#8221; shape=&#8221;square&#8221; color=&#8221;white&#8221; align=&#8221;center&#8221; i_icon_fontawesome=&#8221;fa fa-arrow-down&#8221; add_icon=&#8221;true&#8221; el_class=&#8221;hvr-float-shadow&#8221; link=&#8221;url:https%3A%2F%2Fweb.eneo.unam.mx%2Findex.php%2Finvestigacion%2Forganizacion%2F|||&#8221;][\/vc_column][vc_column width=&#8221;1\/6&#8243;][vc_btn title=&#8221;COMIT\u00c9&#8221; style=&#8221;3d&#8221; shape=&#8221;square&#8221; color=&#8221;white&#8221; align=&#8221;center&#8221; i_icon_fontawesome=&#8221;fa fa-arrow-down&#8221; button_block=&#8221;true&#8221; add_icon=&#8221;true&#8221; link=&#8221;url:https%3A%2F%2Fweb.eneo.unam.mx%2Findex.php%2Finvestigacion%2Fcomite%2F|title:La%20||&#8221; el_class=&#8221;hvr-float-shadow&#8221;][\/vc_column][vc_column width=&#8221;1\/6&#8243;][vc_btn title=&#8221;RED DE INVESTIGACI\u00d3N&#8221; style=&#8221;3d&#8221; shape=&#8221;square&#8221; color=&#8221;white&#8221; align=&#8221;center&#8221; i_icon_fontawesome=&#8221;fa fa-arrow-down&#8221; add_icon=&#8221;true&#8221; el_class=&#8221;hvr-float-shadow&#8221; link=&#8221;url:https%3A%2F%2Fweb.eneo.unam.mx%2Findex.php%2Finvestigacion%2Fcolaboraciones%2F|||&#8221;][\/vc_column][vc_column width=&#8221;1\/6&#8243;][vc_btn title=&#8221;PROYECTOS&#8221; style=&#8221;3d&#8221; shape=&#8221;square&#8221; color=&#8221;white&#8221; align=&#8221;center&#8221; i_icon_fontawesome=&#8221;fa fa-arrow-down&#8221; add_icon=&#8221;true&#8221; el_class=&#8221;hvr-float-shadow&#8221; link=&#8221;url:https%3A%2F%2Fweb.eneo.unam.mx%2Findex.php%2Finvestigacion%2Fproyectos%2F|||&#8221;][\/vc_column][vc_column width=&#8221;1\/6&#8243;][vc_btn title=&#8221;PUBLICACIONES&#8221; style=&#8221;3d&#8221; shape=&#8221;square&#8221; color=&#8221;white&#8221; align=&#8221;center&#8221; i_icon_fontawesome=&#8221;fa fa-arrow-down&#8221; add_icon=&#8221;true&#8221; el_class=&#8221;hvr-float-shadow&#8221; link=&#8221;url:https%3A%2F%2Fweb.eneo.unam.mx%2Findex.php%2Finvestigacion%2Fproductividad%2F|||&#8221;][\/vc_column][\/vc_row][\/vc_section][vc_row][vc_column][vc_empty_space height=&#8221;60px&#8221;][\/vc_column][\/vc_row][vc_row][vc_column width=&#8221;1\/3&#8243;][vc_single_image image=&#8221;2339&#8243; img_size=&#8221;large&#8221; alignment=&#8221;center&#8221; onclick=&#8221;custom_link&#8221; link=&#8221;https:\/\/www.feno.unam.mx\/index.php\/investigacion\/red-inv\/&#8221; el_class=&#8221;hvr-grow-shadow&#8221;][\/vc_column][vc_column width=&#8221;1\/3&#8243;][vc_single_image image=&#8221;2338&#8243; img_size=&#8221;large&#8221; alignment=&#8221;center&#8221; onclick=&#8221;custom_link&#8221; link=&#8221;https:\/\/web.eneo.unam.mx\/index.php\/investigacion\/interinstitucionales\/&#8221; el_class=&#8221;hvr-grow-shadow&#8221;][\/vc_column][vc_column width=&#8221;1\/3&#8243;][vc_single_image image=&#8221;2340&#8243; img_size=&#8221;large&#8221; alignment=&#8221;center&#8221; onclick=&#8221;custom_link&#8221; link=&#8221;https:\/\/web.eneo.unam.mx\/index.php\/investigacion\/redes-de-investigacion\/&#8221; el_class=&#8221;hvr-grow-shadow&#8221;][\/vc_column][\/vc_row][vc_row][vc_column][vc_empty_space height=&#8221;50px&#8221;][\/vc_column][\/vc_row][vc_row][vc_column][vc_column_text el_class=&#8221;parrafo&#8221;]<\/p>\n<p style=\"text-align: left; font-size: 18px; font-family: Roboto;\">En el marco del Programa Transdisciplinario de Investigaci\u00f3n en Facultades y Escuelas, se cre\u00f3 el Macroproyecto &#8220;Nuevas estrategias epidemiol\u00f3gicas, gen\u00f3micas, prote\u00f3micas y salud p\u00fablica&#8221;, cuya responsabilidad se asign\u00f3 a la Facultad de Medicina. La Facultad de Psicolog\u00eda por su parte coordin\u00f3 el Macroproyecto &#8220;Nuevos modelos para la prevenci\u00f3n y tratamiento de las conductas adictivas&#8221;. En ambos Macroproyectos la ENEO particip\u00f3 en forma exitosa.<\/p>\n<h5>Los proyectos en los que particip\u00f3 con la Facultad de Medicina son:<\/h5>\n<p>[\/vc_column_text][\/vc_column][\/vc_row][vc_row][vc_column][vc_column_text]<\/p>\n<ul>\n<li style=\"list-style-type: none;\">\n<ul>\n<li>Pr\u00e1cticas de autocuidado en mujeres con c\u00e1ncer c\u00e9rvico uterino y manejo de estr\u00e9s.<\/li>\n<\/ul>\n<\/li>\n<\/ul>\n<p><strong>Responsable Mtra. Ma. del Pilar Sosa Rosas<\/strong><\/p>\n<ul>\n<li style=\"list-style-type: none;\">\n<ul>\n<li>Modelo de enfermer\u00eda para la atenci\u00f3n preventiva y terap\u00e9utica en personas con enfermedad de Alzheimer.<\/li>\n<\/ul>\n<\/li>\n<\/ul>\n<p><strong>Responsable Mtra. Araceli Jim\u00e9nez Mendoza<\/strong><\/p>\n<ul>\n<li style=\"list-style-type: none;\">\n<ul>\n<li>Diagn\u00f3sticos de enfermer\u00eda en adultos con enfermedad pulmonar por micobacterias no tuberculosas y tuberculosas.<\/li>\n<\/ul>\n<\/li>\n<\/ul>\n<p><strong>Responsable Mtra. Sof\u00eda S\u00e1nchez Pi\u00f1a<\/strong><\/p>\n<ul>\n<li>Influencia del apoyo familiar y la personalidad de mujeres con c\u00e1ncer de mama en las respuestas adaptativas del cuidado.<br \/>\n<strong>Responsable Mtra. Sof\u00eda Elena P\u00e9rez Zumano<\/strong><\/li>\n<\/ul>\n<p>[\/vc_column_text][\/vc_column][\/vc_row][vc_row][vc_column][vc_column_text]<\/p>\n<h5>Y con la Facultad de Psicolog\u00eda:<\/h5>\n<ul>\n<li style=\"list-style-type: none;\">\n<ul>\n<li>Formaci\u00f3n de recursos humanos en salud para la prevenci\u00f3n y tratamiento de conductas adictivas.<\/li>\n<\/ul>\n<\/li>\n<\/ul>\n<p><strong>Responsable Dra. Ang\u00e9lica Ram\u00edrez El\u00edas.<\/strong>[\/vc_column_text][\/vc_column][\/vc_row]<\/p>\n","protected":false},"excerpt":{"rendered":"<p>[vc_section][vc_row][vc_column][\/vc_column][\/vc_row][vc_row][vc_column][vc_empty_space height=&#8221;20px&#8221;][\/vc_column][\/vc_row][vc_row][vc_column width=&#8221;1\/6&#8243;][vc_btn title=&#8221;INICIO&#8221; style=&#8221;3d&#8221; shape=&#8221;square&#8221; color=&#8221;white&#8221; align=&#8221;center&#8221; i_icon_fontawesome=&#8221;fa fa-arrow-down&#8221; add_icon=&#8221;true&#8221; el_class=&#8221;hvr-float-shadow&#8221; link=&#8221;url:https%3A%2F%2Fweb.eneo.unam.mx%2Findex.php%2Finvestigacion%2F|title:Inicio||&#8221;][\/vc_column][vc_column width=&#8221;1\/6&#8243;][vc_btn title=&#8221;ORGANIZACI\u00d3N&#8221; style=&#8221;3d&#8221; shape=&#8221;square&#8221; color=&#8221;white&#8221; align=&#8221;center&#8221; i_icon_fontawesome=&#8221;fa fa-arrow-down&#8221; add_icon=&#8221;true&#8221; el_class=&#8221;hvr-float-shadow&#8221; link=&#8221;url:https%3A%2F%2Fweb.eneo.unam.mx%2Findex.php%2Finvestigacion%2Forganizacion%2F|||&#8221;][\/vc_column][vc_column width=&#8221;1\/6&#8243;][vc_btn &hellip; <\/p>\n","protected":false},"author":1,"featured_media":0,"parent":2210,"menu_order":0,"comment_status":"closed","ping_status":"closed","template":"","meta":{"footnotes":""},"class_list":["post-2344","page","type-page","status-publish","hentry","latest_post"],"aioseo_notices":[],"publishpress_future_action":{"enabled":false,"date":"2026-04-22 04:52:15","action":"change-status","newStatus":"draft","terms":[],"taxonomy":"","extraData":[]},"publishpress_future_workflow_manual_trigger":{"enabledWorkflows":[]},"_links":{"self":[{"href":"https:\/\/www.feno.unam.mx\/index.php\/wp-json\/wp\/v2\/pages\/2344","targetHints":{"allow":["GET"]}}],"collection":[{"href":"https:\/\/www.feno.unam.mx\/index.php\/wp-json\/wp\/v2\/pages"}],"about":[{"href":"https:\/\/www.feno.unam.mx\/index.php\/wp-json\/wp\/v2\/types\/page"}],"author":[{"embeddable":true,"href":"https:\/\/www.feno.unam.mx\/index.php\/wp-json\/wp\/v2\/users\/1"}],"replies":[{"embeddable":true,"href":"https:\/\/www.feno.unam.mx\/index.php\/wp-json\/wp\/v2\/comments?post=2344"}],"version-history":[{"count":10,"href":"https:\/\/www.feno.unam.mx\/index.php\/wp-json\/wp\/v2\/pages\/2344\/revisions"}],"predecessor-version":[{"id":9258,"href":"https:\/\/www.feno.unam.mx\/index.php\/wp-json\/wp\/v2\/pages\/2344\/revisions\/9258"}],"up":[{"embeddable":true,"href":"https:\/\/www.feno.unam.mx\/index.php\/wp-json\/wp\/v2\/pages\/2210"}],"wp:attachment":[{"href":"https:\/\/www.feno.unam.mx\/index.php\/wp-json\/wp\/v2\/media?parent=2344"}],"curies":[{"name":"wp","href":"https:\/\/api.w.org\/{rel}","templated":true}]}}