{"id":2299,"date":"2021-09-14T04:09:18","date_gmt":"2021-09-14T04:09:18","guid":{"rendered":"https:\/\/web.eneo.unam.mx\/?page_id=2299"},"modified":"2023-04-21T17:48:50","modified_gmt":"2023-04-21T17:48:50","slug":"red-inv","status":"publish","type":"page","link":"https:\/\/www.feno.unam.mx\/index.php\/investigacion\/red-inv\/","title":{"rendered":"Red de investigaci\u00f3n"},"content":{"rendered":"<p>[vc_section][vc_row][vc_column][\/vc_column][\/vc_row][vc_row][vc_column][vc_empty_space height=&#8221;20px&#8221;][\/vc_column][\/vc_row][vc_row content_placement=&#8221;bottom&#8221;][vc_column width=&#8221;1\/6&#8243;][vc_btn title=&#8221;INICIO&#8221; style=&#8221;3d&#8221; shape=&#8221;square&#8221; color=&#8221;white&#8221; align=&#8221;center&#8221; i_icon_fontawesome=&#8221;fa fa-arrow-down&#8221; add_icon=&#8221;true&#8221; el_class=&#8221;hvr-float-shadow&#8221; link=&#8221;url:https%3A%2F%2Fweb.eneo.unam.mx%2Findex.php%2Finvestigacion%2F|title:Inicio||&#8221;][\/vc_column][vc_column width=&#8221;1\/6&#8243;][vc_btn title=&#8221;ORGANIZACI\u00d3N&#8221; style=&#8221;3d&#8221; shape=&#8221;square&#8221; color=&#8221;white&#8221; align=&#8221;center&#8221; i_icon_fontawesome=&#8221;fa fa-arrow-down&#8221; add_icon=&#8221;true&#8221; el_class=&#8221;hvr-float-shadow&#8221; link=&#8221;url:https%3A%2F%2Fweb.eneo.unam.mx%2Findex.php%2Finvestigacion%2Forganizacion%2F|||&#8221;][\/vc_column][vc_column width=&#8221;1\/6&#8243;][vc_btn title=&#8221;COMIT\u00c9&#8221; style=&#8221;3d&#8221; shape=&#8221;square&#8221; color=&#8221;white&#8221; align=&#8221;center&#8221; i_icon_fontawesome=&#8221;fa fa-arrow-down&#8221; button_block=&#8221;true&#8221; add_icon=&#8221;true&#8221; link=&#8221;url:https%3A%2F%2Fweb.eneo.unam.mx%2Findex.php%2Finvestigacion%2Fcomite%2F|||&#8221; el_class=&#8221;hvr-float-shadow&#8221;][\/vc_column][vc_column width=&#8221;1\/6&#8243;][vc_btn title=&#8221;RED DE INVESTIGACI\u00d3N&#8221; style=&#8221;3d&#8221; shape=&#8221;square&#8221; color=&#8221;white&#8221; align=&#8221;center&#8221; i_icon_fontawesome=&#8221;fa fa-arrow-down&#8221; add_icon=&#8221;true&#8221; el_class=&#8221;hvr-float-shadow&#8221; link=&#8221;url:https%3A%2F%2Fweb.eneo.unam.mx%2Findex.php%2Finvestigacion%2Fred-inv|||&#8221;][\/vc_column][vc_column width=&#8221;1\/6&#8243;][vc_btn title=&#8221;PROYECTOS&#8221; style=&#8221;3d&#8221; shape=&#8221;square&#8221; color=&#8221;white&#8221; align=&#8221;center&#8221; i_icon_fontawesome=&#8221;fa fa-arrow-down&#8221; add_icon=&#8221;true&#8221; el_class=&#8221;hvr-float-shadow&#8221; link=&#8221;url:https%3A%2F%2Fweb.eneo.unam.mx%2Findex.php%2Finvestigacion%2Fproyectos%2F|||&#8221;][\/vc_column][vc_column width=&#8221;1\/6&#8243;][vc_btn title=&#8221;PUBLICACIONES&#8221; style=&#8221;3d&#8221; shape=&#8221;square&#8221; color=&#8221;white&#8221; align=&#8221;center&#8221; i_icon_fontawesome=&#8221;fa fa-arrow-down&#8221; add_icon=&#8221;true&#8221; el_class=&#8221;hvr-float-shadow&#8221; link=&#8221;url:https%3A%2F%2Fweb.eneo.unam.mx%2Findex.php%2Finvestigacion%2Fpublicaciones|||&#8221;][\/vc_column][\/vc_row][\/vc_section][vc_row][vc_column][vc_empty_space height=&#8221;60px&#8221;][\/vc_column][\/vc_row][vc_row][vc_column width=&#8221;1\/3&#8243;][vc_single_image image=&#8221;2339&#8243; img_size=&#8221;large&#8221; alignment=&#8221;center&#8221; onclick=&#8221;custom_link&#8221; link=&#8221;https:\/\/www.feno.unam.mx\/index.php\/investigacion\/redes-de-investigacion\/&#8221; el_class=&#8221;hvr-grow-shadow&#8221;][\/vc_column][vc_column width=&#8221;1\/3&#8243;][vc_single_image image=&#8221;2338&#8243; img_size=&#8221;large&#8221; alignment=&#8221;center&#8221; onclick=&#8221;custom_link&#8221; link=&#8221;https:\/\/web.eneo.unam.mx\/index.php\/investigacion\/interinstitucionales\/&#8221; el_class=&#8221;hvr-grow-shadow&#8221;][\/vc_column][vc_column width=&#8221;1\/3&#8243;][vc_single_image image=&#8221;2340&#8243; img_size=&#8221;large&#8221; alignment=&#8221;center&#8221; onclick=&#8221;custom_link&#8221; link=&#8221;https:\/\/www.feno.unam.mx\/index.php\/investigacion\/redes-de-investigacion\/&#8221; el_class=&#8221;hvr-grow-shadow&#8221;][\/vc_column][\/vc_row][vc_row][vc_column][vc_empty_space height=&#8221;50px&#8221;][\/vc_column][\/vc_row][vc_row][vc_column][vc_custom_heading text=&#8221;Trabajo colaborativo a nivel internacional&#8221; font_container=&#8221;tag:h3|text_align:center&#8221; google_fonts=&#8221;font_family:Roboto%3A100%2C100italic%2C300%2C300italic%2Cregular%2Citalic%2C500%2C500italic%2C700%2C700italic%2C900%2C900italic|font_style:400%20regular%3A400%3Anormal&#8221;][\/vc_column][\/vc_row][vc_row][vc_column][vc_column_text]<\/p>\n<p style=\"text-align: justify; font-size: 18px; font-family: Roboto;\">La ENEO como Centro Colaborador de la OMS\/OPS desde 1997 establece convenios de colaboraci\u00f3n a fin de cumplir con los objetivos definidos en su programa de trabajo, dentro del cual se encuentra el desarrollo de investigaci\u00f3n multic\u00e9ntrica; en el 2007 la ENEO, ahora FENO estableci\u00f3 contactos con la Facultad de Enfermer\u00eda de la Universidad de Antioquia en Medell\u00edn, Colombia y con la Facultad de Enfermer\u00eda de la Universidad Nacional de Colombia en Bogot\u00e1, para realizar proyectos de investigaci\u00f3n conjuntos. As\u00ed, se han venido desarrollando seminarios, talleres y encuentros de grupos de investigaci\u00f3n M\u00e9xico- Colombia en los que han participado m\u00e1s de 65 profesores de ambas instituciones y 15 alumnos de pregrado y posgrado. Ambos pa\u00edses, a trav\u00e9s de sus representantes han desarrollado diversos proyectos, conformando para ello grupos de trabajo y reuniones tanto en Bogot\u00e1 y Medell\u00edn, como en M\u00e9xico.<\/p>\n<p>En nuestro pa\u00eds han coordinado el trabajo las maestras Lasty Balseiro, Rosa A Z\u00e1rate Grajales y Sof\u00eda S\u00e1nchez Pi\u00f1a, en Colombia. Las doctoras Pilar Amaya Rey, Viviana C\u00e9spedes, Ma. de los \u00c1ngeles Rodr\u00edguez V\u00e1zquez; con la Universidad de Antioquia las responsables son las doctoras Gloria Alcaraz L\u00f3pez, Sandra Catalina Ochoa y la maestra Beatriz Ospina.<\/p>\n<p style=\"text-align: justify; font-size: 18px; font-family: Roboto;\">.<\/p>\n<p>[\/vc_column_text][\/vc_column][\/vc_row][vc_row][vc_column width=&#8221;1\/2&#8243;][vc_single_image image=&#8221;2342&#8243; img_size=&#8221;large&#8221; alignment=&#8221;center&#8221;][\/vc_column][vc_column width=&#8221;1\/2&#8243;][vc_column_text]<\/p>\n<p style=\"text-align: justify; font-size: 18px; font-family: Roboto;\">As\u00ed, tambi\u00e9n como parte de estas actividades internacionales en 2008 la ENEO, ahora FENO apoy\u00f3 la organizaci\u00f3n del XI Coloquio Panamericano de Investigaci\u00f3n en Enfermer\u00eda celebrado en Quito, Ecuador. Por otro lado, a partir de estos programas internacionales ha sido posible la movilidad de estudiantes y profesores de pregrado y posgrado para realizar actividades docentes y de investigaci\u00f3n en las Universidades de California en San Francisco, Universidad de UTHA, Universidad de Pensilvania, Universidad de Antioquia, Universidad Nacional de Colombia, Universidad de la Sabana y Universidad de las Islas Baleares en Espa\u00f1a.<\/p>\n<p>[\/vc_column_text][\/vc_column][\/vc_row][vc_row][vc_column][vc_column_text]<\/p>\n<p style=\"text-align: justify; font-size: 18px; font-family: Roboto;\">Tambi\u00e9n se realiz\u00f3 un trabajo conjunto de la ENEO, ahora FENO con la Universidad de C\u00f3rdoba, Argentina en el proyecto multic\u00e9ntrico Composici\u00f3n y Distribuci\u00f3n de Recursos Humanos de Enfermer\u00eda entre las Sub-Regiones de Am\u00e9rica Latina en el a\u00f1o 2008, coordinado en la ENEO por la maestra Reyna Matus Miranda y la doctora Rosa A. Z\u00e1rate Grajales, y por la Universidad de C\u00f3rdoba por la maestra Cristina Cometo. Para esta actividad se cont\u00f3 con la participaci\u00f3n de los Institutos Nacionales de Salud de nuestro pa\u00eds, as\u00ed como de instituciones representativas entre ellas el Instituto Mexicano del Seguro Social y la Secretar\u00eda de Salud.<\/p>\n<p>[\/vc_column_text][\/vc_column][\/vc_row]<\/p>\n","protected":false},"excerpt":{"rendered":"<p>[vc_section][vc_row][vc_column][\/vc_column][\/vc_row][vc_row][vc_column][vc_empty_space height=&#8221;20px&#8221;][\/vc_column][\/vc_row][vc_row content_placement=&#8221;bottom&#8221;][vc_column width=&#8221;1\/6&#8243;][vc_btn title=&#8221;INICIO&#8221; style=&#8221;3d&#8221; shape=&#8221;square&#8221; color=&#8221;white&#8221; align=&#8221;center&#8221; i_icon_fontawesome=&#8221;fa fa-arrow-down&#8221; add_icon=&#8221;true&#8221; el_class=&#8221;hvr-float-shadow&#8221; link=&#8221;url:https%3A%2F%2Fweb.eneo.unam.mx%2Findex.php%2Finvestigacion%2F|title:Inicio||&#8221;][\/vc_column][vc_column width=&#8221;1\/6&#8243;][vc_btn title=&#8221;ORGANIZACI\u00d3N&#8221; style=&#8221;3d&#8221; shape=&#8221;square&#8221; color=&#8221;white&#8221; align=&#8221;center&#8221; i_icon_fontawesome=&#8221;fa fa-arrow-down&#8221; add_icon=&#8221;true&#8221; el_class=&#8221;hvr-float-shadow&#8221; link=&#8221;url:https%3A%2F%2Fweb.eneo.unam.mx%2Findex.php%2Finvestigacion%2Forganizacion%2F|||&#8221;][\/vc_column][vc_column &hellip; <\/p>\n","protected":false},"author":1,"featured_media":0,"parent":2210,"menu_order":0,"comment_status":"closed","ping_status":"closed","template":"","meta":{"footnotes":""},"class_list":["post-2299","page","type-page","status-publish","hentry","latest_post"],"aioseo_notices":[],"publishpress_future_action":{"enabled":false,"date":"2026-04-22 17:49:43","action":"change-status","newStatus":"draft","terms":[],"taxonomy":"","extraData":[]},"publishpress_future_workflow_manual_trigger":{"enabledWorkflows":[]},"_links":{"self":[{"href":"https:\/\/www.feno.unam.mx\/index.php\/wp-json\/wp\/v2\/pages\/2299","targetHints":{"allow":["GET"]}}],"collection":[{"href":"https:\/\/www.feno.unam.mx\/index.php\/wp-json\/wp\/v2\/pages"}],"about":[{"href":"https:\/\/www.feno.unam.mx\/index.php\/wp-json\/wp\/v2\/types\/page"}],"author":[{"embeddable":true,"href":"https:\/\/www.feno.unam.mx\/index.php\/wp-json\/wp\/v2\/users\/1"}],"replies":[{"embeddable":true,"href":"https:\/\/www.feno.unam.mx\/index.php\/wp-json\/wp\/v2\/comments?post=2299"}],"version-history":[{"count":18,"href":"https:\/\/www.feno.unam.mx\/index.php\/wp-json\/wp\/v2\/pages\/2299\/revisions"}],"predecessor-version":[{"id":9257,"href":"https:\/\/www.feno.unam.mx\/index.php\/wp-json\/wp\/v2\/pages\/2299\/revisions\/9257"}],"up":[{"embeddable":true,"href":"https:\/\/www.feno.unam.mx\/index.php\/wp-json\/wp\/v2\/pages\/2210"}],"wp:attachment":[{"href":"https:\/\/www.feno.unam.mx\/index.php\/wp-json\/wp\/v2\/media?parent=2299"}],"curies":[{"name":"wp","href":"https:\/\/api.w.org\/{rel}","templated":true}]}}