{"id":2275,"date":"2021-09-14T01:36:09","date_gmt":"2021-09-14T01:36:09","guid":{"rendered":"https:\/\/web.eneo.unam.mx\/?page_id=2275"},"modified":"2024-06-26T15:14:07","modified_gmt":"2024-06-26T15:14:07","slug":"comite","status":"publish","type":"page","link":"https:\/\/www.feno.unam.mx\/index.php\/investigacion\/comite\/","title":{"rendered":"Comit\u00e9 de \u00c9tica e Investigaci\u00f3n (CEI)"},"content":{"rendered":"<p>[vc_section][vc_row][vc_column][\/vc_column][\/vc_row][vc_row][vc_column][vc_empty_space height=&#8221;20px&#8221;][\/vc_column][\/vc_row][vc_row content_placement=&#8221;bottom&#8221;][vc_column width=&#8221;1\/6&#8243;][vc_btn title=&#8221;INICIO&#8221; style=&#8221;3d&#8221; shape=&#8221;square&#8221; color=&#8221;white&#8221; align=&#8221;center&#8221; i_icon_fontawesome=&#8221;fa fa-arrow-down&#8221; add_icon=&#8221;true&#8221; el_class=&#8221;hvr-float-shadow&#8221; link=&#8221;url:https%3A%2F%2Fweb.eneo.unam.mx%2Findex.php%2Finvestigacion%2F|title:Inicio||&#8221;][\/vc_column][vc_column width=&#8221;1\/6&#8243;][vc_btn title=&#8221;ORGANIZACI\u00d3N&#8221; style=&#8221;3d&#8221; shape=&#8221;square&#8221; color=&#8221;white&#8221; align=&#8221;center&#8221; i_icon_fontawesome=&#8221;fa fa-arrow-down&#8221; add_icon=&#8221;true&#8221; el_class=&#8221;hvr-float-shadow&#8221; link=&#8221;url:https%3A%2F%2Fweb.eneo.unam.mx%2Findex.php%2Finvestigacion%2Forganizacion%2F|||&#8221;][\/vc_column][vc_column width=&#8221;1\/6&#8243;][vc_btn title=&#8221;COMIT\u00c9&#8221; style=&#8221;3d&#8221; shape=&#8221;square&#8221; color=&#8221;white&#8221; align=&#8221;center&#8221; i_icon_fontawesome=&#8221;fa fa-arrow-down&#8221; button_block=&#8221;true&#8221; add_icon=&#8221;true&#8221; link=&#8221;url:https%3A%2F%2Fweb.eneo.unam.mx%2Findex.php%2Finvestigacion%2Fcomite%2F|||&#8221; el_class=&#8221;hvr-float-shadow&#8221;][\/vc_column][vc_column width=&#8221;1\/6&#8243;][vc_btn title=&#8221;REDES DE INVESTIGACI\u00d3N&#8221; style=&#8221;3d&#8221; shape=&#8221;square&#8221; color=&#8221;white&#8221; align=&#8221;center&#8221; i_icon_fontawesome=&#8221;fa fa-arrow-down&#8221; add_icon=&#8221;true&#8221; el_class=&#8221;hvr-float-shadow&#8221; link=&#8221;url:https%3A%2F%2Fweb.eneo.unam.mx%2Findex.php%2Finvestigacion%2Fred-inv|||&#8221;][\/vc_column][vc_column width=&#8221;1\/6&#8243;][vc_btn title=&#8221;PROYECTOS&#8221; style=&#8221;3d&#8221; shape=&#8221;square&#8221; color=&#8221;white&#8221; align=&#8221;center&#8221; i_icon_fontawesome=&#8221;fa fa-arrow-down&#8221; add_icon=&#8221;true&#8221; el_class=&#8221;hvr-float-shadow&#8221; link=&#8221;url:https%3A%2F%2Fweb.eneo.unam.mx%2Findex.php%2Finvestigacion%2Fproyectos%2F|||&#8221;][\/vc_column][vc_column width=&#8221;1\/6&#8243;][vc_btn title=&#8221;PUBLICACIONES&#8221; style=&#8221;3d&#8221; shape=&#8221;square&#8221; color=&#8221;white&#8221; align=&#8221;center&#8221; i_icon_fontawesome=&#8221;fa fa-arrow-down&#8221; add_icon=&#8221;true&#8221; el_class=&#8221;hvr-float-shadow&#8221; link=&#8221;url:https%3A%2F%2Fweb.eneo.unam.mx%2Findex.php%2Finvestigacion%2Fpublicaciones|title:Productividad||&#8221;][\/vc_column][\/vc_row][\/vc_section][vc_row][vc_column][vc_empty_space height=&#8221;50px&#8221;][vc_custom_heading text=&#8221;Acuerdo No. 258\/01.07.2020 del H. Consejo T\u00e9cnico de la FENO&#8221; font_container=&#8221;tag:h2|text_align:center&#8221; google_fonts=&#8221;font_family:Roboto%3A100%2C100italic%2C300%2C300italic%2Cregular%2Citalic%2C500%2C500italic%2C700%2C700italic%2C900%2C900italic|font_style:400%20regular%3A400%3Anormal&#8221;][vc_column_text]<\/p>\n<h4 style=\"text-align: center;\">A partir del 1 de julio de 2020<\/h4>\n<p>[\/vc_column_text][vc_empty_space][\/vc_column][\/vc_row][vc_row][vc_column][vc_empty_space][vc_row_inner][vc_column_inner width=&#8221;1\/3&#8243;][\/vc_column_inner][vc_column_inner width=&#8221;1\/3&#8243;][vc_single_image image=&#8221;7823&#8243; alignment=&#8221;center&#8221; style=&#8221;vc_box_shadow_border_circle_2&#8243;][vc_column_text]<\/p>\n<p style=\"text-align: center;\"><strong>MTRA. ROSA AMARILIS Z\u00c1RATE GRAJALES<\/strong><\/p>\n<p style=\"text-align: center;\">FENO<br \/>\nPresidenta del Comit\u00e9<\/p>\n<p>[\/vc_column_text][vc_btn title=&#8221;S\u00edntesis curricular&#8221; style=&#8221;outline-custom&#8221; outline_custom_color=&#8221;#666666&#8243; outline_custom_hover_background=&#8221;#151999&#8243; outline_custom_hover_text=&#8221;#ffffff&#8221; align=&#8221;center&#8221; link=&#8221;url:https%3A%2F%2Fweb.eneo.unam.mx%2Fwp-content%2Fuploads%2F2021%2F12%2FCV-Rosa-Za%CC%81rate.pdf||target:%20_blank|&#8221;][\/vc_column_inner][vc_column_inner width=&#8221;1\/3&#8243;][\/vc_column_inner][\/vc_row_inner][vc_row_inner][vc_column_inner width=&#8221;1\/3&#8243;][vc_single_image image=&#8221;971&#8243; alignment=&#8221;center&#8221; style=&#8221;vc_box_shadow_border_circle_2&#8243;][vc_column_text]<\/p>\n<p style=\"text-align: center;\"><strong>MTRA. MAYRA ALARC\u00d3N CER\u00d3N<\/strong><\/p>\n<p style=\"text-align: center;\">FENO<br \/>\nCoordinadora de la Unidad de Investigaci\u00f3n<\/p>\n<p>[\/vc_column_text][\/vc_column_inner][vc_column_inner width=&#8221;1\/3&#8243;][vc_single_image image=&#8221;943&#8243; alignment=&#8221;center&#8221; style=&#8221;vc_box_shadow_border_circle_2&#8243;][vc_column_text]<\/p>\n<p style=\"text-align: center;\"><strong>DRA. ROSA MAR\u00cdA OSTIGU\u00cdN MEL\u00c9NDEZ<\/strong><\/p>\n<p style=\"text-align: center;\">FENO<br \/>\nVocal CEI<\/p>\n<p>[\/vc_column_text][vc_btn title=&#8221;S\u00edntesis curricular&#8221; style=&#8221;outline-custom&#8221; outline_custom_color=&#8221;#666666&#8243; outline_custom_hover_background=&#8221;#151999&#8243; outline_custom_hover_text=&#8221;#ffffff&#8221; align=&#8221;center&#8221; link=&#8221;url:https%3A%2F%2Fweb.eneo.unam.mx%2Fwp-content%2Fuploads%2F2021%2F12%2FCV-Rosa-Ma-Ostigui%CC%81n.pdf||target:%20_blank|&#8221;][\/vc_column_inner][vc_column_inner width=&#8221;1\/3&#8243;][vc_single_image image=&#8221;7706&#8243; alignment=&#8221;center&#8221; style=&#8221;vc_box_shadow_border_circle_2&#8243;][vc_column_text]<\/p>\n<p style=\"text-align: center;\"><strong>DRA. SANDRA MAGDALENA SOTOMAYOR S\u00c1NCHEZ<\/strong><\/p>\n<p style=\"text-align: center;\">FENO-LGAC 1<br \/>\nVocal CEI<\/p>\n<p style=\"text-align: center;\">(Representante LGAC1 Cuidado a la Vida y Salud de la persona)<\/p>\n<p>[\/vc_column_text][vc_btn title=&#8221;S\u00edntesis curricular&#8221; style=&#8221;outline-custom&#8221; outline_custom_color=&#8221;#666666&#8243; outline_custom_hover_background=&#8221;#151999&#8243; outline_custom_hover_text=&#8221;#ffffff&#8221; align=&#8221;center&#8221; link=&#8221;url:https%3A%2F%2Fweb.eneo.unam.mx%2Fwp-content%2Fuploads%2F2022%2F10%2Fssotomayor.pdf||target:%20_blank|&#8221;][\/vc_column_inner][\/vc_row_inner][\/vc_column][\/vc_row][vc_row][vc_column][vc_empty_space height=&#8221;50px&#8221;][\/vc_column][\/vc_row][vc_row][vc_column][vc_row_inner][vc_column_inner width=&#8221;1\/3&#8243;][vc_single_image image=&#8221;7707&#8243; alignment=&#8221;center&#8221; style=&#8221;vc_box_shadow_border_circle_2&#8243;][vc_column_text]<\/p>\n<p style=\"text-align: center;\"><strong>DR. GUSTAVO NIGENDA<\/strong><\/p>\n<p style=\"text-align: center;\"><span style=\"color: var(--font-color); font-family: var(--primary-font); float: none; display: inline !important;\">VOCAL CEI<br \/>\n(Representante LGAC 2 Gesti\u00f3n de Cuidado y Sistemas de Salud)\u00a0<\/span><\/p>\n<p>[\/vc_column_text][vc_btn title=&#8221;S\u00edntesis curricular&#8221; style=&#8221;outline-custom&#8221; outline_custom_color=&#8221;#666666&#8243; outline_custom_hover_background=&#8221;#151999&#8243; outline_custom_hover_text=&#8221;#ffffff&#8221; align=&#8221;center&#8221; link=&#8221;url:https%3A%2F%2Fweb.eneo.unam.mx%2Fwp-content%2Fuploads%2F2022%2F10%2FNigenda.pdf||target:%20_blank|&#8221;][\/vc_column_inner][vc_column_inner width=&#8221;1\/3&#8243;][vc_single_image image=&#8221;5596&#8243; alignment=&#8221;center&#8221; style=&#8221;vc_box_shadow_border_circle_2&#8243;][vc_column_text]<\/p>\n<p style=\"text-align: center;\"><strong>DRA. IRMA PI\u00d1A JIM\u00c9NEZ<\/strong><\/p>\n<p style=\"text-align: center;\"><span style=\"color: var(--font-color); font-family: var(--primary-font); float: none; display: inline !important;\">FENO-LGAC 3<br \/>\nVocal CEI (Representante LGAC 3 Educaci\u00f3n en Enfermer\u00eda)<\/span><\/p>\n<p>[\/vc_column_text][vc_btn title=&#8221;S\u00edntesis curricular&#8221; style=&#8221;outline-custom&#8221; outline_custom_color=&#8221;#666666&#8243; outline_custom_hover_background=&#8221;#151999&#8243; outline_custom_hover_text=&#8221;#ffffff&#8221; align=&#8221;center&#8221; link=&#8221;url:https%3A%2F%2Fweb.eneo.unam.mx%2Fwp-content%2Fuploads%2F2021%2F12%2FCV-Irma-Pin%CC%83a.pdf||target:%20_blank|&#8221;][\/vc_column_inner][vc_column_inner width=&#8221;1\/3&#8243;][vc_single_image image=&#8221;5597&#8243; alignment=&#8221;center&#8221; style=&#8221;vc_box_shadow_border_circle_2&#8243;][vc_column_text]<\/p>\n<p style=\"text-align: center;\"><strong>DRA. SANDRA HERN\u00c1NDEZ CORRAL<\/strong><\/p>\n<p style=\"text-align: center;\">Red de Unidades de INV<br \/>\nVocal CEI<\/p>\n<p style=\"text-align: center;\">(Representante Red de Unidades de Investigaci\u00f3n)<\/p>\n<p>[\/vc_column_text][vc_btn title=&#8221;S\u00edntesis curricular&#8221; style=&#8221;outline-custom&#8221; outline_custom_color=&#8221;#666666&#8243; outline_custom_hover_background=&#8221;#151999&#8243; outline_custom_hover_text=&#8221;#ffffff&#8221; align=&#8221;center&#8221; link=&#8221;url:https%3A%2F%2Fweb.eneo.unam.mx%2Fwp-content%2Fuploads%2F2021%2F12%2FCV-Sandra-Herna%CC%81ndez.pdf||target:%20_blank|&#8221;][\/vc_column_inner][\/vc_row_inner][vc_empty_space height=&#8221;50px&#8221;][\/vc_column][\/vc_row][vc_row][vc_column][vc_row_inner][vc_column_inner width=&#8221;1\/3&#8243;][vc_single_image image=&#8221;5594&#8243; alignment=&#8221;center&#8221; style=&#8221;vc_box_shadow_border_circle_2&#8243;][vc_column_text]<\/p>\n<p style=\"text-align: center;\"><strong>DRA. MARTHA ASUNCI\u00d3N S\u00c1NCHEZ RODR\u00cdGUEZ<\/strong><\/p>\n<p style=\"text-align: center;\">FES Zaragoza<br \/>\nVocal CEI<\/p>\n<p style=\"text-align: center;\">Vocal (Representante FES Zaragoza)<\/p>\n<p>[\/vc_column_text][vc_btn title=&#8221;S\u00edntesis curricular&#8221; style=&#8221;outline-custom&#8221; outline_custom_color=&#8221;#666666&#8243; outline_custom_hover_background=&#8221;#151999&#8243; outline_custom_hover_text=&#8221;#ffffff&#8221; align=&#8221;center&#8221; link=&#8221;url:https%3A%2F%2Fweb.eneo.unam.mx%2Fwp-content%2Fuploads%2F2021%2F12%2FCV-Martha-Sa%CC%81nchez.pdf||target:%20_blank|&#8221;][\/vc_column_inner][vc_column_inner width=&#8221;1\/3&#8243;][vc_single_image image=&#8221;7708&#8243; alignment=&#8221;center&#8221; style=&#8221;vc_box_shadow_border_circle_2&#8243;][vc_column_text]<\/p>\n<p style=\"text-align: center;\"><strong>MTRA. MAR\u00cdA ELVIA VILLAGORDOA RAM\u00cdREZ<\/strong><\/p>\n<p style=\"text-align: center;\"><span style=\"color: var(--font-color); font-family: var(--primary-font); float: none; display: inline !important;\">Vocal CEI (Representante Red de Unidades de Investigaci\u00f3n))<\/span><\/p>\n<p>[\/vc_column_text][vc_btn title=&#8221;S\u00edntesis curricular&#8221; style=&#8221;outline-custom&#8221; outline_custom_color=&#8221;#666666&#8243; outline_custom_hover_background=&#8221;#151999&#8243; outline_custom_hover_text=&#8221;#ffffff&#8221; align=&#8221;center&#8221; link=&#8221;url:https%3A%2F%2Fweb.eneo.unam.mx%2Fwp-content%2Fuploads%2F2022%2F10%2FVILLAGORDOA-.pdf||target:%20_blank|&#8221;][\/vc_column_inner][vc_column_inner width=&#8221;1\/3&#8243;][vc_single_image image=&#8221;5591&#8243; alignment=&#8221;center&#8221; style=&#8221;vc_box_shadow_border_circle_2&#8243;][vc_column_text]<\/p>\n<p style=\"text-align: center;\"><strong>DR. GERM\u00c1N NOVOA HECKEL<\/strong><\/p>\n<p style=\"text-align: center;\">PUB<br \/>\nVocal CEI<\/p>\n<p style=\"text-align: center;\">(Representante Programa Universitario de Bio\u00e9tica)<\/p>\n<p>[\/vc_column_text][vc_btn title=&#8221;S\u00edntesis curricular&#8221; style=&#8221;outline-custom&#8221; outline_custom_color=&#8221;#666666&#8243; outline_custom_hover_background=&#8221;#151999&#8243; outline_custom_hover_text=&#8221;#ffffff&#8221; align=&#8221;center&#8221; link=&#8221;url:https%3A%2F%2Fweb.eneo.unam.mx%2Fwp-content%2Fuploads%2F2021%2F12%2FCV-Germa%CC%81n-Novoa.pdf||target:%20_blank|&#8221;][\/vc_column_inner][\/vc_row_inner][vc_empty_space height=&#8221;50px&#8221;][\/vc_column][\/vc_row][vc_row][vc_column][vc_row_inner][vc_column_inner width=&#8221;1\/3&#8243;][vc_single_image image=&#8221;5590&#8243; alignment=&#8221;center&#8221; style=&#8221;vc_box_shadow_border_circle_2&#8243;][vc_column_text]<\/p>\n<p style=\"text-align: center;\"><strong>DR. ARIEL VILCHIS REYES<\/strong><\/p>\n<p style=\"text-align: center;\">Facultad de Medicina<br \/>\nVocal CEI<\/p>\n<p style=\"text-align: center;\">(\u00c1rea de Antropolog\u00eda)<\/p>\n<p>[\/vc_column_text][vc_btn title=&#8221;S\u00edntesis curricular&#8221; style=&#8221;outline-custom&#8221; outline_custom_color=&#8221;#666666&#8243; outline_custom_hover_background=&#8221;#151999&#8243; outline_custom_hover_text=&#8221;#ffffff&#8221; align=&#8221;center&#8221; link=&#8221;url:https%3A%2F%2Fweb.eneo.unam.mx%2Fwp-content%2Fuploads%2F2021%2F12%2FCV-Ariel-Vilchis.pdf||target:%20_blank|&#8221;][\/vc_column_inner][vc_column_inner width=&#8221;1\/3&#8243;][vc_single_image image=&#8221;5592&#8243; alignment=&#8221;center&#8221; style=&#8221;vc_box_shadow_border_circle_2&#8243;][vc_column_text]<\/p>\n<p style=\"text-align: center;\"><strong>DRA. MA. VICTORIA L. FERN\u00c1NDEZ GARC\u00cdA<\/strong><\/p>\n<p style=\"text-align: center;\">FENO<br \/>\nVocal CEI<\/p>\n<p style=\"text-align: center;\">(\u00c1rea de Antropolog\u00eda)<\/p>\n<p>[\/vc_column_text][vc_btn title=&#8221;S\u00edntesis curricular&#8221; style=&#8221;outline-custom&#8221; outline_custom_color=&#8221;#666666&#8243; outline_custom_hover_background=&#8221;#151999&#8243; outline_custom_hover_text=&#8221;#ffffff&#8221; align=&#8221;center&#8221; link=&#8221;url:https%3A%2F%2Fweb.eneo.unam.mx%2Fwp-content%2Fuploads%2F2021%2F12%2FCV-Victoria-Ferna%CC%81ndez.pdf||target:%20_blank|&#8221;][\/vc_column_inner][vc_column_inner width=&#8221;1\/3&#8243;][vc_single_image image=&#8221;5599&#8243; alignment=&#8221;center&#8221; style=&#8221;vc_box_shadow_border_circle_2&#8243;][vc_column_text]<\/p>\n<p style=\"text-align: center;\"><strong>DRA. VIRGINIA REYES AUDIFFRED<\/strong><\/p>\n<p style=\"text-align: center;\">FENO-LGAC 1<br \/>\nVocal CEI<\/p>\n<p style=\"text-align: center;\">(Representante LGAC 1 Cuidado a la Vida y Salud de la persona)<\/p>\n<p>[\/vc_column_text][vc_btn title=&#8221;S\u00edntesis curricular&#8221; style=&#8221;outline-custom&#8221; outline_custom_color=&#8221;#666666&#8243; outline_custom_hover_background=&#8221;#151999&#8243; outline_custom_hover_text=&#8221;#ffffff&#8221; align=&#8221;center&#8221; link=&#8221;url:https%3A%2F%2Fweb.eneo.unam.mx%2Fwp-content%2Fuploads%2F2021%2F12%2FCV-Virginia-Reyes.pdf||target:%20_blank|&#8221;][\/vc_column_inner][\/vc_row_inner][vc_empty_space height=&#8221;50px&#8221;][\/vc_column][\/vc_row][vc_row][vc_column][vc_row_inner][vc_column_inner width=&#8221;1\/3&#8243;][vc_single_image image=&#8221;5595&#8243; alignment=&#8221;center&#8221; style=&#8221;vc_box_shadow_border_circle_2&#8243;][vc_column_text]<\/p>\n<p style=\"text-align: center;\"><strong>DRA. SOF\u00cdA ELENA P\u00c9REZ ZUMANO<\/strong><\/p>\n<p style=\"text-align: center;\">FENO-LGAC 1<br \/>\nVocal CEI<\/p>\n<p style=\"text-align: center;\">(Representante LGAC1 Cuidado a la Vida y Salud de la persona)<\/p>\n<p>[\/vc_column_text][vc_btn title=&#8221;S\u00edntesis curricular&#8221; style=&#8221;outline-custom&#8221; outline_custom_color=&#8221;#666666&#8243; outline_custom_hover_background=&#8221;#151999&#8243; outline_custom_hover_text=&#8221;#ffffff&#8221; align=&#8221;center&#8221; link=&#8221;url:https%3A%2F%2Fweb.eneo.unam.mx%2Fwp-content%2Fuploads%2F2021%2F12%2FCV-Sofi%CC%81a-Pe%CC%81rez.pdf||target:%20_blank|&#8221;][\/vc_column_inner][vc_column_inner width=&#8221;1\/3&#8243;][vc_single_image image=&#8221;7709&#8243; alignment=&#8221;center&#8221; style=&#8221;vc_box_shadow_border_circle_2&#8243;][vc_column_text]<\/p>\n<p style=\"text-align: center;\"><strong>DR. LUIS IGNACIO TERRAZAS VALD\u00c9SZ<\/strong><\/p>\n<p style=\"text-align: center;\">FES Iztacala<br \/>\nVocal CEI<\/p>\n<p style=\"text-align: center;\">(Representante FES Iztacala)<\/p>\n<p>[\/vc_column_text][vc_btn title=&#8221;S\u00edntesis curricular&#8221; style=&#8221;outline-custom&#8221; outline_custom_color=&#8221;#666666&#8243; outline_custom_hover_background=&#8221;#151999&#8243; outline_custom_hover_text=&#8221;#ffffff&#8221; align=&#8221;center&#8221; link=&#8221;url:https%3A%2F%2Fweb.eneo.unam.mx%2Fwp-content%2Fuploads%2F2022%2F10%2Flignacio.pdf||target:%20_blank|&#8221;][\/vc_column_inner][vc_column_inner width=&#8221;1\/3&#8243;][\/vc_column_inner][\/vc_row_inner][vc_empty_space height=&#8221;50px&#8221;][\/vc_column][\/vc_row][vc_row][vc_column][vc_row_inner][vc_column_inner][vc_empty_space height=&#8221;100px&#8221;][\/vc_column_inner][\/vc_row_inner][\/vc_column][\/vc_row][vc_row][vc_column width=&#8221;1\/3&#8243;][vc_single_image image=&#8221;2252&#8243; img_size=&#8221;medium&#8221; style=&#8221;vc_box_shadow_3d&#8221; onclick=&#8221;custom_link&#8221; img_link_target=&#8221;_blank&#8221; link=&#8221;https:\/\/web.eneo.unam.mx\/wp-content\/uploads\/2021\/09\/29-07-20-LINEAMIENTOS-PARA-LA-INTEGRACION-CEI.pdf&#8221; el_class=&#8221;hvr-grow-shadow&#8221;][vc_column_text]<strong>Lineamientos para la organizaci\u00f3n y funcionamiento del comit\u00e9 de \u00e9tica en investigaci\u00f3n <\/strong>[\/vc_column_text][\/vc_column][vc_column width=&#8221;1\/3&#8243;][vc_single_image image=&#8221;5543&#8243; img_size=&#8221;medium&#8221; style=&#8221;vc_box_shadow_3d&#8221; onclick=&#8221;custom_link&#8221; img_link_target=&#8221;_blank&#8221; link=&#8221;https:\/\/web.eneo.unam.mx\/wp-content\/uploads\/2021\/11\/Documento-3-PRINCIPIOS-ETICOS-INVESTIGACION-ENEO.pdf&#8221; el_class=&#8221;hvr-grow-shadow&#8221;][vc_column_text]<strong>Principios \u00e9ticos para la investigaci\u00f3n en la ENEO <\/strong>[\/vc_column_text][\/vc_column][vc_column width=&#8221;1\/3&#8243;][vc_single_image image=&#8221;2250&#8243; img_size=&#8221;medium&#8221; style=&#8221;vc_box_shadow_3d&#8221; onclick=&#8221;custom_link&#8221; img_link_target=&#8221;_blank&#8221; link=&#8221;https:\/\/web.eneo.unam.mx\/wp-content\/uploads\/2021\/09\/29-07-20-GUIA-PARA-EL-INVESTIGADOR.pdf&#8221; el_class=&#8221;hvr-grow-shadow&#8221;][vc_column_text]<strong>Gu\u00eda para el investigador <\/strong>[\/vc_column_text][\/vc_column][\/vc_row][vc_row][vc_column][vc_empty_space][\/vc_column][\/vc_row][vc_row][vc_column][vc_single_image image=&#8221;2211&#8243; img_size=&#8221;1280X300&#8243; alignment=&#8221;center&#8221;][\/vc_column][\/vc_row]<\/p>\n","protected":false},"excerpt":{"rendered":"<p>[vc_section][vc_row][vc_column][\/vc_column][\/vc_row][vc_row][vc_column][vc_empty_space height=&#8221;20px&#8221;][\/vc_column][\/vc_row][vc_row content_placement=&#8221;bottom&#8221;][vc_column width=&#8221;1\/6&#8243;][vc_btn title=&#8221;INICIO&#8221; style=&#8221;3d&#8221; shape=&#8221;square&#8221; color=&#8221;white&#8221; align=&#8221;center&#8221; i_icon_fontawesome=&#8221;fa fa-arrow-down&#8221; add_icon=&#8221;true&#8221; el_class=&#8221;hvr-float-shadow&#8221; link=&#8221;url:https%3A%2F%2Fweb.eneo.unam.mx%2Findex.php%2Finvestigacion%2F|title:Inicio||&#8221;][\/vc_column][vc_column width=&#8221;1\/6&#8243;][vc_btn title=&#8221;ORGANIZACI\u00d3N&#8221; style=&#8221;3d&#8221; shape=&#8221;square&#8221; color=&#8221;white&#8221; align=&#8221;center&#8221; i_icon_fontawesome=&#8221;fa fa-arrow-down&#8221; add_icon=&#8221;true&#8221; el_class=&#8221;hvr-float-shadow&#8221; link=&#8221;url:https%3A%2F%2Fweb.eneo.unam.mx%2Findex.php%2Finvestigacion%2Forganizacion%2F|||&#8221;][\/vc_column][vc_column &hellip; <\/p>\n","protected":false},"author":1,"featured_media":0,"parent":2210,"menu_order":0,"comment_status":"closed","ping_status":"closed","template":"","meta":{"footnotes":""},"class_list":["post-2275","page","type-page","status-publish","hentry","latest_post"],"aioseo_notices":[],"publishpress_future_action":{"enabled":false,"date":"2026-05-18 09:41:50","action":"change-status","newStatus":"draft","terms":[],"taxonomy":"","extraData":[]},"publishpress_future_workflow_manual_trigger":{"enabledWorkflows":[]},"_links":{"self":[{"href":"https:\/\/www.feno.unam.mx\/index.php\/wp-json\/wp\/v2\/pages\/2275","targetHints":{"allow":["GET"]}}],"collection":[{"href":"https:\/\/www.feno.unam.mx\/index.php\/wp-json\/wp\/v2\/pages"}],"about":[{"href":"https:\/\/www.feno.unam.mx\/index.php\/wp-json\/wp\/v2\/types\/page"}],"author":[{"embeddable":true,"href":"https:\/\/www.feno.unam.mx\/index.php\/wp-json\/wp\/v2\/users\/1"}],"replies":[{"embeddable":true,"href":"https:\/\/www.feno.unam.mx\/index.php\/wp-json\/wp\/v2\/comments?post=2275"}],"version-history":[{"count":26,"href":"https:\/\/www.feno.unam.mx\/index.php\/wp-json\/wp\/v2\/pages\/2275\/revisions"}],"predecessor-version":[{"id":12474,"href":"https:\/\/www.feno.unam.mx\/index.php\/wp-json\/wp\/v2\/pages\/2275\/revisions\/12474"}],"up":[{"embeddable":true,"href":"https:\/\/www.feno.unam.mx\/index.php\/wp-json\/wp\/v2\/pages\/2210"}],"wp:attachment":[{"href":"https:\/\/www.feno.unam.mx\/index.php\/wp-json\/wp\/v2\/media?parent=2275"}],"curies":[{"name":"wp","href":"https:\/\/api.w.org\/{rel}","templated":true}]}}