{"id":2210,"date":"2021-09-13T19:14:39","date_gmt":"2021-09-13T19:14:39","guid":{"rendered":"https:\/\/web.eneo.unam.mx\/?page_id=2210"},"modified":"2023-04-21T17:40:53","modified_gmt":"2023-04-21T17:40:53","slug":"investigacion","status":"publish","type":"page","link":"https:\/\/www.feno.unam.mx\/index.php\/investigacion\/","title":{"rendered":"Investigaci\u00f3n"},"content":{"rendered":"<p>[vc_section][vc_row][vc_column][\/vc_column][\/vc_row][vc_row][vc_column][vc_empty_space height=&#8221;20px&#8221;][\/vc_column][\/vc_row][vc_row content_placement=&#8221;bottom&#8221;][vc_column width=&#8221;1\/6&#8243;][vc_btn title=&#8221;INICIO&#8221; style=&#8221;3d&#8221; shape=&#8221;square&#8221; color=&#8221;white&#8221; align=&#8221;center&#8221; i_icon_fontawesome=&#8221;fa fa-arrow-down&#8221; add_icon=&#8221;true&#8221; el_class=&#8221;hvr-float-shadow&#8221; link=&#8221;url:https%3A%2F%2Fweb.eneo.unam.mx%2Findex.php%2Finvestigacion%2F|title:Inicio||&#8221;][\/vc_column][vc_column width=&#8221;1\/6&#8243;][vc_btn title=&#8221;ORGANIZACI\u00d3N&#8221; style=&#8221;3d&#8221; shape=&#8221;square&#8221; color=&#8221;white&#8221; align=&#8221;center&#8221; i_icon_fontawesome=&#8221;fa fa-arrow-down&#8221; add_icon=&#8221;true&#8221; el_class=&#8221;hvr-float-shadow&#8221; link=&#8221;url:https%3A%2F%2Fweb.eneo.unam.mx%2Findex.php%2Finvestigacion%2Forganizacion%2F|||&#8221;][\/vc_column][vc_column width=&#8221;1\/6&#8243;][vc_btn title=&#8221;COMIT\u00c9&#8221; style=&#8221;3d&#8221; shape=&#8221;square&#8221; color=&#8221;white&#8221; align=&#8221;center&#8221; i_icon_fontawesome=&#8221;fa fa-arrow-down&#8221; button_block=&#8221;true&#8221; add_icon=&#8221;true&#8221; link=&#8221;url:https%3A%2F%2Fweb.eneo.unam.mx%2Findex.php%2Finvestigacion%2Fcomite%2F|||&#8221; el_class=&#8221;hvr-float-shadow&#8221;][\/vc_column][vc_column width=&#8221;1\/6&#8243;][vc_btn title=&#8221;RED DE INVESTIGACI\u00d3N&#8221; style=&#8221;3d&#8221; shape=&#8221;square&#8221; color=&#8221;white&#8221; align=&#8221;center&#8221; i_icon_fontawesome=&#8221;fa fa-arrow-down&#8221; add_icon=&#8221;true&#8221; el_class=&#8221;hvr-float-shadow&#8221; link=&#8221;url:https%3A%2F%2Fweb.eneo.unam.mx%2Findex.php%2Finvestigacion%2Fred-inv|||&#8221;][\/vc_column][vc_column width=&#8221;1\/6&#8243;][vc_btn title=&#8221;PROYECTOS&#8221; style=&#8221;3d&#8221; shape=&#8221;square&#8221; color=&#8221;white&#8221; align=&#8221;center&#8221; i_icon_fontawesome=&#8221;fa fa-arrow-down&#8221; add_icon=&#8221;true&#8221; el_class=&#8221;hvr-float-shadow&#8221; link=&#8221;url:https%3A%2F%2Fweb.eneo.unam.mx%2Findex.php%2Finvestigacion%2Fproyectos%2F|||&#8221;][\/vc_column][vc_column width=&#8221;1\/6&#8243;][vc_btn title=&#8221;PUBLICACIONES&#8221; style=&#8221;3d&#8221; shape=&#8221;square&#8221; color=&#8221;white&#8221; align=&#8221;center&#8221; i_icon_fontawesome=&#8221;fa fa-arrow-down&#8221; add_icon=&#8221;true&#8221; el_class=&#8221;hvr-float-shadow&#8221; link=&#8221;url:https%3A%2F%2Fweb.eneo.unam.mx%2Findex.php%2Finvestigacion%2Fpublicaciones|||&#8221;][\/vc_column][\/vc_row][\/vc_section][vc_row][vc_column][vc_empty_space height=&#8221;50px&#8221;][\/vc_column][\/vc_row][vc_row][vc_column css=&#8221;.vc_custom_1631583060562{background-color: #ededed !important;}&#8221;][vc_custom_heading text=&#8221;Antecedentes&#8221; font_container=&#8221;tag:h2|text_align:center&#8221; google_fonts=&#8221;font_family:Roboto%3A100%2C100italic%2C300%2C300italic%2Cregular%2Citalic%2C500%2C500italic%2C700%2C700italic%2C900%2C900italic|font_style:400%20regular%3A400%3Anormal&#8221;][\/vc_column][\/vc_row][vc_row][vc_column][vc_empty_space height=&#8221;50px&#8221;][vc_column_text]La\u00a0 ENEO, ahora Facultad de Enfermer\u00eda y Obstetricia se constituye en 1945, como una instituci\u00f3n universitaria para la formaci\u00f3n de recursos humanos en Enfermer\u00eda. En la primera etapa se imparte la formaci\u00f3n de profesionistas en nivel t\u00e9cnico, y a partir de 1968, el nivel de Licenciatura en Enfermer\u00eda y Obstetricia; a finales de la d\u00e9cada de los 90 inician los estudios de posgrado tanto en Especializaci\u00f3n como de Maestr\u00eda en Enfermer\u00eda.<\/p>\n<p>En 1996 se cre\u00f3 por primera vez el Comit\u00e9 de Investigaci\u00f3n, mismo que elabor\u00f3 y difundi\u00f3 lineamientos para el registro y seguimiento de los proyectos realizados por los profesores.<\/p>\n<p>A partir de 1997, la entonces ENEO es reconocida como Centro Colaborador de la OMS\/OPS para el Desarrollo de la Enfermer\u00eda Profesional y promueve el trabajo de investigaci\u00f3n en grupos y la participaci\u00f3n en proyectos multic\u00e9ntricos con investigadores internacionales<\/p>\n<p>El Consejo Universitario, en su sesi\u00f3n extraordinaria del 20 de junio de 2003, emiti\u00f3 el acuerdo por el cual las Facultades y Escuelas de la Universidad desarrollar\u00e1n y fomentar\u00e1n labores de investigaci\u00f3n como parte de la funci\u00f3n de generaci\u00f3n y transmisi\u00f3n del conocimiento que toda dependencia universitaria debe asumir, en consecuencia se modifica el art\u00edculo 8\u00b0 del Estatuto General de la Universidad, situaci\u00f3n que le otorga mayor solidez al Programa Estrat\u00e9gico de Consolidaci\u00f3n de la Investigaci\u00f3n en la FENO , as\u00ed como a la organizaci\u00f3n y funcionamiento del Comit\u00e9 de Investigaci\u00f3n y a las funciones y atribuciones conferidas a la Divisi\u00f3n de Estudios de Posgrado e Investigaci\u00f3n durante ese periodo de gesti\u00f3n acad\u00e9mico administrativa.<\/p>\n<p>As\u00ed tambi\u00e9n durante el segundo per\u00edodo de gesti\u00f3n 2007-2012 se realizan esfuerzos en materia de organizaci\u00f3n de la investigaci\u00f3n entre los que destacan: La integraci\u00f3n de Grupos, l\u00edneas y proyectos de investigaci\u00f3n, de los cuales se identifica como de mayor avance a los grupos de: Educaci\u00f3n en Enfermer\u00eda, Gesti\u00f3n del Cuidado y Cronicidad y Bienestar; tambi\u00e9n se integran grupos en desarrollo como los de: Filosof\u00eda e Historia del cuidado; Estudios de G\u00e9nero y Salud de las mujeres; y, Ciencias sociales, Salud y Enfermer\u00eda.<\/p>\n<p>Tambi\u00e9n se fortalecieron acciones para el trabajo con los Institutos Nacionales de Salud en materia de investigaci\u00f3n y se constituye la Red de Unidades de Investigaci\u00f3n FENO &#8211; Institutos e Instituciones de Salud en donde la FENO coordina actividades para su fortalecimiento.<\/p>\n<p>Todas estas iniciativas y acciones realizadas en los \u00faltimos a\u00f1os han coadyuvado en el crecimiento y desarrollo de la Investigaci\u00f3n en la FENO , quien adem\u00e1s de la funci\u00f3n docente ha orientado y asignado recursos en la funci\u00f3n de investigaci\u00f3n, destacando la participaci\u00f3n de los acad\u00e9micos de la FENO en los Megaproyectos Universitarios con la Facultad de Medicina y Psicolog\u00eda de la UNAM y en proyectos PAPIIT, PAPIME y CONACYT.<\/p>\n<p><span style=\"color: var(--font-color); font-family: var(--primary-font);\">.<\/span>[\/vc_column_text][vc_empty_space height=&#8221;50 px&#8221;][vc_empty_space height=&#8221;10px&#8221;][\/vc_column][\/vc_row]<\/p>\n","protected":false},"excerpt":{"rendered":"<p>[vc_section][vc_row][vc_column][\/vc_column][\/vc_row][vc_row][vc_column][vc_empty_space height=&#8221;20px&#8221;][\/vc_column][\/vc_row][vc_row content_placement=&#8221;bottom&#8221;][vc_column width=&#8221;1\/6&#8243;][vc_btn title=&#8221;INICIO&#8221; style=&#8221;3d&#8221; shape=&#8221;square&#8221; color=&#8221;white&#8221; align=&#8221;center&#8221; i_icon_fontawesome=&#8221;fa fa-arrow-down&#8221; add_icon=&#8221;true&#8221; el_class=&#8221;hvr-float-shadow&#8221; link=&#8221;url:https%3A%2F%2Fweb.eneo.unam.mx%2Findex.php%2Finvestigacion%2F|title:Inicio||&#8221;][\/vc_column][vc_column width=&#8221;1\/6&#8243;][vc_btn title=&#8221;ORGANIZACI\u00d3N&#8221; style=&#8221;3d&#8221; shape=&#8221;square&#8221; color=&#8221;white&#8221; align=&#8221;center&#8221; i_icon_fontawesome=&#8221;fa fa-arrow-down&#8221; add_icon=&#8221;true&#8221; el_class=&#8221;hvr-float-shadow&#8221; link=&#8221;url:https%3A%2F%2Fweb.eneo.unam.mx%2Findex.php%2Finvestigacion%2Forganizacion%2F|||&#8221;][\/vc_column][vc_column &hellip; <\/p>\n","protected":false},"author":1,"featured_media":0,"parent":0,"menu_order":0,"comment_status":"closed","ping_status":"closed","template":"","meta":{"footnotes":""},"class_list":["post-2210","page","type-page","status-publish","hentry","latest_post"],"aioseo_notices":[],"publishpress_future_action":{"enabled":false,"date":"2026-05-23 06:35:28","action":"change-status","newStatus":"draft","terms":[],"taxonomy":"","extraData":[]},"publishpress_future_workflow_manual_trigger":{"enabledWorkflows":[]},"_links":{"self":[{"href":"https:\/\/www.feno.unam.mx\/index.php\/wp-json\/wp\/v2\/pages\/2210","targetHints":{"allow":["GET"]}}],"collection":[{"href":"https:\/\/www.feno.unam.mx\/index.php\/wp-json\/wp\/v2\/pages"}],"about":[{"href":"https:\/\/www.feno.unam.mx\/index.php\/wp-json\/wp\/v2\/types\/page"}],"author":[{"embeddable":true,"href":"https:\/\/www.feno.unam.mx\/index.php\/wp-json\/wp\/v2\/users\/1"}],"replies":[{"embeddable":true,"href":"https:\/\/www.feno.unam.mx\/index.php\/wp-json\/wp\/v2\/comments?post=2210"}],"version-history":[{"count":36,"href":"https:\/\/www.feno.unam.mx\/index.php\/wp-json\/wp\/v2\/pages\/2210\/revisions"}],"predecessor-version":[{"id":9253,"href":"https:\/\/www.feno.unam.mx\/index.php\/wp-json\/wp\/v2\/pages\/2210\/revisions\/9253"}],"wp:attachment":[{"href":"https:\/\/www.feno.unam.mx\/index.php\/wp-json\/wp\/v2\/media?parent=2210"}],"curies":[{"name":"wp","href":"https:\/\/api.w.org\/{rel}","templated":true}]}}