{"id":2078,"date":"2021-09-10T21:23:50","date_gmt":"2021-09-10T21:23:50","guid":{"rendered":"https:\/\/web.eneo.unam.mx\/?page_id=2078"},"modified":"2023-04-12T19:30:28","modified_gmt":"2023-04-12T19:30:28","slug":"cetic","status":"publish","type":"page","link":"https:\/\/www.feno.unam.mx\/index.php\/cetic\/","title":{"rendered":"CETIC"},"content":{"rendered":"<p>[vc_section][vc_row][vc_column][vc_images_carousel images=&#8221;4608,4605,4607&#8243; img_size=&#8221;full&#8221; onclick=&#8221;link_no&#8221; mode=&#8221;vertical&#8221; speed=&#8221;3000&#8243; autoplay=&#8221;yes&#8221; wrap=&#8221;yes&#8221; css_animation=&#8221;fadeIn&#8221;][\/vc_column][\/vc_row][\/vc_section][vc_section][vc_row][vc_column][vc_custom_heading text=&#8221;Centro de Ense\u00f1anza de Tecnolog\u00edas de Informaci\u00f3n&#8221; font_container=&#8221;tag:h3|text_align:center&#8221; google_fonts=&#8221;font_family:Roboto%3A100%2C100italic%2C300%2C300italic%2Cregular%2Citalic%2C500%2C500italic%2C700%2C700italic%2C900%2C900italic|font_style:400%20regular%3A400%3Anormal&#8221;][vc_empty_space][\/vc_column][\/vc_row][vc_row][vc_column][vc_column_text]<\/p>\n<p style=\"text-align: justify; font-size: 20px; font-family: Roboto;\"><strong>Servicio que se ofrece<\/strong><\/p>\n<p style=\"text-align: justify; font-size: 18px; font-family: Roboto;\">Es un espacio vers\u00e1til y de vanguardia para incrementar los conocimientos y habilidades de los estudiantes y profesores de la FENO, tanto para el uso eficiente y seguro de las tecnolog\u00edas de informaci\u00f3n y comunicaci\u00f3n, como para el desarrollo de habilidades digitales. Tenemos cincuenta computadoras de \u00faltima generaci\u00f3n que permiten la realizaci\u00f3n de diversas actividades de apoyo a la docencia, as\u00ed como al desarrollo de investigaci\u00f3n. Este espacio tiene mobiliario especial para poder ofrecer de manera simult\u00e1nea cursos y talleres relacionados con las tecnolog\u00edas de informaci\u00f3n y comunicaci\u00f3n; cuando no hay actividades acad\u00e9micas programadas la comunidad de la Escuela puede acceder libremente a hacer uso de los equipos.<\/p>\n<p>[\/vc_column_text][vc_empty_space][vc_video link=&#8221;https:\/\/youtu.be\/vfSVfDn9ugw&#8221; align=&#8221;center&#8221;][vc_empty_space][\/vc_column][\/vc_row][vc_row][vc_column][vc_column_text]<\/p>\n<ul>\n<li style=\"list-style-type: none;\">\n<ul>\n<li>Horario: 8:00 a 20:00 h<\/li>\n<li>Ubicaci\u00f3n: Edificio A, 2\u00ba piso<\/li>\n<li>Correo: <a href=\"mailto:coord-tic@eneo.unam.mx\">coord-tic@eneo.unam.mx<\/a><\/li>\n<li>\u00c1rea de adscripci\u00f3n: Coordinaci\u00f3n de Tecnolog\u00edas Aplicadas a la Educaci\u00f3n<br \/>\n<strong>Ing. Rub\u00e9n Roa Ponce, Responsable<\/strong>[\/vc_column_text][\/vc_column][\/vc_row][\/vc_section][vc_row][vc_column][vc_empty_space height=&#8221;100px&#8221;][vc_single_image image=&#8221;5213&#8243; img_size=&#8221;1300&#215;300&#8243; alignment=&#8221;center&#8221;][\/vc_column][\/vc_row][vc_row][vc_column][vc_column_text]<\/p>\n<p>[\/vc_column_text][\/vc_column][\/vc_row][vc_row][vc_column][vc_column_text]<\/li>\n<\/ul>\n<\/li>\n<\/ul>\n<p>[\/vc_column_text][\/vc_column][\/vc_row]<\/p>\n","protected":false},"excerpt":{"rendered":"<p>[vc_section][vc_row][vc_column][vc_images_carousel images=&#8221;4608,4605,4607&#8243; img_size=&#8221;full&#8221; onclick=&#8221;link_no&#8221; mode=&#8221;vertical&#8221; speed=&#8221;3000&#8243; autoplay=&#8221;yes&#8221; wrap=&#8221;yes&#8221; css_animation=&#8221;fadeIn&#8221;][\/vc_column][\/vc_row][\/vc_section][vc_section][vc_row][vc_column][vc_custom_heading text=&#8221;Centro de Ense\u00f1anza de Tecnolog\u00edas de Informaci\u00f3n&#8221; font_container=&#8221;tag:h3|text_align:center&#8221; google_fonts=&#8221;font_family:Roboto%3A100%2C100italic%2C300%2C300italic%2Cregular%2Citalic%2C500%2C500italic%2C700%2C700italic%2C900%2C900italic|font_style:400%20regular%3A400%3Anormal&#8221;][vc_empty_space][\/vc_column][\/vc_row][vc_row][vc_column][vc_column_text] Servicio que se ofrece Es un espacio &hellip; <\/p>\n","protected":false},"author":1,"featured_media":0,"parent":0,"menu_order":0,"comment_status":"closed","ping_status":"closed","template":"","meta":{"footnotes":""},"class_list":["post-2078","page","type-page","status-publish","hentry","latest_post"],"aioseo_notices":[],"publishpress_future_action":{"enabled":false,"date":"2026-04-13 12:02:13","action":"change-status","newStatus":"draft","terms":[],"taxonomy":"","extraData":[]},"publishpress_future_workflow_manual_trigger":{"enabledWorkflows":[]},"_links":{"self":[{"href":"https:\/\/www.feno.unam.mx\/index.php\/wp-json\/wp\/v2\/pages\/2078","targetHints":{"allow":["GET"]}}],"collection":[{"href":"https:\/\/www.feno.unam.mx\/index.php\/wp-json\/wp\/v2\/pages"}],"about":[{"href":"https:\/\/www.feno.unam.mx\/index.php\/wp-json\/wp\/v2\/types\/page"}],"author":[{"embeddable":true,"href":"https:\/\/www.feno.unam.mx\/index.php\/wp-json\/wp\/v2\/users\/1"}],"replies":[{"embeddable":true,"href":"https:\/\/www.feno.unam.mx\/index.php\/wp-json\/wp\/v2\/comments?post=2078"}],"version-history":[{"count":9,"href":"https:\/\/www.feno.unam.mx\/index.php\/wp-json\/wp\/v2\/pages\/2078\/revisions"}],"predecessor-version":[{"id":9121,"href":"https:\/\/www.feno.unam.mx\/index.php\/wp-json\/wp\/v2\/pages\/2078\/revisions\/9121"}],"wp:attachment":[{"href":"https:\/\/www.feno.unam.mx\/index.php\/wp-json\/wp\/v2\/media?parent=2078"}],"curies":[{"name":"wp","href":"https:\/\/api.w.org\/{rel}","templated":true}]}}