{"id":1969,"date":"2021-09-10T01:05:09","date_gmt":"2021-09-10T01:05:09","guid":{"rendered":"https:\/\/web.eneo.unam.mx\/?page_id=1969"},"modified":"2021-12-03T19:45:05","modified_gmt":"2021-12-03T19:45:05","slug":"academias","status":"publish","type":"page","link":"https:\/\/www.feno.unam.mx\/index.php\/academias\/","title":{"rendered":"Academias"},"content":{"rendered":"<p>[vc_section][vc_row][vc_column][vc_images_carousel images=&#8221;1958,1959,1960,1961,1962&#8243; img_size=&#8221;full&#8221; onclick=&#8221;link_no&#8221; mode=&#8221;vertical&#8221; speed=&#8221;3000&#8243; autoplay=&#8221;yes&#8221; wrap=&#8221;yes&#8221; css_animation=&#8221;fadeIn&#8221;][\/vc_column][\/vc_row][vc_row][vc_column][vc_empty_space][\/vc_column][\/vc_row][\/vc_section][vc_row][vc_column][vc_empty_space][vc_tta_tabs color=&#8221;turquoise&#8221; active_section=&#8221;1&#8243;][vc_tta_section title=&#8221;ACADEMIA ENFERMER\u00cdA FUNDAMENTAL&#8221; tab_id=&#8221;1631236915729-47bd033a-9f42&#8243;][vc_single_image image=&#8221;1959&#8243; img_size=&#8221;1280X300&#8243;][\/vc_tta_section][vc_tta_section title=&#8221;\u00bfQU\u00c9 HACEMOS?&#8221; tab_id=&#8221;1631236915744-63d0f6e3-937c&#8221;][vc_empty_space][vc_column_text]<img loading=\"lazy\" decoding=\"async\" class=\" wp-image-1999 alignleft\" src=\"https:\/\/web.eneo.unam.mx\/wp-content\/uploads\/2021\/09\/Enfermeri\u0301a-fundamental-300x300.jpg\" alt=\"\" width=\"150\" height=\"150\" srcset=\"https:\/\/www.feno.unam.mx\/wp-content\/uploads\/2021\/09\/Enfermeri\u0301a-fundamental-300x300.jpg 300w, https:\/\/www.feno.unam.mx\/wp-content\/uploads\/2021\/09\/Enfermeri\u0301a-fundamental-150x150.jpg 150w, https:\/\/www.feno.unam.mx\/wp-content\/uploads\/2021\/09\/Enfermeri\u0301a-fundamental-60x60.jpg 60w, https:\/\/www.feno.unam.mx\/wp-content\/uploads\/2021\/09\/Enfermeri\u0301a-fundamental.jpg 512w\" sizes=\"auto, (max-width: 150px) 100vw, 150px\" \/><\/p>\n<p style=\"text-align: justify; font-size: 18px; font-family: Roboto;\">Esta Academia, dada su naturaleza te\u00f3rico pr\u00e1ctica, representa un espacio acad\u00e9mico donde los docentes analizan y profundizan en el conocimiento filos\u00f3fico, te\u00f3rico metodol\u00f3gico y tecnol\u00f3gico de la disciplina de Enfermer\u00eda, lo cual constituye una base fundamental para la formaci\u00f3n integral del estudiante. Para desarrollar en el alumno el conocimiento de la Enfermer\u00eda como ciencia del cuidado, adquirir las habilidades en la metodolog\u00eda propia, fortalecer una identidad del ser profesional, a trav\u00e9s del fomento de experiencias cognitivo afectivas necesarias para la ense\u00f1anza aprendizaje del cuidado hol\u00edstico como objeto de estudio de la Enfermer\u00eda.<\/p>\n<p>[\/vc_column_text][\/vc_tta_section][\/vc_tta_tabs][vc_empty_space][vc_tta_tabs color=&#8221;blue&#8221; active_section=&#8221;1&#8243;][vc_tta_section title=&#8221;ACADEMIA CUIDADO EN LA NI\u00d1EZ Y LA ADOLESCENCIA&#8221; tab_id=&#8221;1631237618912-c4c06ca1-8c6b&#8221;][vc_single_image image=&#8221;43&#8243; img_size=&#8221;1280X300&#8243;][\/vc_tta_section][vc_tta_section title=&#8221;\u00bfQU\u00c9 HACEMOS?&#8221; tab_id=&#8221;1631237618927-4c39fd05-2e8d&#8221;][vc_empty_space][vc_column_text]<img loading=\"lazy\" decoding=\"async\" class=\"wp-image-2014 alignleft\" src=\"https:\/\/web.eneo.unam.mx\/wp-content\/uploads\/2021\/09\/Cuidado-en-la-nin\u0303ez-y-la-adolescencia-300x300.jpg\" alt=\"\" width=\"150\" height=\"150\" srcset=\"https:\/\/www.feno.unam.mx\/wp-content\/uploads\/2021\/09\/Cuidado-en-la-nin\u0303ez-y-la-adolescencia-300x300.jpg 300w, https:\/\/www.feno.unam.mx\/wp-content\/uploads\/2021\/09\/Cuidado-en-la-nin\u0303ez-y-la-adolescencia-150x150.jpg 150w, https:\/\/www.feno.unam.mx\/wp-content\/uploads\/2021\/09\/Cuidado-en-la-nin\u0303ez-y-la-adolescencia-60x60.jpg 60w, https:\/\/www.feno.unam.mx\/wp-content\/uploads\/2021\/09\/Cuidado-en-la-nin\u0303ez-y-la-adolescencia.jpg 512w\" sizes=\"auto, (max-width: 150px) 100vw, 150px\" \/><\/p>\n<p style=\"text-align: justify; font-size: 18px; font-family: Roboto;\">Esta Academia, representa un espacio de trabajo docente que asume la profundizaci\u00f3n de conocimientos sobre el cuidado del ni\u00f1o y del adolescente durante su crecimiento y desarrollo, en interacci\u00f3n con el entorno donde vive, cuida y atiende su salud.<\/p>\n<p style=\"text-align: justify; font-size: 18px; font-family: Roboto;\">El prop\u00f3sito fundamental de la Academia es aportar conocimientos te\u00f3ricos, metodol\u00f3gicos y tecnol\u00f3gicos del cuidado de Enfermer\u00eda; as\u00ed como el desarrollo de habilidades y actitudes para analizar y satisfacer las necesidades del ni\u00f1o y adolescente en estado de salud o enfermedad, mediante la aplicaci\u00f3n de una metodolog\u00eda propia de cuidado y enmarcada en el avance cient\u00edfico y tecnol\u00f3gico que permita una atenci\u00f3n integral. As\u00ed mismo se pretende analizar las implicaciones te\u00f3rico-metodol\u00f3gicas de las especialidades en relaci\u00f3n con el campo de conocimiento.<\/p>\n<p>[\/vc_column_text][\/vc_tta_section][\/vc_tta_tabs][vc_empty_space][vc_tta_tabs color=&#8221;peacoc&#8221; active_section=&#8221;1&#8243;][vc_tta_section title=&#8221;ACADEMIA CUIDADO EN LA ADULTEZ Y LA VEJEZ&#8221; tab_id=&#8221;1631239787148-e0a1833d-c356&#8243;][vc_single_image image=&#8221;2018&#8243; img_size=&#8221;1280X300&#8243;][\/vc_tta_section][vc_tta_section title=&#8221;\u00bfQU\u00c9 HACEMOS?&#8221; tab_id=&#8221;1631239787179-92a2906f-704e&#8221;][vc_empty_space][vc_column_text]<img loading=\"lazy\" decoding=\"async\" class=\"wp-image-2019 size-thumbnail alignleft\" src=\"https:\/\/web.eneo.unam.mx\/wp-content\/uploads\/2021\/09\/Cuidado-en-la-adultez-y-la-vejez-150x150.jpg\" alt=\"\" width=\"150\" height=\"150\" srcset=\"https:\/\/www.feno.unam.mx\/wp-content\/uploads\/2021\/09\/Cuidado-en-la-adultez-y-la-vejez-150x150.jpg 150w, https:\/\/www.feno.unam.mx\/wp-content\/uploads\/2021\/09\/Cuidado-en-la-adultez-y-la-vejez-300x300.jpg 300w, https:\/\/www.feno.unam.mx\/wp-content\/uploads\/2021\/09\/Cuidado-en-la-adultez-y-la-vejez-60x60.jpg 60w, https:\/\/www.feno.unam.mx\/wp-content\/uploads\/2021\/09\/Cuidado-en-la-adultez-y-la-vejez.jpg 512w\" sizes=\"auto, (max-width: 150px) 100vw, 150px\" \/><\/p>\n<p style=\"text-align: justify; font-size: 18px; font-family: Roboto;\">Esta Academia, representa un espacio de trabajo docente que asume la profundizaci\u00f3n de conocimientos sobre el cuidado del ni\u00f1o y del adolescente durante su crecimiento y desarrollo, en interacci\u00f3n con el entorno donde vive, cuida y atiende su salud.<\/p>\n<p style=\"text-align: justify; font-size: 18px; font-family: Roboto;\">El prop\u00f3sito fundamental de la Academia es aportar conocimientos te\u00f3ricos, metodol\u00f3gicos y tecnol\u00f3gicos del cuidado de Enfermer\u00eda; as\u00ed como el desarrollo de habilidades y actitudes para analizar y satisfacer las necesidades del ni\u00f1o y adolescente en estado de salud o enfermedad, mediante la aplicaci\u00f3n de una metodolog\u00eda propia de cuidado y enmarcada en el avance cient\u00edfico y tecnol\u00f3gico que permita una atenci\u00f3n integral. As\u00ed mismo se pretende analizar las implicaciones te\u00f3rico-metodol\u00f3gicas de las especialidades en relaci\u00f3n con el campo de conocimiento.<\/p>\n<p>[\/vc_column_text][\/vc_tta_section][\/vc_tta_tabs][vc_empty_space][vc_tta_tabs color=&#8221;chino&#8221; active_section=&#8221;1&#8243;][vc_tta_section title=&#8221;ACADEMIA CUIDADO MATERNO NEONATAL&#8221; tab_id=&#8221;1631241423691-16d962ab-3a27&#8243;][vc_single_image image=&#8221;711&#8243; img_size=&#8221;1280X300&#8243;][\/vc_tta_section][vc_tta_section title=&#8221;\u00bfQU\u00c9 HACEMOS?&#8221; tab_id=&#8221;1631241423727-f9eaf4e7-4141&#8243;][vc_empty_space][vc_column_text]<img loading=\"lazy\" decoding=\"async\" class=\"wp-image-2021 alignleft\" src=\"https:\/\/web.eneo.unam.mx\/wp-content\/uploads\/2021\/09\/Cuidado-materno-neonatal-300x300.jpg\" alt=\"\" width=\"150\" height=\"150\" srcset=\"https:\/\/www.feno.unam.mx\/wp-content\/uploads\/2021\/09\/Cuidado-materno-neonatal-300x300.jpg 300w, https:\/\/www.feno.unam.mx\/wp-content\/uploads\/2021\/09\/Cuidado-materno-neonatal-150x150.jpg 150w, https:\/\/www.feno.unam.mx\/wp-content\/uploads\/2021\/09\/Cuidado-materno-neonatal-60x60.jpg 60w, https:\/\/www.feno.unam.mx\/wp-content\/uploads\/2021\/09\/Cuidado-materno-neonatal.jpg 512w\" sizes=\"auto, (max-width: 150px) 100vw, 150px\" \/><\/p>\n<p style=\"text-align: justify; font-size: 18px; font-family: Roboto;\">La Academia de Cuidado Materno Neonatal, dado su campo de conocimiento, representa un espacio de trabajo docente que asume la profundizaci\u00f3n de conocimientos sobre la etapa reproductiva de la mujer abarcando de manera integral tanto la gestaci\u00f3n, parto, puerperio y lo relacionado al cuidado del neonato tanto en estado de salud como en el de enfermedad.<\/p>\n<p>[\/vc_column_text][\/vc_tta_section][\/vc_tta_tabs][vc_empty_space][vc_tta_tabs color=&#8221;vista-blue&#8221; active_section=&#8221;1&#8243;][vc_tta_section title=&#8221;ACADEMIA CUIDADO COMUNITARIO&#8221; tab_id=&#8221;1631242333401-28313315-3816&#8243;][vc_single_image image=&#8221;1516&#8243; img_size=&#8221;1280X300&#8243;][\/vc_tta_section][vc_tta_section title=&#8221;\u00bfQU\u00c9 HACEMOS?&#8221; tab_id=&#8221;1631242333432-fe415f52-e298&#8243;][vc_empty_space][vc_column_text]<img loading=\"lazy\" decoding=\"async\" class=\"wp-image-2024 alignleft\" src=\"https:\/\/web.eneo.unam.mx\/wp-content\/uploads\/2021\/09\/Cuidado-comunitario-300x300.jpg\" alt=\"\" width=\"150\" height=\"150\" srcset=\"https:\/\/www.feno.unam.mx\/wp-content\/uploads\/2021\/09\/Cuidado-comunitario-300x300.jpg 300w, https:\/\/www.feno.unam.mx\/wp-content\/uploads\/2021\/09\/Cuidado-comunitario-150x150.jpg 150w, https:\/\/www.feno.unam.mx\/wp-content\/uploads\/2021\/09\/Cuidado-comunitario-60x60.jpg 60w, https:\/\/www.feno.unam.mx\/wp-content\/uploads\/2021\/09\/Cuidado-comunitario.jpg 512w\" sizes=\"auto, (max-width: 150px) 100vw, 150px\" \/><\/p>\n<p style=\"text-align: justify; font-size: 18px; font-family: Roboto;\">Es la Academia que integra a los docentes que se encargan de estudiar los conocimientos te\u00f3ricos y las habilidades pr\u00e1cticas de la enfermer\u00eda y de la salud p\u00fablica y los aplica como estrategias de trabajo en la comunidad, con el fin de promover, mantener y restaurar la salud de la poblaci\u00f3n contando con la participaci\u00f3n de la misma.<\/p>\n<p>[\/vc_column_text][\/vc_tta_section][\/vc_tta_tabs][vc_empty_space][vc_tta_tabs active_section=&#8221;1&#8243;][vc_tta_section title=&#8221;ACADEMIA LAS HUMANIDADES Y EL CUIDADO&#8221; tab_id=&#8221;1631243121967-4f4ed7e0-f720&#8243;][vc_single_image image=&#8221;553&#8243; img_size=&#8221;1280X300&#8243;][\/vc_tta_section][vc_tta_section title=&#8221;\u00bfQU\u00c9 HACEMOS?&#8221; tab_id=&#8221;1631243121987-80b2fa85-e352&#8243;][vc_empty_space][vc_column_text]<img loading=\"lazy\" decoding=\"async\" class=\"wp-image-2026 alignleft\" src=\"https:\/\/web.eneo.unam.mx\/wp-content\/uploads\/2021\/09\/Las-humanidades-y-el-cuidado--300x300.jpg\" alt=\"\" width=\"150\" height=\"150\" srcset=\"https:\/\/www.feno.unam.mx\/wp-content\/uploads\/2021\/09\/Las-humanidades-y-el-cuidado--300x300.jpg 300w, https:\/\/www.feno.unam.mx\/wp-content\/uploads\/2021\/09\/Las-humanidades-y-el-cuidado--150x150.jpg 150w, https:\/\/www.feno.unam.mx\/wp-content\/uploads\/2021\/09\/Las-humanidades-y-el-cuidado--60x60.jpg 60w, https:\/\/www.feno.unam.mx\/wp-content\/uploads\/2021\/09\/Las-humanidades-y-el-cuidado-.jpg 512w\" sizes=\"auto, (max-width: 150px) 100vw, 150px\" \/><\/p>\n<p style=\"text-align: justify; font-size: 18px; font-family: Roboto;\">Esta Academia agrupa a los docentes que se ocupan del campo de conocimiento de la enfermer\u00eda aportando el marco hist\u00f3rico, filos\u00f3fico, epist\u00e9mico, \u00e9tico y legislativo que sustentan a la enfermer\u00eda como ciencia del cuidado.<\/p>\n<p style=\"text-align: justify; font-size: 18px; font-family: Roboto;\">Incursionar en el campo de las humanidades permite a los estudiantes entender a la enfermer\u00eda como disciplina y como profesi\u00f3n, c\u00f3mo se ha construido el conocimiento de la misma, as\u00ed como encontrar el sentido real del cuidado, mismo que ocurre como un acto connatural a la existencia misma.<\/p>\n<p>[\/vc_column_text][\/vc_tta_section][\/vc_tta_tabs][vc_empty_space][vc_tta_tabs color=&#8221;green&#8221; active_section=&#8221;1&#8243;][vc_tta_section title=&#8221;ACADEMIA CIENCIAS SOCIALES Y DE LA SALUD&#8221; tab_id=&#8221;1631245940683-421400a5-8aab&#8221;][vc_single_image image=&#8221;1959&#8243; img_size=&#8221;1280X300&#8243;][\/vc_tta_section][vc_tta_section title=&#8221;\u00bfQU\u00c9 HACEMOS?&#8221; tab_id=&#8221;1631245940725-cf9c006b-5768&#8243;][vc_empty_space][vc_column_text]<img loading=\"lazy\" decoding=\"async\" class=\"wp-image-2031 alignleft\" src=\"https:\/\/web.eneo.unam.mx\/wp-content\/uploads\/2021\/09\/Ciencias-sociales-y-de-la-salud--300x300.jpg\" alt=\"\" width=\"150\" height=\"150\" srcset=\"https:\/\/www.feno.unam.mx\/wp-content\/uploads\/2021\/09\/Ciencias-sociales-y-de-la-salud--300x300.jpg 300w, https:\/\/www.feno.unam.mx\/wp-content\/uploads\/2021\/09\/Ciencias-sociales-y-de-la-salud--150x150.jpg 150w, https:\/\/www.feno.unam.mx\/wp-content\/uploads\/2021\/09\/Ciencias-sociales-y-de-la-salud--60x60.jpg 60w, https:\/\/www.feno.unam.mx\/wp-content\/uploads\/2021\/09\/Ciencias-sociales-y-de-la-salud-.jpg 512w\" sizes=\"auto, (max-width: 150px) 100vw, 150px\" \/><\/p>\n<p style=\"text-align: justify; font-size: 18px; font-family: Roboto;\">Esta Academia pretende analizar los marcos te\u00f3ricos, los conceptos y las definiciones que orienten y permitan contextualizar la importancia de los cuidados a la salud desde un enfoque cultural y social.<\/p>\n<p style=\"text-align: justify; font-size: 18px; font-family: Roboto;\">Se pretende que los docentes profundicen en el conocimiento y aplicaci\u00f3n de las diversas formas de aproximaci\u00f3n te\u00f3rica y pr\u00e1ctica a la situaci\u00f3n de salud de una poblaci\u00f3n, identificando prioridades y perfilando c\u00f3mo se deben hacer las intervenciones de Enfermer\u00eda para prevenir o atender los problemas de salud.<\/p>\n<p>[\/vc_column_text][\/vc_tta_section][\/vc_tta_tabs][vc_empty_space][vc_tta_tabs color=&#8221;sandy-brown&#8221; active_section=&#8221;1&#8243;][vc_tta_section title=&#8221;ACADEMIA PROCESOS MORFOFISIOL\u00d3GICOS Y ECOL\u00d3GICOS DE LA SALUD&#8221; tab_id=&#8221;1631247759354-0e3c2b87-f56a&#8221;][vc_single_image image=&#8221;2036&#8243; img_size=&#8221;1280X300&#8243;][\/vc_tta_section][vc_tta_section title=&#8221;\u00bfQU\u00c9 HACEMOS?&#8221; tab_id=&#8221;1631247759394-7d8184e4-c1c9&#8243;][vc_empty_space][vc_column_text]<img loading=\"lazy\" decoding=\"async\" class=\"wp-image-2034 alignleft\" src=\"https:\/\/web.eneo.unam.mx\/wp-content\/uploads\/2021\/09\/Procesos-morfofisiolo\u0301gicos-300x300.jpg\" alt=\"\" width=\"150\" height=\"150\" srcset=\"https:\/\/www.feno.unam.mx\/wp-content\/uploads\/2021\/09\/Procesos-morfofisiolo\u0301gicos-300x300.jpg 300w, https:\/\/www.feno.unam.mx\/wp-content\/uploads\/2021\/09\/Procesos-morfofisiolo\u0301gicos-150x150.jpg 150w, https:\/\/www.feno.unam.mx\/wp-content\/uploads\/2021\/09\/Procesos-morfofisiolo\u0301gicos-60x60.jpg 60w, https:\/\/www.feno.unam.mx\/wp-content\/uploads\/2021\/09\/Procesos-morfofisiolo\u0301gicos.jpg 512w\" sizes=\"auto, (max-width: 150px) 100vw, 150px\" \/><\/p>\n<p style=\"text-align: justify; font-size: 18px; font-family: Roboto;\">Esta Academia constituye un espacio integrado por un conjunto de docentes, cuyo fin es aportar conocimientos fundamentales y actualizados en lo referente al ser humano desde su concepci\u00f3n, desarrollo embriol\u00f3gico, en condiciones morfofisiol\u00f3gicas, en estado de salud, como en enfermedad (patol\u00f3gicas), siempre tomando en cuenta la interacci\u00f3n con el entorno en el cual vive y se recrea, considerando al ser humano integrado dentro de un entorno ecol\u00f3gico y social.<\/p>\n<p>[\/vc_column_text][\/vc_tta_section][\/vc_tta_tabs][vc_empty_space][vc_tta_tabs color=&#8221;purple&#8221; active_section=&#8221;1&#8243;][vc_tta_section title=&#8221;ACADEMIA PSICOLOG\u00cdA&#8221; tab_id=&#8221;1631249080835-96e339fd-c056&#8243;][vc_single_image image=&#8221;1517&#8243; img_size=&#8221;1280X300&#8243;][\/vc_tta_section][vc_tta_section title=&#8221;\u00bfQU\u00c9 HACEMOS?&#8221; tab_id=&#8221;1631249080866-4e30c6fc-b609&#8243;][vc_empty_space][vc_column_text]<img loading=\"lazy\" decoding=\"async\" class=\"wp-image-2037 alignleft\" src=\"https:\/\/web.eneo.unam.mx\/wp-content\/uploads\/2021\/09\/Psicologia-300x300.jpg\" alt=\"\" width=\"150\" height=\"150\" srcset=\"https:\/\/www.feno.unam.mx\/wp-content\/uploads\/2021\/09\/Psicologia-300x300.jpg 300w, https:\/\/www.feno.unam.mx\/wp-content\/uploads\/2021\/09\/Psicologia-150x150.jpg 150w, https:\/\/www.feno.unam.mx\/wp-content\/uploads\/2021\/09\/Psicologia-60x60.jpg 60w, https:\/\/www.feno.unam.mx\/wp-content\/uploads\/2021\/09\/Psicologia.jpg 512w\" sizes=\"auto, (max-width: 150px) 100vw, 150px\" \/><\/p>\n<p style=\"text-align: justify; font-size: 18px; font-family: Roboto;\">Esta Academia constituye un espacio integrado por un conjunto de docentes, cuyo fin es aportar conocimientos fundamentales y actualizados en lo referente al ser humano desde su concepci\u00f3n, desarrollo embriol\u00f3gico, en condiciones morfofisiol\u00f3gicas, en estado de salud, como en enfermedad (patol\u00f3gicas), siempre tomando en cuenta la interacci\u00f3n con el entorno en el cual vive y se recrea, considerando al ser humano integrado dentro de un entorno ecol\u00f3gico y social.<\/p>\n<p>[\/vc_column_text][\/vc_tta_section][\/vc_tta_tabs][vc_empty_space][vc_tta_tabs color=&#8221;orange&#8221; active_section=&#8221;1&#8243;][vc_tta_section title=&#8221;ACADEMIA GESTI\u00d3N DEL CUIDADO&#8221; tab_id=&#8221;1631249825586-ffcb1508-130d&#8221;][vc_single_image image=&#8221;1514&#8243; img_size=&#8221;1280X300&#8243;][\/vc_tta_section][vc_tta_section title=&#8221;\u00bfQU\u00c9 HACEMOS?&#8221; tab_id=&#8221;1631249825636-1ba52cb5-848e&#8221;][vc_empty_space][vc_column_text]<img loading=\"lazy\" decoding=\"async\" class=\"wp-image-2039 alignleft\" src=\"https:\/\/web.eneo.unam.mx\/wp-content\/uploads\/2021\/09\/Gestion-del-cuidado-300x300.jpg\" alt=\"\" width=\"150\" height=\"150\" srcset=\"https:\/\/www.feno.unam.mx\/wp-content\/uploads\/2021\/09\/Gestion-del-cuidado-300x300.jpg 300w, https:\/\/www.feno.unam.mx\/wp-content\/uploads\/2021\/09\/Gestion-del-cuidado-150x150.jpg 150w, https:\/\/www.feno.unam.mx\/wp-content\/uploads\/2021\/09\/Gestion-del-cuidado-60x60.jpg 60w, https:\/\/www.feno.unam.mx\/wp-content\/uploads\/2021\/09\/Gestion-del-cuidado.jpg 512w\" sizes=\"auto, (max-width: 150px) 100vw, 150px\" \/><\/p>\n<p style=\"text-align: justify; font-size: 18px; font-family: Roboto;\">La Academia de Gesti\u00f3n del Cuidado es un cuerpo colegiado que cuenta con este espacio para que sus acad\u00e9micos reflexionen, analicen, innoven y eval\u00faen su pr\u00e1ctica docente en el campo de la administraci\u00f3n, particularmente aplicada en las organizaciones de salud y del cuidado de enfermer\u00eda.<\/p>\n<p>[\/vc_column_text][\/vc_tta_section][\/vc_tta_tabs][vc_empty_space][vc_tta_tabs color=&#8221;vista-blue&#8221; active_section=&#8221;1&#8243;][vc_tta_section title=&#8221;ACADEMIA EDUCACI\u00d3N EN ENFERMER\u00cdA&#8221; tab_id=&#8221;1631251353590-e4002aec-3ef4&#8243;][vc_single_image image=&#8221;1916&#8243; img_size=&#8221;1280X300&#8243;][\/vc_tta_section][vc_tta_section title=&#8221;\u00bfQU\u00c9 HACEMOS?&#8221; tab_id=&#8221;1631251353636-64a02ed1-934d&#8221;][vc_empty_space][vc_column_text]<img loading=\"lazy\" decoding=\"async\" class=\"wp-image-2041 alignleft\" src=\"https:\/\/web.eneo.unam.mx\/wp-content\/uploads\/2021\/09\/Educacio\u0301n-en-enfermeri\u0301a-300x300.jpg\" alt=\"\" width=\"150\" height=\"150\" srcset=\"https:\/\/www.feno.unam.mx\/wp-content\/uploads\/2021\/09\/Educacio\u0301n-en-enfermeri\u0301a-300x300.jpg 300w, https:\/\/www.feno.unam.mx\/wp-content\/uploads\/2021\/09\/Educacio\u0301n-en-enfermeri\u0301a-150x150.jpg 150w, https:\/\/www.feno.unam.mx\/wp-content\/uploads\/2021\/09\/Educacio\u0301n-en-enfermeri\u0301a-60x60.jpg 60w, https:\/\/www.feno.unam.mx\/wp-content\/uploads\/2021\/09\/Educacio\u0301n-en-enfermeri\u0301a.jpg 512w\" sizes=\"auto, (max-width: 150px) 100vw, 150px\" \/><\/p>\n<p style=\"text-align: justify; font-size: 18px; font-family: Roboto;\">Academia que congrega a los docentes que tratan las asignaturas relacionadas con la educaci\u00f3n para la salud en general en diferentes contextos y grupos etarios y en particular la educaci\u00f3n perinatal.<\/p>\n<p style=\"text-align: justify; font-size: 18px; font-family: Roboto;\">La profundizaci\u00f3n acerca de los contenidos en la Academia permitir\u00e1 a los estudiantes reconocer a la educaci\u00f3n para la salud como una de las estrategias fundamentales para el cuidado de las personas y grupos a trav\u00e9s del m\u00e9todo did\u00e1ctico, as\u00ed como para ofrecer una educaci\u00f3n espec\u00edfica a las mujeres en etapa reproductiva.<\/p>\n<p>[\/vc_column_text][\/vc_tta_section][\/vc_tta_tabs][vc_empty_space][vc_tta_tabs color=&#8221;mulled-wine&#8221; active_section=&#8221;1&#8243;][vc_tta_section title=&#8221;ACADEMIA INVESTIGACI\u00d3N EN ENFERMER\u00cdA&#8221; tab_id=&#8221;1631252297089-0e321ada-1ddb&#8221;][vc_single_image image=&#8221;36&#8243; img_size=&#8221;1280X300&#8243;][\/vc_tta_section][vc_tta_section title=&#8221;\u00bfQU\u00c9 HACEMOS?&#8221; tab_id=&#8221;1631252297140-39614853-8382&#8243;][vc_empty_space][vc_column_text]<img loading=\"lazy\" decoding=\"async\" class=\"wp-image-2043 alignleft\" src=\"https:\/\/web.eneo.unam.mx\/wp-content\/uploads\/2021\/09\/Investigacio\u0301n-en-enfermeri\u0301a-300x300.jpg\" alt=\"\" width=\"150\" height=\"150\" srcset=\"https:\/\/www.feno.unam.mx\/wp-content\/uploads\/2021\/09\/Investigacio\u0301n-en-enfermeri\u0301a-300x300.jpg 300w, https:\/\/www.feno.unam.mx\/wp-content\/uploads\/2021\/09\/Investigacio\u0301n-en-enfermeri\u0301a-150x150.jpg 150w, https:\/\/www.feno.unam.mx\/wp-content\/uploads\/2021\/09\/Investigacio\u0301n-en-enfermeri\u0301a-60x60.jpg 60w, https:\/\/www.feno.unam.mx\/wp-content\/uploads\/2021\/09\/Investigacio\u0301n-en-enfermeri\u0301a.jpg 512w\" sizes=\"auto, (max-width: 150px) 100vw, 150px\" \/><\/p>\n<p style=\"text-align: justify; font-size: 18px; font-family: Roboto;\">Esta Academia integra a los docentes que se encargan de estudiar, analizar y retroalimentar lo concerniente al proceso investigativo en enfermer\u00eda desde la b\u00fasqueda de las evidencias cient\u00edficas, hasta las diferentes metodolog\u00edas para la investigaci\u00f3n del objeto de estudio de la enfermer\u00eda y el cuidado.<\/p>\n<p>[\/vc_column_text][\/vc_tta_section][\/vc_tta_tabs][vc_empty_space height=&#8221;100px&#8221;][\/vc_column][\/vc_row][vc_row][vc_column][vc_empty_space height=&#8221;100px&#8221;][vc_single_image image=&#8221;5361&#8243; img_size=&#8221;1300&#215;300&#8243; alignment=&#8221;center&#8221;][\/vc_column][\/vc_row]<\/p>\n","protected":false},"excerpt":{"rendered":"<p>[vc_section][vc_row][vc_column][vc_images_carousel images=&#8221;1958,1959,1960,1961,1962&#8243; img_size=&#8221;full&#8221; onclick=&#8221;link_no&#8221; mode=&#8221;vertical&#8221; speed=&#8221;3000&#8243; autoplay=&#8221;yes&#8221; wrap=&#8221;yes&#8221; css_animation=&#8221;fadeIn&#8221;][\/vc_column][\/vc_row][vc_row][vc_column][vc_empty_space][\/vc_column][\/vc_row][\/vc_section][vc_row][vc_column][vc_empty_space][vc_tta_tabs color=&#8221;turquoise&#8221; active_section=&#8221;1&#8243;][vc_tta_section title=&#8221;ACADEMIA ENFERMER\u00cdA FUNDAMENTAL&#8221; tab_id=&#8221;1631236915729-47bd033a-9f42&#8243;][vc_single_image image=&#8221;1959&#8243; img_size=&#8221;1280X300&#8243;][\/vc_tta_section][vc_tta_section title=&#8221;\u00bfQU\u00c9 HACEMOS?&#8221; tab_id=&#8221;1631236915744-63d0f6e3-937c&#8221;][vc_empty_space][vc_column_text] Esta Academia, dada su naturaleza &hellip; <\/p>\n","protected":false},"author":1,"featured_media":0,"parent":0,"menu_order":0,"comment_status":"closed","ping_status":"closed","template":"","meta":{"footnotes":""},"class_list":["post-1969","page","type-page","status-publish","hentry","latest_post"],"aioseo_notices":[],"publishpress_future_action":{"enabled":false,"date":"2026-05-18 07:05:46","action":"change-status","newStatus":"draft","terms":[],"taxonomy":"","extraData":[]},"publishpress_future_workflow_manual_trigger":{"enabledWorkflows":[]},"_links":{"self":[{"href":"https:\/\/www.feno.unam.mx\/index.php\/wp-json\/wp\/v2\/pages\/1969","targetHints":{"allow":["GET"]}}],"collection":[{"href":"https:\/\/www.feno.unam.mx\/index.php\/wp-json\/wp\/v2\/pages"}],"about":[{"href":"https:\/\/www.feno.unam.mx\/index.php\/wp-json\/wp\/v2\/types\/page"}],"author":[{"embeddable":true,"href":"https:\/\/www.feno.unam.mx\/index.php\/wp-json\/wp\/v2\/users\/1"}],"replies":[{"embeddable":true,"href":"https:\/\/www.feno.unam.mx\/index.php\/wp-json\/wp\/v2\/comments?post=1969"}],"version-history":[{"count":41,"href":"https:\/\/www.feno.unam.mx\/index.php\/wp-json\/wp\/v2\/pages\/1969\/revisions"}],"predecessor-version":[{"id":5756,"href":"https:\/\/www.feno.unam.mx\/index.php\/wp-json\/wp\/v2\/pages\/1969\/revisions\/5756"}],"wp:attachment":[{"href":"https:\/\/www.feno.unam.mx\/index.php\/wp-json\/wp\/v2\/media?parent=1969"}],"curies":[{"name":"wp","href":"https:\/\/api.w.org\/{rel}","templated":true}]}}