{"id":1923,"date":"2021-09-09T04:26:50","date_gmt":"2021-09-09T04:26:50","guid":{"rendered":"https:\/\/web.eneo.unam.mx\/?page_id=1923"},"modified":"2026-01-30T16:00:18","modified_gmt":"2026-01-30T16:00:18","slug":"ceca","status":"publish","type":"page","link":"https:\/\/www.feno.unam.mx\/index.php\/ceca\/","title":{"rendered":"CECA"},"content":{"rendered":"<p>[vc_section][vc_row][vc_column][vc_images_carousel images=&#8221;12696,12697,12698,12699,12700,12701&#8243; img_size=&#8221;full&#8221; onclick=&#8221;link_no&#8221; mode=&#8221;vertical&#8221; speed=&#8221;3000&#8243; autoplay=&#8221;yes&#8221; wrap=&#8221;yes&#8221; css_animation=&#8221;fadeIn&#8221;][\/vc_column][\/vc_row][\/vc_section][vc_section][vc_row][vc_column][vc_custom_heading text=&#8221;Centro de Ense\u00f1anza Cl\u00ednica Avanzada&#8221; font_container=&#8221;tag:h3|text_align:center&#8221; google_fonts=&#8221;font_family:Roboto%3A100%2C100italic%2C300%2C300italic%2Cregular%2Citalic%2C500%2C500italic%2C700%2C700italic%2C900%2C900italic|font_style:400%20regular%3A400%3Anormal&#8221;][vc_empty_space][\/vc_column][\/vc_row][vc_row][vc_column][vc_column_text]<\/p>\n<p style=\"text-align: justify; font-size: 18px; font-family: Roboto;\">El CECA es un centro de simulaci\u00f3n para el desarrollo de habilidades cl\u00ednicas, cuenta con la infraestructura f\u00edsica, material y equipo necesarios para realizar tecnolog\u00edas y procedimientos en el cuidado de las personas en las diferentes etapas de la vida, adem\u00e1s de un equipo docente interesado en favorecer el aprendizaje del alumnado.<br \/>\nEs un espacio donde se realizan las pr\u00e1cticas de las asignaturas te\u00f3rico pr\u00e1cticas con pr\u00e1cticas de laboratorio, las cuales se encuentran establecidas en los kardex de pr\u00e1cticas.<\/p>\n<p>&nbsp;<\/p>\n<h4 style=\"text-align: center;\"><strong><a href=\"https:\/\/web.eneo.unam.mx\/index.php\/kardexlaboratorios\/\">VER KARDEX CECA, LE Y LEO<\/a><\/strong><\/h4>\n<p>[\/vc_column_text][vc_row_inner][vc_column_inner width=&#8221;1\/2&#8243;][vc_column_text]<\/p>\n<p style=\"text-align: justify; font-size: 18px; font-family: Roboto;\">Las \u00e1reas que integran el CECA son:<\/p>\n<ul>\n<li style=\"text-align: justify; font-size: 18px; font-family: Roboto;\">Hospitalizaci\u00f3n<\/li>\n<li style=\"text-align: justify; font-size: 18px; font-family: Roboto;\">Cuidados pedi\u00e1tricos y neonatales<\/li>\n<li style=\"text-align: justify; font-size: 18px; font-family: Roboto;\">Cuidados cr\u00edticos<\/li>\n<li style=\"text-align: justify; font-size: 18px; font-family: Roboto;\">Cuidados en el hogar<\/li>\n<li style=\"text-align: justify; font-size: 18px; font-family: Roboto;\">Cuidados materno neonatales (CECByS)<\/li>\n<li style=\"text-align: justify; font-size: 18px; font-family: Roboto;\">Quir\u00f3fano<\/li>\n<\/ul>\n<p>[\/vc_column_text][\/vc_column_inner][vc_column_inner width=&#8221;1\/2&#8243;][vc_single_image image=&#8221;14629&#8243; img_size=&#8221;full&#8221; alignment=&#8221;center&#8221; style=&#8221;vc_box_shadow_3d&#8221; onclick=&#8221;custom_link&#8221; img_link_target=&#8221;_blank&#8221; css_animation=&#8221;bounceInUp&#8221; link=&#8221;https:\/\/www.feno.unam.mx\/wp-content\/uploads\/2025\/06\/SGC-CECA-politica-de-calidad.pdf&#8221;][\/vc_column_inner][\/vc_row_inner][\/vc_column][\/vc_row][vc_row][vc_column width=&#8221;1\/2&#8243;][vc_column_text]<\/p>\n<ul>\n<li>\n<p style=\"text-align: justify; font-size: 18px; font-family: Roboto;\">Horario: 7:00 a 21:00 hrs<\/p>\n<\/li>\n<li>\n<p style=\"text-align: justify; font-size: 18px; font-family: Roboto;\">Ubicaci\u00f3n: Primer piso del edificio A.<\/p>\n<\/li>\n<li>\n<p style=\"text-align: justify; font-size: 18px; font-family: Roboto;\">Tel\u00e9fono: 56 55 13 42,\u00a056 55 31 81, ext. 244<\/p>\n<\/li>\n<li>\n<p style=\"text-align: justify; font-size: 18px; font-family: Roboto;\">Correo:\u00a0<a href=\"mailto:cecaeneounam@gmail.com\"><span class=\"s2\">cecaeneounam@gmail.com<\/span><\/a><\/p>\n<\/li>\n<li>\n<p style=\"text-align: justify; font-size: 18px; font-family: Roboto;\">\u00c1rea de adscripci\u00f3n: Divisi\u00f3n de Estudios Profesionales<\/p>\n<\/li>\n<\/ul>\n<p>[\/vc_column_text][\/vc_column][vc_column width=&#8221;1\/2&#8243;][vc_column_text]<\/p>\n<p class=\"p1\"><img loading=\"lazy\" decoding=\"async\" class=\" wp-image-2067 alignleft\" src=\"https:\/\/web.eneo.unam.mx\/wp-content\/uploads\/2021\/09\/Catalina-Intriago.jpeg\" alt=\"\" width=\"150\" height=\"150\" srcset=\"https:\/\/www.feno.unam.mx\/wp-content\/uploads\/2021\/09\/Catalina-Intriago.jpeg 249w, https:\/\/www.feno.unam.mx\/wp-content\/uploads\/2021\/09\/Catalina-Intriago-150x150.jpeg 150w, https:\/\/www.feno.unam.mx\/wp-content\/uploads\/2021\/09\/Catalina-Intriago-60x60.jpeg 60w\" sizes=\"auto, (max-width: 150px) 100vw, 150px\" \/><\/p>\n<p class=\"p1\">Mtra. Catalina Intriago Ruiz<\/p>\n<p class=\"p2\">Responsable<\/p>\n<p>[\/vc_column_text][\/vc_column][\/vc_row][vc_row][vc_column][vc_column_text]<\/p>\n<hr \/>\n<p style=\"text-align: right;\"><strong>Te puede interesar: <em><a href=\"https:\/\/web.eneo.unam.mx\/index.php\/kardexlaboratorios\/\" target=\"_blank\" rel=\"noopener\">Kardex de pr\u00e1cticas de los laboratorios (Kardex LEO y LE)<\/a> \u00a0|<a href=\"https:\/\/www.feno.unam.mx\/index.php\/manuales\/\" target=\"_blank\" rel=\"noopener\"> Manuales de pr\u00e1cticas de laboratorio (manuales CECA)<\/a><\/em><\/strong><\/p>\n<p>[\/vc_column_text][vc_empty_space][vc_video link=&#8221;https:\/\/youtu.be\/EENv-euzisk&#8221;][vc_empty_space][\/vc_column][\/vc_row][\/vc_section][vc_row][vc_column][vc_empty_space height=&#8221;100px&#8221;][vc_single_image image=&#8221;12703&#8243; img_size=&#8221;1300&#215;300&#8243; alignment=&#8221;center&#8221;][\/vc_column][\/vc_row][vc_row][vc_column][vc_column_text]<\/p>\n<p>[\/vc_column_text][\/vc_column][\/vc_row]<\/p>\n","protected":false},"excerpt":{"rendered":"<p>[vc_section][vc_row][vc_column][vc_images_carousel images=&#8221;12696,12697,12698,12699,12700,12701&#8243; img_size=&#8221;full&#8221; onclick=&#8221;link_no&#8221; mode=&#8221;vertical&#8221; speed=&#8221;3000&#8243; autoplay=&#8221;yes&#8221; wrap=&#8221;yes&#8221; css_animation=&#8221;fadeIn&#8221;][\/vc_column][\/vc_row][\/vc_section][vc_section][vc_row][vc_column][vc_custom_heading text=&#8221;Centro de Ense\u00f1anza Cl\u00ednica Avanzada&#8221; font_container=&#8221;tag:h3|text_align:center&#8221; google_fonts=&#8221;font_family:Roboto%3A100%2C100italic%2C300%2C300italic%2Cregular%2Citalic%2C500%2C500italic%2C700%2C700italic%2C900%2C900italic|font_style:400%20regular%3A400%3Anormal&#8221;][vc_empty_space][\/vc_column][\/vc_row][vc_row][vc_column][vc_column_text] El CECA es un centro de simulaci\u00f3n para el &hellip; <\/p>\n","protected":false},"author":1,"featured_media":12701,"parent":0,"menu_order":0,"comment_status":"closed","ping_status":"closed","template":"","meta":{"footnotes":""},"class_list":["post-1923","page","type-page","status-publish","has-post-thumbnail","hentry","latest_post"],"aioseo_notices":[],"publishpress_future_action":{"enabled":false,"date":"2026-05-14 05:48:02","action":"change-status","newStatus":"draft","terms":[],"taxonomy":"","extraData":[]},"publishpress_future_workflow_manual_trigger":{"enabledWorkflows":[]},"_links":{"self":[{"href":"https:\/\/www.feno.unam.mx\/index.php\/wp-json\/wp\/v2\/pages\/1923","targetHints":{"allow":["GET"]}}],"collection":[{"href":"https:\/\/www.feno.unam.mx\/index.php\/wp-json\/wp\/v2\/pages"}],"about":[{"href":"https:\/\/www.feno.unam.mx\/index.php\/wp-json\/wp\/v2\/types\/page"}],"author":[{"embeddable":true,"href":"https:\/\/www.feno.unam.mx\/index.php\/wp-json\/wp\/v2\/users\/1"}],"replies":[{"embeddable":true,"href":"https:\/\/www.feno.unam.mx\/index.php\/wp-json\/wp\/v2\/comments?post=1923"}],"version-history":[{"count":21,"href":"https:\/\/www.feno.unam.mx\/index.php\/wp-json\/wp\/v2\/pages\/1923\/revisions"}],"predecessor-version":[{"id":16352,"href":"https:\/\/www.feno.unam.mx\/index.php\/wp-json\/wp\/v2\/pages\/1923\/revisions\/16352"}],"wp:featuredmedia":[{"embeddable":true,"href":"https:\/\/www.feno.unam.mx\/index.php\/wp-json\/wp\/v2\/media\/12701"}],"wp:attachment":[{"href":"https:\/\/www.feno.unam.mx\/index.php\/wp-json\/wp\/v2\/media?parent=1923"}],"curies":[{"name":"wp","href":"https:\/\/api.w.org\/{rel}","templated":true}]}}