{"id":1899,"date":"2021-09-09T02:21:13","date_gmt":"2021-09-09T02:21:13","guid":{"rendered":"https:\/\/web.eneo.unam.mx\/?page_id=1899"},"modified":"2021-11-25T03:31:45","modified_gmt":"2021-11-25T03:31:45","slug":"acceso-remoto","status":"publish","type":"page","link":"https:\/\/www.feno.unam.mx\/index.php\/acceso-remoto\/","title":{"rendered":"Acceso remoto"},"content":{"rendered":"<p>[vc_section][vc_row][vc_column][\/vc_column][\/vc_row][vc_row][vc_column][vc_single_image image=&#8221;1770&#8243; img_size=&#8221;full&#8221;][vc_empty_space][\/vc_column][\/vc_row][vc_row][vc_column css=&#8221;.vc_custom_1631056090624{margin-right: -100px !important;}&#8221;][vc_custom_heading text=&#8221;\u00bfSabes qu\u00e9 es el acceso remoto?&#8221; font_container=&#8221;tag:h2|text_align:center&#8221; google_fonts=&#8221;font_family:Roboto%3A100%2C100italic%2C300%2C300italic%2Cregular%2Citalic%2C500%2C500italic%2C700%2C700italic%2C900%2C900italic|font_style:500%20bold%20regular%3A500%3Anormal&#8221;][vc_column_text]<\/p>\n<p style=\"text-align: justify; font-size: 18px; font-family: Roboto;\">Es un servicio que te ofrece la Biblioteca Digital UNAM, el acceso remoto por medio de una clave y contrase\u00f1a te permite acceder a todos sus recursos en l\u00ednea, fuera de la RedUNAM, los 365 d\u00edas del a\u00f1o, 24 horas del d\u00eda, desde cualquier punto geogr\u00e1fico, \u00fanicamente se necesita tener acceso a internet.<\/p>\n<p style=\"text-align: justify; font-size: 18px; font-family: Roboto;\">El servicio solo est\u00e1 disponible para los usuarios vigentes en la Direcci\u00f3n General de Administraci\u00f3n Escolar o en la Direcci\u00f3n General de Personal.<\/p>\n<p>[\/vc_column_text][vc_row_inner content_placement=&#8221;middle&#8221;][vc_column_inner width=&#8221;1\/6&#8243;][\/vc_column_inner][vc_column_inner width=&#8221;2\/3&#8243;][vc_column_text]<\/p>\n<p style=\"text-align: center; font-size: 18px; font-family: Roboto;\"><a href=\"https:\/\/www.bidi.unam.mx\/index.php\/acceso-remoto\">Aqu\u00ed<\/a> puedes registrarte para obtener tu contrase\u00f1a de acceso remoto:<\/p>\n<p>[\/vc_column_text][vc_btn title=&#8221;Reg\u00edstrate AQU\u00cd&#8221; style=&#8221;outline-custom&#8221; outline_custom_color=&#8221;#81d742&#8243; outline_custom_hover_background=&#8221;#666666&#8243; outline_custom_hover_text=&#8221;#ffffff&#8221; align=&#8221;center&#8221; link=&#8221;url:https%3A%2F%2Fwww.bidi.unam.mx%2Findex.php%2Facceso-remoto||target:%20_blank|&#8221;][\/vc_column_inner][vc_column_inner width=&#8221;1\/6&#8243;][\/vc_column_inner][\/vc_row_inner][vc_column_text]<\/p>\n<p style=\"text-align: justify; font-size: 18px; font-family: Roboto;\">Adem\u00e1s de registrarte como nuevo usuario puedes:<\/p>\n<ul>\n<li>\n<p style=\"text-align: justify; font-size: 18px; font-family: Roboto;\">Recuperar tu contrase\u00f1a por s\u00ed la olvidaste.<\/p>\n<\/li>\n<li>\n<p style=\"text-align: justify; font-size: 18px; font-family: Roboto;\">Realizar cambio de contrase\u00f1a.<\/p>\n<\/li>\n<\/ul>\n<p style=\"text-align: justify; font-size: 18px; font-family: Roboto;\"><strong>\u00bfCu\u00e1les son los requisitos?<\/strong><\/p>\n<ul>\n<li>\n<p style=\"text-align: justify; font-size: 18px; font-family: Roboto;\">Alumnos UNAM:\u00a0N\u00famero de cuenta<\/p>\n<\/li>\n<li>\n<p style=\"text-align: justify; font-size: 18px; font-family: Roboto;\">Acad\u00e9micos UNAM:\u00a0RFC con homoclave, n\u00famero de empleado y correo electr\u00f3nico.<\/p>\n<\/li>\n<\/ul>\n<p style=\"text-align: justify; font-size: 18px; font-family: Roboto;\">Aqu\u00ed te dejamos algunos tutoriales, seguro ser\u00e1n de utilidad para hacer uso del acceso remoto.<\/p>\n<p>[\/vc_column_text][\/vc_column][\/vc_row][vc_row][vc_column][vc_custom_heading text=&#8221;\u00bfC\u00f3mo utilizo mi cuenta para el servicio de acceso remoto?&#8221; font_container=&#8221;tag:h5|text_align:left&#8221; google_fonts=&#8221;font_family:Roboto%3A100%2C100italic%2C300%2C300italic%2Cregular%2Citalic%2C500%2C500italic%2C700%2C700italic%2C900%2C900italic|font_style:300%20light%20regular%3A300%3Anormal&#8221;][vc_video link=&#8221;https:\/\/vimeo.com\/255494593&#8243; align=&#8221;center&#8221;][vc_empty_space][vc_custom_heading text=&#8221;\u00bfC\u00f3mo visualizar una base de datos desde fuera de la UNAM?&#8221; font_container=&#8221;tag:h5|text_align:left&#8221; google_fonts=&#8221;font_family:Roboto%3A100%2C100italic%2C300%2C300italic%2Cregular%2Citalic%2C500%2C500italic%2C700%2C700italic%2C900%2C900italic|font_style:300%20light%20regular%3A300%3Anormal&#8221;][vc_video link=&#8221;https:\/\/vimeo.com\/350634304&#8243; align=&#8221;center&#8221;][vc_empty_space][vc_custom_heading text=&#8221;\u00bfC\u00f3mo visualizar una revista electr\u00f3nica desde fuera de la UNAM?&#8221; font_container=&#8221;tag:h5|text_align:left&#8221; google_fonts=&#8221;font_family:Roboto%3A100%2C100italic%2C300%2C300italic%2Cregular%2Citalic%2C500%2C500italic%2C700%2C700italic%2C900%2C900italic|font_style:300%20light%20regular%3A300%3Anormal&#8221;][vc_video link=&#8221;https:\/\/vimeo.com\/353000966&#8243; align=&#8221;center&#8221;][vc_empty_space][vc_custom_heading text=&#8221;\u00bfC\u00f3mo visualizar un libro electr\u00f3nico desde fuera de la UNAM?&#8221; font_container=&#8221;tag:h5|text_align:left&#8221; google_fonts=&#8221;font_family:Roboto%3A100%2C100italic%2C300%2C300italic%2Cregular%2Citalic%2C500%2C500italic%2C700%2C700italic%2C900%2C900italic|font_style:300%20light%20regular%3A300%3Anormal&#8221;][vc_video link=&#8221;https:\/\/vimeo.com\/353009767&#8243; align=&#8221;center&#8221;][vc_empty_space][\/vc_column][\/vc_row][vc_row][vc_column][vc_row_inner][vc_column_inner width=&#8221;1\/5&#8243;][vc_single_image image=&#8221;5414&#8243; img_size=&#8221;large&#8221; onclick=&#8221;custom_link&#8221; img_link_target=&#8221;_blank&#8221; css_animation=&#8221;fadeInDown&#8221; link=&#8221;https:\/\/eneo.bibliotecas.unam.mx\/&#8221; el_class=&#8221;hvr-push&#8221;][\/vc_column_inner][vc_column_inner width=&#8221;1\/5&#8243;][vc_single_image image=&#8221;1754&#8243; img_size=&#8221;large&#8221; onclick=&#8221;custom_link&#8221; img_link_target=&#8221;_blank&#8221; css_animation=&#8221;fadeInDown&#8221; link=&#8221;https:\/\/bidi.unam.mx\/&#8221; el_class=&#8221;hvr-push&#8221;][\/vc_column_inner][vc_column_inner width=&#8221;1\/5&#8243;][vc_single_image image=&#8221;1756&#8243; img_size=&#8221;large&#8221; onclick=&#8221;custom_link&#8221; img_link_target=&#8221;_blank&#8221; css_animation=&#8221;fadeInDown&#8221; link=&#8221;https:\/\/tesiunam.dgb.unam.mx\/F?func=find-b-0&#038;local_base=TES01&#8243; el_class=&#8221;hvr-push&#8221;][\/vc_column_inner][vc_column_inner width=&#8221;1\/5&#8243;][vc_single_image image=&#8221;1757&#8243; img_size=&#8221;large&#8221; onclick=&#8221;custom_link&#8221; img_link_target=&#8221;_blank&#8221; css_animation=&#8221;fadeInDown&#8221; link=&#8221;https:\/\/web.eneo.unam.mx\/index.php\/biblioteca\/bases-de-datos\/&#8221; el_class=&#8221;hvr-push&#8221;][\/vc_column_inner][vc_column_inner width=&#8221;1\/5&#8243;][vc_single_image image=&#8221;1773&#8243; img_size=&#8221;large&#8221; onclick=&#8221;custom_link&#8221; img_link_target=&#8221;_blank&#8221; css_animation=&#8221;fadeInDown&#8221; link=&#8221;http:\/\/www.revista-enfermeria.unam.mx\/ojs\/index.php\/enfermeriauniversitaria&#8221; el_class=&#8221;hvr-push&#8221;][\/vc_column_inner][\/vc_row_inner][\/vc_column][\/vc_row][\/vc_section][vc_row][vc_column][vc_empty_space][\/vc_column][\/vc_row][vc_row][vc_column width=&#8221;1\/2&#8243;][vc_single_image image=&#8221;1867&#8243; img_size=&#8221;large&#8221; alignment=&#8221;right&#8221; onclick=&#8221;custom_link&#8221; css_animation=&#8221;fadeInLeft&#8221; link=&#8221;https:\/\/web.eneo.unam.mx\/index.php\/biblioteca\/&#8221; el_class=&#8221;hvr-push&#8221;][\/vc_column][vc_column width=&#8221;1\/2&#8243;][vc_single_image image=&#8221;1796&#8243; img_size=&#8221;full&#8221; onclick=&#8221;custom_link&#8221; css_animation=&#8221;fadeInRight&#8221; link=&#8221;https:\/\/web.eneo.unam.mx\/index.php\/biblioteca\/acerca-de\/&#8221; el_class=&#8221;hvr-push&#8221;][\/vc_column][\/vc_row][vc_row][vc_column][vc_empty_space height=&#8221;100px&#8221;][vc_single_image image=&#8221;5264&#8243; img_size=&#8221;1300&#215;300&#8243; alignment=&#8221;center&#8221;][\/vc_column][\/vc_row]<\/p>\n","protected":false},"excerpt":{"rendered":"<p>[vc_section][vc_row][vc_column][\/vc_column][\/vc_row][vc_row][vc_column][vc_single_image image=&#8221;1770&#8243; img_size=&#8221;full&#8221;][vc_empty_space][\/vc_column][\/vc_row][vc_row][vc_column css=&#8221;.vc_custom_1631056090624{margin-right: -100px !important;}&#8221;][vc_custom_heading text=&#8221;\u00bfSabes qu\u00e9 es el acceso remoto?&#8221; font_container=&#8221;tag:h2|text_align:center&#8221; google_fonts=&#8221;font_family:Roboto%3A100%2C100italic%2C300%2C300italic%2Cregular%2Citalic%2C500%2C500italic%2C700%2C700italic%2C900%2C900italic|font_style:500%20bold%20regular%3A500%3Anormal&#8221;][vc_column_text] Es un servicio que te ofrece la Biblioteca Digital UNAM, el &hellip; <\/p>\n","protected":false},"author":1,"featured_media":0,"parent":0,"menu_order":0,"comment_status":"closed","ping_status":"closed","template":"","meta":{"footnotes":""},"class_list":["post-1899","page","type-page","status-publish","hentry","latest_post"],"aioseo_notices":[],"publishpress_future_action":{"enabled":false,"date":"2026-05-21 08:33:25","action":"change-status","newStatus":"draft","terms":[],"taxonomy":"","extraData":[]},"publishpress_future_workflow_manual_trigger":{"enabledWorkflows":[]},"_links":{"self":[{"href":"https:\/\/www.feno.unam.mx\/index.php\/wp-json\/wp\/v2\/pages\/1899","targetHints":{"allow":["GET"]}}],"collection":[{"href":"https:\/\/www.feno.unam.mx\/index.php\/wp-json\/wp\/v2\/pages"}],"about":[{"href":"https:\/\/www.feno.unam.mx\/index.php\/wp-json\/wp\/v2\/types\/page"}],"author":[{"embeddable":true,"href":"https:\/\/www.feno.unam.mx\/index.php\/wp-json\/wp\/v2\/users\/1"}],"replies":[{"embeddable":true,"href":"https:\/\/www.feno.unam.mx\/index.php\/wp-json\/wp\/v2\/comments?post=1899"}],"version-history":[{"count":15,"href":"https:\/\/www.feno.unam.mx\/index.php\/wp-json\/wp\/v2\/pages\/1899\/revisions"}],"predecessor-version":[{"id":5416,"href":"https:\/\/www.feno.unam.mx\/index.php\/wp-json\/wp\/v2\/pages\/1899\/revisions\/5416"}],"wp:attachment":[{"href":"https:\/\/www.feno.unam.mx\/index.php\/wp-json\/wp\/v2\/media?parent=1899"}],"curies":[{"name":"wp","href":"https:\/\/api.w.org\/{rel}","templated":true}]}}