{"id":1872,"date":"2021-09-09T01:04:59","date_gmt":"2021-09-09T01:04:59","guid":{"rendered":"https:\/\/web.eneo.unam.mx\/?page_id=1872"},"modified":"2024-04-19T20:19:35","modified_gmt":"2024-04-19T20:19:35","slug":"comision-de-biblioteca","status":"publish","type":"page","link":"https:\/\/www.feno.unam.mx\/index.php\/biblioteca\/comision-de-biblioteca\/","title":{"rendered":"Comisi\u00f3n de biblioteca"},"content":{"rendered":"<p>[vc_section][vc_row][vc_column][vc_single_image image=&#8221;259&#8243; img_size=&#8221;full&#8221;][vc_empty_space][vc_row_inner][vc_column_inner width=&#8221;1\/5&#8243;][vc_single_image image=&#8221;1864&#8243; img_size=&#8221;full&#8221; onclick=&#8221;custom_link&#8221; css_animation=&#8221;flipInX&#8221; link=&#8221;https:\/\/web.eneo.unam.mx\/index.php\/biblioteca\/acerca-de\/&#8221;][\/vc_column_inner][vc_column_inner width=&#8221;1\/5&#8243;][vc_single_image image=&#8221;1859&#8243; img_size=&#8221;full&#8221; onclick=&#8221;custom_link&#8221; css_animation=&#8221;flipInX&#8221; link=&#8221;https:\/\/web.eneo.unam.mx\/index.php\/biblioteca\/comision-de-biblioteca\/&#8221;][\/vc_column_inner][vc_column_inner width=&#8221;1\/5&#8243;][vc_single_image image=&#8221;1860&#8243; img_size=&#8221;full&#8221; onclick=&#8221;custom_link&#8221; css_animation=&#8221;flipInX&#8221; link=&#8221;https:\/\/web.eneo.unam.mx\/index.php\/biblioteca\/quienes-somos\/&#8221;][\/vc_column_inner][vc_column_inner width=&#8221;1\/5&#8243;][vc_single_image image=&#8221;1861&#8243; img_size=&#8221;full&#8221; onclick=&#8221;custom_link&#8221; css_animation=&#8221;flipInX&#8221; link=&#8221;https:\/\/web.eneo.unam.mx\/index.php\/biblioteca\/normatividad\/&#8221;][\/vc_column_inner][vc_column_inner width=&#8221;1\/5&#8243;][vc_single_image image=&#8221;1862&#8243; img_size=&#8221;full&#8221; onclick=&#8221;custom_link&#8221; css_animation=&#8221;flipInX&#8221; link=&#8221;https:\/\/web.eneo.unam.mx\/index.php\/biblioteca\/condiciones-de-seguridad-e-higiene\/&#8221;][\/vc_column_inner][\/vc_row_inner][vc_empty_space][vc_custom_heading text=&#8221;Comisi\u00f3n de biblioteca&#8221; font_container=&#8221;tag:h2|text_align:center&#8221; google_fonts=&#8221;font_family:Roboto%3A100%2C100italic%2C300%2C300italic%2Cregular%2Citalic%2C500%2C500italic%2C700%2C700italic%2C900%2C900italic|font_style:500%20bold%20regular%3A500%3Anormal&#8221;][\/vc_column][\/vc_row][vc_row][vc_column width=&#8221;1\/6&#8243;][\/vc_column][vc_column width=&#8221;2\/3&#8243;][vc_column_text]<\/p>\n<p class=\"p1\" style=\"text-align: center;\"><strong>Mtra. Rosa Amarilis Z\u00e1rate Grajales<\/strong><\/p>\n<p class=\"p1\" style=\"text-align: center;\">Presidente de la Comisi\u00f3n<\/p>\n<p class=\"p1\" style=\"text-align: center;\"><strong>Dra. Rosa Ma. Ostigu\u00edn Mel\u00e9ndez<\/strong><\/p>\n<p class=\"p1\" style=\"text-align: center;\">Secretar\u00eda General<\/p>\n<p class=\"p1\" style=\"text-align: center;\"><strong>Mtra. Teresa S\u00e1nchez Estrada<\/strong><\/p>\n<p class=\"p1\" style=\"text-align: center;\">Responsable acad\u00e9mica<\/p>\n<p class=\"p1\" style=\"text-align: center;\"><strong>&#8211;<\/strong><\/p>\n<p class=\"p1\" style=\"text-align: center;\">Jefe de Biblioteca<\/p>\n<p class=\"p1\" style=\"text-align: center;\"><strong>Mtra. Lisethe Jim\u00e9nez Santiago<\/strong><\/p>\n<p class=\"p1\" style=\"text-align: center;\">Divisi\u00f3n de Estudios Profesionales<\/p>\n<p class=\"p1\" style=\"text-align: center;\"><strong>Mtra. Guadalupe Adriana Lara Ramos<\/strong><\/p>\n<p class=\"p1\" style=\"text-align: center;\">Divisi\u00f3n de Estudios de Posgrado<\/p>\n<p class=\"p1\" style=\"text-align: center;\"><strong>Mtra. Ana Isabel Peralta Tovar<\/strong><\/p>\n<p class=\"p1\" style=\"text-align: center;\">Sistema de Universidad Abierto y Educaci\u00f3n a Distancia SUAyED<\/p>\n<p class=\"p1\" style=\"text-align: center;\"><strong>Lic. Mar\u00eda Guadalupe de Santiago Figueroa<\/strong><\/p>\n<p class=\"p1\" style=\"text-align: center;\">Divisi\u00f3n de Educaci\u00f3n Continua y Extensi\u00f3n Universitaria<\/p>\n<p class=\"p1\" style=\"text-align: center;\"><strong>Mtra. Roc\u00edo Amador Aguilar<\/strong><\/p>\n<p class=\"p1\" style=\"text-align: center;\">Representante de T\u00e9cnicos Acad\u00e9micos<\/p>\n<p class=\"p1\" style=\"text-align: center;\"><strong>C. Martha Cadena Valverde<\/strong><\/p>\n<p class=\"p1\" style=\"text-align: center;\">Bibliotecaria FENO<\/p>\n<p class=\"p1\" style=\"text-align: center;\"><strong>Daniel Cabrera Rivera<\/strong><\/p>\n<p class=\"p1\" style=\"text-align: center;\">Alumno FENO<\/p>\n<p>[\/vc_column_text][\/vc_column][vc_column width=&#8221;1\/6&#8243;][\/vc_column][\/vc_row][vc_row][vc_column][vc_empty_space][\/vc_column][\/vc_row][\/vc_section][vc_row][vc_column][vc_row_inner][vc_column_inner width=&#8221;1\/4&#8243;][vc_single_image image=&#8221;1754&#8243; img_size=&#8221;large&#8221; onclick=&#8221;custom_link&#8221; img_link_target=&#8221;_blank&#8221; css_animation=&#8221;fadeInDown&#8221; link=&#8221;https:\/\/bidi.unam.mx\/&#8221;][\/vc_column_inner][vc_column_inner width=&#8221;1\/4&#8243;][vc_single_image image=&#8221;1756&#8243; img_size=&#8221;large&#8221; onclick=&#8221;custom_link&#8221; img_link_target=&#8221;_blank&#8221; css_animation=&#8221;fadeInDown&#8221; link=&#8221;https:\/\/tesiunam.dgb.unam.mx\/F?func=find-b-0&amp;local_base=TES01&#8243;][\/vc_column_inner][vc_column_inner width=&#8221;1\/4&#8243;][vc_single_image image=&#8221;1757&#8243; img_size=&#8221;large&#8221; onclick=&#8221;custom_link&#8221; img_link_target=&#8221;_blank&#8221; css_animation=&#8221;fadeInDown&#8221;][\/vc_column_inner][vc_column_inner width=&#8221;1\/4&#8243;][vc_single_image image=&#8221;1773&#8243; img_size=&#8221;large&#8221; onclick=&#8221;custom_link&#8221; img_link_target=&#8221;_blank&#8221; css_animation=&#8221;fadeInDown&#8221; link=&#8221;http:\/\/www.revista-enfermeria.unam.mx\/ojs\/index.php\/enfermeriauniversitaria&#8221;][\/vc_column_inner][\/vc_row_inner][\/vc_column][\/vc_row][vc_row][vc_column][vc_empty_space][vc_single_image image=&#8221;1867&#8243; img_size=&#8221;full&#8221; alignment=&#8221;center&#8221; onclick=&#8221;custom_link&#8221; css_animation=&#8221;fadeInDown&#8221; link=&#8221;https:\/\/web.eneo.unam.mx\/index.php\/biblioteca&#8221;][\/vc_column][\/vc_row][vc_row][vc_column][vc_empty_space][vc_single_image image=&#8221;1520&#8243; img_size=&#8221;1300&#215;300&#8243; alignment=&#8221;center&#8221;][\/vc_column][\/vc_row]<\/p>\n","protected":false},"excerpt":{"rendered":"<p>[vc_section][vc_row][vc_column][vc_single_image image=&#8221;259&#8243; img_size=&#8221;full&#8221;][vc_empty_space][vc_row_inner][vc_column_inner width=&#8221;1\/5&#8243;][vc_single_image image=&#8221;1864&#8243; img_size=&#8221;full&#8221; onclick=&#8221;custom_link&#8221; css_animation=&#8221;flipInX&#8221; link=&#8221;https:\/\/web.eneo.unam.mx\/index.php\/biblioteca\/acerca-de\/&#8221;][\/vc_column_inner][vc_column_inner width=&#8221;1\/5&#8243;][vc_single_image image=&#8221;1859&#8243; img_size=&#8221;full&#8221; onclick=&#8221;custom_link&#8221; css_animation=&#8221;flipInX&#8221; link=&#8221;https:\/\/web.eneo.unam.mx\/index.php\/biblioteca\/comision-de-biblioteca\/&#8221;][\/vc_column_inner][vc_column_inner width=&#8221;1\/5&#8243;][vc_single_image image=&#8221;1860&#8243; img_size=&#8221;full&#8221; onclick=&#8221;custom_link&#8221; css_animation=&#8221;flipInX&#8221; link=&#8221;https:\/\/web.eneo.unam.mx\/index.php\/biblioteca\/quienes-somos\/&#8221;][\/vc_column_inner][vc_column_inner width=&#8221;1\/5&#8243;][vc_single_image image=&#8221;1861&#8243; img_size=&#8221;full&#8221; onclick=&#8221;custom_link&#8221; &hellip; <\/p>\n","protected":false},"author":1,"featured_media":0,"parent":1748,"menu_order":0,"comment_status":"closed","ping_status":"closed","template":"","meta":{"footnotes":""},"class_list":["post-1872","page","type-page","status-publish","hentry","latest_post"],"aioseo_notices":[],"publishpress_future_action":{"enabled":false,"date":"2026-05-21 17:01:14","action":"change-status","newStatus":"draft","terms":[],"taxonomy":"","extraData":[]},"publishpress_future_workflow_manual_trigger":{"enabledWorkflows":[]},"_links":{"self":[{"href":"https:\/\/www.feno.unam.mx\/index.php\/wp-json\/wp\/v2\/pages\/1872","targetHints":{"allow":["GET"]}}],"collection":[{"href":"https:\/\/www.feno.unam.mx\/index.php\/wp-json\/wp\/v2\/pages"}],"about":[{"href":"https:\/\/www.feno.unam.mx\/index.php\/wp-json\/wp\/v2\/types\/page"}],"author":[{"embeddable":true,"href":"https:\/\/www.feno.unam.mx\/index.php\/wp-json\/wp\/v2\/users\/1"}],"replies":[{"embeddable":true,"href":"https:\/\/www.feno.unam.mx\/index.php\/wp-json\/wp\/v2\/comments?post=1872"}],"version-history":[{"count":7,"href":"https:\/\/www.feno.unam.mx\/index.php\/wp-json\/wp\/v2\/pages\/1872\/revisions"}],"predecessor-version":[{"id":11965,"href":"https:\/\/www.feno.unam.mx\/index.php\/wp-json\/wp\/v2\/pages\/1872\/revisions\/11965"}],"up":[{"embeddable":true,"href":"https:\/\/www.feno.unam.mx\/index.php\/wp-json\/wp\/v2\/pages\/1748"}],"wp:attachment":[{"href":"https:\/\/www.feno.unam.mx\/index.php\/wp-json\/wp\/v2\/media?parent=1872"}],"curies":[{"name":"wp","href":"https:\/\/api.w.org\/{rel}","templated":true}]}}