{"id":1799,"date":"2021-09-08T16:10:42","date_gmt":"2021-09-08T16:10:42","guid":{"rendered":"https:\/\/web.eneo.unam.mx\/?page_id=1799"},"modified":"2024-11-14T16:48:28","modified_gmt":"2024-11-14T16:48:28","slug":"acerca-de","status":"publish","type":"page","link":"https:\/\/www.feno.unam.mx\/index.php\/biblioteca\/acerca-de\/","title":{"rendered":"Acerca de"},"content":{"rendered":"<p>[vc_section][vc_row][vc_column][vc_single_image image=&#8221;259&#8243; img_size=&#8221;full&#8221;][vc_empty_space][vc_row_inner][vc_column_inner width=&#8221;1\/5&#8243;][\/vc_column_inner][vc_column_inner width=&#8221;1\/5&#8243;][vc_single_image image=&#8221;1864&#8243; img_size=&#8221;full&#8221; onclick=&#8221;custom_link&#8221; css_animation=&#8221;flipInX&#8221; link=&#8221;https:\/\/web.eneo.unam.mx\/index.php\/biblioteca\/acerca-de\/&#8221; el_class=&#8221;hvr-push&#8221;][\/vc_column_inner][vc_column_inner width=&#8221;1\/5&#8243;][\/vc_column_inner][vc_column_inner width=&#8221;1\/5&#8243;][vc_single_image image=&#8221;1861&#8243; img_size=&#8221;full&#8221; onclick=&#8221;custom_link&#8221; css_animation=&#8221;flipInX&#8221; link=&#8221;https:\/\/web.eneo.unam.mx\/index.php\/biblioteca\/normatividad\/&#8221; el_class=&#8221;hvr-push&#8221;][\/vc_column_inner][vc_column_inner width=&#8221;1\/5&#8243;][\/vc_column_inner][\/vc_row_inner][vc_empty_space][vc_custom_heading text=&#8221;Nuestra historia&#8221; font_container=&#8221;tag:h2|text_align:center&#8221; google_fonts=&#8221;font_family:Roboto%3A100%2C100italic%2C300%2C300italic%2Cregular%2Citalic%2C500%2C500italic%2C700%2C700italic%2C900%2C900italic|font_style:500%20bold%20regular%3A500%3Anormal&#8221;][\/vc_column][\/vc_row][vc_row][vc_column width=&#8221;1\/2&#8243;][vc_column_text]<\/p>\n<p style=\"text-align: justify; font-size: 18px; font-family: Roboto;\">Despu\u00e9s de 34 a\u00f1os de dependencia de la Facultad de Medicina, en 1945 los doctores Cayetano Quintanilla y Everardo Landa lograron la Autonom\u00eda de la Escuela de Enfermer\u00eda. Siendo primer director como Escuela Aut\u00f3noma el doctor Everardo Landa 1945-1948.<\/p>\n<p style=\"text-align: justify; font-size: 18px; font-family: Roboto;\">En marzo de 1947 la Escuela Nacional de Enfermer\u00eda inicia la b\u00fasqueda de un local para la escuela en el Centro de la ciudad, adem\u00e1s se hacen adquisiciones de instrumental, proyectores, y libros para formar la biblioteca. El 13 de enero de 1949, se contrata por primera vez a un empleado que laborar\u00e1 en el turno vespertino y se har\u00e1 cargo de la biblioteca aument\u00e1ndose adem\u00e1s la partida correspondiente al material de laboratorio y de la Biblioteca, se inicia la misma con donaciones de profesores y de la Embajada Americana.<\/p>\n<p>[\/vc_column_text][\/vc_column][vc_column width=&#8221;1\/2&#8243;][vc_single_image image=&#8221;292&#8243; img_size=&#8221;full&#8221;][\/vc_column][\/vc_row][vc_row][vc_column width=&#8221;1\/4&#8243; css=&#8221;.vc_custom_1631141876205{margin-right: 10px !important;}&#8221;][vc_single_image image=&#8221;1835&#8243; img_size=&#8221;full&#8221; alignment=&#8221;center&#8221;][vc_column_text]<\/p>\n<p style=\"font-size: 14px; font-family: Roboto; text-align: center;\"><strong>Mtra. Graciela Arroyo de Cordero.<\/strong><\/p>\n<p style=\"font-size: 12px; font-family: Roboto; text-align: center;\">Directora de la ENEO. 1987-1990<\/p>\n<p>[\/vc_column_text][\/vc_column][vc_column width=&#8221;3\/4&#8243;][vc_column_text css=&#8221;.vc_custom_1631143396594{margin-left: -20px !important;}&#8221;]<\/p>\n<p style=\"text-align: justify; font-size: 18px; font-family: Roboto;\">Se obtiene para la Escuela algunas aulas en el edificio de la Facultad de Medicina ubicado en Brasil n\u00famero 35, donde permaneci\u00f3 la ENEO 21 a\u00f1os desde 1958 hasta 1979, en marzo de 1978, se inicia la nueva construcci\u00f3n donde hoy se encuentra situada, en Camino Viejo a Xochimilco y Perif\u00e9rico, en ese mismo a\u00f1o se inaugura el nuevo edificio de la Escuela Nacional de Enfermer\u00eda y Obstetricia el 12 de julio de 1979, presidiendo el acto el Dr. Guillermo Sober\u00f3n Acevedo, Rector de la Universidad Nacional Aut\u00f3noma de M\u00e9xico, y el mismo mes abre sus puertas el Centro Documental y Biblioteca \u201cDr. Eduardo Liceaga\u201d. La reapertura de este Centro Documental se efectu\u00f3 el d\u00eda 31 de julio de 1986, ante la presencia del doctor Jos\u00e9 Narro Robles, entonces Secretario General de la UNAM con un importante incremento de acervo, as\u00ed como un mejor acondicionamiento para los usuarios.<\/p>\n<p style=\"text-align: justify; font-size: 18px; font-family: Roboto;\">En enero de 1987 es designada directora la Licenciada Graciela Arroyo de Cordero para el per\u00edodo 1987-1990 y comienza un intenso per\u00edodo de actividades para mejorar e incrementar tanto el espacio f\u00edsico como el acervo de la Biblioteca, de esa manera se inicia una nueva \u00e9poca para nuestra biblioteca en su segundo periodo de gesti\u00f3n en el a\u00f1o 1992, la maestra Graciela Arroyo de Cordero promueve la construcci\u00f3n de su nueva planta f\u00edsica para albergar la biblioteca que inaugura el doctor Sarukh\u00e1n en abril de 1992.<\/p>\n<p>[\/vc_column_text][\/vc_column][\/vc_row][vc_row][vc_column][vc_row_inner][vc_column_inner][vc_column_text]<\/p>\n<p style=\"text-align: justify; font-size: 18px; font-family: Roboto;\">Para 1993 se continu\u00f3 con la promoci\u00f3n de los servicios con estanter\u00eda abierta, asesor\u00eda a los usuarios, fotocopiado, hemeroteca, laboratorio de c\u00f3mputo, m\u00e1quinas de escribir y cub\u00edculos establecidos en las nuevas instalaciones de la Biblioteca. Especial atenci\u00f3n se dio a la actualizaci\u00f3n del material bibliogr\u00e1fico para lograr que la Biblioteca de la ENEO sea la m\u00e1s importante del pa\u00eds logrando en el a\u00f1o de 1996 la automatizaci\u00f3n de la biblioteca.<\/p>\n<p style=\"text-align: justify; font-size: 18px; font-family: Roboto;\">Durante la gesti\u00f3n del licenciado Severino Rubio Dom\u00ednguez como director de la Escuela Nacional de Enfermer\u00eda y Obstetricia, el 9 de diciembre del 2003 el H. Consejo T\u00e9cnico de la ENEO gestion\u00f3 ante la D.G.B. que la Biblioteca de la ENEO lleve el nombre de la Maestra \u201cGraciela Arroyo de Cordero\u201d en honor a la destacada labor que realiz\u00f3 a lo largo de su carrera profesional como enfermera. El a\u00f1o 2010 es sin duda trascendental para la biblioteca, transcurridos 18 a\u00f1os de que fue inaugurado este edificio para albergar a la biblioteca, se inici\u00f3 un trabajo de ampliaci\u00f3n, remodelaci\u00f3n y equipamiento necesarios para ofrecer un servicio \u00f3ptimo a los usuarios, a partir de su reinauguraci\u00f3n realizada el d\u00eda 8 de marzo del presente, la biblioteca ofrece a los usuarios una nueva distribuci\u00f3n de las colecciones y estanter\u00eda, espacios m\u00e1s amplios y adecuados para el estudio, se edific\u00f3 la entrada principal, ofreciendo un espacio para lectura individual, se adquiri\u00f3 mobiliario confortable para una mayor capacidad de usuarios y equipos para consulta a materiales en l\u00ednea.<\/p>\n<p>[\/vc_column_text][\/vc_column_inner][\/vc_row_inner][vc_row_inner][vc_column_inner][vc_single_image image=&#8221;1841&#8243; img_size=&#8221;1000&#215;400&#8243; alignment=&#8221;center&#8221;][\/vc_column_inner][\/vc_row_inner][vc_row_inner][vc_column_inner][vc_column_text]<\/p>\n<p style=\"text-align: justify; font-size: 22px; font-family: Roboto;\"><strong>Mtra. Graciela Arroyo de Cordero<\/strong><\/p>\n<p style=\"text-align: left; font-size: 18px; font-family: Roboto;\">Debido a su formaci\u00f3n, trayectoria y desempe\u00f1o a favor de la enfermer\u00eda en M\u00e9xico se le rinde reconocimiento al nombrar la biblioteca de la ENEO con su nombre, este homenaje obedece a su trayectoria acad\u00e9mica dentro de la escuela, pero adem\u00e1s a que ha sido una destacada enfermera y profesora de la escuela, merecedora de premios y distinciones que solo se otorgan a aquellos que siempre han pugnado por el mejoramiento de su entorno y de su profesi\u00f3n con un gran sentido y compromiso social.<\/p>\n<p style=\"text-align: justify; font-size: 18px; font-family: Roboto;\">La maestra Graciela Arroyo de Cordero (1934 &#8211; 2005), fue originaria de la Ciudad de M\u00e9xico, en el a\u00f1o 1951 inici\u00f3 sus estudios de enfermer\u00eda de nivel t\u00e9cnico en el Instituto Mexicano de Enfermeras incorporado a la Universidad Nacional Aut\u00f3noma de M\u00e9xico (UNAM), en 1954 recibi\u00f3 su t\u00edtulo y c\u00e9dula profesional. En 1961 obtiene el nivel de especialista en Salud P\u00fablica, en 1979 obtiene el t\u00edtulo de licenciada en Enfermer\u00eda por la UAM, en 1981-82 obtiene la maestr\u00eda en Educaci\u00f3n Superior en la Facultad de Filosof\u00eda y Letras de la UNAM.<\/p>\n<p>[\/vc_column_text][\/vc_column_inner][\/vc_row_inner][vc_row_inner][vc_column_inner width=&#8221;1\/4&#8243;][vc_single_image image=&#8221;1846&#8243; img_size=&#8221;full&#8221; alignment=&#8221;center&#8221;][\/vc_column_inner][vc_column_inner width=&#8221;3\/4&#8243;][vc_column_text css=&#8221;.vc_custom_1682368318074{margin-left: -30px !important;}&#8221;]<\/p>\n<p style=\"text-align: justify; font-size: 18px; font-family: Roboto;\">Inici\u00f3 su ejercicio profesional como enfermera cl\u00ednica y sanitarista, desarroll\u00e1ndose en la carrera magisterial, en la que asumi\u00f3 los cargos de: profesora, coordinadora de \u00e1rea, Secretaria Acad\u00e9mica, Directora de la Escuela Nacional de Enfermer\u00eda y Obstetricia de 1987 a 1995 y Coordinadora de la Comisi\u00f3n Interinstitucional de Enfermer\u00eda.<\/p>\n<p style=\"text-align: justify; font-size: 18px; font-family: Roboto;\">Fue la primera enfermera que form\u00f3 parte del Consejo Universitario. En este \u00faltimo cargo consolid\u00f3 el ingreso a la Licenciatura en a\u00f1os posteriores al primero, impuls\u00f3 modelos innovadores de servicios de enfermer\u00eda en atenci\u00f3n comunitaria, en beneficio del ejercicio aut\u00f3nomo de la profesi\u00f3n, fundando el Centro de Atenci\u00f3n Comunitaria de Atenci\u00f3n Primaria y el Centro de Investigaci\u00f3n Materno Infantil. Gestion\u00f3 programas de intercambio acad\u00e9mico a nivel internacional y sent\u00f3 las bases para la formaci\u00f3n de posgrado en la ENEO. Implement\u00f3 y dirigi\u00f3 el programa de est\u00edmulos a la productividad y eficiencia a favor del personal de Enfermer\u00eda a nivel nacional. Durante m\u00e1s de 50 a\u00f1os de ejercicio profesional se distingui\u00f3 como enfermera en la asistencia, docencia en la investigaci\u00f3n y en la administraci\u00f3n demostrando un gran talento, compromiso y calidad humana.<\/p>\n<p>Actualmente la ENEO se ha transformado en facultad, tomando el nombre de &#8220;Facultad de Enfermer\u00eda\u00a0 y Obstetricia&#8221; (FENO)[\/vc_column_text][vc_empty_space][\/vc_column_inner][\/vc_row_inner][\/vc_column][\/vc_row][\/vc_section][vc_row][vc_column][vc_row_inner][vc_column_inner width=&#8221;1\/5&#8243;][vc_single_image image=&#8221;5414&#8243; img_size=&#8221;large&#8221; onclick=&#8221;custom_link&#8221; img_link_target=&#8221;_blank&#8221; css_animation=&#8221;fadeInDown&#8221; link=&#8221;https:\/\/eneo.bibliotecas.unam.mx\/&#8221; el_class=&#8221;hvr-push&#8221;][\/vc_column_inner][vc_column_inner width=&#8221;1\/5&#8243;][vc_single_image image=&#8221;1754&#8243; img_size=&#8221;large&#8221; onclick=&#8221;custom_link&#8221; img_link_target=&#8221;_blank&#8221; css_animation=&#8221;fadeInDown&#8221; link=&#8221;https:\/\/bidi.unam.mx\/&#8221; el_class=&#8221;hvr-push&#8221;][\/vc_column_inner][vc_column_inner width=&#8221;1\/5&#8243;][vc_single_image image=&#8221;1756&#8243; img_size=&#8221;large&#8221; onclick=&#8221;custom_link&#8221; img_link_target=&#8221;_blank&#8221; css_animation=&#8221;fadeInDown&#8221; link=&#8221;https:\/\/tesiunam.dgb.unam.mx\/F?func=find-b-0&amp;local_base=TES01&#8243; el_class=&#8221;hvr-push&#8221;][\/vc_column_inner][vc_column_inner width=&#8221;1\/5&#8243;][vc_single_image image=&#8221;1757&#8243; img_size=&#8221;large&#8221; onclick=&#8221;custom_link&#8221; img_link_target=&#8221;_blank&#8221; css_animation=&#8221;fadeInDown&#8221; el_class=&#8221;hvr-push&#8221; link=&#8221;https:\/\/web.eneo.unam.mx\/index.php\/biblioteca\/bases-de-datos\/&#8221;][\/vc_column_inner][vc_column_inner width=&#8221;1\/5&#8243;][vc_single_image image=&#8221;1773&#8243; img_size=&#8221;large&#8221; onclick=&#8221;custom_link&#8221; img_link_target=&#8221;_blank&#8221; css_animation=&#8221;fadeInDown&#8221; link=&#8221;http:\/\/www.revista-enfermeria.unam.mx\/ojs\/index.php\/enfermeriauniversitaria&#8221; el_class=&#8221;hvr-push&#8221;][\/vc_column_inner][\/vc_row_inner][\/vc_column][\/vc_row][vc_row][vc_column][vc_empty_space][vc_single_image image=&#8221;1867&#8243; img_size=&#8221;full&#8221; alignment=&#8221;center&#8221; onclick=&#8221;custom_link&#8221; css_animation=&#8221;fadeInDown&#8221; link=&#8221;https:\/\/web.eneo.unam.mx\/index.php\/biblioteca&#8221; el_class=&#8221;hvr-push&#8221;][\/vc_column][\/vc_row][vc_row][vc_column][vc_empty_space][vc_single_image image=&#8221;5264&#8243; img_size=&#8221;1300&#215;300&#8243; alignment=&#8221;center&#8221;][\/vc_column][\/vc_row]<\/p>\n","protected":false},"excerpt":{"rendered":"<p>[vc_section][vc_row][vc_column][vc_single_image image=&#8221;259&#8243; img_size=&#8221;full&#8221;][vc_empty_space][vc_row_inner][vc_column_inner width=&#8221;1\/5&#8243;][\/vc_column_inner][vc_column_inner width=&#8221;1\/5&#8243;][vc_single_image image=&#8221;1864&#8243; img_size=&#8221;full&#8221; onclick=&#8221;custom_link&#8221; css_animation=&#8221;flipInX&#8221; link=&#8221;https:\/\/web.eneo.unam.mx\/index.php\/biblioteca\/acerca-de\/&#8221; el_class=&#8221;hvr-push&#8221;][\/vc_column_inner][vc_column_inner width=&#8221;1\/5&#8243;][\/vc_column_inner][vc_column_inner width=&#8221;1\/5&#8243;][vc_single_image image=&#8221;1861&#8243; img_size=&#8221;full&#8221; onclick=&#8221;custom_link&#8221; css_animation=&#8221;flipInX&#8221; link=&#8221;https:\/\/web.eneo.unam.mx\/index.php\/biblioteca\/normatividad\/&#8221; el_class=&#8221;hvr-push&#8221;][\/vc_column_inner][vc_column_inner width=&#8221;1\/5&#8243;][\/vc_column_inner][\/vc_row_inner][vc_empty_space][vc_custom_heading text=&#8221;Nuestra historia&#8221; font_container=&#8221;tag:h2|text_align:center&#8221; google_fonts=&#8221;font_family:Roboto%3A100%2C100italic%2C300%2C300italic%2Cregular%2Citalic%2C500%2C500italic%2C700%2C700italic%2C900%2C900italic|font_style:500%20bold%20regular%3A500%3Anormal&#8221;][\/vc_column][\/vc_row][vc_row][vc_column width=&#8221;1\/2&#8243;][vc_column_text] &hellip; <\/p>\n","protected":false},"author":1,"featured_media":0,"parent":1748,"menu_order":0,"comment_status":"closed","ping_status":"closed","template":"","meta":{"footnotes":""},"class_list":["post-1799","page","type-page","status-publish","hentry","latest_post"],"aioseo_notices":[],"publishpress_future_action":{"enabled":false,"date":"2026-05-21 00:00:26","action":"change-status","newStatus":"draft","terms":[],"taxonomy":"","extraData":[]},"publishpress_future_workflow_manual_trigger":{"enabledWorkflows":[]},"_links":{"self":[{"href":"https:\/\/www.feno.unam.mx\/index.php\/wp-json\/wp\/v2\/pages\/1799","targetHints":{"allow":["GET"]}}],"collection":[{"href":"https:\/\/www.feno.unam.mx\/index.php\/wp-json\/wp\/v2\/pages"}],"about":[{"href":"https:\/\/www.feno.unam.mx\/index.php\/wp-json\/wp\/v2\/types\/page"}],"author":[{"embeddable":true,"href":"https:\/\/www.feno.unam.mx\/index.php\/wp-json\/wp\/v2\/users\/1"}],"replies":[{"embeddable":true,"href":"https:\/\/www.feno.unam.mx\/index.php\/wp-json\/wp\/v2\/comments?post=1799"}],"version-history":[{"count":33,"href":"https:\/\/www.feno.unam.mx\/index.php\/wp-json\/wp\/v2\/pages\/1799\/revisions"}],"predecessor-version":[{"id":13452,"href":"https:\/\/www.feno.unam.mx\/index.php\/wp-json\/wp\/v2\/pages\/1799\/revisions\/13452"}],"up":[{"embeddable":true,"href":"https:\/\/www.feno.unam.mx\/index.php\/wp-json\/wp\/v2\/pages\/1748"}],"wp:attachment":[{"href":"https:\/\/www.feno.unam.mx\/index.php\/wp-json\/wp\/v2\/media?parent=1799"}],"curies":[{"name":"wp","href":"https:\/\/api.w.org\/{rel}","templated":true}]}}