{"id":1748,"date":"2021-09-08T04:50:07","date_gmt":"2021-09-08T04:50:07","guid":{"rendered":"https:\/\/web.eneo.unam.mx\/?page_id=1748"},"modified":"2025-07-31T21:52:35","modified_gmt":"2025-07-31T21:52:35","slug":"biblioteca","status":"publish","type":"page","link":"https:\/\/www.feno.unam.mx\/index.php\/biblioteca\/","title":{"rendered":"Biblioteca"},"content":{"rendered":"<p>[vc_section][vc_row][vc_column][\/vc_column][\/vc_row][vc_row][vc_column][vc_single_image image=&#8221;1770&#8243; img_size=&#8221;full&#8221;][vc_custom_heading text=&#8221;Biblioteca &#8220;Graciela Arroyo de Cordero&#8220;&#8221; font_container=&#8221;tag:h2|text_align:center&#8221; google_fonts=&#8221;font_family:Roboto%3A100%2C100italic%2C300%2C300italic%2Cregular%2Citalic%2C500%2C500italic%2C700%2C700italic%2C900%2C900italic|font_style:500%20bold%20regular%3A500%3Anormal&#8221;][vc_empty_space][vc_custom_heading text=&#8221;NOVEDADES&#8221; font_container=&#8221;tag:h2|text_align:center&#8221; google_fonts=&#8221;font_family:Roboto%3A100%2C100italic%2C300%2C300italic%2Cregular%2Citalic%2C500%2C500italic%2C700%2C700italic%2C900%2C900italic|font_style:500%20bold%20regular%3A500%3Anormal&#8221;][vc_column_text]<\/p>\n<div><\/div>\n<p>[\/vc_column_text][vc_empty_space][vc_row_inner][vc_column_inner][vc_single_image image=&#8221;1857&#8243; img_size=&#8221;1200X200&#8243;][\/vc_column_inner][\/vc_row_inner][vc_empty_space][vc_row_inner][vc_column_inner width=&#8221;1\/5&#8243;][vc_single_image image=&#8221;5414&#8243; img_size=&#8221;large&#8221; onclick=&#8221;custom_link&#8221; img_link_target=&#8221;_blank&#8221; css_animation=&#8221;fadeInDown&#8221; link=&#8221;https:\/\/eneo.bibliotecas.unam.mx\/&#8221; el_class=&#8221;hvr-push&#8221;][\/vc_column_inner][vc_column_inner width=&#8221;1\/5&#8243;][vc_single_image image=&#8221;1754&#8243; img_size=&#8221;large&#8221; onclick=&#8221;custom_link&#8221; img_link_target=&#8221;_blank&#8221; css_animation=&#8221;fadeInDown&#8221; link=&#8221;https:\/\/bidi.unam.mx\/&#8221; el_class=&#8221;hvr-push&#8221;][\/vc_column_inner][vc_column_inner width=&#8221;1\/5&#8243;][vc_single_image image=&#8221;1756&#8243; img_size=&#8221;large&#8221; onclick=&#8221;custom_link&#8221; img_link_target=&#8221;_blank&#8221; css_animation=&#8221;fadeInDown&#8221; link=&#8221;https:\/\/tesiunam.dgb.unam.mx\/F?func=find-b-0&amp;local_base=TES01&#8243; el_class=&#8221;hvr-push&#8221;][\/vc_column_inner][vc_column_inner width=&#8221;1\/5&#8243;][vc_single_image image=&#8221;1757&#8243; img_size=&#8221;large&#8221; onclick=&#8221;custom_link&#8221; img_link_target=&#8221;_blank&#8221; css_animation=&#8221;fadeInDown&#8221; link=&#8221;https:\/\/web.eneo.unam.mx\/index.php\/biblioteca\/bases-de-datos\/&#8221; el_class=&#8221;hvr-push&#8221;][\/vc_column_inner][vc_column_inner width=&#8221;1\/5&#8243;][vc_single_image image=&#8221;1773&#8243; img_size=&#8221;large&#8221; onclick=&#8221;custom_link&#8221; img_link_target=&#8221;_blank&#8221; css_animation=&#8221;fadeInDown&#8221; link=&#8221;http:\/\/www.revista-enfermeria.unam.mx\/ojs\/index.php\/enfermeriauniversitaria&#8221; el_class=&#8221;hvr-push&#8221;][\/vc_column_inner][\/vc_row_inner][vc_row_inner][vc_column_inner width=&#8221;1\/5&#8243;][vc_column_text css_animation=&#8221;fadeIn&#8221;]<\/p>\n<p style=\"text-align: justify; font-size: 14px; font-family: Roboto;\">La Biblioteca &#8220;Graciela Arroyo de Cordero&#8221; de la Escuela Nacional de Enfermer\u00eda cuenta con colecciones Especializadas en el \u00e1rea de Enfermer\u00eda y Ciencias de la salud.<\/p>\n<p>[\/vc_column_text][\/vc_column_inner][vc_column_inner width=&#8221;1\/5&#8243; css=&#8221;.vc_custom_1631083265349{margin-top: 0px !important;margin-right: -10px !important;margin-left: -10px !important;}&#8221;][vc_column_text css_animation=&#8221;fadeIn&#8221;]<\/p>\n<p style=\"text-align: justify; font-size: 14px; font-family: Roboto;\">Biblioteca Digital es un acervo bibliogr\u00e1fico en l\u00ednea, se trata de un servicio que te brinda la universidad a trav\u00e9s de la Direcci\u00f3n General de Bibliotecas (DGB).<\/p>\n<p>[\/vc_column_text][\/vc_column_inner][vc_column_inner width=&#8221;1\/5&#8243; css=&#8221;.vc_custom_1631083273336{margin-top: 0px !important;margin-right: -10px !important;margin-left: -10px !important;}&#8221;][vc_column_text css_animation=&#8221;fadeIn&#8221;]<\/p>\n<p style=\"text-align: justify; font-size: 14px; font-family: Roboto;\">En este cat\u00e1logo podr\u00e1s localizar tesis de los sustentantes que obtuvieron un grado acad\u00e9mico en nuestra universidad: licenciatura, maestr\u00eda y doctorado.<\/p>\n<p>[\/vc_column_text][\/vc_column_inner][vc_column_inner width=&#8221;1\/5&#8243; css=&#8221;.vc_custom_1631083281459{margin-top: -0px !important;margin-right: -10px !important;margin-left: -10px !important;}&#8221;][vc_column_text css_animation=&#8221;fadeIn&#8221;]<\/p>\n<p style=\"text-align: justify; font-size: 14px; font-family: Roboto;\">En este espacio puedes acceder a algunas colecciones digitales que se han seleccionado para el \u00e1rea de enfermer\u00eda (DGB).<\/p>\n<p>[\/vc_column_text][\/vc_column_inner][vc_column_inner width=&#8221;1\/5&#8243;][vc_column_text css_animation=&#8221;fadeIn&#8221; css=&#8221;.vc_custom_1681251534826{margin-top: 0px !important;margin-right: -10px !important;margin-left: -10px !important;}&#8221;]<\/p>\n<p style=\"text-align: justify; font-size: 14px; font-family: Roboto;\">Es una revista financiada por la FENO, es de publicaci\u00f3n trimestral. Podr\u00e1s localizar art\u00edculos de investigaci\u00f3n, revisi\u00f3n, innovaci\u00f3n para la pr\u00e1ctica de enfermer\u00eda.<\/p>\n<p>[\/vc_column_text][\/vc_column_inner][\/vc_row_inner][\/vc_column][\/vc_row][\/vc_section][vc_row][vc_column][vc_custom_heading text=&#8221;Servicios&#8221; font_container=&#8221;tag:h2|text_align:center&#8221; google_fonts=&#8221;font_family:Roboto%3A100%2C100italic%2C300%2C300italic%2Cregular%2Citalic%2C500%2C500italic%2C700%2C700italic%2C900%2C900italic|font_style:500%20bold%20regular%3A500%3Anormal&#8221;][vc_row_inner][vc_column_inner width=&#8221;1\/3&#8243;][vc_single_image image=&#8221;1787&#8243; img_size=&#8221;large&#8221; onclick=&#8221;custom_link&#8221; css_animation=&#8221;fadeInDown&#8221; link=&#8221;https:\/\/web.eneo.unam.mx\/index.php\/acceso-remoto\/&#8221; el_class=&#8221;hvr-push&#8221;][\/vc_column_inner][vc_column_inner width=&#8221;1\/3&#8243;][vc_single_image image=&#8221;5243&#8243; img_size=&#8221;large&#8221; css_animation=&#8221;fadeInDown&#8221;][\/vc_column_inner][vc_column_inner width=&#8221;1\/3&#8243;][vc_single_image image=&#8221;1789&#8243; img_size=&#8221;large&#8221; css_animation=&#8221;fadeInDown&#8221;][\/vc_column_inner][\/vc_row_inner][\/vc_column][\/vc_row][vc_row][vc_column width=&#8221;1\/3&#8243;][vc_tta_accordion c_align=&#8221;center&#8221; c_icon=&#8221;chevron&#8221; active_section=&#8221;non-existing number&#8221; collapsible_all=&#8221;true&#8221;][vc_tta_section title=&#8221;\u00bfQu\u00e9 es el acceso remoto?&#8221; tab_id=&#8221;1631120259162-310d7eac-f288&#8243;][vc_column_text]<\/p>\n<p style=\"text-align: left; font-size: 18px; font-family: Roboto;\">Es un servicio que te ofrece la Biblioteca Digital UNAM, el acceso remoto por medio de una clave y contrase\u00f1a te permite acceder a todos sus recursos en l\u00ednea, fuera de la RedUNAM, los 365 d\u00edas del a\u00f1o.<\/p>\n<p><a href=\"https:\/\/web.eneo.unam.mx\/index.php\/acceso-remoto\/\">Conoce m\u00e1s<\/a>[\/vc_column_text][\/vc_tta_section][\/vc_tta_accordion][\/vc_column][vc_column width=&#8221;1\/3&#8243;][vc_tta_accordion c_align=&#8221;center&#8221; c_icon=&#8221;chevron&#8221; active_section=&#8221;non-existing number&#8221; collapsible_all=&#8221;true&#8221;][vc_tta_section title=&#8221;Asesor\u00eda acad\u00e9mica&#8221; tab_id=&#8221;1631117695435-d57b4d7c-51ca&#8221;][vc_column_text]<\/p>\n<p style=\"text-align: left; font-size: 18px; font-family: Roboto;\">El servicio brinda orientaci\u00f3n a los usuarios para que puedan desarrollar sus actividades acad\u00e9micas, permite aclarar dudas sobre los temas de estudio, adem\u00e1s de orientarlos para la obtenci\u00f3n de su clave de acceso remoto de la Direcci\u00f3n General de Bibliotecas y Servicios Digitales de Informaci\u00f3n (DGBSDI) y la utilizaci\u00f3n de los materiales bibliogr\u00e1ficos impresos y digitales, documentos y bases de datos disponibles para alcanzar los objetivos en sus trabajos de investigaci\u00f3n.<\/p>\n<p style=\"text-align: left; font-size: 22px; font-family: Roboto;\"><strong>Responsable acad\u00e9mico<\/strong><\/p>\n<p style=\"text-align: left; font-size: 18px; font-family: Roboto;\"><strong>Mtro. Javier Badillo Z\u00fa\u00f1iga<\/strong><\/p>\n<p style=\"text-align: left; font-size: 18px; font-family: Roboto;\">Correo electr\u00f3nico: <a href=\"mailto:biblioteca@feno.unam.mx\">biblioteca@feno.unam.mx<\/a><\/p>\n<p>[\/vc_column_text][\/vc_tta_section][\/vc_tta_accordion][\/vc_column][vc_column width=&#8221;1\/3&#8243;][vc_tta_accordion c_align=&#8221;center&#8221; c_icon=&#8221;chevron&#8221; active_section=&#8221;non-existing number&#8221; collapsible_all=&#8221;true&#8221;][vc_tta_section title=&#8221;Pr\u00e9stamos&#8221; tab_id=&#8221;1631125348059-ec5c044f-b553&#8243;][vc_column_text]<\/p>\n<p style=\"text-align: left; font-size: 18px; font-family: Roboto;\">Nuestra biblioteca te ofrece pr\u00e9stamos internos, externos e interbibliotecario<\/p>\n<p style=\"text-align: left; font-size: 22px; font-family: Roboto;\"><strong>Pr\u00e9stamo interno de libros (sala)<\/strong><\/p>\n<p style=\"text-align: left; font-size: 16px; font-family: Roboto;\">Mediante este servicio tienes acceso a los materiales de las colecciones de estanter\u00eda abierta y cerrada para su consulta dentro de las instalaciones de la Biblioteca.<\/p>\n<p style=\"text-align: left; font-size: 22px; font-family: Roboto;\"><strong>Pr\u00e9stamo externo de libros (a domicilio)<\/strong><\/p>\n<p style=\"text-align: left; font-size: 16px; font-family: Roboto;\">El pr\u00e9stamo a domicilio te permite llevar a casa los materiales bibliogr\u00e1ficos pertenecientes a la colecci\u00f3n general, este servicio se otorga a alumnos, funcionarios, personal acad\u00e9mico y administrativo de la dependencia.<\/p>\n<p style=\"text-align: left; font-size: 16px; font-family: Roboto;\"><strong>Requisito<\/strong>:\u00a0Tener registro vigente en sistema y presentar credencial de biblioteca.<\/p>\n<p style=\"text-align: left; font-size: 22px; font-family: Roboto;\"><strong>Pr\u00e9stamo Interbibliotecario<\/strong><\/p>\n<p style=\"text-align: left; font-size: 16px; font-family: Roboto;\">Consiste en poner a tu alcance los libros con los que no cuenta la Biblioteca de la FENO, pero que se encuentran en el acervo de otras instituciones con las que se tengan establecido el convenio de colaboraci\u00f3n para este fin. Rec\u00edprocamente se encuentra a disposici\u00f3n nuestro acervo para usuarios de otras bibliotecas con las que se tenga suscrito el convenio interbibliotecario.<\/p>\n<p style=\"text-align: left; font-size: 16px; font-family: Roboto;\"><strong>Requisito<\/strong>: Estar inscrito en el semestre vigente y presentar la credencial de alumno o credencial de la biblioteca-FENO.<\/p>\n<p>[\/vc_column_text][\/vc_tta_section][\/vc_tta_accordion][\/vc_column][\/vc_row][vc_row][vc_column][vc_empty_space][\/vc_column][vc_column][vc_row_inner][vc_column_inner width=&#8221;1\/3&#8243;][vc_single_image image=&#8221;1790&#8243; img_size=&#8221;large&#8221; css_animation=&#8221;fadeInDown&#8221;][\/vc_column_inner][vc_column_inner width=&#8221;1\/3&#8243;][vc_single_image image=&#8221;1791&#8243; img_size=&#8221;large&#8221; css_animation=&#8221;fadeInDown&#8221;][\/vc_column_inner][vc_column_inner width=&#8221;1\/3&#8243;][vc_single_image image=&#8221;1792&#8243; img_size=&#8221;large&#8221; css_animation=&#8221;fadeInDown&#8221;][\/vc_column_inner][\/vc_row_inner][\/vc_column][\/vc_row][vc_row][vc_column width=&#8221;1\/3&#8243;][vc_tta_accordion c_align=&#8221;center&#8221; c_icon=&#8221;chevron&#8221; active_section=&#8221;non-existing number&#8221; collapsible_all=&#8221;true&#8221;][vc_tta_section title=&#8221;Fotocopiado y consulta CD-ROM&#8221; tab_id=&#8221;1631125951828-ffde1d38-22e5&#8243;][vc_column_text]<\/p>\n<p style=\"text-align: left; font-size: 22px; font-family: Roboto;\"><strong>Fotocopiado<\/strong>:<\/p>\n<p style=\"text-align: left; font-size: 18px; font-family: Roboto;\">Este es un servicio concesionado a una empresa externa, que te permite fotocopiar art\u00edculos de publicaciones peri\u00f3dicas, p\u00e1ginas de libros y tesis entre otros.<\/p>\n<p style=\"text-align: left; font-size: 18px; font-family: Roboto;\"><strong>Requisito<\/strong>:\u00a0Presentar credencial de la Biblioteca.<\/p>\n<p style=\"text-align: left; font-size: 22px; font-family: Roboto;\"><strong>Consulta CD- ROM<\/strong>:<\/p>\n<p style=\"text-align: left; font-size: 18px; font-family: Roboto;\">Mediante este servicio puedes solicitar los materiales existentes en formato CD-ROM de trabajos recepcionales para titulaci\u00f3n como: Tesis y Proceso Atenci\u00f3n de Enfermer\u00eda para su consulta.<\/p>\n<p style=\"text-align: left; font-size: 18px; font-family: Roboto;\"><strong>Requisito<\/strong>:\u00a0Presentar credencial de la Biblioteca.<\/p>\n<p>[\/vc_column_text][\/vc_tta_section][\/vc_tta_accordion][\/vc_column][vc_column width=&#8221;1\/3&#8243;][vc_tta_accordion c_align=&#8221;center&#8221; c_icon=&#8221;chevron&#8221; active_section=&#8221;non-existing number&#8221; collapsible_all=&#8221;true&#8221;][vc_tta_section title=&#8221;RIU&#8221; tab_id=&#8221;1631125951874-35078fe1-0746&#8243;][vc_column_text]<\/p>\n<p style=\"text-align: left; font-size: 18px; font-family: Roboto;\">La Biblioteca cuenta con la cobertura de Red Inal\u00e1mbrica Universitaria (RIU) disponible para la comunidad UNAM, con la cual puedes acceder a internet y utilizar los recursos digitales de la Direcci\u00f3n General de Bibliotecas y Servicios Digitales de Informaci\u00f3n (DGBSDI), mediante cualquier dispositivo m\u00f3vil.<\/p>\n<p style=\"text-align: left; font-size: 18px; font-family: Roboto;\"><strong>Requisito<\/strong>: Requiere de un registro ante la Direcci\u00f3n General de C\u00f3mputo y de Tecnolog\u00edas de Informaci\u00f3n y Comunicaci\u00f3n (DGTIC), para que te proporcionen una clave de acceso.<\/p>\n<p style=\"text-align: left; font-size: 18px; font-family: Roboto;\"><strong>El registro lo puedes realizar, en la siguiente direcci\u00f3n:<\/strong><\/p>\n<p><a href=\"http:\/\/www.riu.unam.mx\/index.html\">http:\/\/www.riu.unam.mx\/index.html<\/a>[\/vc_column_text][\/vc_tta_section][\/vc_tta_accordion][\/vc_column][vc_column width=&#8221;1\/3&#8243;][vc_tta_accordion c_align=&#8221;center&#8221; c_icon=&#8221;chevron&#8221; active_section=&#8221;non-existing number&#8221; collapsible_all=&#8221;true&#8221;][vc_tta_section title=&#8221;Alertas&#8221; tab_id=&#8221;1631125951916-80fc6f90-d905&#8243;][vc_column_text]<\/p>\n<p style=\"text-align: left; font-size: 18px; font-family: Roboto;\">A trav\u00e9s de la p\u00e1gina de la DGBSDI puedes conocer las adquisiciones realizadas por la Biblioteca.<\/p>\n<p style=\"text-align: left; font-size: 18px; font-family: Roboto;\"><strong>Consulta aqu\u00ed<\/strong><\/p>\n<p><a href=\"https:\/\/www.unamenlinea.unam.mx\/recurso\/alerta-bibliografica-del-sistema-bibliotecario-universitario\">https:\/\/www.unamenlinea.unam.mx\/recurso\/alerta-bibliografica-del-sistema-bibliotecario-universitario <\/a>[\/vc_column_text][\/vc_tta_section][\/vc_tta_accordion][\/vc_column][\/vc_row][vc_row][vc_column width=&#8221;1\/2&#8243;][vc_row_inner][vc_column_inner][vc_empty_space height=&#8221;50px&#8221;][\/vc_column_inner][\/vc_row_inner][vc_single_image image=&#8221;5268&#8243; img_size=&#8221;full&#8221; alignment=&#8221;center&#8221; onclick=&#8221;custom_link&#8221; img_link_target=&#8221;_blank&#8221; css_animation=&#8221;fadeInDown&#8221; link=&#8221;https:\/\/www.feno.unam.mx\/contenido\/reglamentos.php&#8221; el_class=&#8221;hvr-push&#8221;][vc_row_inner][vc_column_inner][vc_empty_space][\/vc_column_inner][\/vc_row_inner][\/vc_column][vc_column width=&#8221;1\/2&#8243;][vc_row_inner][vc_column_inner][vc_empty_space height=&#8221;50px&#8221;][\/vc_column_inner][\/vc_row_inner][vc_single_image image=&#8221;1796&#8243; img_size=&#8221;full&#8221; alignment=&#8221;center&#8221; onclick=&#8221;custom_link&#8221; css_animation=&#8221;fadeInDown&#8221; link=&#8221;https:\/\/web.eneo.unam.mx\/index.php\/biblioteca\/acerca-de\/&#8221; el_class=&#8221;hvr-push&#8221;][vc_row_inner][vc_column_inner][vc_empty_space][\/vc_column_inner][\/vc_row_inner][\/vc_column][\/vc_row][vc_row][vc_column css=&#8221;.vc_custom_1631056090624{margin-right: -100px !important;}&#8221;][vc_custom_heading text=&#8221;Derechos de la propiedad intelectual&#8221; font_container=&#8221;tag:h2|text_align:center&#8221; google_fonts=&#8221;font_family:Roboto%3A100%2C100italic%2C300%2C300italic%2Cregular%2Citalic%2C500%2C500italic%2C700%2C700italic%2C900%2C900italic|font_style:500%20bold%20regular%3A500%3Anormal&#8221;][vc_column_text]<\/p>\n<h3 style=\"text-align: justify; font-size: 18px; font-family: Roboto;\"><strong>La \u00e9tica y la informaci\u00f3n<\/strong><\/h3>\n<p style=\"text-align: justify; font-size: 18px; font-family: Roboto;\">Sab\u00edas que el derecho de autor protege legalmente las obras literarias y art\u00edsticas, como libros, fotograf\u00edas, art\u00edculos de investigaci\u00f3n, dibujos, m\u00fasica, etc\u00e9tera. Este derecho permite que el autor tenga control sobre su obra, decidiendo cualquier uso de un tercero.<\/p>\n<p style=\"text-align: justify; font-size: 18px; font-family: Roboto;\">Por lo tanto, hay principios y normas que debes seguir para tener una pr\u00e1ctica acad\u00e9mica responsable.<\/p>\n<p style=\"text-align: justify; font-size: 18px; font-family: Roboto;\">En el siguiente enlace podr\u00e1s conocer m\u00e1s acerca de la<a href=\"http:\/\/eticaacademica.unam.mx\/\"> \u00e9tica acad\u00e9mica<\/a>.<br \/>\nTe recomendamos seguir buenas pr\u00e1cticas acad\u00e9micas, as\u00ed que te compartimos algunos carteles que te ser\u00e1n de gu\u00eda:<\/p>\n<p>[\/vc_column_text][vc_row_inner][vc_column_inner width=&#8221;1\/4&#8243;][vc_single_image image=&#8221;1783&#8243; img_size=&#8221;large&#8221; onclick=&#8221;custom_link&#8221; img_link_target=&#8221;_blank&#8221; css_animation=&#8221;fadeInLeft&#8221; link=&#8221;https:\/\/web.eneo.unam.mx\/wp-content\/uploads\/2021\/09\/infografia__LECCION3_10AgostoIMP.pdf&#8221; el_class=&#8221;hvr-push&#8221;][\/vc_column_inner][vc_column_inner width=&#8221;1\/4&#8243;][vc_single_image image=&#8221;1782&#8243; img_size=&#8221;large&#8221; onclick=&#8221;custom_link&#8221; img_link_target=&#8221;_blank&#8221; css_animation=&#8221;fadeInLeft&#8221; link=&#8221;https:\/\/web.eneo.unam.mx\/wp-content\/uploads\/2021\/09\/infografia_LECCION1_10AgostoIMP.pdf&#8221; el_class=&#8221;hvr-push&#8221;][\/vc_column_inner][vc_column_inner width=&#8221;1\/4&#8243;][vc_single_image image=&#8221;1784&#8243; img_size=&#8221;large&#8221; onclick=&#8221;custom_link&#8221; img_link_target=&#8221;_blank&#8221; css_animation=&#8221;fadeInRight&#8221; link=&#8221;https:\/\/web.eneo.unam.mx\/wp-content\/uploads\/2021\/09\/infografia_numero4_10AgostoIMP.pdf&#8221; el_class=&#8221;hvr-push&#8221;][\/vc_column_inner][vc_column_inner width=&#8221;1\/4&#8243;][vc_single_image image=&#8221;1785&#8243; img_size=&#8221;large&#8221; onclick=&#8221;custom_link&#8221; img_link_target=&#8221;_blank&#8221; css_animation=&#8221;fadeInRight&#8221; link=&#8221;https:\/\/web.eneo.unam.mx\/wp-content\/uploads\/2021\/09\/InfografiaLECCION2_10AgostoIMP.pdf&#8221; el_class=&#8221;hvr-push&#8221;][\/vc_column_inner][\/vc_row_inner][vc_empty_space height=&#8221;100px&#8221;][vc_column_text]<\/p>\n<h4>Obtener gratis el libro <strong><em>&#8220;C\u00d3MO Y POR QU\u00c9 CITAR FUENTES EN TRABAJOS ACAD\u00c9MICOS&#8221;<\/em><\/strong><\/h4>\n<p>[\/vc_column_text][vc_single_image image=&#8221;14857&#8243; img_size=&#8221;full&#8221; alignment=&#8221;center&#8221; style=&#8221;vc_box_shadow_3d&#8221; onclick=&#8221;custom_link&#8221; img_link_target=&#8221;_blank&#8221; css_animation=&#8221;fadeInDown&#8221; link=&#8221;https:\/\/www.feno.unam.mx\/wp-content\/uploads\/2024\/01\/Libro-Como-y-por-quo-citar-fuentes-en-trabajos-academicos.pdf&#8221;][\/vc_column][\/vc_row][vc_row][vc_column][vc_empty_space height=&#8221;100px&#8221;][vc_single_image image=&#8221;5264&#8243; img_size=&#8221;1300&#215;300&#8243; alignment=&#8221;center&#8221;][\/vc_column][\/vc_row]<\/p>\n","protected":false},"excerpt":{"rendered":"<p>[vc_section][vc_row][vc_column][\/vc_column][\/vc_row][vc_row][vc_column][vc_single_image image=&#8221;1770&#8243; img_size=&#8221;full&#8221;][vc_custom_heading text=&#8221;Biblioteca &#8220;Graciela Arroyo de Cordero&#8220;&#8221; font_container=&#8221;tag:h2|text_align:center&#8221; google_fonts=&#8221;font_family:Roboto%3A100%2C100italic%2C300%2C300italic%2Cregular%2Citalic%2C500%2C500italic%2C700%2C700italic%2C900%2C900italic|font_style:500%20bold%20regular%3A500%3Anormal&#8221;][vc_empty_space][vc_custom_heading text=&#8221;NOVEDADES&#8221; font_container=&#8221;tag:h2|text_align:center&#8221; google_fonts=&#8221;font_family:Roboto%3A100%2C100italic%2C300%2C300italic%2Cregular%2Citalic%2C500%2C500italic%2C700%2C700italic%2C900%2C900italic|font_style:500%20bold%20regular%3A500%3Anormal&#8221;][vc_column_text] [\/vc_column_text][vc_empty_space][vc_row_inner][vc_column_inner][vc_single_image image=&#8221;1857&#8243; img_size=&#8221;1200X200&#8243;][\/vc_column_inner][\/vc_row_inner][vc_empty_space][vc_row_inner][vc_column_inner width=&#8221;1\/5&#8243;][vc_single_image image=&#8221;5414&#8243; img_size=&#8221;large&#8221; onclick=&#8221;custom_link&#8221; img_link_target=&#8221;_blank&#8221; css_animation=&#8221;fadeInDown&#8221; link=&#8221;https:\/\/eneo.bibliotecas.unam.mx\/&#8221; el_class=&#8221;hvr-push&#8221;][\/vc_column_inner][vc_column_inner width=&#8221;1\/5&#8243;][vc_single_image &hellip; <\/p>\n","protected":false},"author":1,"featured_media":0,"parent":0,"menu_order":0,"comment_status":"closed","ping_status":"closed","template":"","meta":{"footnotes":""},"class_list":["post-1748","page","type-page","status-publish","hentry","latest_post"],"aioseo_notices":[],"publishpress_future_action":{"enabled":false,"date":"2026-04-22 11:18:25","action":"change-status","newStatus":"draft","terms":[],"taxonomy":"","extraData":[]},"publishpress_future_workflow_manual_trigger":{"enabledWorkflows":[]},"_links":{"self":[{"href":"https:\/\/www.feno.unam.mx\/index.php\/wp-json\/wp\/v2\/pages\/1748","targetHints":{"allow":["GET"]}}],"collection":[{"href":"https:\/\/www.feno.unam.mx\/index.php\/wp-json\/wp\/v2\/pages"}],"about":[{"href":"https:\/\/www.feno.unam.mx\/index.php\/wp-json\/wp\/v2\/types\/page"}],"author":[{"embeddable":true,"href":"https:\/\/www.feno.unam.mx\/index.php\/wp-json\/wp\/v2\/users\/1"}],"replies":[{"embeddable":true,"href":"https:\/\/www.feno.unam.mx\/index.php\/wp-json\/wp\/v2\/comments?post=1748"}],"version-history":[{"count":77,"href":"https:\/\/www.feno.unam.mx\/index.php\/wp-json\/wp\/v2\/pages\/1748\/revisions"}],"predecessor-version":[{"id":14858,"href":"https:\/\/www.feno.unam.mx\/index.php\/wp-json\/wp\/v2\/pages\/1748\/revisions\/14858"}],"wp:attachment":[{"href":"https:\/\/www.feno.unam.mx\/index.php\/wp-json\/wp\/v2\/media?parent=1748"}],"curies":[{"name":"wp","href":"https:\/\/api.w.org\/{rel}","templated":true}]}}